{"id":1129,"date":"2022-08-30T12:15:30","date_gmt":"2022-08-30T10:15:30","guid":{"rendered":"https:\/\/incaoil.org\/huile-de-jojoba-beaute\/"},"modified":"2022-11-10T13:22:20","modified_gmt":"2022-11-10T12:22:20","slug":"huile-de-jojoba-beaute","status":"publish","type":"page","link":"https:\/\/incaoil.org\/fr\/huile-de-jojoba-beaute\/","title":{"rendered":"Huile de jojoba \/ Beaut\u00e9"},"content":{"rendered":"\n<h1 class=\"gb-headline gb-headline-402a4699 gb-headline-text\">Le pouvoir de l&rsquo;hydratation<\/h1>\n\n\n<div class=\"gb-container gb-container-b721bf8a alignwide\"><div class=\"gb-inside-container\">\n<div class=\"gb-grid-wrapper gb-grid-wrapper-ee391442\">\n<div class=\"gb-grid-column gb-grid-column-48545d0a\"><div class=\"gb-container gb-container-48545d0a\"><div class=\"gb-inside-container\">\n\n<h2 class=\"gb-headline gb-headline-7446b511 gb-headline-text\">Gardez l&rsquo;humidit\u00e9 dans votre peau comme une plante de Jojoba<\/h2>\n\n\n\n<p>Les plantes de jojoba savent comment g\u00e9rer la s\u00e9cheresse: \u00c0 l&rsquo;origine, ces arbustes \u00e0 feuilles persistantes proviennent du d\u00e9sert am\u00e9ricain de Sonora. Les plantes de jojoba <em>Simmondsia Chinensis<\/em>, qui peuvent atteindre 3 m, aiment les r\u00e9gions s\u00e8ches et d\u00e9sertiques du monde. Elles se d\u00e9brouillent avec tr\u00e8s peu d&rsquo;eau et prot\u00e8gent leurs feuilles de la perte d&rsquo;eau avec une couche cireuse, une barri\u00e8re contre l&rsquo;\u00e9vaporation. Leurs fruits contiennent une graine \u00e0 partir desquelles l&rsquo;huile de jojoba est produite. Celles-ci sont prot\u00e9g\u00e9es du dess\u00e8chement, de l&rsquo;oxydation et des rayons UV par leur composition particuli\u00e8re. Et ces m\u00eames propri\u00e9t\u00e9s se retrouvent dans l&rsquo;huile de jojoba.     <\/p>\n\n<\/div><\/div><\/div>\n\n<div class=\"gb-grid-column gb-grid-column-e4a5501a\"><div class=\"gb-container gb-container-e4a5501a\"><div class=\"gb-inside-container\"><\/div><\/div><\/div>\n<\/div>\n\n<div class=\"gb-grid-wrapper gb-grid-wrapper-38ccaf3c\">\n<div class=\"gb-grid-column gb-grid-column-8c7d2559\"><div class=\"gb-container gb-container-8c7d2559\"><div class=\"gb-inside-container\"><\/div><\/div><\/div>\n\n<div class=\"gb-grid-column gb-grid-column-a1a89075\"><div class=\"gb-container gb-container-a1a89075\"><div class=\"gb-inside-container\">\n\n<h2 class=\"gb-headline gb-headline-6c9b8a24 gb-headline-text\">L&rsquo;huile de jojoba n&rsquo;est pas une huile, mais une cire.<\/h2>\n\n\n\n<figure class=\"gb-block-image gb-block-image-4034e281\"><img loading=\"lazy\" decoding=\"async\" width=\"445\" height=\"280\" class=\"gb-image gb-image-4034e281\" src=\"https:\/\/incaoil.org\/wp-content\/uploads\/2022\/08\/schema_similarity_of_the_molecules.jpg\" alt=\"\" title=\"sch\u00e9ma_similarit\u00e9_des_mol\u00e9cules\" srcset=\"https:\/\/incaoil.org\/wp-content\/uploads\/2022\/08\/schema_similarity_of_the_molecules.jpg 445w, https:\/\/incaoil.org\/wp-content\/uploads\/2022\/08\/schema_similarity_of_the_molecules-300x189.jpg 300w\" sizes=\"auto, (max-width: 445px) 100vw, 445px\" \/><\/figure>\n\n\n\n<p class=\"gb-headline gb-headline-58408295 gb-headline-text\"><strong>Attendez un peu! <\/strong>M\u00eame lorsque tout le monde parle de l&rsquo;huile de jojoba, il s&rsquo;agit en fait d&rsquo;une cire liquide v\u00e9g\u00e9tale. C&rsquo;est pr\u00e9cis\u00e9ment ce qui rend l&rsquo;huile de jojoba si sp\u00e9ciale et la distingue des autres huiles naturelles : sa structure chimique est celle d&rsquo;une cire liquide et se compose \u00e0 97% d&rsquo;esters de cire. C&rsquo;est \u00e9galement le cas de la forte proportion d&rsquo;acide gadol\u00e9ique contenue dans l&rsquo;huile de jojoba, le pr\u00e9cieux acide gras om\u00e9ga-9 pr\u00e9sent sous forme d&rsquo;ester de cire. Un atout suppl\u00e9mentaire : l&rsquo;huile de jojoba n&rsquo;a pas besoin de stabilisateur ou de conservateur et se conserve longtemps.   <\/p>\n\n<\/div><\/div><\/div>\n<\/div>\n<\/div><\/div>\n\n<div class=\"gb-container gb-container-1dd26e6f\"><div class=\"gb-inside-container\">\n\n<h2 class=\"gb-headline gb-headline-eaa994d4 gb-headline-text\">Une peau hydrat\u00e9e par des soins biomim\u00e9tiques<\/h2>\n\n\n\n<p>Les esters de cire qui caract\u00e9risent l&rsquo;huile de jojoba sont similaires au film lipidique de la peau humaine. L&rsquo;huile de jojoba a donc un effet biomim\u00e9tique et se m\u00e9lange au s\u00e9bum de la peau. La peau est ainsi prot\u00e9g\u00e9e efficacement contre la perte d&rsquo;humidit\u00e9 : Les enzymes de la peau ne peuvent m\u00e9taboliser que lentement l&rsquo;huile de jojoba sur la peau, ce qui emp\u00eache la couche corn\u00e9e de perdre de l&rsquo;humidit\u00e9 plus longtemps.  <\/p>\n\n\n\n<p>C&rsquo;est la raison pour laquelle l&rsquo;huile de cachalot, d\u00e9sormais interdite, \u00e9tait si populaire pour les soins de la peau &#8211; elle poss\u00e8de des propri\u00e9t\u00e9s similaires \u00e0 celles de l&rsquo;huile de jojoba. L&rsquo;huile de jojoba remplace avantageusement l&rsquo;huile de cachalot. L&rsquo;utilisation de l&rsquo;huile de jojoba permet de sauver la vie des baleines. INCA OIL est \u00e9troitement associ\u00e9e \u00e0 la WDC (Whale and Dolphin Conservation Society).  <\/p>\n\n\n\n<p>\u00c9galement passionnant : L&rsquo;huile de jojoba est capable de contenir les bact\u00e9ries de la peau, qui peuvent entra\u00eener des taches cutan\u00e9es. Ces micro-organismes ne peuvent pas m\u00e9taboliser l&rsquo;huile de jojoba et leur croissance peut donc \u00eatre r\u00e9duite. <\/p>\n\n\n\n<p>Outre les esters de cire, l&rsquo;huile de jojoba est riche en phytost\u00e9rols et en tocoph\u00e9rols, qui ont un effet antioxydant et r\u00e9duisent les inflammations. Notre huile de jojoba a une teneur en vitamine E de 11 \u00e0 13 mg\/kg.  <\/p>\n\n<\/div><\/div>\n\n<div class=\"gb-container gb-container-9d4afa45\"><div class=\"gb-inside-container\">\n\n<h2 class=\"gb-headline gb-headline-d7d70e9e gb-headline-text\">Aper\u00e7us beaut\u00e9 : Tendance Skinimalism<\/h2>\n\n\n\n<p>Le minimalisme est arriv\u00e9 non seulement dans le monde de la d\u00e9coration int\u00e9rieure ou de la mode, mais aussi dans le secteur de la beaut\u00e9. Cela signifie que de nombreux consommateurs recherchent davantage de produits multifonctionnels qui peuvent \u00eatre utilis\u00e9s pour les soins du visage, du corps et des cheveux &#8211; il y a donc moins de produits dans la salle de bains. <\/p>\n\n\n\n<p>Les instituts d&rsquo;\u00e9tudes de tendances appellent cette tendance le \u00ab\u00a0minimalisme cutan\u00e9\u00a0\u00bb : la routine de soins de la peau se limite aux produits les plus essentiels. La durabilit\u00e9 est \u00e9troitement li\u00e9e \u00e0 ce mode de vie afin d&rsquo;\u00e9conomiser les ressources. <\/p>\n\n\n\n<p>Les formulations minimalistes des produits cosm\u00e9tiques gagnent de plus en plus en popularit\u00e9. La d\u00e9claration INCI est donc plus courte, ce qui est \u00e9galement un avantage pour les personnes allergiques. Les huiles v\u00e9g\u00e9tales nourrissantes jouent un r\u00f4le important en tant que produits polyvalents.  <\/p>\n\n\n\n<p>L&rsquo;huile de jojoba est particuli\u00e8rement int\u00e9ressante pour les soins minimalistes car, gr\u00e2ce \u00e0 sa composition sp\u00e9cifique, elle n\u00e9cessite moins d&rsquo;additifs conservateurs et stabilise \u00e9galement les autres huiles v\u00e9g\u00e9tales. Multifonctionnelle, elle offre une protection contre la perte d&rsquo;humidit\u00e9 de la peau et des cheveux &#8211; un \u00e9l\u00e9ment essentiel de toute routine de soins. <\/p>\n\n<\/div><\/div>\n\n<div class=\"gb-container gb-container-cb43cdb5\"><div class=\"gb-inside-container\">\n\n<h2 class=\"gb-headline gb-headline-d01f949b gb-headline-text\">L&rsquo;huile de jojoba est parfaite pour vos cosm\u00e9tiques<\/h2>\n\n\n\n<p>L&rsquo;huile de jojoba est l\u00e9g\u00e8re et non grasse sur la peau. En tant que cire liquide, elle retient l&rsquo;humidit\u00e9 de la peau. Cela lui donne plus d&rsquo;\u00e9lasticit\u00e9 et lui offre en m\u00eame temps une petite protection contre les UV.  <\/p>\n\n\n\n<ul class=\"wp-block-list\">\n<li>Les peaux s\u00e8ches et d\u00e9shydrat\u00e9es appr\u00e9cient les soins biomim\u00e9tiques de l&rsquo;huile de jojoba dans les cr\u00e8mes hydratantes, mais aussi dans les soins hydratants du cuir chevelu.<\/li>\n\n\n\n<li>Comme l&rsquo;huile de jojoba s&rsquo;\u00e9tale relativement lentement, elle convient aux cr\u00e8mes pour les yeux et aux produits d\u00e9maquillants qui ne p\u00e9n\u00e8trent pratiquement pas dans les yeux.<\/li>\n\n\n\n<li>Les peaux \u00e0 imperfections et mixtes peuvent \u00eatre \u00e9quilibr\u00e9es par des fluides hydratants contenant de l&rsquo;huile de jojoba.<\/li>\n\n\n\n<li>Les peaux matures b\u00e9n\u00e9ficient des phytost\u00e9rols et de la vitamine E contenus dans l&rsquo;huile de jojoba. Elle sert \u00e9galement de support \u00e0 d&rsquo;autres principes actifs. <\/li>\n\n\n\n<li>L&rsquo;huile de jojoba non grasse peut \u00eatre utilis\u00e9e de mani\u00e8re excellente dans les huiles capillaires, les apr\u00e8s-shampooings et les traitements capillaires.<\/li>\n\n\n\n<li>L&rsquo;huile de jojoba convient comme huile de base pour les parfums naturels.<\/li>\n\n\n\n<li>L&rsquo;huile de jojoba est id\u00e9ale pour les produits de protection solaire et les produits apr\u00e8s-soleil gr\u00e2ce \u00e0 son FPS 4 naturel. <\/li>\n<\/ul>\n\n<\/div><\/div>","protected":false},"excerpt":{"rendered":"<p>Le pouvoir de l&rsquo;hydratation Une peau hydrat\u00e9e par des soins biomim\u00e9tiques Les esters de cire qui caract\u00e9risent l&rsquo;huile de jojoba sont similaires au film lipidique de la peau humaine. L&rsquo;huile de jojoba a donc un effet biomim\u00e9tique et se m\u00e9lange au s\u00e9bum de la peau. La peau est ainsi prot\u00e9g\u00e9e efficacement contre la perte d&rsquo;humidit\u00e9 &#8230; <a title=\"Huile de jojoba \/ Beaut\u00e9\" class=\"read-more\" href=\"https:\/\/incaoil.org\/fr\/huile-de-jojoba-beaute\/\" aria-label=\"En savoir plus sur Huile de jojoba \/ Beaut\u00e9\">Lire plus<\/a><\/p>\n","protected":false},"author":1,"featured_media":0,"parent":0,"menu_order":0,"comment_status":"closed","ping_status":"closed","template":"","meta":{"footnotes":""},"class_list":["post-1129","page","type-page","status-publish"],"featured_image_src":null,"yoast_head":"<!-- This site is optimized with the Yoast SEO plugin v27.4 - https:\/\/yoast.com\/product\/yoast-seo-wordpress\/ -->\n<title>Huile de jojoba \/ Beaut\u00e9 - IncaOil<\/title>\n<meta name=\"robots\" content=\"index, follow, max-snippet:-1, max-image-preview:large, max-video-preview:-1\" \/>\n<link rel=\"canonical\" href=\"https:\/\/incaoil.org\/fr\/huile-de-jojoba-beaute\/\" \/>\n<meta property=\"og:locale\" content=\"fr_FR\" \/>\n<meta property=\"og:type\" content=\"article\" \/>\n<meta property=\"og:title\" content=\"Huile de jojoba \/ Beaut\u00e9 - IncaOil\" \/>\n<meta property=\"og:description\" content=\"Le pouvoir de l&rsquo;hydratation Une peau hydrat\u00e9e par des soins biomim\u00e9tiques Les esters de cire qui caract\u00e9risent l&rsquo;huile de jojoba sont similaires au film lipidique de la peau humaine. L&rsquo;huile de jojoba a donc un effet biomim\u00e9tique et se m\u00e9lange au s\u00e9bum de la peau. La peau est ainsi prot\u00e9g\u00e9e efficacement contre la perte d&rsquo;humidit\u00e9 ... Lire plus\" \/>\n<meta property=\"og:url\" content=\"https:\/\/incaoil.org\/fr\/huile-de-jojoba-beaute\/\" \/>\n<meta property=\"og:site_name\" content=\"IncaOil\" \/>\n<meta property=\"article:modified_time\" content=\"2022-11-10T12:22:20+00:00\" \/>\n<meta property=\"og:image\" content=\"https:\/\/incaoil.org\/wp-content\/uploads\/2022\/08\/schema_similarity_of_the_molecules.jpg\" \/>\n<meta name=\"twitter:card\" content=\"summary_large_image\" \/>\n<meta name=\"twitter:label1\" content=\"Dur\u00e9e de lecture estim\u00e9e\" \/>\n\t<meta name=\"twitter:data1\" content=\"4 minutes\" \/>\n<script type=\"application\/ld+json\" class=\"yoast-schema-graph\">{\"@context\":\"https:\\\/\\\/schema.org\",\"@graph\":[{\"@type\":\"WebPage\",\"@id\":\"https:\\\/\\\/incaoil.org\\\/fr\\\/huile-de-jojoba-beaute\\\/\",\"url\":\"https:\\\/\\\/incaoil.org\\\/fr\\\/huile-de-jojoba-beaute\\\/\",\"name\":\"Huile de jojoba \\\/ Beaut\u00e9 - IncaOil\",\"isPartOf\":{\"@id\":\"https:\\\/\\\/incaoil.org\\\/fr\\\/#website\"},\"primaryImageOfPage\":{\"@id\":\"https:\\\/\\\/incaoil.org\\\/fr\\\/huile-de-jojoba-beaute\\\/#primaryimage\"},\"image\":{\"@id\":\"https:\\\/\\\/incaoil.org\\\/fr\\\/huile-de-jojoba-beaute\\\/#primaryimage\"},\"thumbnailUrl\":\"https:\\\/\\\/incaoil.org\\\/wp-content\\\/uploads\\\/2022\\\/08\\\/schema_similarity_of_the_molecules.jpg\",\"datePublished\":\"2022-08-30T10:15:30+00:00\",\"dateModified\":\"2022-11-10T12:22:20+00:00\",\"breadcrumb\":{\"@id\":\"https:\\\/\\\/incaoil.org\\\/fr\\\/huile-de-jojoba-beaute\\\/#breadcrumb\"},\"inLanguage\":\"fr-FR\",\"potentialAction\":[{\"@type\":\"ReadAction\",\"target\":[\"https:\\\/\\\/incaoil.org\\\/fr\\\/huile-de-jojoba-beaute\\\/\"]}]},{\"@type\":\"ImageObject\",\"inLanguage\":\"fr-FR\",\"@id\":\"https:\\\/\\\/incaoil.org\\\/fr\\\/huile-de-jojoba-beaute\\\/#primaryimage\",\"url\":\"https:\\\/\\\/incaoil.org\\\/wp-content\\\/uploads\\\/2022\\\/08\\\/schema_similarity_of_the_molecules.jpg\",\"contentUrl\":\"https:\\\/\\\/incaoil.org\\\/wp-content\\\/uploads\\\/2022\\\/08\\\/schema_similarity_of_the_molecules.jpg\"},{\"@type\":\"BreadcrumbList\",\"@id\":\"https:\\\/\\\/incaoil.org\\\/fr\\\/huile-de-jojoba-beaute\\\/#breadcrumb\",\"itemListElement\":[{\"@type\":\"ListItem\",\"position\":1,\"name\":\"Startseite\",\"item\":\"https:\\\/\\\/incaoil.org\\\/fr\\\/\"},{\"@type\":\"ListItem\",\"position\":2,\"name\":\"Huile de jojoba \\\/ Beaut\u00e9\"}]},{\"@type\":\"WebSite\",\"@id\":\"https:\\\/\\\/incaoil.org\\\/fr\\\/#website\",\"url\":\"https:\\\/\\\/incaoil.org\\\/fr\\\/\",\"name\":\"IncaOil.org\",\"description\":\"The real Jojoba\",\"publisher\":{\"@id\":\"https:\\\/\\\/incaoil.org\\\/fr\\\/#organization\"},\"potentialAction\":[{\"@type\":\"SearchAction\",\"target\":{\"@type\":\"EntryPoint\",\"urlTemplate\":\"https:\\\/\\\/incaoil.org\\\/fr\\\/?s={search_term_string}\"},\"query-input\":{\"@type\":\"PropertyValueSpecification\",\"valueRequired\":true,\"valueName\":\"search_term_string\"}}],\"inLanguage\":\"fr-FR\"},{\"@type\":\"Organization\",\"@id\":\"https:\\\/\\\/incaoil.org\\\/fr\\\/#organization\",\"name\":\"IncaOil\",\"url\":\"https:\\\/\\\/incaoil.org\\\/fr\\\/\",\"logo\":{\"@type\":\"ImageObject\",\"inLanguage\":\"fr-FR\",\"@id\":\"https:\\\/\\\/incaoil.org\\\/fr\\\/#\\\/schema\\\/logo\\\/image\\\/\",\"url\":\"https:\\\/\\\/incaoil.org\\\/wp-content\\\/uploads\\\/2021\\\/08\\\/incaoil-logo.svg\",\"contentUrl\":\"https:\\\/\\\/incaoil.org\\\/wp-content\\\/uploads\\\/2021\\\/08\\\/incaoil-logo.svg\",\"caption\":\"IncaOil\"},\"image\":{\"@id\":\"https:\\\/\\\/incaoil.org\\\/fr\\\/#\\\/schema\\\/logo\\\/image\\\/\"}}]}<\/script>\n<!-- \/ Yoast SEO plugin. -->","yoast_head_json":{"title":"Huile de jojoba \/ Beaut\u00e9 - IncaOil","robots":{"index":"index","follow":"follow","max-snippet":"max-snippet:-1","max-image-preview":"max-image-preview:large","max-video-preview":"max-video-preview:-1"},"canonical":"https:\/\/incaoil.org\/fr\/huile-de-jojoba-beaute\/","og_locale":"fr_FR","og_type":"article","og_title":"Huile de jojoba \/ Beaut\u00e9 - IncaOil","og_description":"Le pouvoir de l&rsquo;hydratation Une peau hydrat\u00e9e par des soins biomim\u00e9tiques Les esters de cire qui caract\u00e9risent l&rsquo;huile de jojoba sont similaires au film lipidique de la peau humaine. L&rsquo;huile de jojoba a donc un effet biomim\u00e9tique et se m\u00e9lange au s\u00e9bum de la peau. La peau est ainsi prot\u00e9g\u00e9e efficacement contre la perte d&rsquo;humidit\u00e9 ... Lire plus","og_url":"https:\/\/incaoil.org\/fr\/huile-de-jojoba-beaute\/","og_site_name":"IncaOil","article_modified_time":"2022-11-10T12:22:20+00:00","og_image":[{"url":"https:\/\/incaoil.org\/wp-content\/uploads\/2022\/08\/schema_similarity_of_the_molecules.jpg","type":"","width":"","height":""}],"twitter_card":"summary_large_image","twitter_misc":{"Dur\u00e9e de lecture estim\u00e9e":"4 minutes"},"schema":{"@context":"https:\/\/schema.org","@graph":[{"@type":"WebPage","@id":"https:\/\/incaoil.org\/fr\/huile-de-jojoba-beaute\/","url":"https:\/\/incaoil.org\/fr\/huile-de-jojoba-beaute\/","name":"Huile de jojoba \/ Beaut\u00e9 - IncaOil","isPartOf":{"@id":"https:\/\/incaoil.org\/fr\/#website"},"primaryImageOfPage":{"@id":"https:\/\/incaoil.org\/fr\/huile-de-jojoba-beaute\/#primaryimage"},"image":{"@id":"https:\/\/incaoil.org\/fr\/huile-de-jojoba-beaute\/#primaryimage"},"thumbnailUrl":"https:\/\/incaoil.org\/wp-content\/uploads\/2022\/08\/schema_similarity_of_the_molecules.jpg","datePublished":"2022-08-30T10:15:30+00:00","dateModified":"2022-11-10T12:22:20+00:00","breadcrumb":{"@id":"https:\/\/incaoil.org\/fr\/huile-de-jojoba-beaute\/#breadcrumb"},"inLanguage":"fr-FR","potentialAction":[{"@type":"ReadAction","target":["https:\/\/incaoil.org\/fr\/huile-de-jojoba-beaute\/"]}]},{"@type":"ImageObject","inLanguage":"fr-FR","@id":"https:\/\/incaoil.org\/fr\/huile-de-jojoba-beaute\/#primaryimage","url":"https:\/\/incaoil.org\/wp-content\/uploads\/2022\/08\/schema_similarity_of_the_molecules.jpg","contentUrl":"https:\/\/incaoil.org\/wp-content\/uploads\/2022\/08\/schema_similarity_of_the_molecules.jpg"},{"@type":"BreadcrumbList","@id":"https:\/\/incaoil.org\/fr\/huile-de-jojoba-beaute\/#breadcrumb","itemListElement":[{"@type":"ListItem","position":1,"name":"Startseite","item":"https:\/\/incaoil.org\/fr\/"},{"@type":"ListItem","position":2,"name":"Huile de jojoba \/ Beaut\u00e9"}]},{"@type":"WebSite","@id":"https:\/\/incaoil.org\/fr\/#website","url":"https:\/\/incaoil.org\/fr\/","name":"IncaOil.org","description":"The real Jojoba","publisher":{"@id":"https:\/\/incaoil.org\/fr\/#organization"},"potentialAction":[{"@type":"SearchAction","target":{"@type":"EntryPoint","urlTemplate":"https:\/\/incaoil.org\/fr\/?s={search_term_string}"},"query-input":{"@type":"PropertyValueSpecification","valueRequired":true,"valueName":"search_term_string"}}],"inLanguage":"fr-FR"},{"@type":"Organization","@id":"https:\/\/incaoil.org\/fr\/#organization","name":"IncaOil","url":"https:\/\/incaoil.org\/fr\/","logo":{"@type":"ImageObject","inLanguage":"fr-FR","@id":"https:\/\/incaoil.org\/fr\/#\/schema\/logo\/image\/","url":"https:\/\/incaoil.org\/wp-content\/uploads\/2021\/08\/incaoil-logo.svg","contentUrl":"https:\/\/incaoil.org\/wp-content\/uploads\/2021\/08\/incaoil-logo.svg","caption":"IncaOil"},"image":{"@id":"https:\/\/incaoil.org\/fr\/#\/schema\/logo\/image\/"}}]}},"_links":{"self":[{"href":"https:\/\/incaoil.org\/fr\/wp-json\/wp\/v2\/pages\/1129","targetHints":{"allow":["GET"]}}],"collection":[{"href":"https:\/\/incaoil.org\/fr\/wp-json\/wp\/v2\/pages"}],"about":[{"href":"https:\/\/incaoil.org\/fr\/wp-json\/wp\/v2\/types\/page"}],"author":[{"embeddable":true,"href":"https:\/\/incaoil.org\/fr\/wp-json\/wp\/v2\/users\/1"}],"replies":[{"embeddable":true,"href":"https:\/\/incaoil.org\/fr\/wp-json\/wp\/v2\/comments?post=1129"}],"version-history":[{"count":6,"href":"https:\/\/incaoil.org\/fr\/wp-json\/wp\/v2\/pages\/1129\/revisions"}],"predecessor-version":[{"id":1466,"href":"https:\/\/incaoil.org\/fr\/wp-json\/wp\/v2\/pages\/1129\/revisions\/1466"}],"wp:attachment":[{"href":"https:\/\/incaoil.org\/fr\/wp-json\/wp\/v2\/media?parent=1129"}],"curies":[{"name":"wp","href":"https:\/\/api.w.org\/{rel}","templated":true}]}}