{"id":1125,"date":"2022-08-30T10:47:08","date_gmt":"2022-08-30T08:47:08","guid":{"rendered":"https:\/\/incaoil.org\/durabilite-responsabilite-sociale\/"},"modified":"2025-12-08T11:04:29","modified_gmt":"2025-12-08T10:04:29","slug":"durabilite-responsabilite-sociale","status":"publish","type":"page","link":"https:\/\/incaoil.org\/fr\/durabilite-responsabilite-sociale\/","title":{"rendered":"Durabilit\u00e9"},"content":{"rendered":"\n<h1 class=\"gb-headline gb-headline-d6e3ed7b gb-headline-text\">Huile de jojoba durable, un tr\u00e9sor de beaut\u00e9 naturelle du P\u00e9rou<\/h1>\n\n\n\n<p>Notre huile de Jojoba est produite de mani\u00e8re durable et \u00e9thique. Pour nous, la durabilit\u00e9 n\u2019est pas une tendance, mais notre philosophie d\u2019entreprise de longue date. Apprenez-en davantage sur l\u2019agriculture durable, qui contribue \u00e0 pr\u00e9venir la d\u00e9sertification et a un impact positif sur le climat, ainsi que sur nos conditions de travail \u00e9quitables dans le pays \u00e0 m\u00e9gadiversit\u00e9 qu\u2019est le P\u00e9rou.<\/p>\n\n\n<div class=\"gb-container gb-container-b721bf8a alignwide\"><div class=\"gb-inside-container\">\n<div class=\"gb-grid-wrapper gb-grid-wrapper-ee391442\">\n<div class=\"gb-grid-column gb-grid-column-48545d0a\"><div class=\"gb-container gb-container-48545d0a\"><div class=\"gb-inside-container\">\n\n<h2 class=\"gb-headline gb-headline-7446b511 gb-headline-text\">Le pays de la biodiversit\u00e9 qu&rsquo;est le P\u00e9rou<\/h2>\n\n\n\n<p>Le P\u00e9rou est l&rsquo;un des 17 pays de m\u00e9gadiversit\u00e9 d\u00e9finis sur la plan\u00e8te. La nature y est exceptionnellement diversifi\u00e9e: les diff\u00e9rents paysages vont des hautes montagnes de la r\u00e9gion Andine \u00e0 la for\u00eat tropicale en passant par une bande c\u00f4ti\u00e8re d\u00e9sertique. Il n&rsquo;est gu\u00e8re possible d&rsquo;avoir plus de biodiversit\u00e9 qu&rsquo;au P\u00e9rou ! Le P\u00e9rou offre donc les meilleures conditions pour la production de mati\u00e8res premi\u00e8res durables. Dans le d\u00e9sert c\u00f4tier de l&rsquo;ouest du P\u00e9rou, le climat \u00e9quilibr\u00e9 avec des hivers sans gel est id\u00e9al pour nos plants de jojoba.<\/p>\n\n<\/div><\/div><\/div>\n\n<div class=\"gb-grid-column gb-grid-column-e4a5501a\"><div class=\"gb-container gb-container-e4a5501a\"><div class=\"gb-inside-container\"><\/div><\/div><\/div>\n<\/div>\n\n<div class=\"gb-grid-wrapper gb-grid-wrapper-38ccaf3c\">\n<div class=\"gb-grid-column gb-grid-column-8c7d2559\"><div class=\"gb-container gb-container-8c7d2559\"><div class=\"gb-inside-container\"><\/div><\/div><\/div>\n\n<div class=\"gb-grid-column gb-grid-column-a1a89075\"><div class=\"gb-container gb-container-a1a89075\"><div class=\"gb-inside-container\">\n\n<h2 class=\"gb-headline gb-headline-561c2919 gb-headline-text\">La durabilit\u00e9 est l\u00e0 pour rester<\/h2>\n\n\n\n<p>Le th\u00e8me de la durabilit\u00e9 a de plus en plus quitt\u00e9 sa niche ces derni\u00e8res ann\u00e9es, et pas seulement dans l&rsquo;industrie cosm\u00e9tique. Les mati\u00e8res premi\u00e8res d\u2019origine naturelle ou issues de l\u2019agriculture biologique jouent d\u00e9sormais un r\u00f4le majeur lors de l\u2019achat de produits cosm\u00e9tiques. La transparence est de plus en plus demand\u00e9e : de plus en plus de clients souhaitent savoir d&rsquo;o\u00f9 proviennent les mati\u00e8res premi\u00e8res et les principes actifs de leurs produits cosm\u00e9tiques. En outre, les consommateurs veulent non seulement prendre soin de leur peau avec leurs produits cosm\u00e9tiques, mais aussi faire quelque chose de bien pour les autres.<\/p>\n\n<\/div><\/div><\/div>\n<\/div>\n<\/div><\/div>\n\n<div class=\"gb-container gb-container-79b0d44d\"><div class=\"gb-inside-container\">\n\n<h2 class=\"gb-headline gb-headline-b920ef9a gb-headline-text\">Une agriculture biologique sans pesticides<\/h2>\n\n\n\n<p>Le jojoba, arbuste r\u00e9sistant, n&rsquo;a besoin ni de pesticides, ni de fongicides, ni d&rsquo;herbicides dans le climat sec et d\u00e9sertique du P\u00e9rou. Bien entendu, nous n&rsquo;utilisons pas d&rsquo;OGM. C&rsquo;est pourquoi nous avons mis\u00e9 d\u00e8s le d\u00e9but sur la culture biologique certifi\u00e9e.  <\/p>\n\n\n\n<ul class=\"wp-block-list\">\n<li>Cela inclut \u00e9galement que nous pr\u00e9parons nous-m\u00eames le compost et les engrais de notre ferme selon les directives de la certification biologique. Depuis 2019, nous travaillons \u00e9galement \u00e0 la production d&rsquo;un engrais biologique sp\u00e9cial \u00e0 base de microalgues dans notre propre laboratoire sur place. <\/li>\n\n\n\n<li>Notre ferme de vers de terre contribue \u00e0 produire naturellement du compost pour nos plantes de jojoba. Les feuilles et les \u00e9corces de jojoba recycl\u00e9es de nos plantations sont utilis\u00e9es \u00e0 cet effet. <\/li>\n\n\n\n<li>Les plantes de jojoba ont besoin de tr\u00e8s peu d&rsquo;eau. C&rsquo;est pourquoi nous utilisons un syst\u00e8me d&rsquo;irrigation au goutte-\u00e0-goutte qui \u00e9conomise l&rsquo;eau pour cultiver nos plantations. L&rsquo;eau provient d&rsquo;une rivi\u00e8re partiellement souterraine des Andes qui s&rsquo;\u00e9coule vers la c\u00f4te, qui n&rsquo;est pas tr\u00e8s \u00e9loign\u00e9e de nos exploitations.  <\/li>\n\n\n\n<li>La collecte et le tri des d\u00e9chets ont \u00e9t\u00e9 introduits dans notre exploitation depuis 2005.<\/li>\n<\/ul>\n\n<\/div><\/div>\n\n<div class=\"gb-container gb-container-b12d12c7\"><div class=\"gb-inside-container\">\n\n<h2 class=\"gb-headline gb-headline-c616b38d gb-headline-text\">Pour le climat : Contre la d\u00e9sertification et pour un meilleur climat<\/h2>\n\n\n\n<p>Nos plantations de jojoba luttent contre la d\u00e9sertification continue du littoral p\u00e9ruvien. Gr\u00e2ce aux racines profondes des arbustes de jojoba, le sol est prot\u00e9g\u00e9 contre l&rsquo;\u00e9rosion et les dunes sont fortifi\u00e9es de mani\u00e8re naturelle. <\/p>\n\n\n\n<p>Le microclimat positif des plantations de jojoba peut \u00e9galement conduire \u00e0 une plus grande formation de nuages et donc \u00e0 une augmentation des pr\u00e9cipitations. En outre, les plantations de jojoba fixent des quantit\u00e9s consid\u00e9rables de dioxyde de carbone, ce qui est \u00e9galement positif pour le climat. <\/p>\n\n<\/div><\/div>\n\n<div class=\"gb-container gb-container-8392ed67\"><div class=\"gb-inside-container\">\n\n<h2 class=\"gb-headline gb-headline-507750a2 gb-headline-text\">Responsabilit\u00e9 sociale : Des conditions de travail \u00e9quitables et un engagement social<\/h2>\n\n\n\n<p>Nous employons 140 personnes en permanence dans nos exploitations, et jusqu&rsquo;\u00e0 260 personnes pendant la p\u00e9riode de r\u00e9colte. Quinze autres employ\u00e9s travaillent dans nos installations au Panama. En 2021, nous avons \u00e9t\u00e9 certifi\u00e9s avec le label social \u00ab\u00a0FOR LIFE\u00a0\u00bb, qui confirme nos conditions de travail \u00e9quitables au P\u00e9rou et au Panama. Cela signifie que nos employ\u00e9s b\u00e9n\u00e9ficient, par exemple, d&rsquo;une assurance maladie et d&rsquo;une assurance sociale, de vacances, de repas quotidiens gratuits et de transports en bus gratuits. <\/p>\n\n\n\n<p>Nous prenons \u00e9galement nos responsabilit\u00e9s dans la r\u00e9gion d&rsquo;Ica : outre la cr\u00e9ation d&#8217;emplois stables et durables, nous fournissons depuis plus de 20 ans \u00e0 l&rsquo;\u00e9cole et au jardin d&rsquo;enfants de Humay du mat\u00e9riel scolaire, de la papeterie et des \u00e9quipements num\u00e9riques. Une cantine a \u00e9t\u00e9 mise en place pour les \u00e9l\u00e8ves du secondaire. En outre, des bourses d&rsquo;\u00e9tudes sont attribu\u00e9es pour l&rsquo;\u00e9cole agricole r\u00e9gionale. Apr\u00e8s le grand tremblement de terre de 2007, notre entreprise a soutenu les employ\u00e9s qui avaient perdu leur maison par des pr\u00eats et des mat\u00e9riaux de construction et a particip\u00e9 \u00e0 la reconstruction.   <\/p>\n\n<\/div><\/div>\n\n<div class=\"gb-container gb-container-0437bbb6\"><div class=\"gb-inside-container\">\n\n<h2 class=\"gb-headline gb-headline-b0937af0 gb-headline-text\">Nos certificats<\/h2>\n\n\n\n<p>Notre huile de jojoba est certifi\u00e9e Bio, Cosmos approved, Cosmos certifi\u00e9e, Casher, Halal et certifi\u00e9e produit du Commerce Equitable selon le r\u00e9f\u00e9rentiel FAIR FOR LIFE, certifi\u00e9 par Ecocert. Les plantations de Jojoba d&rsquo;INCA OIL sont conformes au protocole de Nagoya de 2014.<\/p>\n\n\n\n<pre id=\"tw-target-rmn\" class=\"wp-block-preformatted\"><\/pre>\n\n\n\n<figure class=\"wp-block-image size-full\"><img loading=\"lazy\" decoding=\"async\" width=\"20\" height=\"20\" src=\"https:\/\/incaoil.org\/wp-content\/uploads\/2024\/11\/image.png\" alt=\"\" class=\"wp-image-2437\"\/><\/figure>\n\n\n\n<ul class=\"wp-block-list\">\n<li><a href=\"https:\/\/incaoil.org\/wp-content\/uploads\/2024\/11\/24-Certificado-UE-JOJOBA-COMPANY.pdf\" target=\"_blank\" rel=\"noreferrer noopener\">ORGANIC UE<\/a><\/li>\n\n\n\n<li><a href=\"https:\/\/incaoil.org\/wp-content\/uploads\/2025\/12\/25-OID-Certificado-NOP-JOJOBA-COMPANY.pdf\" target=\"_blank\" rel=\"noreferrer noopener\">ORGANIQUE NOP<\/a><\/li>\n\n\n\n<li>ORGANIC JAS<\/li>\n\n\n\n<li><a href=\"https:\/\/incaoil.org\/wp-content\/uploads\/2024\/11\/GL-\u2013-RM-Attestation_ter-2024.pdf\" target=\"_blank\" rel=\"noreferrer noopener\">APPROUV\u00c9 PAR LE COSMOS<\/a><\/li>\n\n\n\n<li><a href=\"https:\/\/incaoil.org\/wp-content\/uploads\/2022\/11\/COSMOS-CERTIFIED-2022-04-15-Certificado-Cosmos-Jojoba-Company-ES-2023-03-31.pdf\" target=\"_blank\" rel=\"noreferrer noopener\">COSMOS CERTIFI\u00c9<\/a><\/li>\n\n\n\n<li><a href=\"https:\/\/incaoil.org\/wp-content\/uploads\/2024\/11\/Certificado-Kosher-Jojoba-Company-2024.pdf\" target=\"_blank\" rel=\"noreferrer noopener\">KOSHER<\/a><\/li>\n\n\n\n<li><a href=\"https:\/\/incaoil.org\/wp-content\/uploads\/2024\/11\/CERTIFICADOS-HALAL-2024-INGLES.pdf\" target=\"_blank\" rel=\"noreferrer noopener\">HALAL<\/a><\/li>\n\n\n\n<li><a href=\"https:\/\/incaoil.org\/wp-content\/uploads\/2024\/11\/2023-FFL_Certificate_Jojoba-Company-Inc.-_20230410.pdf\" target=\"_blank\" rel=\"noreferrer noopener\">Certificat de conformit\u00e9 FAIR FOR LIFE<\/a><\/li>\n\n\n\n<li><a href=\"https:\/\/incaoil.org\/wp-content\/uploads\/2024\/11\/2023-FFL_Certificate-APL_Jojoba-Company-Inc.-_20230410.pdf\" target=\"_blank\" rel=\"noreferrer noopener\">Liste de produits FAIR FOR LIFE<\/a><\/li>\n<\/ul>\n\n\n\n<p>Pour garantir la p\u00e9rennit\u00e9 de notre syst\u00e8me, nous investissons r\u00e9guli\u00e8rement dans le renouvellement des plants dans l&rsquo;augmentation des surfaces de plantations et dans la maintenance des \u00e9quipements de production de haute qualit\u00e9.<\/p>\n\n\n<div class=\"gb-button-wrapper gb-button-wrapper-69ab9865\">\n\n<span class=\"gb-button gb-button-3a95bd99 gb-button-text\">En savoir plus sur notre promesse de qualit\u00e9 INCA OIL<\/span>\n\n<\/div>\n<\/div><\/div>\n\n<div class=\"gb-container gb-container-c1a65943 alignfull\"><div class=\"gb-inside-container\">\n\n\n<\/div><\/div>","protected":false},"excerpt":{"rendered":"<p>Huile de jojoba durable, un tr\u00e9sor de beaut\u00e9 naturelle du P\u00e9rou Notre huile de Jojoba est produite de mani\u00e8re durable et \u00e9thique. Pour nous, la durabilit\u00e9 n\u2019est pas une tendance, mais notre philosophie d\u2019entreprise de longue date. Apprenez-en davantage sur l\u2019agriculture durable, qui contribue \u00e0 pr\u00e9venir la d\u00e9sertification et a un impact positif sur le &#8230; <a title=\"Durabilit\u00e9\" class=\"read-more\" href=\"https:\/\/incaoil.org\/fr\/durabilite-responsabilite-sociale\/\" aria-label=\"En savoir plus sur Durabilit\u00e9\">Lire plus<\/a><\/p>\n","protected":false},"author":1,"featured_media":0,"parent":0,"menu_order":0,"comment_status":"closed","ping_status":"closed","template":"","meta":{"footnotes":""},"class_list":["post-1125","page","type-page","status-publish"],"featured_image_src":null,"yoast_head":"<!-- This site is optimized with the Yoast SEO plugin v27.3 - https:\/\/yoast.com\/product\/yoast-seo-wordpress\/ -->\n<title>Durabilit\u00e9 - IncaOil<\/title>\n<meta name=\"robots\" content=\"index, follow, max-snippet:-1, max-image-preview:large, max-video-preview:-1\" \/>\n<link rel=\"canonical\" href=\"https:\/\/incaoil.org\/fr\/durabilite-responsabilite-sociale\/\" \/>\n<meta property=\"og:locale\" content=\"fr_FR\" \/>\n<meta property=\"og:type\" content=\"article\" \/>\n<meta property=\"og:title\" content=\"Durabilit\u00e9 - IncaOil\" \/>\n<meta property=\"og:description\" content=\"Huile de jojoba durable, un tr\u00e9sor de beaut\u00e9 naturelle du P\u00e9rou Notre huile de Jojoba est produite de mani\u00e8re durable et \u00e9thique. Pour nous, la durabilit\u00e9 n\u2019est pas une tendance, mais notre philosophie d\u2019entreprise de longue date. Apprenez-en davantage sur l\u2019agriculture durable, qui contribue \u00e0 pr\u00e9venir la d\u00e9sertification et a un impact positif sur le ... Lire plus\" \/>\n<meta property=\"og:url\" content=\"https:\/\/incaoil.org\/fr\/durabilite-responsabilite-sociale\/\" \/>\n<meta property=\"og:site_name\" content=\"IncaOil\" \/>\n<meta property=\"article:modified_time\" content=\"2025-12-08T10:04:29+00:00\" \/>\n<meta property=\"og:image\" content=\"https:\/\/incaoil.org\/wp-content\/uploads\/2024\/11\/image.png\" \/>\n\t<meta property=\"og:image:width\" content=\"20\" \/>\n\t<meta property=\"og:image:height\" content=\"20\" \/>\n\t<meta property=\"og:image:type\" content=\"image\/png\" \/>\n<meta name=\"twitter:card\" content=\"summary_large_image\" \/>\n<meta name=\"twitter:label1\" content=\"Dur\u00e9e de lecture estim\u00e9e\" \/>\n\t<meta name=\"twitter:data1\" content=\"4 minutes\" \/>\n<script type=\"application\/ld+json\" class=\"yoast-schema-graph\">{\"@context\":\"https:\\\/\\\/schema.org\",\"@graph\":[{\"@type\":\"WebPage\",\"@id\":\"https:\\\/\\\/incaoil.org\\\/fr\\\/durabilite-responsabilite-sociale\\\/\",\"url\":\"https:\\\/\\\/incaoil.org\\\/fr\\\/durabilite-responsabilite-sociale\\\/\",\"name\":\"Durabilit\u00e9 - IncaOil\",\"isPartOf\":{\"@id\":\"https:\\\/\\\/incaoil.org\\\/fr\\\/#website\"},\"primaryImageOfPage\":{\"@id\":\"https:\\\/\\\/incaoil.org\\\/fr\\\/durabilite-responsabilite-sociale\\\/#primaryimage\"},\"image\":{\"@id\":\"https:\\\/\\\/incaoil.org\\\/fr\\\/durabilite-responsabilite-sociale\\\/#primaryimage\"},\"thumbnailUrl\":\"https:\\\/\\\/incaoil.org\\\/wp-content\\\/uploads\\\/2024\\\/11\\\/image.png\",\"datePublished\":\"2022-08-30T08:47:08+00:00\",\"dateModified\":\"2025-12-08T10:04:29+00:00\",\"breadcrumb\":{\"@id\":\"https:\\\/\\\/incaoil.org\\\/fr\\\/durabilite-responsabilite-sociale\\\/#breadcrumb\"},\"inLanguage\":\"fr-FR\",\"potentialAction\":[{\"@type\":\"ReadAction\",\"target\":[\"https:\\\/\\\/incaoil.org\\\/fr\\\/durabilite-responsabilite-sociale\\\/\"]}]},{\"@type\":\"ImageObject\",\"inLanguage\":\"fr-FR\",\"@id\":\"https:\\\/\\\/incaoil.org\\\/fr\\\/durabilite-responsabilite-sociale\\\/#primaryimage\",\"url\":\"https:\\\/\\\/incaoil.org\\\/wp-content\\\/uploads\\\/2024\\\/11\\\/image.png\",\"contentUrl\":\"https:\\\/\\\/incaoil.org\\\/wp-content\\\/uploads\\\/2024\\\/11\\\/image.png\"},{\"@type\":\"BreadcrumbList\",\"@id\":\"https:\\\/\\\/incaoil.org\\\/fr\\\/durabilite-responsabilite-sociale\\\/#breadcrumb\",\"itemListElement\":[{\"@type\":\"ListItem\",\"position\":1,\"name\":\"Startseite\",\"item\":\"https:\\\/\\\/incaoil.org\\\/fr\\\/\"},{\"@type\":\"ListItem\",\"position\":2,\"name\":\"Durabilit\u00e9\"}]},{\"@type\":\"WebSite\",\"@id\":\"https:\\\/\\\/incaoil.org\\\/fr\\\/#website\",\"url\":\"https:\\\/\\\/incaoil.org\\\/fr\\\/\",\"name\":\"IncaOil.org\",\"description\":\"The real Jojoba\",\"publisher\":{\"@id\":\"https:\\\/\\\/incaoil.org\\\/fr\\\/#organization\"},\"potentialAction\":[{\"@type\":\"SearchAction\",\"target\":{\"@type\":\"EntryPoint\",\"urlTemplate\":\"https:\\\/\\\/incaoil.org\\\/fr\\\/?s={search_term_string}\"},\"query-input\":{\"@type\":\"PropertyValueSpecification\",\"valueRequired\":true,\"valueName\":\"search_term_string\"}}],\"inLanguage\":\"fr-FR\"},{\"@type\":\"Organization\",\"@id\":\"https:\\\/\\\/incaoil.org\\\/fr\\\/#organization\",\"name\":\"IncaOil\",\"url\":\"https:\\\/\\\/incaoil.org\\\/fr\\\/\",\"logo\":{\"@type\":\"ImageObject\",\"inLanguage\":\"fr-FR\",\"@id\":\"https:\\\/\\\/incaoil.org\\\/fr\\\/#\\\/schema\\\/logo\\\/image\\\/\",\"url\":\"https:\\\/\\\/incaoil.org\\\/wp-content\\\/uploads\\\/2021\\\/08\\\/incaoil-logo.svg\",\"contentUrl\":\"https:\\\/\\\/incaoil.org\\\/wp-content\\\/uploads\\\/2021\\\/08\\\/incaoil-logo.svg\",\"caption\":\"IncaOil\"},\"image\":{\"@id\":\"https:\\\/\\\/incaoil.org\\\/fr\\\/#\\\/schema\\\/logo\\\/image\\\/\"}}]}<\/script>\n<!-- \/ Yoast SEO plugin. -->","yoast_head_json":{"title":"Durabilit\u00e9 - IncaOil","robots":{"index":"index","follow":"follow","max-snippet":"max-snippet:-1","max-image-preview":"max-image-preview:large","max-video-preview":"max-video-preview:-1"},"canonical":"https:\/\/incaoil.org\/fr\/durabilite-responsabilite-sociale\/","og_locale":"fr_FR","og_type":"article","og_title":"Durabilit\u00e9 - IncaOil","og_description":"Huile de jojoba durable, un tr\u00e9sor de beaut\u00e9 naturelle du P\u00e9rou Notre huile de Jojoba est produite de mani\u00e8re durable et \u00e9thique. Pour nous, la durabilit\u00e9 n\u2019est pas une tendance, mais notre philosophie d\u2019entreprise de longue date. Apprenez-en davantage sur l\u2019agriculture durable, qui contribue \u00e0 pr\u00e9venir la d\u00e9sertification et a un impact positif sur le ... Lire plus","og_url":"https:\/\/incaoil.org\/fr\/durabilite-responsabilite-sociale\/","og_site_name":"IncaOil","article_modified_time":"2025-12-08T10:04:29+00:00","og_image":[{"width":20,"height":20,"url":"https:\/\/incaoil.org\/wp-content\/uploads\/2024\/11\/image.png","type":"image\/png"}],"twitter_card":"summary_large_image","twitter_misc":{"Dur\u00e9e de lecture estim\u00e9e":"4 minutes"},"schema":{"@context":"https:\/\/schema.org","@graph":[{"@type":"WebPage","@id":"https:\/\/incaoil.org\/fr\/durabilite-responsabilite-sociale\/","url":"https:\/\/incaoil.org\/fr\/durabilite-responsabilite-sociale\/","name":"Durabilit\u00e9 - IncaOil","isPartOf":{"@id":"https:\/\/incaoil.org\/fr\/#website"},"primaryImageOfPage":{"@id":"https:\/\/incaoil.org\/fr\/durabilite-responsabilite-sociale\/#primaryimage"},"image":{"@id":"https:\/\/incaoil.org\/fr\/durabilite-responsabilite-sociale\/#primaryimage"},"thumbnailUrl":"https:\/\/incaoil.org\/wp-content\/uploads\/2024\/11\/image.png","datePublished":"2022-08-30T08:47:08+00:00","dateModified":"2025-12-08T10:04:29+00:00","breadcrumb":{"@id":"https:\/\/incaoil.org\/fr\/durabilite-responsabilite-sociale\/#breadcrumb"},"inLanguage":"fr-FR","potentialAction":[{"@type":"ReadAction","target":["https:\/\/incaoil.org\/fr\/durabilite-responsabilite-sociale\/"]}]},{"@type":"ImageObject","inLanguage":"fr-FR","@id":"https:\/\/incaoil.org\/fr\/durabilite-responsabilite-sociale\/#primaryimage","url":"https:\/\/incaoil.org\/wp-content\/uploads\/2024\/11\/image.png","contentUrl":"https:\/\/incaoil.org\/wp-content\/uploads\/2024\/11\/image.png"},{"@type":"BreadcrumbList","@id":"https:\/\/incaoil.org\/fr\/durabilite-responsabilite-sociale\/#breadcrumb","itemListElement":[{"@type":"ListItem","position":1,"name":"Startseite","item":"https:\/\/incaoil.org\/fr\/"},{"@type":"ListItem","position":2,"name":"Durabilit\u00e9"}]},{"@type":"WebSite","@id":"https:\/\/incaoil.org\/fr\/#website","url":"https:\/\/incaoil.org\/fr\/","name":"IncaOil.org","description":"The real Jojoba","publisher":{"@id":"https:\/\/incaoil.org\/fr\/#organization"},"potentialAction":[{"@type":"SearchAction","target":{"@type":"EntryPoint","urlTemplate":"https:\/\/incaoil.org\/fr\/?s={search_term_string}"},"query-input":{"@type":"PropertyValueSpecification","valueRequired":true,"valueName":"search_term_string"}}],"inLanguage":"fr-FR"},{"@type":"Organization","@id":"https:\/\/incaoil.org\/fr\/#organization","name":"IncaOil","url":"https:\/\/incaoil.org\/fr\/","logo":{"@type":"ImageObject","inLanguage":"fr-FR","@id":"https:\/\/incaoil.org\/fr\/#\/schema\/logo\/image\/","url":"https:\/\/incaoil.org\/wp-content\/uploads\/2021\/08\/incaoil-logo.svg","contentUrl":"https:\/\/incaoil.org\/wp-content\/uploads\/2021\/08\/incaoil-logo.svg","caption":"IncaOil"},"image":{"@id":"https:\/\/incaoil.org\/fr\/#\/schema\/logo\/image\/"}}]}},"_links":{"self":[{"href":"https:\/\/incaoil.org\/fr\/wp-json\/wp\/v2\/pages\/1125","targetHints":{"allow":["GET"]}}],"collection":[{"href":"https:\/\/incaoil.org\/fr\/wp-json\/wp\/v2\/pages"}],"about":[{"href":"https:\/\/incaoil.org\/fr\/wp-json\/wp\/v2\/types\/page"}],"author":[{"embeddable":true,"href":"https:\/\/incaoil.org\/fr\/wp-json\/wp\/v2\/users\/1"}],"replies":[{"embeddable":true,"href":"https:\/\/incaoil.org\/fr\/wp-json\/wp\/v2\/comments?post=1125"}],"version-history":[{"count":42,"href":"https:\/\/incaoil.org\/fr\/wp-json\/wp\/v2\/pages\/1125\/revisions"}],"predecessor-version":[{"id":2533,"href":"https:\/\/incaoil.org\/fr\/wp-json\/wp\/v2\/pages\/1125\/revisions\/2533"}],"wp:attachment":[{"href":"https:\/\/incaoil.org\/fr\/wp-json\/wp\/v2\/media?parent=1125"}],"curies":[{"name":"wp","href":"https:\/\/api.w.org\/{rel}","templated":true}]}}