{"id":1121,"date":"2021-08-28T14:29:00","date_gmt":"2021-08-28T12:29:00","guid":{"rendered":"https:\/\/incaoil.org\/a-propos-dinca-oil\/"},"modified":"2024-11-15T13:14:27","modified_gmt":"2024-11-15T12:14:27","slug":"a-propos-dinca-oil","status":"publish","type":"page","link":"https:\/\/incaoil.org\/fr\/a-propos-dinca-oil\/","title":{"rendered":"\u00c0 propos d&rsquo;INCA OIL"},"content":{"rendered":"<div class=\"gb-container gb-container-0e596e93\"><div class=\"gb-inside-container\">\n\n<h1 class=\"gb-headline gb-headline-1892d813 gb-headline-text\">Notre entreprise familiale<\/h1>\n\n\n\n<p>Nous sommes des producteurs passionn\u00e9s de jojoba avec plus de 40 ans d&rsquo;exp\u00e9rience dans la culture et la traittement de cette culture sp\u00e9ciale. L\u2019agriculture durable est notre valeur fondamentale depuis le d\u00e9but : INCA OIL est aujourd\u2019hui le plus grand producteur mondial de jojoba biologique. Notre entreprise propose des produits en gros directement \u00e0 la source.<\/p>\n\n<\/div><\/div>\n\n<div class=\"gb-container gb-container-3efeb1a9 alignfull\"><div class=\"gb-inside-container\">\n<div class=\"gb-grid-wrapper gb-grid-wrapper-e876a9f4\">\n<div class=\"gb-grid-column gb-grid-column-aef16666\"><div class=\"gb-container gb-container-aef16666\"><div class=\"gb-inside-container\">\n\n<figure class=\"wp-block-image size-full\"><img loading=\"lazy\" decoding=\"async\" width=\"1\" height=\"1\" src=\"https:\/\/incaoil.org\/wp-content\/uploads\/2021\/09\/woman-sorts-little-plants.png\" alt=\"femme-sort-petites-plantes-agriculture-durable\" class=\"wp-image-584\"\/><\/figure>\n\n<\/div><\/div><\/div>\n\n<div class=\"gb-grid-column gb-grid-column-31d21607\"><div class=\"gb-container gb-container-31d21607\"><div class=\"gb-inside-container\">\n\n<h1 class=\"gb-headline gb-headline-64a33c3b gb-headline-text\">Les fondateurs: Qui sommes-nous ?<\/h1>\n\n\n\n<p>Au d\u00e9but des ann\u00e9es 1990, les fr\u00e8res argentins Adolfo et Afredo Mealla ont commenc\u00e9 \u00e0 cultiver du jojoba au P\u00e9rou. Ils ont \u00e9tudi\u00e9 les donn\u00e9es climatiques, les conditions de l&rsquo;eau et du sol avant de planter une large gamme de vari\u00e9t\u00e9s de jojoba dans les dunes de sable d&rsquo;Ica, une r\u00e9gion particuli\u00e8rement adapt\u00e9e \u00e0 la culture du jojoba. Veuillez visiter notre page sur la durabilit\u00e9.<\/p>\n\n\n\n<p>En 2000, Christian W\u00e4tjen rejoint les fr\u00e8res dans leur projet de culture du jojoba \u00e0 Ica. INCA OIL \u00e9tait n\u00e9e. Christian est \u00e9galement agriculteur et a grandi dans une ferme du nord de l&rsquo;Allemagne. Il a v\u00e9cu de nombreuses ann\u00e9es en Argentine, o\u00f9 il a acquis de l&rsquo;exp\u00e9rience dans la culture, la transformation et la commercialisation du Jojoba depuis 1982.<\/p>\n\n\n\n<p>Chez INCA OIL, la famille Mealla est responsable des fermes locales et de la culture des plantes de Jojoba, tandis que Christian s&rsquo;occupe de la transformation et de la distribution mondiale de l&rsquo;huile de Jojoba.<\/p>\n\n<\/div><\/div><\/div>\n<\/div>\n<\/div><\/div>\n\n<div class=\"gb-container gb-container-c51de3eb\"><div class=\"gb-inside-container\">\n\n<h2 class=\"gb-headline gb-headline-2807d16f gb-headline-text\">Notre d\u00e9veloppement: \u00c9tapes importantes<\/h2>\n\n\n\n<p><strong>Agriculture durable<\/strong><\/p>\n\n\n\n<p>Nous avons s\u00e9lectionn\u00e9 sept vari\u00e9t\u00e9s de jojoba de haute qualit\u00e9 parmi plus de 3 000 plantes m\u00e8res de jojoba. Depuis la cr\u00e9ation de notre entreprise, l&rsquo;agriculture durable est un sujet important pour nous. Pour garantir la protection des ressources, l&rsquo;\u00e9vitement des pesticides et des OGM et des conditions de travail \u00e9quitables, nous avons \u00e9t\u00e9 certifi\u00e9s biologiques en 2004.<\/p>\n\n\n\n<p>Pour en savoir plus sur notre engagement dans la lutte contre la d\u00e9sertification, nous vous invitons \u00e0 visiter notre page d\u00e9veloppement durable.<\/p>\n\n\n\n<p><strong>Notre huilerie de pointe au Panama<\/strong><\/p>\n\n\n\n<p>Afin de r\u00e9pondre \u00e0 la demande mondiale croissante d\u2019huile de jojoba, la transformation de l\u2019huile est situ\u00e9e au Panama. Le pays constitue une zone logistique id\u00e9ale, entre les oc\u00e9ans Atlantique et Pacifique. Cela permet des livraisons rapides et fiables vers tous les ports du monde.<\/p>\n\n\n\n<p>Notre nouvelle usine moderne a \u00e9t\u00e9 mise en service en 2018 : une technologie de presse ultramoderne garantit une qualit\u00e9 \u00e9lev\u00e9e et constante. Une raffinerie permet de traiter toutes les variantes d&rsquo;huile de jojoba sous un m\u00eame toit. \u00c9tant donn\u00e9 que seul le jojoba est trait\u00e9 dans notre usine de production, la contamination crois\u00e9e avec d&rsquo;autres huiles ou substances est efficacement \u00e9vit\u00e9e.<\/p>\n\n\n\n<p><strong>Innovations agricoles gr\u00e2ce \u00e0 notre laboratoire biologique<\/strong><\/p>\n\n\n\n<p>Nous produisons notre propre compost et engrais dans nos fermes. Afin de trouver le meilleur engrais pour nos plantes de Jojoba, nous avons install\u00e9 un laboratoire de biotechnologie sur place dans notre ferme au P\u00e9rou en 2019. Nous recherchons actuellement les microalgues afin d&rsquo;obtenir les bonnes algues pour notre engrais organique.<\/p>\n\n\n\n<p><strong>D\u00e9vouement et Certification<\/strong><\/p>\n\n\n\n<p>Nos employ\u00e9s constituent une partie importante de notre entreprise. Pour garantir des emplois justes et durables, nous avons adopt\u00e9 la certification Fair for Life \u2013 Commerce Equitable et garantissons ainsi des prix d\u2019achat justes, des conditions de travail humaines et s\u00fbres tout au long des circuits courts et des pratiques agricoles respectueuses de l\u2019environnement.<\/p>\n\n\n\n<p>Depuis le d\u00e9but de notre activit\u00e9, nous soutenons la population et la r\u00e9gion d&rsquo;Ica\/P\u00e9rou.<\/p>\n\n\n\n<p>Nous ne sommes pas seulement fabricants de mati\u00e8res premi\u00e8res certifi\u00e9es biologiques (PA-BIO-123), mais \u00e9galement certifi\u00e9s selon plusieurs normes, par ex. portons la signature COSMOS CERTIFIED et COSMOS APPROVED et sommes certifi\u00e9s commerce \u00e9quitable selon la norme \u00ab Fair for Life \u00bb (ECOCERT).<\/p>\n\n\n<div class=\"gb-button-wrapper gb-button-wrapper-39469e6a form-buttons\">\n\n<a class=\"gb-button gb-button-68ceee1b gb-button-text\" href=\"https:\/\/incaoil.org\/fr\/?page_id=1134#promise\">En savoir plus sur notre promesse de qualit\u00e9 INCA OIL<\/a>\n\n<\/div>\n<\/div><\/div>\n\n\n<hr class=\"wp-block-separator has-alpha-channel-opacity\"\/>\n\n\n<div class=\"gb-container gb-container-0eaeeda5\"><div class=\"gb-inside-container\">\n\n<h2 class=\"gb-headline gb-headline-7d2c870f gb-headline-text\">Prenez contact avec nous pour discuter de nos produits ou de nos stocks disponibles !<\/h2>\n\n\n\n<p>Nous sommes heureux de r\u00e9pondre \u00e0 toutes les questions que vous pouvez vous poser sur nos produits. Veuillez consulter notre FAQ pour plus d&rsquo;informations ou nous contacter directement.<\/p>\n\n\n\n<p><strong>Quels sont les produits qui vous int\u00e9ressent ?<\/strong><\/p>\n\n\n\n<div class=\"wp-block-contact-form-7-contact-form-selector\">\n<div class=\"wpcf7 no-js\" id=\"wpcf7-f1231-o1\" lang=\"fr-FR\" dir=\"ltr\" data-wpcf7-id=\"1231\">\n<div class=\"screen-reader-response\"><p role=\"status\" aria-live=\"polite\" aria-atomic=\"true\"><\/p> <ul><\/ul><\/div>\n<form action=\"\/fr\/wp-json\/wp\/v2\/pages\/1121#wpcf7-f1231-o1\" method=\"post\" class=\"wpcf7-form init\" aria-label=\"Formulaire de contact\" novalidate=\"novalidate\" data-status=\"init\">\n<fieldset class=\"hidden-fields-container\"><input type=\"hidden\" name=\"_wpcf7\" value=\"1231\" \/><input type=\"hidden\" name=\"_wpcf7_version\" value=\"6.1.5\" \/><input type=\"hidden\" name=\"_wpcf7_locale\" value=\"fr_FR\" \/><input type=\"hidden\" name=\"_wpcf7_unit_tag\" value=\"wpcf7-f1231-o1\" \/><input type=\"hidden\" name=\"_wpcf7_container_post\" value=\"0\" \/><input type=\"hidden\" name=\"_wpcf7_posted_data_hash\" value=\"\" \/><input type=\"hidden\" name=\"_wpcf7_recaptcha_response\" value=\"\" \/>\n<\/fieldset>\n<div class=\"flex-container checkboxes\">\n\t<div class=\"flex-item\">\n\t\t<p><span class=\"wpcf7-form-control-wrap\" data-name=\"checkbox-oil\"><span class=\"wpcf7-form-control wpcf7-checkbox\"><span class=\"wpcf7-list-item first last\"><label><input type=\"checkbox\" name=\"checkbox-oil[]\" value=\"Jojobaoil Gold\" \/><span class=\"wpcf7-list-item-label\">Jojobaoil Gold<\/span><\/label><\/span><\/span><\/span>\n\t\t<\/p>\n\t<\/div>\n\t<div class=\"flex-item\">\n\t\t<p><span class=\"wpcf7-form-control-wrap\" data-name=\"checkbox-oil-light\"><span class=\"wpcf7-form-control wpcf7-checkbox\"><span class=\"wpcf7-list-item first last\"><label><input type=\"checkbox\" name=\"checkbox-oil-light[]\" value=\"Jojobaoil Lite\" \/><span class=\"wpcf7-list-item-label\">Jojobaoil Lite<\/span><\/label><\/span><\/span><\/span>\n\t\t<\/p>\n\t<\/div>\n\t<div class=\"flex-item \">\n\t\t<p><span class=\"wpcf7-form-control-wrap\" data-name=\"checkbox-oil-organic\"><span class=\"wpcf7-form-control wpcf7-checkbox\"><span class=\"wpcf7-list-item first last\"><label><input type=\"checkbox\" name=\"checkbox-oil-organic[]\" value=\"Jojobaoil Organic\" \/><span class=\"wpcf7-list-item-label\">Jojobaoil Organic<\/span><\/label><\/span><\/span><\/span>\n\t\t<\/p>\n\t<\/div>\n\t<div class=\"flex-item\">\n\t\t<p><span class=\"wpcf7-form-control-wrap\" data-name=\"checkbox-flakes-beads\"><span class=\"wpcf7-form-control wpcf7-checkbox\"><span class=\"wpcf7-list-item first last\"><label><input type=\"checkbox\" name=\"checkbox-flakes-beads[]\" value=\"INCA GUM\" \/><span class=\"wpcf7-list-item-label\">INCA GUM<\/span><\/label><\/span><\/span><\/span>\n\t\t<\/p>\n\t<\/div>\n<\/div>\n<div class=\"flex-container inputs\">\n\t<div class=\"flex-item fields-left\">\n\t\t<div class=\"flex-left\">\n\t\t\t<p><span class=\"wpcf7-form-control-wrap\" data-name=\"text-474\"><input size=\"40\" maxlength=\"400\" class=\"wpcf7-form-control wpcf7-text\" aria-invalid=\"false\" placeholder=\"Entreprise\" value=\"\" type=\"text\" name=\"text-474\" \/><\/span>\n\t\t\t<\/p>\n\t\t<\/div>\n\t\t<div class=\"flex-left\">\n\t\t\t<p><span class=\"wpcf7-form-control-wrap\" data-name=\"text-475\"><input size=\"40\" maxlength=\"400\" class=\"wpcf7-form-control wpcf7-text\" aria-invalid=\"false\" placeholder=\"Votre nom\" value=\"\" type=\"text\" name=\"text-475\" \/><\/span>\n\t\t\t<\/p>\n\t\t<\/div>\n\t\t<div class=\"flex-left\">\n\t\t\t<p><span class=\"wpcf7-form-control-wrap\" data-name=\"text-477\"><input size=\"40\" maxlength=\"400\" class=\"wpcf7-form-control wpcf7-text\" aria-invalid=\"false\" placeholder=\"T\u00e9l\u00e9phone\" value=\"\" type=\"text\" name=\"text-477\" \/><\/span>\n\t\t\t<\/p>\n\t\t<\/div>\n\t\t<div class=\"flex-left\">\n\t\t\t<p><span class=\"wpcf7-form-control-wrap\" data-name=\"text-478\"><input size=\"40\" maxlength=\"400\" class=\"wpcf7-form-control wpcf7-email wpcf7-validates-as-required wpcf7-text wpcf7-validates-as-email\" aria-required=\"true\" aria-invalid=\"false\" placeholder=\"Votre adresse e-mail\" value=\"\" type=\"email\" name=\"text-478\" \/><\/span><br \/>\n<span id=\"wpcf7-6a06e31aeb74c-wrapper\" class=\"wpcf7-form-control-wrap yourUrl-wrap\" ><input type=\"hidden\" name=\"yourUrl-random-hash\" value=\"93177507\"><label\n\t\t    for=\"wpcf7-6a06e31aeb74c-field\"\n\t\t    class=\"hp-message\"\n        >Veuillez laisser ce champ vide.<\/label><input\n\t    id=\"wpcf7-6a06e31aeb74c-field\"\n\t    \n\t    class=\"wpcf7-form-control wpcf7-text\"\n\t    type=\"text\"\n\t    name=\"7gl6vxjhhrtv\"\n\t    value=\"\"\n\t    size=\"40\"\n\t    autocomplete=\"new-password\"\n\t    tabindex=\"1000\"\n    \/><\/span>\n\t\t\t<\/p>\n\t\t<\/div>\n\t<\/div>\n\t<div class=\"flex-item fields-right\">\n\t\t<p><span class=\"wpcf7-form-control-wrap\" data-name=\"textarea-86\"><textarea cols=\"40\" rows=\"10\" maxlength=\"2000\" class=\"wpcf7-form-control wpcf7-textarea\" aria-invalid=\"false\" placeholder=\"Message\" name=\"textarea-86\"><\/textarea><\/span>\n\t\t<\/p>\n\t<\/div>\n<\/div>\n<div class=\"flex-container formlastrow\">\n\t<div class=\"flex-item agbs\">\n\t\t<p><span class=\"wpcf7-form-control-wrap\" data-name=\"checkbox-114\"><span class=\"wpcf7-form-control wpcf7-checkbox wpcf7-validates-as-required\"><span class=\"wpcf7-list-item first last\"><label><input type=\"checkbox\" name=\"checkbox-114[]\" value=\"J&#039;accepte la politique de confidentialit\u00e9\" \/><span class=\"wpcf7-list-item-label\">J&#039;accepte la politique de confidentialit\u00e9<\/span><\/label><\/span><\/span><\/span><br \/>\n<span class=\"wpcf7-form-control-wrap\" data-name=\"checkbox-214\"><span class=\"wpcf7-form-control wpcf7-checkbox wpcf7-validates-as-required\"><span class=\"wpcf7-list-item first last\"><label><input type=\"checkbox\" name=\"checkbox-214[]\" value=\"J&#039;accepte les T&amp;Cs\" \/><span class=\"wpcf7-list-item-label\">J&#039;accepte les T&amp;Cs<\/span><\/label><\/span><\/span><\/span><br \/>\n\t\t<span class=\"wpcf7-form-control-wrap recaptcha\" data-name=\"recaptcha\"><span data-sitekey=\"6LdBiVciAAAAAHcbr5oy5x1hRxBXeijKECQJVNlM\" class=\"wpcf7-form-control wpcf7-recaptcha g-recaptcha\"><\/span>\r\n<noscript>\r\n\t<div class=\"grecaptcha-noscript\">\r\n\t\t<iframe loading=\"lazy\" src=\"https:\/\/www.google.com\/recaptcha\/api\/fallback?k=6LdBiVciAAAAAHcbr5oy5x1hRxBXeijKECQJVNlM\" frameborder=\"0\" scrolling=\"no\" width=\"310\" height=\"430\">\r\n\t\t<\/iframe>\r\n\t\t<textarea name=\"g-recaptcha-response\" rows=\"3\" cols=\"40\" placeholder=\"reCaptcha Response Here\">\r\n\t\t<\/textarea>\r\n\t<\/div>\r\n<\/noscript>\r\n<\/span>\n\t\t<\/p>\n\t<\/div>\n\t<div class=\"flex-item submitbuttons\">\n\t\t<div class=\"flex-container form-buttons\">\n\t\t\t<div class=\"flex-item\">\n\t\t\t\t<p><input class=\"wpcf7-form-control wpcf7-submit has-spinner\" type=\"submit\" value=\"Submit\" \/>\n\t\t\t\t<\/p>\n\t\t\t<\/div>\n\t\t\t<div class=\"flex-item\">\n\t\t\t<\/div>\n\t\t<\/div>\n\t<\/div>\n<\/div><div class=\"wpcf7-response-output\" aria-hidden=\"true\"><\/div>\n<\/form>\n<\/div>\n<\/div>\n\n<\/div><\/div>","protected":false},"excerpt":{"rendered":"<p>Notre entreprise familiale Nous sommes des producteurs passionn\u00e9s de jojoba avec plus de 40 ans d&rsquo;exp\u00e9rience dans la culture et la traittement de cette culture sp\u00e9ciale. L\u2019agriculture durable est notre valeur fondamentale depuis le d\u00e9but : INCA OIL est aujourd\u2019hui le plus grand producteur mondial de jojoba biologique. Notre entreprise propose des produits en gros &#8230; <a title=\"\u00c0 propos d&rsquo;INCA OIL\" class=\"read-more\" href=\"https:\/\/incaoil.org\/fr\/a-propos-dinca-oil\/\" aria-label=\"En savoir plus sur \u00c0 propos d&rsquo;INCA OIL\">Lire plus<\/a><\/p>\n","protected":false},"author":1,"featured_media":0,"parent":0,"menu_order":0,"comment_status":"closed","ping_status":"closed","template":"","meta":{"footnotes":""},"class_list":["post-1121","page","type-page","status-publish"],"featured_image_src":null,"yoast_head":"<!-- This site is optimized with the Yoast SEO plugin v27.6 - https:\/\/yoast.com\/product\/yoast-seo-wordpress\/ -->\n<title>\u00c0 propos d&#039;INCA OIL - IncaOil<\/title>\n<meta name=\"description\" content=\"Apprenez tout sur les avantages et les utilisations de l&#039;huile de jojoba pure, par exemple dans les produits de soins de la peau et les produits capillaires.\" \/>\n<meta name=\"robots\" content=\"index, follow, max-snippet:-1, max-image-preview:large, max-video-preview:-1\" \/>\n<link rel=\"canonical\" href=\"https:\/\/incaoil.org\/fr\/a-propos-dinca-oil\/\" \/>\n<meta property=\"og:locale\" content=\"fr_FR\" \/>\n<meta property=\"og:type\" content=\"article\" \/>\n<meta property=\"og:title\" content=\"\u00c0 propos d&#039;INCA OIL - IncaOil\" \/>\n<meta property=\"og:description\" content=\"Apprenez tout sur les avantages et les utilisations de l&#039;huile de jojoba pure, par exemple dans les produits de soins de la peau et les produits capillaires.\" \/>\n<meta property=\"og:url\" content=\"https:\/\/incaoil.org\/fr\/a-propos-dinca-oil\/\" \/>\n<meta property=\"og:site_name\" content=\"IncaOil\" \/>\n<meta property=\"article:modified_time\" content=\"2024-11-15T12:14:27+00:00\" \/>\n<meta property=\"og:image\" content=\"https:\/\/incaoil.org\/wp-content\/uploads\/2021\/09\/woman-sorts-little-plants.png\" \/>\n\t<meta property=\"og:image:width\" content=\"1\" \/>\n\t<meta property=\"og:image:height\" content=\"1\" \/>\n\t<meta property=\"og:image:type\" content=\"image\/png\" \/>\n<meta name=\"twitter:card\" content=\"summary_large_image\" \/>\n<meta name=\"twitter:label1\" content=\"Dur\u00e9e de lecture estim\u00e9e\" \/>\n\t<meta name=\"twitter:data1\" content=\"6 minutes\" \/>\n<script type=\"application\/ld+json\" class=\"yoast-schema-graph\">{\"@context\":\"https:\\\/\\\/schema.org\",\"@graph\":[{\"@type\":\"WebPage\",\"@id\":\"https:\\\/\\\/incaoil.org\\\/fr\\\/a-propos-dinca-oil\\\/\",\"url\":\"https:\\\/\\\/incaoil.org\\\/fr\\\/a-propos-dinca-oil\\\/\",\"name\":\"\u00c0 propos d'INCA OIL - IncaOil\",\"isPartOf\":{\"@id\":\"https:\\\/\\\/incaoil.org\\\/fr\\\/#website\"},\"primaryImageOfPage\":{\"@id\":\"https:\\\/\\\/incaoil.org\\\/fr\\\/a-propos-dinca-oil\\\/#primaryimage\"},\"image\":{\"@id\":\"https:\\\/\\\/incaoil.org\\\/fr\\\/a-propos-dinca-oil\\\/#primaryimage\"},\"thumbnailUrl\":\"https:\\\/\\\/incaoil.org\\\/wp-content\\\/uploads\\\/2021\\\/09\\\/woman-sorts-little-plants.png\",\"datePublished\":\"2021-08-28T12:29:00+00:00\",\"dateModified\":\"2024-11-15T12:14:27+00:00\",\"description\":\"Apprenez tout sur les avantages et les utilisations de l'huile de jojoba pure, par exemple dans les produits de soins de la peau et les produits capillaires.\",\"breadcrumb\":{\"@id\":\"https:\\\/\\\/incaoil.org\\\/fr\\\/a-propos-dinca-oil\\\/#breadcrumb\"},\"inLanguage\":\"fr-FR\",\"potentialAction\":[{\"@type\":\"ReadAction\",\"target\":[\"https:\\\/\\\/incaoil.org\\\/fr\\\/a-propos-dinca-oil\\\/\"]}]},{\"@type\":\"ImageObject\",\"inLanguage\":\"fr-FR\",\"@id\":\"https:\\\/\\\/incaoil.org\\\/fr\\\/a-propos-dinca-oil\\\/#primaryimage\",\"url\":\"https:\\\/\\\/incaoil.org\\\/wp-content\\\/uploads\\\/2021\\\/09\\\/woman-sorts-little-plants.png\",\"contentUrl\":\"https:\\\/\\\/incaoil.org\\\/wp-content\\\/uploads\\\/2021\\\/09\\\/woman-sorts-little-plants.png\"},{\"@type\":\"BreadcrumbList\",\"@id\":\"https:\\\/\\\/incaoil.org\\\/fr\\\/a-propos-dinca-oil\\\/#breadcrumb\",\"itemListElement\":[{\"@type\":\"ListItem\",\"position\":1,\"name\":\"Startseite\",\"item\":\"https:\\\/\\\/incaoil.org\\\/fr\\\/\"},{\"@type\":\"ListItem\",\"position\":2,\"name\":\"\u00c0 propos d&rsquo;INCA OIL\"}]},{\"@type\":\"WebSite\",\"@id\":\"https:\\\/\\\/incaoil.org\\\/fr\\\/#website\",\"url\":\"https:\\\/\\\/incaoil.org\\\/fr\\\/\",\"name\":\"IncaOil.org\",\"description\":\"The real Jojoba\",\"publisher\":{\"@id\":\"https:\\\/\\\/incaoil.org\\\/fr\\\/#organization\"},\"potentialAction\":[{\"@type\":\"SearchAction\",\"target\":{\"@type\":\"EntryPoint\",\"urlTemplate\":\"https:\\\/\\\/incaoil.org\\\/fr\\\/?s={search_term_string}\"},\"query-input\":{\"@type\":\"PropertyValueSpecification\",\"valueRequired\":true,\"valueName\":\"search_term_string\"}}],\"inLanguage\":\"fr-FR\"},{\"@type\":\"Organization\",\"@id\":\"https:\\\/\\\/incaoil.org\\\/fr\\\/#organization\",\"name\":\"IncaOil\",\"url\":\"https:\\\/\\\/incaoil.org\\\/fr\\\/\",\"logo\":{\"@type\":\"ImageObject\",\"inLanguage\":\"fr-FR\",\"@id\":\"https:\\\/\\\/incaoil.org\\\/fr\\\/#\\\/schema\\\/logo\\\/image\\\/\",\"url\":\"https:\\\/\\\/incaoil.org\\\/wp-content\\\/uploads\\\/2021\\\/08\\\/incaoil-logo.svg\",\"contentUrl\":\"https:\\\/\\\/incaoil.org\\\/wp-content\\\/uploads\\\/2021\\\/08\\\/incaoil-logo.svg\",\"caption\":\"IncaOil\"},\"image\":{\"@id\":\"https:\\\/\\\/incaoil.org\\\/fr\\\/#\\\/schema\\\/logo\\\/image\\\/\"}}]}<\/script>\n<!-- \/ Yoast SEO plugin. -->","yoast_head_json":{"title":"\u00c0 propos d'INCA OIL - IncaOil","description":"Apprenez tout sur les avantages et les utilisations de l'huile de jojoba pure, par exemple dans les produits de soins de la peau et les produits capillaires.","robots":{"index":"index","follow":"follow","max-snippet":"max-snippet:-1","max-image-preview":"max-image-preview:large","max-video-preview":"max-video-preview:-1"},"canonical":"https:\/\/incaoil.org\/fr\/a-propos-dinca-oil\/","og_locale":"fr_FR","og_type":"article","og_title":"\u00c0 propos d'INCA OIL - IncaOil","og_description":"Apprenez tout sur les avantages et les utilisations de l'huile de jojoba pure, par exemple dans les produits de soins de la peau et les produits capillaires.","og_url":"https:\/\/incaoil.org\/fr\/a-propos-dinca-oil\/","og_site_name":"IncaOil","article_modified_time":"2024-11-15T12:14:27+00:00","og_image":[{"width":1,"height":1,"url":"https:\/\/incaoil.org\/wp-content\/uploads\/2021\/09\/woman-sorts-little-plants.png","type":"image\/png"}],"twitter_card":"summary_large_image","twitter_misc":{"Dur\u00e9e de lecture estim\u00e9e":"6 minutes"},"schema":{"@context":"https:\/\/schema.org","@graph":[{"@type":"WebPage","@id":"https:\/\/incaoil.org\/fr\/a-propos-dinca-oil\/","url":"https:\/\/incaoil.org\/fr\/a-propos-dinca-oil\/","name":"\u00c0 propos d'INCA OIL - IncaOil","isPartOf":{"@id":"https:\/\/incaoil.org\/fr\/#website"},"primaryImageOfPage":{"@id":"https:\/\/incaoil.org\/fr\/a-propos-dinca-oil\/#primaryimage"},"image":{"@id":"https:\/\/incaoil.org\/fr\/a-propos-dinca-oil\/#primaryimage"},"thumbnailUrl":"https:\/\/incaoil.org\/wp-content\/uploads\/2021\/09\/woman-sorts-little-plants.png","datePublished":"2021-08-28T12:29:00+00:00","dateModified":"2024-11-15T12:14:27+00:00","description":"Apprenez tout sur les avantages et les utilisations de l'huile de jojoba pure, par exemple dans les produits de soins de la peau et les produits capillaires.","breadcrumb":{"@id":"https:\/\/incaoil.org\/fr\/a-propos-dinca-oil\/#breadcrumb"},"inLanguage":"fr-FR","potentialAction":[{"@type":"ReadAction","target":["https:\/\/incaoil.org\/fr\/a-propos-dinca-oil\/"]}]},{"@type":"ImageObject","inLanguage":"fr-FR","@id":"https:\/\/incaoil.org\/fr\/a-propos-dinca-oil\/#primaryimage","url":"https:\/\/incaoil.org\/wp-content\/uploads\/2021\/09\/woman-sorts-little-plants.png","contentUrl":"https:\/\/incaoil.org\/wp-content\/uploads\/2021\/09\/woman-sorts-little-plants.png"},{"@type":"BreadcrumbList","@id":"https:\/\/incaoil.org\/fr\/a-propos-dinca-oil\/#breadcrumb","itemListElement":[{"@type":"ListItem","position":1,"name":"Startseite","item":"https:\/\/incaoil.org\/fr\/"},{"@type":"ListItem","position":2,"name":"\u00c0 propos d&rsquo;INCA OIL"}]},{"@type":"WebSite","@id":"https:\/\/incaoil.org\/fr\/#website","url":"https:\/\/incaoil.org\/fr\/","name":"IncaOil.org","description":"The real Jojoba","publisher":{"@id":"https:\/\/incaoil.org\/fr\/#organization"},"potentialAction":[{"@type":"SearchAction","target":{"@type":"EntryPoint","urlTemplate":"https:\/\/incaoil.org\/fr\/?s={search_term_string}"},"query-input":{"@type":"PropertyValueSpecification","valueRequired":true,"valueName":"search_term_string"}}],"inLanguage":"fr-FR"},{"@type":"Organization","@id":"https:\/\/incaoil.org\/fr\/#organization","name":"IncaOil","url":"https:\/\/incaoil.org\/fr\/","logo":{"@type":"ImageObject","inLanguage":"fr-FR","@id":"https:\/\/incaoil.org\/fr\/#\/schema\/logo\/image\/","url":"https:\/\/incaoil.org\/wp-content\/uploads\/2021\/08\/incaoil-logo.svg","contentUrl":"https:\/\/incaoil.org\/wp-content\/uploads\/2021\/08\/incaoil-logo.svg","caption":"IncaOil"},"image":{"@id":"https:\/\/incaoil.org\/fr\/#\/schema\/logo\/image\/"}}]}},"_links":{"self":[{"href":"https:\/\/incaoil.org\/fr\/wp-json\/wp\/v2\/pages\/1121","targetHints":{"allow":["GET"]}}],"collection":[{"href":"https:\/\/incaoil.org\/fr\/wp-json\/wp\/v2\/pages"}],"about":[{"href":"https:\/\/incaoil.org\/fr\/wp-json\/wp\/v2\/types\/page"}],"author":[{"embeddable":true,"href":"https:\/\/incaoil.org\/fr\/wp-json\/wp\/v2\/users\/1"}],"replies":[{"embeddable":true,"href":"https:\/\/incaoil.org\/fr\/wp-json\/wp\/v2\/comments?post=1121"}],"version-history":[{"count":7,"href":"https:\/\/incaoil.org\/fr\/wp-json\/wp\/v2\/pages\/1121\/revisions"}],"predecessor-version":[{"id":2434,"href":"https:\/\/incaoil.org\/fr\/wp-json\/wp\/v2\/pages\/1121\/revisions\/2434"}],"wp:attachment":[{"href":"https:\/\/incaoil.org\/fr\/wp-json\/wp\/v2\/media?parent=1121"}],"curies":[{"name":"wp","href":"https:\/\/api.w.org\/{rel}","templated":true}]}}