{"id":1106,"date":"2021-08-27T13:13:57","date_gmt":"2021-08-27T11:13:57","guid":{"rendered":"https:\/\/incaoil.org\/impressum\/"},"modified":"2022-11-10T15:30:10","modified_gmt":"2022-11-10T14:30:10","slug":"impressum","status":"publish","type":"page","link":"https:\/\/incaoil.org\/fr\/impressum\/","title":{"rendered":"Impressum"},"content":{"rendered":"\n<h1 class=\"wp-block-heading\">Avis du site &#8211; Disclaimer<\/h1>\n\n<p>Contact \/ R\u00e9dacteur<br\/>INCA OIL SA<br\/>Calle German Schreiber No. 184, Oficina 702<br\/>San Isidro, Lima-P\u00e9rou<br\/>Tel. +51 1 221-5954<\/p>\n\n<p>Courriel : c.waetjen@incaoil.org<\/p>\n\n<p>Responsable du contenu<br\/>Christian D. Waetjen<\/p>\n\n<p>Registre des entreprises \/ ID personnalis\u00e9<br\/>RUC No. 20452281695<\/p>\n\n<p>Avis de non-responsabilit\u00e9<br\/>Le pr\u00e9sent site web www.incaoil.com (le site web) est exploit\u00e9 par INCA OIL SA (nous).<br\/>Nous, INCA OIL, maintenons notre site web, complet et actualis\u00e9 si n\u00e9cessaire, en tenant compte de son utilisation et des int\u00e9r\u00eats de nos clients.<\/p>\n\n<p>Les informations figurant sur le site web sont fournies gratuitement. Vous convenez que vous utilisez le site web enti\u00e8rement \u00e0 vos propres risques.<br\/>Le site Web et toute la propri\u00e9t\u00e9 intellectuelle prot\u00e9geant le site Web (le \u00ab\u00a0contenu\u00a0\u00bb) sont la propri\u00e9t\u00e9 unique et exclusive de nous ou de nos conc\u00e9dants de licence. Vous pouvez visualiser le site web sur votre \u00e9cran d&rsquo;ordinateur et imprimer son contenu sur votre imprimante pour votre usage personnel et non commercial uniquement. Sans notre consentement \u00e9crit, vous ne pouvez pas utiliser, transf\u00e9rer, adapter, copier ou reproduire tout ou partie du contenu, de ce site web ou de son code HTML source. Vous \u00eates responsable du respect de toutes les lois de cette juridiction, lors de la consultation ou de l&rsquo;utilisation du contenu.<br\/>Le site Web peut contenir des liens vers d&rsquo;autres sites Web ou ressources Internet d\u00e9tenus et exploit\u00e9s par des tiers. Lorsque vous cliquez sur l&rsquo;un de ces liens, vous entrez en contact avec un autre site web ou une autre ressource internet. Nous n&rsquo;avons aucune responsabilit\u00e9 ni aucun contr\u00f4le sur ces autres sites Web ou ressources Internet ou sur leur collecte, leur utilisation et leur divulgation de vos informations personnelles.<\/p>\n\n<p>Limitations de la responsabilit\u00e9<br\/>Bien que nous nous efforcions de veiller \u00e0 ce que les informations figurant sur le site Web soient correctes, nous ne donnons aucune garantie, expresse ou implicite, quant \u00e0 leur ad\u00e9quation, leur fiabilit\u00e9, leur exhaustivit\u00e9 ou leur exactitude \u00e0 quelque fin que ce soit ; nous ne nous engageons pas non plus \u00e0 garantir que le site Web reste disponible ou que le mat\u00e9riel figurant sur le site Web soit maintenu \u00e0 jour.<br\/>Nous ne sommes pas responsables de toute perte ou de tout dommage r\u00e9sultant d&rsquo;un virus ou d&rsquo;une violation de la s\u00e9curit\u00e9.<\/p>\n\n<p>Tous les contenus de ce site Web sont : \u00a9 INCA OIL SA 2012.<\/p>\n","protected":false},"excerpt":{"rendered":"<p>Avis du site &#8211; Disclaimer Contact \/ R\u00e9dacteurINCA OIL SACalle German Schreiber No. 184, Oficina 702San Isidro, Lima-P\u00e9rouTel. +51 1 221-5954 Courriel : c.waetjen@incaoil.org Responsable du contenuChristian D. Waetjen Registre des entreprises \/ ID personnalis\u00e9RUC No. 20452281695 Avis de non-responsabilit\u00e9Le pr\u00e9sent site web www.incaoil.com (le site web) est exploit\u00e9 par INCA OIL SA (nous).Nous, INCA &#8230; <a title=\"Impressum\" class=\"read-more\" href=\"https:\/\/incaoil.org\/fr\/impressum\/\" aria-label=\"En savoir plus sur Impressum\">Lire plus<\/a><\/p>\n","protected":false},"author":1,"featured_media":0,"parent":0,"menu_order":0,"comment_status":"closed","ping_status":"closed","template":"","meta":{"footnotes":""},"class_list":["post-1106","page","type-page","status-publish"],"featured_image_src":null,"yoast_head":"<!-- This site is optimized with the Yoast SEO plugin v27.4 - https:\/\/yoast.com\/product\/yoast-seo-wordpress\/ -->\n<title>Impressum - IncaOil<\/title>\n<meta name=\"robots\" content=\"index, follow, max-snippet:-1, max-image-preview:large, max-video-preview:-1\" \/>\n<link rel=\"canonical\" href=\"https:\/\/incaoil.org\/fr\/impressum\/\" \/>\n<meta property=\"og:locale\" content=\"fr_FR\" \/>\n<meta property=\"og:type\" content=\"article\" \/>\n<meta property=\"og:title\" content=\"Impressum - IncaOil\" \/>\n<meta property=\"og:description\" content=\"Avis du site &#8211; Disclaimer Contact \/ R\u00e9dacteurINCA OIL SACalle German Schreiber No. 184, Oficina 702San Isidro, Lima-P\u00e9rouTel. +51 1 221-5954 Courriel : c.waetjen@incaoil.org Responsable du contenuChristian D. Waetjen Registre des entreprises \/ ID personnalis\u00e9RUC No. 20452281695 Avis de non-responsabilit\u00e9Le pr\u00e9sent site web www.incaoil.com (le site web) est exploit\u00e9 par INCA OIL SA (nous).Nous, INCA ... Lire plus\" \/>\n<meta property=\"og:url\" content=\"https:\/\/incaoil.org\/fr\/impressum\/\" \/>\n<meta property=\"og:site_name\" content=\"IncaOil\" \/>\n<meta property=\"article:modified_time\" content=\"2022-11-10T14:30:10+00:00\" \/>\n<meta name=\"twitter:card\" content=\"summary_large_image\" \/>\n<meta name=\"twitter:label1\" content=\"Dur\u00e9e de lecture estim\u00e9e\" \/>\n\t<meta name=\"twitter:data1\" content=\"2 minutes\" \/>\n<script type=\"application\/ld+json\" class=\"yoast-schema-graph\">{\"@context\":\"https:\\\/\\\/schema.org\",\"@graph\":[{\"@type\":\"WebPage\",\"@id\":\"https:\\\/\\\/incaoil.org\\\/fr\\\/impressum\\\/\",\"url\":\"https:\\\/\\\/incaoil.org\\\/fr\\\/impressum\\\/\",\"name\":\"Impressum - IncaOil\",\"isPartOf\":{\"@id\":\"https:\\\/\\\/incaoil.org\\\/fr\\\/#website\"},\"datePublished\":\"2021-08-27T11:13:57+00:00\",\"dateModified\":\"2022-11-10T14:30:10+00:00\",\"breadcrumb\":{\"@id\":\"https:\\\/\\\/incaoil.org\\\/fr\\\/impressum\\\/#breadcrumb\"},\"inLanguage\":\"fr-FR\",\"potentialAction\":[{\"@type\":\"ReadAction\",\"target\":[\"https:\\\/\\\/incaoil.org\\\/fr\\\/impressum\\\/\"]}]},{\"@type\":\"BreadcrumbList\",\"@id\":\"https:\\\/\\\/incaoil.org\\\/fr\\\/impressum\\\/#breadcrumb\",\"itemListElement\":[{\"@type\":\"ListItem\",\"position\":1,\"name\":\"Startseite\",\"item\":\"https:\\\/\\\/incaoil.org\\\/fr\\\/\"},{\"@type\":\"ListItem\",\"position\":2,\"name\":\"Impressum\"}]},{\"@type\":\"WebSite\",\"@id\":\"https:\\\/\\\/incaoil.org\\\/fr\\\/#website\",\"url\":\"https:\\\/\\\/incaoil.org\\\/fr\\\/\",\"name\":\"IncaOil.org\",\"description\":\"The real Jojoba\",\"publisher\":{\"@id\":\"https:\\\/\\\/incaoil.org\\\/fr\\\/#organization\"},\"potentialAction\":[{\"@type\":\"SearchAction\",\"target\":{\"@type\":\"EntryPoint\",\"urlTemplate\":\"https:\\\/\\\/incaoil.org\\\/fr\\\/?s={search_term_string}\"},\"query-input\":{\"@type\":\"PropertyValueSpecification\",\"valueRequired\":true,\"valueName\":\"search_term_string\"}}],\"inLanguage\":\"fr-FR\"},{\"@type\":\"Organization\",\"@id\":\"https:\\\/\\\/incaoil.org\\\/fr\\\/#organization\",\"name\":\"IncaOil\",\"url\":\"https:\\\/\\\/incaoil.org\\\/fr\\\/\",\"logo\":{\"@type\":\"ImageObject\",\"inLanguage\":\"fr-FR\",\"@id\":\"https:\\\/\\\/incaoil.org\\\/fr\\\/#\\\/schema\\\/logo\\\/image\\\/\",\"url\":\"https:\\\/\\\/incaoil.org\\\/wp-content\\\/uploads\\\/2021\\\/08\\\/incaoil-logo.svg\",\"contentUrl\":\"https:\\\/\\\/incaoil.org\\\/wp-content\\\/uploads\\\/2021\\\/08\\\/incaoil-logo.svg\",\"caption\":\"IncaOil\"},\"image\":{\"@id\":\"https:\\\/\\\/incaoil.org\\\/fr\\\/#\\\/schema\\\/logo\\\/image\\\/\"}}]}<\/script>\n<!-- \/ Yoast SEO plugin. -->","yoast_head_json":{"title":"Impressum - IncaOil","robots":{"index":"index","follow":"follow","max-snippet":"max-snippet:-1","max-image-preview":"max-image-preview:large","max-video-preview":"max-video-preview:-1"},"canonical":"https:\/\/incaoil.org\/fr\/impressum\/","og_locale":"fr_FR","og_type":"article","og_title":"Impressum - IncaOil","og_description":"Avis du site &#8211; Disclaimer Contact \/ R\u00e9dacteurINCA OIL SACalle German Schreiber No. 184, Oficina 702San Isidro, Lima-P\u00e9rouTel. +51 1 221-5954 Courriel : c.waetjen@incaoil.org Responsable du contenuChristian D. Waetjen Registre des entreprises \/ ID personnalis\u00e9RUC No. 20452281695 Avis de non-responsabilit\u00e9Le pr\u00e9sent site web www.incaoil.com (le site web) est exploit\u00e9 par INCA OIL SA (nous).Nous, INCA ... Lire plus","og_url":"https:\/\/incaoil.org\/fr\/impressum\/","og_site_name":"IncaOil","article_modified_time":"2022-11-10T14:30:10+00:00","twitter_card":"summary_large_image","twitter_misc":{"Dur\u00e9e de lecture estim\u00e9e":"2 minutes"},"schema":{"@context":"https:\/\/schema.org","@graph":[{"@type":"WebPage","@id":"https:\/\/incaoil.org\/fr\/impressum\/","url":"https:\/\/incaoil.org\/fr\/impressum\/","name":"Impressum - IncaOil","isPartOf":{"@id":"https:\/\/incaoil.org\/fr\/#website"},"datePublished":"2021-08-27T11:13:57+00:00","dateModified":"2022-11-10T14:30:10+00:00","breadcrumb":{"@id":"https:\/\/incaoil.org\/fr\/impressum\/#breadcrumb"},"inLanguage":"fr-FR","potentialAction":[{"@type":"ReadAction","target":["https:\/\/incaoil.org\/fr\/impressum\/"]}]},{"@type":"BreadcrumbList","@id":"https:\/\/incaoil.org\/fr\/impressum\/#breadcrumb","itemListElement":[{"@type":"ListItem","position":1,"name":"Startseite","item":"https:\/\/incaoil.org\/fr\/"},{"@type":"ListItem","position":2,"name":"Impressum"}]},{"@type":"WebSite","@id":"https:\/\/incaoil.org\/fr\/#website","url":"https:\/\/incaoil.org\/fr\/","name":"IncaOil.org","description":"The real Jojoba","publisher":{"@id":"https:\/\/incaoil.org\/fr\/#organization"},"potentialAction":[{"@type":"SearchAction","target":{"@type":"EntryPoint","urlTemplate":"https:\/\/incaoil.org\/fr\/?s={search_term_string}"},"query-input":{"@type":"PropertyValueSpecification","valueRequired":true,"valueName":"search_term_string"}}],"inLanguage":"fr-FR"},{"@type":"Organization","@id":"https:\/\/incaoil.org\/fr\/#organization","name":"IncaOil","url":"https:\/\/incaoil.org\/fr\/","logo":{"@type":"ImageObject","inLanguage":"fr-FR","@id":"https:\/\/incaoil.org\/fr\/#\/schema\/logo\/image\/","url":"https:\/\/incaoil.org\/wp-content\/uploads\/2021\/08\/incaoil-logo.svg","contentUrl":"https:\/\/incaoil.org\/wp-content\/uploads\/2021\/08\/incaoil-logo.svg","caption":"IncaOil"},"image":{"@id":"https:\/\/incaoil.org\/fr\/#\/schema\/logo\/image\/"}}]}},"_links":{"self":[{"href":"https:\/\/incaoil.org\/fr\/wp-json\/wp\/v2\/pages\/1106","targetHints":{"allow":["GET"]}}],"collection":[{"href":"https:\/\/incaoil.org\/fr\/wp-json\/wp\/v2\/pages"}],"about":[{"href":"https:\/\/incaoil.org\/fr\/wp-json\/wp\/v2\/types\/page"}],"author":[{"embeddable":true,"href":"https:\/\/incaoil.org\/fr\/wp-json\/wp\/v2\/users\/1"}],"replies":[{"embeddable":true,"href":"https:\/\/incaoil.org\/fr\/wp-json\/wp\/v2\/comments?post=1106"}],"version-history":[{"count":2,"href":"https:\/\/incaoil.org\/fr\/wp-json\/wp\/v2\/pages\/1106\/revisions"}],"predecessor-version":[{"id":1111,"href":"https:\/\/incaoil.org\/fr\/wp-json\/wp\/v2\/pages\/1106\/revisions\/1111"}],"wp:attachment":[{"href":"https:\/\/incaoil.org\/fr\/wp-json\/wp\/v2\/media?parent=1106"}],"curies":[{"name":"wp","href":"https:\/\/api.w.org\/{rel}","templated":true}]}}