{"id":1102,"date":"2021-08-28T14:29:03","date_gmt":"2021-08-28T12:29:03","guid":{"rendered":"https:\/\/incaoil.org\/nos-normes\/"},"modified":"2022-11-08T10:53:31","modified_gmt":"2022-11-08T09:53:31","slug":"nos-normes","status":"publish","type":"page","link":"https:\/\/incaoil.org\/fr\/nos-normes\/","title":{"rendered":"Nos normes"},"content":{"rendered":"<div class=\"gb-container gb-container-c5013c53 z-index-2 alignfull\"><div class=\"gb-inside-container\">\n<div class=\"gb-grid-wrapper gb-grid-wrapper-539f162b\">\n<div class=\"gb-grid-column gb-grid-column-36d055c3\"><div class=\"gb-container gb-container-36d055c3\"><div class=\"gb-inside-container\">\n\n<h1 class=\"gb-headline gb-headline-a0902497 gb-headline-text\">Vente en gros d&rsquo;huile de jojoba biologique directement de la source  <\/h1>\n\n\n\n<p>Des producteurs de jojoba ayant plus de 35 ans d&rsquo;exp\u00e9rience dans la culture et la transformation du jojoba. Jusqu&rsquo;\u00e0 aujourd&rsquo;hui, le label INCA OIL est devenu un symbole de qualit\u00e9 et de confiance, reconnu par toutes les grandes entreprises de cosm\u00e9tiques et de soins personnels du monde entier comme un fournisseur de jojoba en vrac certifi\u00e9 biologique.  <\/p>\n\n<\/div><\/div><\/div>\n\n<div class=\"gb-grid-column gb-grid-column-b0a0e1af\"><div class=\"gb-container gb-container-b0a0e1af\"><div class=\"gb-inside-container\">\n\n<figure class=\"wp-block-image size-full\"><img loading=\"lazy\" decoding=\"async\" width=\"1\" height=\"1\" src=\"https:\/\/incaoil.org\/wp-content\/uploads\/2021\/09\/two-female-employees-sorting-organic-jojoba-crop.png\" alt=\"deux-femmes-employ&#xE9;es-tri&#xE9;es-organiques-jojoba-culture-inca-p&#xE9;trole-agriculture-durable-responsabilit&#xE9;-sociale\" class=\"wp-image-579\"\/><\/figure>\n\n<\/div><\/div><\/div>\n<\/div>\n\n<div class=\"gb-grid-wrapper gb-grid-wrapper-a03c4613\">\n<div class=\"gb-grid-column gb-grid-column-0314356f\"><div class=\"gb-container gb-container-0314356f\"><div class=\"gb-inside-container\">\n\n<figure class=\"wp-block-image size-full\"><img loading=\"lazy\" decoding=\"async\" width=\"1\" height=\"1\" src=\"https:\/\/incaoil.org\/wp-content\/uploads\/2021\/09\/overseas-ship-at-the-harbour.png\" alt=\"bateau-d'outre-mer-au-port-temps-de-transit-plus-court\" class=\"wp-image-581\"\/><\/figure>\n\n<\/div><\/div><\/div>\n\n<div class=\"gb-grid-column gb-grid-column-3e164134\"><div class=\"gb-container gb-container-3e164134\"><div class=\"gb-inside-container\">\n\n<h2 class=\"gb-headline gb-headline-350628dc gb-headline-text\">D\u00e9lais de livraison et de transit plus courts<\/h2>\n\n\n\n<p>A l&rsquo;\u00e9coute de ses clients du monde entier qui demandent des d\u00e9lais de livraison et de transit plus courts, INCA OIL n&rsquo;a pas attendu longtemps pour agir : C&rsquo;\u00e9tait une d\u00e9cision strat\u00e9gique de d\u00e9placer la production d&rsquo;huile de jojoba en vrac vers le pays de la cha\u00eene. C&rsquo;est de l\u00e0 que partent tous les jours des navires en provenance du port de Balbao, dans le Pacifique, et de Col\u00f3n, dans l&rsquo;Atlantique, vers toutes les r\u00e9gions du monde.<\/p>\n\n<\/div><\/div><\/div>\n<\/div>\n\n<div class=\"gb-grid-wrapper gb-grid-wrapper-70e68b5a\">\n<div class=\"gb-grid-column gb-grid-column-a30ee21e\"><div class=\"gb-container gb-container-a30ee21e\"><div class=\"gb-inside-container\">\n\n<h2 class=\"gb-headline gb-headline-fd83b7ed gb-headline-text\">Culture, transformation et vente en gros de jojoba \u00e0 la pointe de la technologie.  <\/h2>\n\n\n\n<p>En mai 2015, un nouveau chapitre a \u00e9t\u00e9 ouvert, lorsque INCA OIL a commenc\u00e9 la production d&rsquo;huile de jojoba dans sa nouvelle usine, Jojoba Company Inc, au Panama. En 2019, Jojoba Company a d\u00e9m\u00e9nag\u00e9 dans son propre b\u00e2timent d&rsquo;usine. De nouvelles presses dot\u00e9es des derni\u00e8res technologies sont d\u00e9sormais indispensables pour assurer une qualit\u00e9 et une quantit\u00e9 \u00e9lev\u00e9es d&rsquo;huile de jojoba en vrac. Aujourd&rsquo;hui encore, nous investissons r\u00e9guli\u00e8rement dans le renouvellement et l&rsquo;accroissement des plantations et dans des \u00e9quipements de traitement allemands de haute qualit\u00e9.<\/p>\n\n<\/div><\/div><\/div>\n\n<div class=\"gb-grid-column gb-grid-column-d9623f8f\"><div class=\"gb-container gb-container-d9623f8f\"><div class=\"gb-inside-container\">\n\n<figure class=\"wp-block-image size-full\"><img loading=\"lazy\" decoding=\"async\" width=\"1\" height=\"1\" src=\"https:\/\/incaoil.org\/wp-content\/uploads\/2021\/09\/jojoba-oil-production-hall.png\" alt=\"jojoba-p&#xE9;trole-production-hall-production-nouvelle-usine\" class=\"wp-image-582\"\/><\/figure>\n\n<\/div><\/div><\/div>\n<\/div>\n<\/div><div class=\"gb-shapes\"><div class=\"gb-shape gb-shape-1\"><svg xmlns=\"http:\/\/www.w3.org\/2000\/svg\" viewBox=\"0 0 1200 50\" preserveAspectRatio=\"none\"><path d=\"M1200 0v50H0V0h560l40 30 40-30z\"\/><\/svg><\/div><\/div><\/div><div class=\"gb-container gb-container-0eaeeda5\"><div class=\"gb-inside-container\">\n\n<h2 class=\"gb-headline gb-headline-7d2c870f gb-headline-text\">Prenez contact avec nous pour discuter de nos produits ou de nos stocks disponibles !<\/h2>\n\n\n\n<p>Nous sommes heureux de r\u00e9pondre \u00e0 toutes les questions que vous pouvez vous poser sur nos produits. Veuillez consulter notre FAQ pour plus d&rsquo;informations ou nous contacter directement.<\/p>\n\n\n\n<p><strong>Quels sont les produits qui vous int\u00e9ressent ?<\/strong><\/p>\n\n\n\n<div class=\"wp-block-contact-form-7-contact-form-selector\">\n<div class=\"wpcf7 no-js\" id=\"wpcf7-f1231-o1\" lang=\"fr-FR\" dir=\"ltr\" data-wpcf7-id=\"1231\">\n<div class=\"screen-reader-response\"><p role=\"status\" aria-live=\"polite\" aria-atomic=\"true\"><\/p> <ul><\/ul><\/div>\n<form action=\"\/fr\/wp-json\/wp\/v2\/pages\/1102#wpcf7-f1231-o1\" method=\"post\" class=\"wpcf7-form init\" aria-label=\"Formulaire de contact\" novalidate=\"novalidate\" data-status=\"init\">\n<fieldset class=\"hidden-fields-container\"><input type=\"hidden\" name=\"_wpcf7\" value=\"1231\" \/><input type=\"hidden\" name=\"_wpcf7_version\" value=\"6.1.5\" \/><input type=\"hidden\" name=\"_wpcf7_locale\" value=\"fr_FR\" \/><input type=\"hidden\" name=\"_wpcf7_unit_tag\" value=\"wpcf7-f1231-o1\" \/><input type=\"hidden\" name=\"_wpcf7_container_post\" value=\"0\" \/><input type=\"hidden\" name=\"_wpcf7_posted_data_hash\" value=\"\" \/><input type=\"hidden\" name=\"_wpcf7_recaptcha_response\" value=\"\" \/>\n<\/fieldset>\n<div class=\"flex-container checkboxes\">\n\t<div class=\"flex-item\">\n\t\t<p><span class=\"wpcf7-form-control-wrap\" data-name=\"checkbox-oil\"><span class=\"wpcf7-form-control wpcf7-checkbox\"><span class=\"wpcf7-list-item first last\"><label><input type=\"checkbox\" name=\"checkbox-oil[]\" value=\"Jojobaoil Gold\" \/><span class=\"wpcf7-list-item-label\">Jojobaoil Gold<\/span><\/label><\/span><\/span><\/span>\n\t\t<\/p>\n\t<\/div>\n\t<div class=\"flex-item\">\n\t\t<p><span class=\"wpcf7-form-control-wrap\" data-name=\"checkbox-oil-light\"><span class=\"wpcf7-form-control wpcf7-checkbox\"><span class=\"wpcf7-list-item first last\"><label><input type=\"checkbox\" name=\"checkbox-oil-light[]\" value=\"Jojobaoil Lite\" \/><span class=\"wpcf7-list-item-label\">Jojobaoil Lite<\/span><\/label><\/span><\/span><\/span>\n\t\t<\/p>\n\t<\/div>\n\t<div class=\"flex-item \">\n\t\t<p><span class=\"wpcf7-form-control-wrap\" data-name=\"checkbox-oil-organic\"><span class=\"wpcf7-form-control wpcf7-checkbox\"><span class=\"wpcf7-list-item first last\"><label><input type=\"checkbox\" name=\"checkbox-oil-organic[]\" value=\"Jojobaoil Organic\" \/><span class=\"wpcf7-list-item-label\">Jojobaoil Organic<\/span><\/label><\/span><\/span><\/span>\n\t\t<\/p>\n\t<\/div>\n\t<div class=\"flex-item\">\n\t\t<p><span class=\"wpcf7-form-control-wrap\" data-name=\"checkbox-flakes-beads\"><span class=\"wpcf7-form-control wpcf7-checkbox\"><span class=\"wpcf7-list-item first last\"><label><input type=\"checkbox\" name=\"checkbox-flakes-beads[]\" value=\"INCA GUM\" \/><span class=\"wpcf7-list-item-label\">INCA GUM<\/span><\/label><\/span><\/span><\/span>\n\t\t<\/p>\n\t<\/div>\n<\/div>\n<div class=\"flex-container inputs\">\n\t<div class=\"flex-item fields-left\">\n\t\t<div class=\"flex-left\">\n\t\t\t<p><span class=\"wpcf7-form-control-wrap\" data-name=\"text-474\"><input size=\"40\" maxlength=\"400\" class=\"wpcf7-form-control wpcf7-text\" aria-invalid=\"false\" placeholder=\"Entreprise\" value=\"\" type=\"text\" name=\"text-474\" \/><\/span>\n\t\t\t<\/p>\n\t\t<\/div>\n\t\t<div class=\"flex-left\">\n\t\t\t<p><span class=\"wpcf7-form-control-wrap\" data-name=\"text-475\"><input size=\"40\" maxlength=\"400\" class=\"wpcf7-form-control wpcf7-text\" aria-invalid=\"false\" placeholder=\"Votre nom\" value=\"\" type=\"text\" name=\"text-475\" \/><\/span>\n\t\t\t<\/p>\n\t\t<\/div>\n\t\t<div class=\"flex-left\">\n\t\t\t<p><span class=\"wpcf7-form-control-wrap\" data-name=\"text-477\"><input size=\"40\" maxlength=\"400\" class=\"wpcf7-form-control wpcf7-text\" aria-invalid=\"false\" placeholder=\"T\u00e9l\u00e9phone\" value=\"\" type=\"text\" name=\"text-477\" \/><\/span>\n\t\t\t<\/p>\n\t\t<\/div>\n\t\t<div class=\"flex-left\">\n\t\t\t<p><span class=\"wpcf7-form-control-wrap\" data-name=\"text-478\"><input size=\"40\" maxlength=\"400\" class=\"wpcf7-form-control wpcf7-email wpcf7-validates-as-required wpcf7-text wpcf7-validates-as-email\" aria-required=\"true\" aria-invalid=\"false\" placeholder=\"Votre adresse e-mail\" value=\"\" type=\"email\" name=\"text-478\" \/><\/span><br \/>\n<span id=\"wpcf7-69f5925fd036e-wrapper\" class=\"wpcf7-form-control-wrap yourUrl-wrap\" ><label for=\"wpcf7-69f5925fd036e-field\" class=\"hp-message\">Veuillez laisser ce champ vide.<\/label><input id=\"wpcf7-69f5925fd036e-field\"  class=\"wpcf7-form-control wpcf7-text\" type=\"text\" name=\"yourUrl\" value=\"\" size=\"40\" tabindex=\"-1\" autocomplete=\"new-password\" \/><\/span>\n\t\t\t<\/p>\n\t\t<\/div>\n\t<\/div>\n\t<div class=\"flex-item fields-right\">\n\t\t<p><span class=\"wpcf7-form-control-wrap\" data-name=\"textarea-86\"><textarea cols=\"40\" rows=\"10\" maxlength=\"2000\" class=\"wpcf7-form-control wpcf7-textarea\" aria-invalid=\"false\" placeholder=\"Message\" name=\"textarea-86\"><\/textarea><\/span>\n\t\t<\/p>\n\t<\/div>\n<\/div>\n<div class=\"flex-container formlastrow\">\n\t<div class=\"flex-item agbs\">\n\t\t<p><span class=\"wpcf7-form-control-wrap\" data-name=\"checkbox-114\"><span class=\"wpcf7-form-control wpcf7-checkbox wpcf7-validates-as-required\"><span class=\"wpcf7-list-item first last\"><label><input type=\"checkbox\" name=\"checkbox-114[]\" value=\"J&#039;accepte la politique de confidentialit\u00e9\" \/><span class=\"wpcf7-list-item-label\">J&#039;accepte la politique de confidentialit\u00e9<\/span><\/label><\/span><\/span><\/span><br \/>\n<span class=\"wpcf7-form-control-wrap\" data-name=\"checkbox-214\"><span class=\"wpcf7-form-control wpcf7-checkbox wpcf7-validates-as-required\"><span class=\"wpcf7-list-item first last\"><label><input type=\"checkbox\" name=\"checkbox-214[]\" value=\"J&#039;accepte les T&amp;Cs\" \/><span class=\"wpcf7-list-item-label\">J&#039;accepte les T&amp;Cs<\/span><\/label><\/span><\/span><\/span><br \/>\n\t\t<span class=\"wpcf7-form-control-wrap recaptcha\" data-name=\"recaptcha\"><span data-sitekey=\"6LdBiVciAAAAAHcbr5oy5x1hRxBXeijKECQJVNlM\" class=\"wpcf7-form-control wpcf7-recaptcha g-recaptcha\"><\/span>\r\n<noscript>\r\n\t<div class=\"grecaptcha-noscript\">\r\n\t\t<iframe loading=\"lazy\" src=\"https:\/\/www.google.com\/recaptcha\/api\/fallback?k=6LdBiVciAAAAAHcbr5oy5x1hRxBXeijKECQJVNlM\" frameborder=\"0\" scrolling=\"no\" width=\"310\" height=\"430\">\r\n\t\t<\/iframe>\r\n\t\t<textarea name=\"g-recaptcha-response\" rows=\"3\" cols=\"40\" placeholder=\"reCaptcha Response Here\">\r\n\t\t<\/textarea>\r\n\t<\/div>\r\n<\/noscript>\r\n<\/span>\n\t\t<\/p>\n\t<\/div>\n\t<div class=\"flex-item submitbuttons\">\n\t\t<div class=\"flex-container form-buttons\">\n\t\t\t<div class=\"flex-item\">\n\t\t\t\t<p><input class=\"wpcf7-form-control wpcf7-submit has-spinner\" type=\"submit\" value=\"Submit\" \/>\n\t\t\t\t<\/p>\n\t\t\t<\/div>\n\t\t\t<div class=\"flex-item\">\n\t\t\t<\/div>\n\t\t<\/div>\n\t<\/div>\n<\/div><div class=\"wpcf7-response-output\" aria-hidden=\"true\"><\/div>\n<\/form>\n<\/div>\n<\/div>\n\n<\/div><\/div>","protected":false},"excerpt":{"rendered":"","protected":false},"author":1,"featured_media":0,"parent":0,"menu_order":0,"comment_status":"closed","ping_status":"closed","template":"","meta":{"footnotes":""},"class_list":["post-1102","page","type-page","status-publish"],"featured_image_src":null,"yoast_head":"<!-- This site is optimized with the Yoast SEO plugin v27.5 - https:\/\/yoast.com\/product\/yoast-seo-wordpress\/ -->\n<title>Nos normes - IncaOil<\/title>\n<meta name=\"description\" content=\"En savoir plus sur notre agriculture durable et notre responsabilit\u00e9 sociale : Nous nous engageons \u00e0 g\u00e9rer nos ressources ainsi que la communaut\u00e9 d&#039;une mani\u00e8re respectueuse, responsable, biodiversifi\u00e9e et \u00e9cologique.\" \/>\n<meta name=\"robots\" content=\"index, follow, max-snippet:-1, max-image-preview:large, max-video-preview:-1\" \/>\n<link rel=\"canonical\" href=\"https:\/\/incaoil.org\/fr\/nos-normes\/\" \/>\n<meta property=\"og:locale\" content=\"fr_FR\" \/>\n<meta property=\"og:type\" content=\"article\" \/>\n<meta property=\"og:title\" content=\"Nos normes - IncaOil\" \/>\n<meta property=\"og:description\" content=\"En savoir plus sur notre agriculture durable et notre responsabilit\u00e9 sociale : Nous nous engageons \u00e0 g\u00e9rer nos ressources ainsi que la communaut\u00e9 d&#039;une mani\u00e8re respectueuse, responsable, biodiversifi\u00e9e et \u00e9cologique.\" \/>\n<meta property=\"og:url\" content=\"https:\/\/incaoil.org\/fr\/nos-normes\/\" \/>\n<meta property=\"og:site_name\" content=\"IncaOil\" \/>\n<meta property=\"article:modified_time\" content=\"2022-11-08T09:53:31+00:00\" \/>\n<meta property=\"og:image\" content=\"https:\/\/incaoil.org\/wp-content\/uploads\/2021\/09\/two-female-employees-sorting-organic-jojoba-crop.png\" \/>\n<meta name=\"twitter:card\" content=\"summary_large_image\" \/>\n<meta name=\"twitter:label1\" content=\"Dur\u00e9e de lecture estim\u00e9e\" \/>\n\t<meta name=\"twitter:data1\" content=\"1 minute\" \/>\n<script type=\"application\/ld+json\" class=\"yoast-schema-graph\">{\"@context\":\"https:\\\/\\\/schema.org\",\"@graph\":[{\"@type\":\"WebPage\",\"@id\":\"https:\\\/\\\/incaoil.org\\\/fr\\\/nos-normes\\\/\",\"url\":\"https:\\\/\\\/incaoil.org\\\/fr\\\/nos-normes\\\/\",\"name\":\"Nos normes - IncaOil\",\"isPartOf\":{\"@id\":\"https:\\\/\\\/incaoil.org\\\/fr\\\/#website\"},\"primaryImageOfPage\":{\"@id\":\"https:\\\/\\\/incaoil.org\\\/fr\\\/nos-normes\\\/#primaryimage\"},\"image\":{\"@id\":\"https:\\\/\\\/incaoil.org\\\/fr\\\/nos-normes\\\/#primaryimage\"},\"thumbnailUrl\":\"https:\\\/\\\/incaoil.org\\\/wp-content\\\/uploads\\\/2021\\\/09\\\/two-female-employees-sorting-organic-jojoba-crop.png\",\"datePublished\":\"2021-08-28T12:29:03+00:00\",\"dateModified\":\"2022-11-08T09:53:31+00:00\",\"description\":\"En savoir plus sur notre agriculture durable et notre responsabilit\u00e9 sociale : Nous nous engageons \u00e0 g\u00e9rer nos ressources ainsi que la communaut\u00e9 d'une mani\u00e8re respectueuse, responsable, biodiversifi\u00e9e et \u00e9cologique.\",\"breadcrumb\":{\"@id\":\"https:\\\/\\\/incaoil.org\\\/fr\\\/nos-normes\\\/#breadcrumb\"},\"inLanguage\":\"fr-FR\",\"potentialAction\":[{\"@type\":\"ReadAction\",\"target\":[\"https:\\\/\\\/incaoil.org\\\/fr\\\/nos-normes\\\/\"]}]},{\"@type\":\"ImageObject\",\"inLanguage\":\"fr-FR\",\"@id\":\"https:\\\/\\\/incaoil.org\\\/fr\\\/nos-normes\\\/#primaryimage\",\"url\":\"https:\\\/\\\/incaoil.org\\\/wp-content\\\/uploads\\\/2021\\\/09\\\/two-female-employees-sorting-organic-jojoba-crop.png\",\"contentUrl\":\"https:\\\/\\\/incaoil.org\\\/wp-content\\\/uploads\\\/2021\\\/09\\\/two-female-employees-sorting-organic-jojoba-crop.png\"},{\"@type\":\"BreadcrumbList\",\"@id\":\"https:\\\/\\\/incaoil.org\\\/fr\\\/nos-normes\\\/#breadcrumb\",\"itemListElement\":[{\"@type\":\"ListItem\",\"position\":1,\"name\":\"Startseite\",\"item\":\"https:\\\/\\\/incaoil.org\\\/fr\\\/\"},{\"@type\":\"ListItem\",\"position\":2,\"name\":\"Nos normes\"}]},{\"@type\":\"WebSite\",\"@id\":\"https:\\\/\\\/incaoil.org\\\/fr\\\/#website\",\"url\":\"https:\\\/\\\/incaoil.org\\\/fr\\\/\",\"name\":\"IncaOil.org\",\"description\":\"The real Jojoba\",\"publisher\":{\"@id\":\"https:\\\/\\\/incaoil.org\\\/fr\\\/#organization\"},\"potentialAction\":[{\"@type\":\"SearchAction\",\"target\":{\"@type\":\"EntryPoint\",\"urlTemplate\":\"https:\\\/\\\/incaoil.org\\\/fr\\\/?s={search_term_string}\"},\"query-input\":{\"@type\":\"PropertyValueSpecification\",\"valueRequired\":true,\"valueName\":\"search_term_string\"}}],\"inLanguage\":\"fr-FR\"},{\"@type\":\"Organization\",\"@id\":\"https:\\\/\\\/incaoil.org\\\/fr\\\/#organization\",\"name\":\"IncaOil\",\"url\":\"https:\\\/\\\/incaoil.org\\\/fr\\\/\",\"logo\":{\"@type\":\"ImageObject\",\"inLanguage\":\"fr-FR\",\"@id\":\"https:\\\/\\\/incaoil.org\\\/fr\\\/#\\\/schema\\\/logo\\\/image\\\/\",\"url\":\"https:\\\/\\\/incaoil.org\\\/wp-content\\\/uploads\\\/2021\\\/08\\\/incaoil-logo.svg\",\"contentUrl\":\"https:\\\/\\\/incaoil.org\\\/wp-content\\\/uploads\\\/2021\\\/08\\\/incaoil-logo.svg\",\"caption\":\"IncaOil\"},\"image\":{\"@id\":\"https:\\\/\\\/incaoil.org\\\/fr\\\/#\\\/schema\\\/logo\\\/image\\\/\"}}]}<\/script>\n<!-- \/ Yoast SEO plugin. -->","yoast_head_json":{"title":"Nos normes - IncaOil","description":"En savoir plus sur notre agriculture durable et notre responsabilit\u00e9 sociale : Nous nous engageons \u00e0 g\u00e9rer nos ressources ainsi que la communaut\u00e9 d'une mani\u00e8re respectueuse, responsable, biodiversifi\u00e9e et \u00e9cologique.","robots":{"index":"index","follow":"follow","max-snippet":"max-snippet:-1","max-image-preview":"max-image-preview:large","max-video-preview":"max-video-preview:-1"},"canonical":"https:\/\/incaoil.org\/fr\/nos-normes\/","og_locale":"fr_FR","og_type":"article","og_title":"Nos normes - IncaOil","og_description":"En savoir plus sur notre agriculture durable et notre responsabilit\u00e9 sociale : Nous nous engageons \u00e0 g\u00e9rer nos ressources ainsi que la communaut\u00e9 d'une mani\u00e8re respectueuse, responsable, biodiversifi\u00e9e et \u00e9cologique.","og_url":"https:\/\/incaoil.org\/fr\/nos-normes\/","og_site_name":"IncaOil","article_modified_time":"2022-11-08T09:53:31+00:00","og_image":[{"url":"https:\/\/incaoil.org\/wp-content\/uploads\/2021\/09\/two-female-employees-sorting-organic-jojoba-crop.png","type":"","width":"","height":""}],"twitter_card":"summary_large_image","twitter_misc":{"Dur\u00e9e de lecture estim\u00e9e":"1 minute"},"schema":{"@context":"https:\/\/schema.org","@graph":[{"@type":"WebPage","@id":"https:\/\/incaoil.org\/fr\/nos-normes\/","url":"https:\/\/incaoil.org\/fr\/nos-normes\/","name":"Nos normes - IncaOil","isPartOf":{"@id":"https:\/\/incaoil.org\/fr\/#website"},"primaryImageOfPage":{"@id":"https:\/\/incaoil.org\/fr\/nos-normes\/#primaryimage"},"image":{"@id":"https:\/\/incaoil.org\/fr\/nos-normes\/#primaryimage"},"thumbnailUrl":"https:\/\/incaoil.org\/wp-content\/uploads\/2021\/09\/two-female-employees-sorting-organic-jojoba-crop.png","datePublished":"2021-08-28T12:29:03+00:00","dateModified":"2022-11-08T09:53:31+00:00","description":"En savoir plus sur notre agriculture durable et notre responsabilit\u00e9 sociale : Nous nous engageons \u00e0 g\u00e9rer nos ressources ainsi que la communaut\u00e9 d'une mani\u00e8re respectueuse, responsable, biodiversifi\u00e9e et \u00e9cologique.","breadcrumb":{"@id":"https:\/\/incaoil.org\/fr\/nos-normes\/#breadcrumb"},"inLanguage":"fr-FR","potentialAction":[{"@type":"ReadAction","target":["https:\/\/incaoil.org\/fr\/nos-normes\/"]}]},{"@type":"ImageObject","inLanguage":"fr-FR","@id":"https:\/\/incaoil.org\/fr\/nos-normes\/#primaryimage","url":"https:\/\/incaoil.org\/wp-content\/uploads\/2021\/09\/two-female-employees-sorting-organic-jojoba-crop.png","contentUrl":"https:\/\/incaoil.org\/wp-content\/uploads\/2021\/09\/two-female-employees-sorting-organic-jojoba-crop.png"},{"@type":"BreadcrumbList","@id":"https:\/\/incaoil.org\/fr\/nos-normes\/#breadcrumb","itemListElement":[{"@type":"ListItem","position":1,"name":"Startseite","item":"https:\/\/incaoil.org\/fr\/"},{"@type":"ListItem","position":2,"name":"Nos normes"}]},{"@type":"WebSite","@id":"https:\/\/incaoil.org\/fr\/#website","url":"https:\/\/incaoil.org\/fr\/","name":"IncaOil.org","description":"The real Jojoba","publisher":{"@id":"https:\/\/incaoil.org\/fr\/#organization"},"potentialAction":[{"@type":"SearchAction","target":{"@type":"EntryPoint","urlTemplate":"https:\/\/incaoil.org\/fr\/?s={search_term_string}"},"query-input":{"@type":"PropertyValueSpecification","valueRequired":true,"valueName":"search_term_string"}}],"inLanguage":"fr-FR"},{"@type":"Organization","@id":"https:\/\/incaoil.org\/fr\/#organization","name":"IncaOil","url":"https:\/\/incaoil.org\/fr\/","logo":{"@type":"ImageObject","inLanguage":"fr-FR","@id":"https:\/\/incaoil.org\/fr\/#\/schema\/logo\/image\/","url":"https:\/\/incaoil.org\/wp-content\/uploads\/2021\/08\/incaoil-logo.svg","contentUrl":"https:\/\/incaoil.org\/wp-content\/uploads\/2021\/08\/incaoil-logo.svg","caption":"IncaOil"},"image":{"@id":"https:\/\/incaoil.org\/fr\/#\/schema\/logo\/image\/"}}]}},"_links":{"self":[{"href":"https:\/\/incaoil.org\/fr\/wp-json\/wp\/v2\/pages\/1102","targetHints":{"allow":["GET"]}}],"collection":[{"href":"https:\/\/incaoil.org\/fr\/wp-json\/wp\/v2\/pages"}],"about":[{"href":"https:\/\/incaoil.org\/fr\/wp-json\/wp\/v2\/types\/page"}],"author":[{"embeddable":true,"href":"https:\/\/incaoil.org\/fr\/wp-json\/wp\/v2\/users\/1"}],"replies":[{"embeddable":true,"href":"https:\/\/incaoil.org\/fr\/wp-json\/wp\/v2\/comments?post=1102"}],"version-history":[{"count":2,"href":"https:\/\/incaoil.org\/fr\/wp-json\/wp\/v2\/pages\/1102\/revisions"}],"predecessor-version":[{"id":1104,"href":"https:\/\/incaoil.org\/fr\/wp-json\/wp\/v2\/pages\/1102\/revisions\/1104"}],"wp:attachment":[{"href":"https:\/\/incaoil.org\/fr\/wp-json\/wp\/v2\/media?parent=1102"}],"curies":[{"name":"wp","href":"https:\/\/api.w.org\/{rel}","templated":true}]}}