{"id":1505,"date":"2021-08-28T14:29:00","date_gmt":"2021-08-28T12:29:00","guid":{"rendered":"https:\/\/incaoil.org\/acerca-de-inca-oil\/"},"modified":"2022-11-14T15:34:13","modified_gmt":"2022-11-14T14:34:13","slug":"acerca-de-inca-oil","status":"publish","type":"page","link":"https:\/\/incaoil.org\/es\/acerca-de-inca-oil\/","title":{"rendered":"SOBRE INCA OIL"},"content":{"rendered":"<div class=\"gb-container gb-container-0e596e93\"><div class=\"gb-inside-container\">\n\n<h1 class=\"gb-headline gb-headline-1892d813 gb-headline-text\">Nuestra empresa familiar<\/h1>\n\n\n\n<p>Desde hace m\u00e1s de 40 a\u00f1os que cultivamos y mejoramos nuestros planteles de jojoba y desde nuestros inicios la agricultura sostenible ha sido nuestro valor m\u00e1s importante. Esto hace que <a>INCA OIL<\/a> sea hoy en d\u00eda el mayor productor de jojoba org\u00e1nica del mundo. Nuestra estructura vertical nos permite ofrecer nuestro producto de calidad al por mayor directamente desde la fuente.  <\/p>\n\n<\/div><\/div>\n\n<div class=\"gb-container gb-container-3efeb1a9 alignfull\"><div class=\"gb-inside-container\">\n<div class=\"gb-grid-wrapper gb-grid-wrapper-e876a9f4\">\n<div class=\"gb-grid-column gb-grid-column-aef16666\"><div class=\"gb-container gb-container-aef16666\"><div class=\"gb-inside-container\">\n\n<figure class=\"wp-block-image size-full\"><img loading=\"lazy\" decoding=\"async\" width=\"1\" height=\"1\" src=\"https:\/\/incaoil.org\/wp-content\/uploads\/2021\/09\/woman-sorts-little-plants.png\" alt=\"mujer-peque\u00f1as-plantas-agricultura-sostenible\" class=\"wp-image-584\"\/><\/figure>\n\n<\/div><\/div><\/div>\n\n<div class=\"gb-grid-column gb-grid-column-31d21607\"><div class=\"gb-container gb-container-31d21607\"><div class=\"gb-inside-container\">\n\n<h1 class=\"gb-headline gb-headline-64a33c3b gb-headline-text\">Los fundadores: \u00bfQui\u00e9nes somos?<\/h1>\n\n\n\n<p>A principios de los a\u00f1os 90, los hermanos argentinos Adolfo y Alfredo Mealla comenzaron a cultivar jojoba en Ica, en Per\u00fa. Adolfo (agr\u00f3nomo) y Alfredo (administrador) estudiaron cuidadosamente los datos clim\u00e1ticos, las condiciones del agua y del suelo antes de plantar all\u00ed una amplia gama de variedades de jojoba. En nuestra <a href=\"\/es\/?page_id=1491\">p\u00e1gina<\/a> dedicada a la sostenibilidad explicamos por qu\u00e9 esta regi\u00f3n es especialmente adecuada para el cultivo de la jojoba.   <\/p>\n\n\n\n<p>En el a\u00f1o 2000, Christian W\u00e4tjen se uni\u00f3 a los hermanos Mealla para procesar la jojoba en Ica. Christian es agr\u00f3nomo y proviene de una familia de varias generaciones de agricultores en el norte de Alemania. Su experiencia en el cultivo, procesamiento y comercializaci\u00f3n de la jojoba es fruto de haber residido por m\u00e1s de 25 a\u00f1os en Argentina.  <\/p>\n\n\n\n<p>Como consecuencia de esta asociaci\u00f3n estrat\u00e9gica naci\u00f3 INCA OIL. En INCA OIL la familia Mealla se encarga del cultivo de la jojoba. Christian se encarga de la elaboraci\u00f3n y distribuci\u00f3n del aceite de jojoba en todo el mundo. La pr\u00f3xima generaci\u00f3n de ambas familias tambi\u00e9n esta sumada al proyecto y lista para continuar con el negocio familiar.  <\/p>\n\n<\/div><\/div><\/div>\n<\/div>\n<\/div><\/div>\n\n<div class=\"gb-container gb-container-c51de3eb\"><div class=\"gb-inside-container\">\n\n<h2 class=\"gb-headline gb-headline-2807d16f gb-headline-text\">Nuestra evoluci\u00f3n: Hitos<\/h2>\n\n\n\n<p><strong>Desde el a\u00f1o 2000: Agricultura sostenible<\/strong><\/p>\n\n\n\n<p>A trav\u00e9s de los a\u00f1os hemos seleccionado de entre m\u00e1s de 3.000 plantas madre de jojoba, siete variedades de alta calidad. Desde nuestros inicios la agricultura sostenible ha sido un tema importante para nuestra firma. En 2004 obtuvimos la certificaci\u00f3n ecol\u00f3gica que garantiza la protecci\u00f3n de los recursos, sin utilizar pesticidas ni OMG. Ofreciendo condiciones de trabajo justas y equitativas a nuestros colaboradores. Para saber m\u00e1s sobre nuestro compromiso con la lucha contra la desertizaci\u00f3n, le invitamos a visitar nuestra <a href=\"\/es\/?page_id=1491\">secci\u00f3n de sostenibilidad<\/a>.   <\/p>\n\n\n\n<p><strong>2014: Nuestra moderna almazara en Panam\u00e1<\/strong><\/p>\n\n\n\n<p>Para satisfacer la creciente demanda mundial del aceite de jojoba trasladamos en 2014 el procesamiento, elaboraci\u00f3n y prensado de aceite a Panam\u00e1. Por encontrarse justo entre el Oc\u00e9ano Atl\u00e1ntico y el Pac\u00edfico, Panam\u00e1, es una ubicaci\u00f3n log\u00edstica ideal que nos permite entregas r\u00e1pidas y fiables a todos los puertos del mundo. <\/p>\n\n\n\n<p>Con mucho orgullo inauguramos en 2018 nuestra nueva f\u00e1brica de \u00faltima generaci\u00f3n en Panapark Freezone (Panam\u00e1 City). Nuevas prensas con moderna tecnolog\u00eda alemana y filtros suizos son ahora la base para asegurar una calidad constante. A su vez, a\u00f1adimos una refiner\u00eda que permite procesar todas las calidades de aceite de jojoba en solo lugar y con ello evitamos la contaminaci\u00f3n cruzada con otros aceites o sustancias que perjudicar\u00edan la alta calidad.   <\/p>\n\n\n\n<p><strong>2019: Innovaciones agr\u00edcolas a trav\u00e9s de nuestro laboratorio ecol\u00f3gico<\/strong><\/p>\n\n\n\n<p>En nuestras fincas, preparamos nuestro propio abono y fertilizante. Con el fin de encontrar el mejor abono para nuestras plantas de jojoba, en 2019 instalamos un laboratorio de biotecnolog\u00eda in situ en nuestra finca en Per\u00fa y actualmente estamos investigando las microalgas para obtener nuestro abono org\u00e1nico mas adecuado.  <\/p>\n\n\n\n<p><strong>2021: FOR LIFE<\/strong><\/p>\n\n\n\n<p>Nuestros colaboradores son una parte muy importante en nuestro negocio: Empleamos en Per\u00fa a 140 personas permanentes en nuestros cultivos, y hasta 260 personas durante la cosecha. En Panam\u00e1 15 colaboradores; entre ingenieros, t\u00e9cnicos, operarios y administrativos; trabajan en nuestra fabrica. Desde el inicio, hemos apoyado a la regi\u00f3n de Ica \/ Per\u00fa. Patrocinando una escuela y un jard\u00edn de infantes proveyendo papeler\u00eda, libros, alimentos, equipos como as\u00ed tambi\u00e9n organizando eventos deportivos. En Alemania nuestra oficina comercial se encarga de cerrar tratos de venta a todo el mundo.   <\/p>\n\n\n\n<p>Con orgullo en 2021 obtuvimos la certificaci\u00f3n de la etiqueta \u201cFOR LIFE\u201d, que confirma nuestras condiciones de trabajo justas, \u00e9ticas, equitativas y sostenibles. Esto significa que, entre otros beneficios, nuestros colaboradores reciben seguro m\u00e9dico y social, vacaciones pagas, as\u00ed como tambi\u00e9n, comidas y transporte gratuito.  <\/p>\n\n\n\n<p><strong>Contacte con nosotros para hablar de nuestros productos y disponibilidades.<\/strong> Estaremos encantados de responder a todas sus preguntas sobre nuestros productos. No dude en echar un vistazo a nuestro FAQ para obtener m\u00e1s informaci\u00f3n o p\u00f3ngase en contacto con nosotros directamente que con gusto lo ayudaremos.<\/p>\n\n\n<div class=\"gb-button-wrapper gb-button-wrapper-39469e6a form-buttons\">\n\n<a class=\"gb-button gb-button-68ceee1b gb-button-text\" href=\"\/es\/?page_id=1492#promise\">Conozca m\u00e1s sobre nuestra promesa de calidad de INCA OIL. <\/a>\n\n<\/div>\n<\/div><\/div>\n\n\n<hr class=\"wp-block-separator has-alpha-channel-opacity\"\/>\n\n\n<div class=\"gb-container gb-container-0eaeeda5\"><div class=\"gb-inside-container\">\n\n<h2 class=\"gb-headline gb-headline-7d2c870f gb-headline-text\">Contacte con nosotros para hablar de nuestros productos y disponibilidades. Estaremos encantados de responder a todas sus preguntas sobre nuestros productos.<\/h2>\n\n\n\n<p>No dude en echar un vistazo a nuestro FAQ para obtener m\u00e1s informaci\u00f3n o p\u00f3ngase en contacto con nosotros directamente que con gusto lo ayudaremos.<\/p>\n\n\n\n<p><strong><strong>\u00bfQu\u00e9 productos le interesan?<\/strong><\/strong><\/p>\n\n\n\n<div class=\"wp-block-contact-form-7-contact-form-selector\">\n<div class=\"wpcf7 no-js\" id=\"wpcf7-f1617-o1\" lang=\"es-ES\" dir=\"ltr\" data-wpcf7-id=\"1617\">\n<div class=\"screen-reader-response\"><p role=\"status\" aria-live=\"polite\" aria-atomic=\"true\"><\/p> <ul><\/ul><\/div>\n<form action=\"\/es\/wp-json\/wp\/v2\/pages\/1505#wpcf7-f1617-o1\" method=\"post\" class=\"wpcf7-form init\" aria-label=\"Formulario de contacto\" novalidate=\"novalidate\" data-status=\"init\">\n<fieldset class=\"hidden-fields-container\"><input type=\"hidden\" name=\"_wpcf7\" value=\"1617\" \/><input type=\"hidden\" name=\"_wpcf7_version\" value=\"6.1.5\" \/><input type=\"hidden\" name=\"_wpcf7_locale\" value=\"es_ES\" \/><input type=\"hidden\" name=\"_wpcf7_unit_tag\" value=\"wpcf7-f1617-o1\" \/><input type=\"hidden\" name=\"_wpcf7_container_post\" value=\"0\" \/><input type=\"hidden\" name=\"_wpcf7_posted_data_hash\" value=\"\" \/><input type=\"hidden\" name=\"_wpcf7_recaptcha_response\" value=\"\" \/>\n<\/fieldset>\n<div class=\"flex-container checkboxes\">\n\t<div class=\"flex-item\">\n\t\t<p><span class=\"wpcf7-form-control-wrap\" data-name=\"checkbox-oil\"><span class=\"wpcf7-form-control wpcf7-checkbox\"><span class=\"wpcf7-list-item first last\"><label><input type=\"checkbox\" name=\"checkbox-oil[]\" value=\"Jojobaoil Gold\" \/><span class=\"wpcf7-list-item-label\">Jojobaoil Gold<\/span><\/label><\/span><\/span><\/span>\n\t\t<\/p>\n\t<\/div>\n\t<div class=\"flex-item\">\n\t\t<p><span class=\"wpcf7-form-control-wrap\" data-name=\"checkbox-oil-light\"><span class=\"wpcf7-form-control wpcf7-checkbox\"><span class=\"wpcf7-list-item first last\"><label><input type=\"checkbox\" name=\"checkbox-oil-light[]\" value=\"Jojobaoil Lite\" \/><span class=\"wpcf7-list-item-label\">Jojobaoil Lite<\/span><\/label><\/span><\/span><\/span>\n\t\t<\/p>\n\t<\/div>\n\t<div class=\"flex-item \">\n\t\t<p><span class=\"wpcf7-form-control-wrap\" data-name=\"checkbox-oil-organic\"><span class=\"wpcf7-form-control wpcf7-checkbox\"><span class=\"wpcf7-list-item first last\"><label><input type=\"checkbox\" name=\"checkbox-oil-organic[]\" value=\"Jojobaoil Organic\" \/><span class=\"wpcf7-list-item-label\">Jojobaoil Organic<\/span><\/label><\/span><\/span><\/span>\n\t\t<\/p>\n\t<\/div>\n\t<div class=\"flex-item\">\n\t\t<p><span class=\"wpcf7-form-control-wrap\" data-name=\"checkbox-flakes-beads\"><span class=\"wpcf7-form-control wpcf7-checkbox\"><span class=\"wpcf7-list-item first last\"><label><input type=\"checkbox\" name=\"checkbox-flakes-beads[]\" value=\"INCA GUM\" \/><span class=\"wpcf7-list-item-label\">INCA GUM<\/span><\/label><\/span><\/span><\/span>\n\t\t<\/p>\n\t<\/div>\n<\/div>\n<div class=\"flex-container inputs\">\n\t<div class=\"flex-item fields-left\">\n\t\t<div class=\"flex-left\">\n\t\t\t<p><span class=\"wpcf7-form-control-wrap\" data-name=\"text-474\"><input size=\"40\" maxlength=\"400\" class=\"wpcf7-form-control wpcf7-text\" aria-invalid=\"false\" placeholder=\"Empresa\" value=\"\" type=\"text\" name=\"text-474\" \/><\/span>\n\t\t\t<\/p>\n\t\t<\/div>\n\t\t<div class=\"flex-left\">\n\t\t\t<p><span class=\"wpcf7-form-control-wrap\" data-name=\"text-475\"><input size=\"40\" maxlength=\"400\" class=\"wpcf7-form-control wpcf7-text\" aria-invalid=\"false\" placeholder=\"Su nombre\" value=\"\" type=\"text\" name=\"text-475\" \/><\/span>\n\t\t\t<\/p>\n\t\t<\/div>\n\t\t<div class=\"flex-left\">\n\t\t\t<p><span class=\"wpcf7-form-control-wrap\" data-name=\"text-477\"><input size=\"40\" maxlength=\"400\" class=\"wpcf7-form-control wpcf7-text\" aria-invalid=\"false\" placeholder=\"Tel\u00e9fono\" value=\"\" type=\"text\" name=\"text-477\" \/><\/span>\n\t\t\t<\/p>\n\t\t<\/div>\n\t\t<div class=\"flex-left\">\n\t\t\t<p><span class=\"wpcf7-form-control-wrap\" data-name=\"text-478\"><input size=\"40\" maxlength=\"400\" class=\"wpcf7-form-control wpcf7-email wpcf7-validates-as-required wpcf7-text wpcf7-validates-as-email\" aria-required=\"true\" aria-invalid=\"false\" placeholder=\"Su direcci\u00f3n de correo electr\u00f3nico\" value=\"\" type=\"email\" name=\"text-478\" \/><\/span><br \/>\n<span id=\"wpcf7-69d0ce983abe6-wrapper\" class=\"wpcf7-form-control-wrap yourUrl-wrap\" ><label for=\"wpcf7-69d0ce983abe6-field\" class=\"hp-message\">Por favor, deja este campo vac\u00edo.<\/label><input id=\"wpcf7-69d0ce983abe6-field\"  class=\"wpcf7-form-control wpcf7-text\" type=\"text\" name=\"yourUrl\" value=\"\" size=\"40\" tabindex=\"-1\" autocomplete=\"new-password\" \/><\/span>\n\t\t\t<\/p>\n\t\t<\/div>\n\t<\/div>\n\t<div class=\"flex-item fields-right\">\n\t\t<p><span class=\"wpcf7-form-control-wrap\" data-name=\"textarea-86\"><textarea cols=\"40\" rows=\"10\" maxlength=\"2000\" class=\"wpcf7-form-control wpcf7-textarea\" aria-invalid=\"false\" placeholder=\"Mensaje\" name=\"textarea-86\"><\/textarea><\/span>\n\t\t<\/p>\n\t<\/div>\n<\/div>\n<div class=\"flex-container formlastrow\">\n\t<div class=\"flex-item agbs\">\n\t\t<p><span class=\"wpcf7-form-control-wrap\" data-name=\"checkbox-114\"><span class=\"wpcf7-form-control wpcf7-checkbox wpcf7-validates-as-required\"><span class=\"wpcf7-list-item first last\"><label><input type=\"checkbox\" name=\"checkbox-114[]\" value=\"Acepto la pol\u00edtica de privacidad\" \/><span class=\"wpcf7-list-item-label\">Acepto la pol\u00edtica de privacidad<\/span><\/label><\/span><\/span><\/span><br \/>\n<span class=\"wpcf7-form-control-wrap\" data-name=\"checkbox-214\"><span class=\"wpcf7-form-control wpcf7-checkbox wpcf7-validates-as-required\"><span class=\"wpcf7-list-item first last\"><label><input type=\"checkbox\" name=\"checkbox-214[]\" value=\"Estoy de acuerdo con los T&amp;Cs\" \/><span class=\"wpcf7-list-item-label\">Estoy de acuerdo con los T&amp;Cs<\/span><\/label><\/span><\/span><\/span><br \/>\n\t\t<span class=\"wpcf7-form-control-wrap recaptcha\" data-name=\"recaptcha\"><span data-sitekey=\"6LdBiVciAAAAAHcbr5oy5x1hRxBXeijKECQJVNlM\" class=\"wpcf7-form-control wpcf7-recaptcha g-recaptcha\"><\/span>\r\n<noscript>\r\n\t<div class=\"grecaptcha-noscript\">\r\n\t\t<iframe loading=\"lazy\" src=\"https:\/\/www.google.com\/recaptcha\/api\/fallback?k=6LdBiVciAAAAAHcbr5oy5x1hRxBXeijKECQJVNlM\" frameborder=\"0\" scrolling=\"no\" width=\"310\" height=\"430\">\r\n\t\t<\/iframe>\r\n\t\t<textarea name=\"g-recaptcha-response\" rows=\"3\" cols=\"40\" placeholder=\"Aqu\u00ed la respuesta de reCAPTCHA\">\r\n\t\t<\/textarea>\r\n\t<\/div>\r\n<\/noscript>\r\n<\/span>\n\t\t<\/p>\n\t<\/div>\n\t<div class=\"flex-item submitbuttons\">\n\t\t<div class=\"flex-container form-buttons\">\n\t\t\t<div class=\"flex-item\">\n\t\t\t\t<p><input class=\"wpcf7-form-control wpcf7-submit has-spinner\" type=\"submit\" value=\"Submit\" \/>\n\t\t\t\t<\/p>\n\t\t\t<\/div>\n\t\t\t<div class=\"flex-item\">\n\t\t\t<\/div>\n\t\t<\/div>\n\t<\/div>\n<\/div><div class=\"wpcf7-response-output\" aria-hidden=\"true\"><\/div>\n<\/form>\n<\/div>\n<\/div>\n\n<\/div><\/div>","protected":false},"excerpt":{"rendered":"<p>Nuestra empresa familiar Desde hace m\u00e1s de 40 a\u00f1os que cultivamos y mejoramos nuestros planteles de jojoba y desde nuestros inicios la agricultura sostenible ha sido nuestro valor m\u00e1s importante. Esto hace que INCA OIL sea hoy en d\u00eda el mayor productor de jojoba org\u00e1nica del mundo. Nuestra estructura vertical nos permite ofrecer nuestro producto &#8230; <a title=\"SOBRE INCA OIL\" class=\"read-more\" href=\"https:\/\/incaoil.org\/es\/acerca-de-inca-oil\/\" aria-label=\"Leer m\u00e1s sobre SOBRE INCA OIL\">Leer m\u00e1s<\/a><\/p>\n","protected":false},"author":1,"featured_media":0,"parent":0,"menu_order":0,"comment_status":"closed","ping_status":"closed","template":"","meta":{"footnotes":""},"class_list":["post-1505","page","type-page","status-publish"],"featured_image_src":null,"yoast_head":"<!-- This site is optimized with the Yoast SEO plugin v27.3 - https:\/\/yoast.com\/product\/yoast-seo-wordpress\/ -->\n<title>SOBRE INCA OIL - IncaOil<\/title>\n<meta name=\"description\" content=\"Conozca todos los beneficios y usos del aceite de jojoba puro, por ejemplo, en productos para el cuidado de la piel y el cabello.\" \/>\n<meta name=\"robots\" content=\"index, follow, max-snippet:-1, max-image-preview:large, max-video-preview:-1\" \/>\n<link rel=\"canonical\" href=\"https:\/\/incaoil.org\/es\/acerca-de-inca-oil\/\" \/>\n<meta property=\"og:locale\" content=\"es_ES\" \/>\n<meta property=\"og:type\" content=\"article\" \/>\n<meta property=\"og:title\" content=\"SOBRE INCA OIL - IncaOil\" \/>\n<meta property=\"og:description\" content=\"Conozca todos los beneficios y usos del aceite de jojoba puro, por ejemplo, en productos para el cuidado de la piel y el cabello.\" \/>\n<meta property=\"og:url\" content=\"https:\/\/incaoil.org\/es\/acerca-de-inca-oil\/\" \/>\n<meta property=\"og:site_name\" content=\"IncaOil\" \/>\n<meta property=\"article:modified_time\" content=\"2022-11-14T14:34:13+00:00\" \/>\n<meta property=\"og:image\" content=\"https:\/\/incaoil.org\/wp-content\/uploads\/2021\/09\/woman-sorts-little-plants.png\" \/>\n<meta name=\"twitter:card\" content=\"summary_large_image\" \/>\n<meta name=\"twitter:label1\" content=\"Tiempo de lectura\" \/>\n\t<meta name=\"twitter:data1\" content=\"4 minutos\" \/>\n<script type=\"application\/ld+json\" class=\"yoast-schema-graph\">{\"@context\":\"https:\\\/\\\/schema.org\",\"@graph\":[{\"@type\":\"WebPage\",\"@id\":\"https:\\\/\\\/incaoil.org\\\/es\\\/acerca-de-inca-oil\\\/\",\"url\":\"https:\\\/\\\/incaoil.org\\\/es\\\/acerca-de-inca-oil\\\/\",\"name\":\"SOBRE INCA OIL - IncaOil\",\"isPartOf\":{\"@id\":\"https:\\\/\\\/incaoil.org\\\/es\\\/#website\"},\"primaryImageOfPage\":{\"@id\":\"https:\\\/\\\/incaoil.org\\\/es\\\/acerca-de-inca-oil\\\/#primaryimage\"},\"image\":{\"@id\":\"https:\\\/\\\/incaoil.org\\\/es\\\/acerca-de-inca-oil\\\/#primaryimage\"},\"thumbnailUrl\":\"https:\\\/\\\/incaoil.org\\\/wp-content\\\/uploads\\\/2021\\\/09\\\/woman-sorts-little-plants.png\",\"datePublished\":\"2021-08-28T12:29:00+00:00\",\"dateModified\":\"2022-11-14T14:34:13+00:00\",\"description\":\"Conozca todos los beneficios y usos del aceite de jojoba puro, por ejemplo, en productos para el cuidado de la piel y el cabello.\",\"breadcrumb\":{\"@id\":\"https:\\\/\\\/incaoil.org\\\/es\\\/acerca-de-inca-oil\\\/#breadcrumb\"},\"inLanguage\":\"es\",\"potentialAction\":[{\"@type\":\"ReadAction\",\"target\":[\"https:\\\/\\\/incaoil.org\\\/es\\\/acerca-de-inca-oil\\\/\"]}]},{\"@type\":\"ImageObject\",\"inLanguage\":\"es\",\"@id\":\"https:\\\/\\\/incaoil.org\\\/es\\\/acerca-de-inca-oil\\\/#primaryimage\",\"url\":\"https:\\\/\\\/incaoil.org\\\/wp-content\\\/uploads\\\/2021\\\/09\\\/woman-sorts-little-plants.png\",\"contentUrl\":\"https:\\\/\\\/incaoil.org\\\/wp-content\\\/uploads\\\/2021\\\/09\\\/woman-sorts-little-plants.png\"},{\"@type\":\"BreadcrumbList\",\"@id\":\"https:\\\/\\\/incaoil.org\\\/es\\\/acerca-de-inca-oil\\\/#breadcrumb\",\"itemListElement\":[{\"@type\":\"ListItem\",\"position\":1,\"name\":\"Startseite\",\"item\":\"https:\\\/\\\/incaoil.org\\\/es\\\/\"},{\"@type\":\"ListItem\",\"position\":2,\"name\":\"SOBRE INCA OIL\"}]},{\"@type\":\"WebSite\",\"@id\":\"https:\\\/\\\/incaoil.org\\\/es\\\/#website\",\"url\":\"https:\\\/\\\/incaoil.org\\\/es\\\/\",\"name\":\"IncaOil.org\",\"description\":\"The real Jojoba\",\"publisher\":{\"@id\":\"https:\\\/\\\/incaoil.org\\\/es\\\/#organization\"},\"potentialAction\":[{\"@type\":\"SearchAction\",\"target\":{\"@type\":\"EntryPoint\",\"urlTemplate\":\"https:\\\/\\\/incaoil.org\\\/es\\\/?s={search_term_string}\"},\"query-input\":{\"@type\":\"PropertyValueSpecification\",\"valueRequired\":true,\"valueName\":\"search_term_string\"}}],\"inLanguage\":\"es\"},{\"@type\":\"Organization\",\"@id\":\"https:\\\/\\\/incaoil.org\\\/es\\\/#organization\",\"name\":\"IncaOil\",\"url\":\"https:\\\/\\\/incaoil.org\\\/es\\\/\",\"logo\":{\"@type\":\"ImageObject\",\"inLanguage\":\"es\",\"@id\":\"https:\\\/\\\/incaoil.org\\\/es\\\/#\\\/schema\\\/logo\\\/image\\\/\",\"url\":\"https:\\\/\\\/incaoil.org\\\/wp-content\\\/uploads\\\/2021\\\/08\\\/incaoil-logo.svg\",\"contentUrl\":\"https:\\\/\\\/incaoil.org\\\/wp-content\\\/uploads\\\/2021\\\/08\\\/incaoil-logo.svg\",\"caption\":\"IncaOil\"},\"image\":{\"@id\":\"https:\\\/\\\/incaoil.org\\\/es\\\/#\\\/schema\\\/logo\\\/image\\\/\"}}]}<\/script>\n<!-- \/ Yoast SEO plugin. -->","yoast_head_json":{"title":"SOBRE INCA OIL - IncaOil","description":"Conozca todos los beneficios y usos del aceite de jojoba puro, por ejemplo, en productos para el cuidado de la piel y el cabello.","robots":{"index":"index","follow":"follow","max-snippet":"max-snippet:-1","max-image-preview":"max-image-preview:large","max-video-preview":"max-video-preview:-1"},"canonical":"https:\/\/incaoil.org\/es\/acerca-de-inca-oil\/","og_locale":"es_ES","og_type":"article","og_title":"SOBRE INCA OIL - IncaOil","og_description":"Conozca todos los beneficios y usos del aceite de jojoba puro, por ejemplo, en productos para el cuidado de la piel y el cabello.","og_url":"https:\/\/incaoil.org\/es\/acerca-de-inca-oil\/","og_site_name":"IncaOil","article_modified_time":"2022-11-14T14:34:13+00:00","og_image":[{"url":"https:\/\/incaoil.org\/wp-content\/uploads\/2021\/09\/woman-sorts-little-plants.png","type":"","width":"","height":""}],"twitter_card":"summary_large_image","twitter_misc":{"Tiempo de lectura":"4 minutos"},"schema":{"@context":"https:\/\/schema.org","@graph":[{"@type":"WebPage","@id":"https:\/\/incaoil.org\/es\/acerca-de-inca-oil\/","url":"https:\/\/incaoil.org\/es\/acerca-de-inca-oil\/","name":"SOBRE INCA OIL - IncaOil","isPartOf":{"@id":"https:\/\/incaoil.org\/es\/#website"},"primaryImageOfPage":{"@id":"https:\/\/incaoil.org\/es\/acerca-de-inca-oil\/#primaryimage"},"image":{"@id":"https:\/\/incaoil.org\/es\/acerca-de-inca-oil\/#primaryimage"},"thumbnailUrl":"https:\/\/incaoil.org\/wp-content\/uploads\/2021\/09\/woman-sorts-little-plants.png","datePublished":"2021-08-28T12:29:00+00:00","dateModified":"2022-11-14T14:34:13+00:00","description":"Conozca todos los beneficios y usos del aceite de jojoba puro, por ejemplo, en productos para el cuidado de la piel y el cabello.","breadcrumb":{"@id":"https:\/\/incaoil.org\/es\/acerca-de-inca-oil\/#breadcrumb"},"inLanguage":"es","potentialAction":[{"@type":"ReadAction","target":["https:\/\/incaoil.org\/es\/acerca-de-inca-oil\/"]}]},{"@type":"ImageObject","inLanguage":"es","@id":"https:\/\/incaoil.org\/es\/acerca-de-inca-oil\/#primaryimage","url":"https:\/\/incaoil.org\/wp-content\/uploads\/2021\/09\/woman-sorts-little-plants.png","contentUrl":"https:\/\/incaoil.org\/wp-content\/uploads\/2021\/09\/woman-sorts-little-plants.png"},{"@type":"BreadcrumbList","@id":"https:\/\/incaoil.org\/es\/acerca-de-inca-oil\/#breadcrumb","itemListElement":[{"@type":"ListItem","position":1,"name":"Startseite","item":"https:\/\/incaoil.org\/es\/"},{"@type":"ListItem","position":2,"name":"SOBRE INCA OIL"}]},{"@type":"WebSite","@id":"https:\/\/incaoil.org\/es\/#website","url":"https:\/\/incaoil.org\/es\/","name":"IncaOil.org","description":"The real Jojoba","publisher":{"@id":"https:\/\/incaoil.org\/es\/#organization"},"potentialAction":[{"@type":"SearchAction","target":{"@type":"EntryPoint","urlTemplate":"https:\/\/incaoil.org\/es\/?s={search_term_string}"},"query-input":{"@type":"PropertyValueSpecification","valueRequired":true,"valueName":"search_term_string"}}],"inLanguage":"es"},{"@type":"Organization","@id":"https:\/\/incaoil.org\/es\/#organization","name":"IncaOil","url":"https:\/\/incaoil.org\/es\/","logo":{"@type":"ImageObject","inLanguage":"es","@id":"https:\/\/incaoil.org\/es\/#\/schema\/logo\/image\/","url":"https:\/\/incaoil.org\/wp-content\/uploads\/2021\/08\/incaoil-logo.svg","contentUrl":"https:\/\/incaoil.org\/wp-content\/uploads\/2021\/08\/incaoil-logo.svg","caption":"IncaOil"},"image":{"@id":"https:\/\/incaoil.org\/es\/#\/schema\/logo\/image\/"}}]}},"_links":{"self":[{"href":"https:\/\/incaoil.org\/es\/wp-json\/wp\/v2\/pages\/1505","targetHints":{"allow":["GET"]}}],"collection":[{"href":"https:\/\/incaoil.org\/es\/wp-json\/wp\/v2\/pages"}],"about":[{"href":"https:\/\/incaoil.org\/es\/wp-json\/wp\/v2\/types\/page"}],"author":[{"embeddable":true,"href":"https:\/\/incaoil.org\/es\/wp-json\/wp\/v2\/users\/1"}],"replies":[{"embeddable":true,"href":"https:\/\/incaoil.org\/es\/wp-json\/wp\/v2\/comments?post=1505"}],"version-history":[{"count":15,"href":"https:\/\/incaoil.org\/es\/wp-json\/wp\/v2\/pages\/1505\/revisions"}],"predecessor-version":[{"id":1958,"href":"https:\/\/incaoil.org\/es\/wp-json\/wp\/v2\/pages\/1505\/revisions\/1958"}],"wp:attachment":[{"href":"https:\/\/incaoil.org\/es\/wp-json\/wp\/v2\/media?parent=1505"}],"curies":[{"name":"wp","href":"https:\/\/api.w.org\/{rel}","templated":true}]}}