{"id":1500,"date":"2022-08-30T12:15:30","date_gmt":"2022-08-30T10:15:30","guid":{"rendered":"https:\/\/incaoil.org\/aceite-de-jojoba-belleza\/"},"modified":"2022-11-14T16:01:06","modified_gmt":"2022-11-14T15:01:06","slug":"aceite-de-jojoba-belleza","status":"publish","type":"page","link":"https:\/\/incaoil.org\/es\/aceite-de-jojoba-belleza\/","title":{"rendered":"Aceite de jojoba y Belleza"},"content":{"rendered":"\n<h1 class=\"gb-headline gb-headline-402a4699 gb-headline-text\">Aceite de jojoba y belleza<\/h1>\n\n\n<div class=\"gb-container gb-container-b721bf8a alignwide\"><div class=\"gb-inside-container\">\n<div class=\"gb-grid-wrapper gb-grid-wrapper-ee391442\">\n<div class=\"gb-grid-column gb-grid-column-48545d0a\"><div class=\"gb-container gb-container-48545d0a\"><div class=\"gb-inside-container\">\n\n<h2 class=\"gb-headline gb-headline-7446b511 gb-headline-text\">El poder de la humedad<\/h2>\n\n\n\n<p>Las plantas de jojoba saben c\u00f3mo lidiar con la sequedad: Estos arbustos de hoja perenne proceden del desierto americano de Sonora. Las plantas de jojoba (Simmondsia Chinensis) se adaptan muy bien en las regiones secas y des\u00e9rticas del mundo y llegan a crecer hasta los 3 metros de alto. Se desarrollan y producen en condiciones de muy poca agua ya que protegen sus hojas de la p\u00e9rdida de agua con una capa cerosa que ocasiona una barrera contra la evaporaci\u00f3n. Con las semillas se produce el aceite de jojoba. Por su especial composici\u00f3n est\u00e1n protegidas de la sequedad, la oxidaci\u00f3n y la luz ultravioleta. Y estas mismas propiedades se reflejan tambi\u00e9n en el aceite de jojoba.<\/p>\n\n<\/div><\/div><\/div>\n\n<div class=\"gb-grid-column gb-grid-column-e4a5501a\"><div class=\"gb-container gb-container-e4a5501a\"><div class=\"gb-inside-container\"><\/div><\/div><\/div>\n<\/div>\n\n<div class=\"gb-grid-wrapper gb-grid-wrapper-38ccaf3c\">\n<div class=\"gb-grid-column gb-grid-column-8c7d2559\"><div class=\"gb-container gb-container-8c7d2559\"><div class=\"gb-inside-container\"><\/div><\/div><\/div>\n\n<div class=\"gb-grid-column gb-grid-column-a1a89075\"><div class=\"gb-container gb-container-a1a89075\"><div class=\"gb-inside-container\">\n\n<h2 class=\"gb-headline gb-headline-6c9b8a24 gb-headline-text\">El aceite de jojoba no es un aceite, sino una cera<\/h2>\n\n\n\n<figure class=\"gb-block-image gb-block-image-4034e281\"><img loading=\"lazy\" decoding=\"async\" width=\"445\" height=\"280\" class=\"gb-image gb-image-4034e281\" src=\"https:\/\/incaoil.org\/wp-content\/uploads\/2022\/08\/schema_similarity_of_the_molecules.jpg\" alt=\"\" title=\"esquema_similitud_de_las_mol\u00e9culas\" srcset=\"https:\/\/incaoil.org\/wp-content\/uploads\/2022\/08\/schema_similarity_of_the_molecules.jpg 445w, https:\/\/incaoil.org\/wp-content\/uploads\/2022\/08\/schema_similarity_of_the_molecules-300x189.jpg 300w\" sizes=\"auto, (max-width: 445px) 100vw, 445px\" \/><\/figure>\n\n\n\n<p class=\"gb-headline gb-headline-58408295 gb-headline-text\">A pesar que todo el mundo habla del aceite de jojoba, la realidad es que es una cera l\u00edquida vegetal. Esto es exactamente lo que hace que el aceite de jojoba sea tan especial y se distinga por sus caracter\u00edsticas de otros aceites naturales; ya que su estructura qu\u00edmica es la de una cera l\u00edquida y est\u00e1 compuesta por un 97% de \u00e9steres de cera con un alto porcentaje de \u00e1cido gadoleico. El preciado \u00e1cido graso omega-9 est\u00e1 presente como \u00e9ster de cera. Adem\u00e1s, posee una ventaja adicional, el aceite de jojoba tiene una larga vida \u00fatil al no necesitar ning\u00fan estabilizador ni conservante.<\/p>\n\n<\/div><\/div><\/div>\n<\/div>\n<\/div><\/div>\n\n<div class=\"gb-container gb-container-1dd26e6f\"><div class=\"gb-inside-container\">\n\n<h2 class=\"gb-headline gb-headline-eaa994d4 gb-headline-text\">Piel hidratada mediante cuidados biomim\u00e9ticos<\/h2>\n\n\n\n<p>Los \u00e9steres de cera que caracterizan al aceite de jojoba son muy similares a la pel\u00edcula lip\u00eddica de la piel humana. Por ello, el aceite de jojoba tiene un efecto biomim\u00e9tico y se mezcla de manera regular con el sebo de la piel. De este modo, la piel queda protegida eficazmente contra la p\u00e9rdida de humedad: Las propias enzimas de la piel s\u00f3lo pueden metabolizar lentamente el aceite de jojoba en la piel, por lo que se evita que el estrato c\u00f3rneo pierda humedad durante m\u00e1s tiempo que otros productos. El aceite que se extra\u00eda de los cachalotes (ahora prohibido), que era tan popular para el cuidado de la piel, tiene propiedades similares al aceite de jojoba. El uso del aceite de jojoba salva la vida de las ballenas y esto nos hace sentir orgullosos de estar estrechamente relacionados con WDC.<\/p>\n\n\n\n<p>Tambi\u00e9n es interesante saber que el aceite de jojoba es capaz de mantener a raya las bacterias de la piel, que pueden provocar la aparici\u00f3n de manchas. Estos microorganismos no pueden metabolizar el aceite de jojoba, por lo que su crecimiento puede verse considerablemente disminuido.<\/p>\n\n\n\n<p>Adem\u00e1s de los \u00e9steres de cera, el aceite de jojoba es rico en fitoesteroles y tocoferol<strong>, <\/strong>que tienen un efecto antioxidante y reducen las inflamaciones. Nuestro aceite de jojoba tiene un contenido de vitamina E de 11 a 13 mg\/kg.<\/p>\n\n<\/div><\/div>\n\n<div class=\"gb-container gb-container-9d4afa45\"><div class=\"gb-inside-container\">\n\n<h2 class=\"gb-headline gb-headline-d7d70e9e gb-headline-text\">Ideas de belleza: Tendencia al minimalismo cut\u00e1neo<\/h2>\n\n\n\n<p>El minimalismo ha llegado no s\u00f3lo al mundo del dise\u00f1o de interiores o al de la moda sino tambi\u00e9n al de la belleza y el cuidado de nuestro cuerpo. Esto significa que muchos consumidores buscan m\u00e1s productos multifuncionales que puedan utilizarse para el cuidado de su cara, cuerpo y cabello, de modo que haya menos productos en el ba\u00f1o.<\/p>\n\n\n\n<p>Los institutos de investigaci\u00f3n de tendencias llaman a esta tendencia &amp;amp, quot, minimalismo de la piel&amp;amp quot. La rutina de cuidado de la piel se limita a los productos m\u00e1s esenciales en donde la sostenibilidad est\u00e1 estrechamente relacionada con este estilo de vida.<\/p>\n\n\n\n<p>Las f\u00f3rmulas minimalistas de los productos cosm\u00e9ticos son cada vez m\u00e1s populares. En consecuencia<strong>,<\/strong> la declaraci\u00f3n INCI (Nomenclador internacional de ingredientes en la cosm\u00e9tica) es m\u00e1s corta, lo que hace que tambi\u00e9n sea una ventaja para las personas con alergias y en este caso los aceites vegetales nutritivos desempe\u00f1an un papel importante como productos polivalentes.<\/p>\n\n\n\n<p>El aceite de jojoba es especialmente interesante para el cuidado minimalista de la piel porque, gracias a su composici\u00f3n espec\u00edfica, requiere menos aditivos conservantes y adem\u00e1s estabiliza otros aceites vegetales. De uso multifuncional, ofrece protecci\u00f3n contra la p\u00e9rdida de humedad de la piel y el cabello, un elemento esencial de cualquier rutina de cuidado.<\/p>\n\n<\/div><\/div>\n\n<div class=\"gb-container gb-container-cb43cdb5\"><div class=\"gb-inside-container\">\n\n<h2 class=\"gb-headline gb-headline-d01f949b gb-headline-text\">El aceite de jojoba es perfecto para sus cosm\u00e9ticos<\/h2>\n\n\n\n<p>El aceite de jojoba se siente ligero y sin grasitud en la piel. Como una cera l\u00edquida, retiene la humedad en la piel. Esto proporciona m\u00e1s elasticidad y, al mismo tiempo, ofrece un poco de protecci\u00f3n contra los rayos UV para la piel.<\/p>\n\n\n\n<ul class=\"wp-block-list\">\n<li>Las pieles secas y deshidratadas necesitan del cuidado biomim\u00e9tico del aceite de jojoba en las cremas hidratantes pero tambi\u00e9n en el cuidado del cuero cabelludo.<\/li>\n\n\n\n<li>Como el aceite de jojoba se extiende con relativa lentitud, es adecuado para las cremas de ojos y los productos desmaquillantes.<\/li>\n\n\n\n<li>Las pieles con imperfecciones y mixtas pueden equilibrarse con fluidos hidratantes que contengan aceite de jojoba.<\/li>\n\n\n\n<li>La piel madura se beneficia de los fitoesteroles y la vitamina E que contiene el aceite de Jojoba que tambi\u00e9n act\u00faa como portador de otros ingredientes activos.<\/li>\n\n\n\n<li>El aceite de jojoba, al no ser graso, puede utilizarse eficientemente en aceites, acondicionadores y tratamientos capilares.<\/li>\n\n\n\n<li>El aceite de jojoba es muy adecuado como aceite base para fragancias naturales.<\/li>\n\n\n\n<li>El aceite de jojoba es excelente para la protecci\u00f3n solar y los productos para despu\u00e9s del sol gracias a su FPS 4.<\/li>\n<\/ul>\n\n<\/div><\/div>","protected":false},"excerpt":{"rendered":"<p>Aceite de jojoba y belleza Piel hidratada mediante cuidados biomim\u00e9ticos Los \u00e9steres de cera que caracterizan al aceite de jojoba son muy similares a la pel\u00edcula lip\u00eddica de la piel humana. Por ello, el aceite de jojoba tiene un efecto biomim\u00e9tico y se mezcla de manera regular con el sebo de la piel. De este &#8230; <a title=\"Aceite de jojoba y Belleza\" class=\"read-more\" href=\"https:\/\/incaoil.org\/es\/aceite-de-jojoba-belleza\/\" aria-label=\"Leer m\u00e1s sobre Aceite de jojoba y Belleza\">Leer m\u00e1s<\/a><\/p>\n","protected":false},"author":1,"featured_media":0,"parent":0,"menu_order":0,"comment_status":"closed","ping_status":"closed","template":"","meta":{"footnotes":""},"class_list":["post-1500","page","type-page","status-publish"],"featured_image_src":null,"yoast_head":"<!-- This site is optimized with the Yoast SEO plugin v27.4 - https:\/\/yoast.com\/product\/yoast-seo-wordpress\/ -->\n<title>Aceite de jojoba y Belleza - IncaOil<\/title>\n<meta name=\"robots\" content=\"index, follow, max-snippet:-1, max-image-preview:large, max-video-preview:-1\" \/>\n<link rel=\"canonical\" href=\"https:\/\/incaoil.org\/es\/aceite-de-jojoba-belleza\/\" \/>\n<meta property=\"og:locale\" content=\"es_ES\" \/>\n<meta property=\"og:type\" content=\"article\" \/>\n<meta property=\"og:title\" content=\"Aceite de jojoba y Belleza - IncaOil\" \/>\n<meta property=\"og:description\" content=\"Aceite de jojoba y belleza Piel hidratada mediante cuidados biomim\u00e9ticos Los \u00e9steres de cera que caracterizan al aceite de jojoba son muy similares a la pel\u00edcula lip\u00eddica de la piel humana. Por ello, el aceite de jojoba tiene un efecto biomim\u00e9tico y se mezcla de manera regular con el sebo de la piel. De este ... Leer m\u00e1s\" \/>\n<meta property=\"og:url\" content=\"https:\/\/incaoil.org\/es\/aceite-de-jojoba-belleza\/\" \/>\n<meta property=\"og:site_name\" content=\"IncaOil\" \/>\n<meta property=\"article:modified_time\" content=\"2022-11-14T15:01:06+00:00\" \/>\n<meta property=\"og:image\" content=\"https:\/\/incaoil.org\/wp-content\/uploads\/2022\/08\/schema_similarity_of_the_molecules.jpg\" \/>\n<meta name=\"twitter:card\" content=\"summary_large_image\" \/>\n<meta name=\"twitter:label1\" content=\"Tiempo de lectura\" \/>\n\t<meta name=\"twitter:data1\" content=\"5 minutos\" \/>\n<script type=\"application\/ld+json\" class=\"yoast-schema-graph\">{\"@context\":\"https:\\\/\\\/schema.org\",\"@graph\":[{\"@type\":\"WebPage\",\"@id\":\"https:\\\/\\\/incaoil.org\\\/es\\\/aceite-de-jojoba-belleza\\\/\",\"url\":\"https:\\\/\\\/incaoil.org\\\/es\\\/aceite-de-jojoba-belleza\\\/\",\"name\":\"Aceite de jojoba y Belleza - IncaOil\",\"isPartOf\":{\"@id\":\"https:\\\/\\\/incaoil.org\\\/es\\\/#website\"},\"primaryImageOfPage\":{\"@id\":\"https:\\\/\\\/incaoil.org\\\/es\\\/aceite-de-jojoba-belleza\\\/#primaryimage\"},\"image\":{\"@id\":\"https:\\\/\\\/incaoil.org\\\/es\\\/aceite-de-jojoba-belleza\\\/#primaryimage\"},\"thumbnailUrl\":\"https:\\\/\\\/incaoil.org\\\/wp-content\\\/uploads\\\/2022\\\/08\\\/schema_similarity_of_the_molecules.jpg\",\"datePublished\":\"2022-08-30T10:15:30+00:00\",\"dateModified\":\"2022-11-14T15:01:06+00:00\",\"breadcrumb\":{\"@id\":\"https:\\\/\\\/incaoil.org\\\/es\\\/aceite-de-jojoba-belleza\\\/#breadcrumb\"},\"inLanguage\":\"es\",\"potentialAction\":[{\"@type\":\"ReadAction\",\"target\":[\"https:\\\/\\\/incaoil.org\\\/es\\\/aceite-de-jojoba-belleza\\\/\"]}]},{\"@type\":\"ImageObject\",\"inLanguage\":\"es\",\"@id\":\"https:\\\/\\\/incaoil.org\\\/es\\\/aceite-de-jojoba-belleza\\\/#primaryimage\",\"url\":\"https:\\\/\\\/incaoil.org\\\/wp-content\\\/uploads\\\/2022\\\/08\\\/schema_similarity_of_the_molecules.jpg\",\"contentUrl\":\"https:\\\/\\\/incaoil.org\\\/wp-content\\\/uploads\\\/2022\\\/08\\\/schema_similarity_of_the_molecules.jpg\"},{\"@type\":\"BreadcrumbList\",\"@id\":\"https:\\\/\\\/incaoil.org\\\/es\\\/aceite-de-jojoba-belleza\\\/#breadcrumb\",\"itemListElement\":[{\"@type\":\"ListItem\",\"position\":1,\"name\":\"Startseite\",\"item\":\"https:\\\/\\\/incaoil.org\\\/es\\\/\"},{\"@type\":\"ListItem\",\"position\":2,\"name\":\"Aceite de jojoba y Belleza\"}]},{\"@type\":\"WebSite\",\"@id\":\"https:\\\/\\\/incaoil.org\\\/es\\\/#website\",\"url\":\"https:\\\/\\\/incaoil.org\\\/es\\\/\",\"name\":\"IncaOil.org\",\"description\":\"The real Jojoba\",\"publisher\":{\"@id\":\"https:\\\/\\\/incaoil.org\\\/es\\\/#organization\"},\"potentialAction\":[{\"@type\":\"SearchAction\",\"target\":{\"@type\":\"EntryPoint\",\"urlTemplate\":\"https:\\\/\\\/incaoil.org\\\/es\\\/?s={search_term_string}\"},\"query-input\":{\"@type\":\"PropertyValueSpecification\",\"valueRequired\":true,\"valueName\":\"search_term_string\"}}],\"inLanguage\":\"es\"},{\"@type\":\"Organization\",\"@id\":\"https:\\\/\\\/incaoil.org\\\/es\\\/#organization\",\"name\":\"IncaOil\",\"url\":\"https:\\\/\\\/incaoil.org\\\/es\\\/\",\"logo\":{\"@type\":\"ImageObject\",\"inLanguage\":\"es\",\"@id\":\"https:\\\/\\\/incaoil.org\\\/es\\\/#\\\/schema\\\/logo\\\/image\\\/\",\"url\":\"https:\\\/\\\/incaoil.org\\\/wp-content\\\/uploads\\\/2021\\\/08\\\/incaoil-logo.svg\",\"contentUrl\":\"https:\\\/\\\/incaoil.org\\\/wp-content\\\/uploads\\\/2021\\\/08\\\/incaoil-logo.svg\",\"caption\":\"IncaOil\"},\"image\":{\"@id\":\"https:\\\/\\\/incaoil.org\\\/es\\\/#\\\/schema\\\/logo\\\/image\\\/\"}}]}<\/script>\n<!-- \/ Yoast SEO plugin. -->","yoast_head_json":{"title":"Aceite de jojoba y Belleza - IncaOil","robots":{"index":"index","follow":"follow","max-snippet":"max-snippet:-1","max-image-preview":"max-image-preview:large","max-video-preview":"max-video-preview:-1"},"canonical":"https:\/\/incaoil.org\/es\/aceite-de-jojoba-belleza\/","og_locale":"es_ES","og_type":"article","og_title":"Aceite de jojoba y Belleza - IncaOil","og_description":"Aceite de jojoba y belleza Piel hidratada mediante cuidados biomim\u00e9ticos Los \u00e9steres de cera que caracterizan al aceite de jojoba son muy similares a la pel\u00edcula lip\u00eddica de la piel humana. Por ello, el aceite de jojoba tiene un efecto biomim\u00e9tico y se mezcla de manera regular con el sebo de la piel. De este ... Leer m\u00e1s","og_url":"https:\/\/incaoil.org\/es\/aceite-de-jojoba-belleza\/","og_site_name":"IncaOil","article_modified_time":"2022-11-14T15:01:06+00:00","og_image":[{"url":"https:\/\/incaoil.org\/wp-content\/uploads\/2022\/08\/schema_similarity_of_the_molecules.jpg","type":"","width":"","height":""}],"twitter_card":"summary_large_image","twitter_misc":{"Tiempo de lectura":"5 minutos"},"schema":{"@context":"https:\/\/schema.org","@graph":[{"@type":"WebPage","@id":"https:\/\/incaoil.org\/es\/aceite-de-jojoba-belleza\/","url":"https:\/\/incaoil.org\/es\/aceite-de-jojoba-belleza\/","name":"Aceite de jojoba y Belleza - IncaOil","isPartOf":{"@id":"https:\/\/incaoil.org\/es\/#website"},"primaryImageOfPage":{"@id":"https:\/\/incaoil.org\/es\/aceite-de-jojoba-belleza\/#primaryimage"},"image":{"@id":"https:\/\/incaoil.org\/es\/aceite-de-jojoba-belleza\/#primaryimage"},"thumbnailUrl":"https:\/\/incaoil.org\/wp-content\/uploads\/2022\/08\/schema_similarity_of_the_molecules.jpg","datePublished":"2022-08-30T10:15:30+00:00","dateModified":"2022-11-14T15:01:06+00:00","breadcrumb":{"@id":"https:\/\/incaoil.org\/es\/aceite-de-jojoba-belleza\/#breadcrumb"},"inLanguage":"es","potentialAction":[{"@type":"ReadAction","target":["https:\/\/incaoil.org\/es\/aceite-de-jojoba-belleza\/"]}]},{"@type":"ImageObject","inLanguage":"es","@id":"https:\/\/incaoil.org\/es\/aceite-de-jojoba-belleza\/#primaryimage","url":"https:\/\/incaoil.org\/wp-content\/uploads\/2022\/08\/schema_similarity_of_the_molecules.jpg","contentUrl":"https:\/\/incaoil.org\/wp-content\/uploads\/2022\/08\/schema_similarity_of_the_molecules.jpg"},{"@type":"BreadcrumbList","@id":"https:\/\/incaoil.org\/es\/aceite-de-jojoba-belleza\/#breadcrumb","itemListElement":[{"@type":"ListItem","position":1,"name":"Startseite","item":"https:\/\/incaoil.org\/es\/"},{"@type":"ListItem","position":2,"name":"Aceite de jojoba y Belleza"}]},{"@type":"WebSite","@id":"https:\/\/incaoil.org\/es\/#website","url":"https:\/\/incaoil.org\/es\/","name":"IncaOil.org","description":"The real Jojoba","publisher":{"@id":"https:\/\/incaoil.org\/es\/#organization"},"potentialAction":[{"@type":"SearchAction","target":{"@type":"EntryPoint","urlTemplate":"https:\/\/incaoil.org\/es\/?s={search_term_string}"},"query-input":{"@type":"PropertyValueSpecification","valueRequired":true,"valueName":"search_term_string"}}],"inLanguage":"es"},{"@type":"Organization","@id":"https:\/\/incaoil.org\/es\/#organization","name":"IncaOil","url":"https:\/\/incaoil.org\/es\/","logo":{"@type":"ImageObject","inLanguage":"es","@id":"https:\/\/incaoil.org\/es\/#\/schema\/logo\/image\/","url":"https:\/\/incaoil.org\/wp-content\/uploads\/2021\/08\/incaoil-logo.svg","contentUrl":"https:\/\/incaoil.org\/wp-content\/uploads\/2021\/08\/incaoil-logo.svg","caption":"IncaOil"},"image":{"@id":"https:\/\/incaoil.org\/es\/#\/schema\/logo\/image\/"}}]}},"_links":{"self":[{"href":"https:\/\/incaoil.org\/es\/wp-json\/wp\/v2\/pages\/1500","targetHints":{"allow":["GET"]}}],"collection":[{"href":"https:\/\/incaoil.org\/es\/wp-json\/wp\/v2\/pages"}],"about":[{"href":"https:\/\/incaoil.org\/es\/wp-json\/wp\/v2\/types\/page"}],"author":[{"embeddable":true,"href":"https:\/\/incaoil.org\/es\/wp-json\/wp\/v2\/users\/1"}],"replies":[{"embeddable":true,"href":"https:\/\/incaoil.org\/es\/wp-json\/wp\/v2\/comments?post=1500"}],"version-history":[{"count":7,"href":"https:\/\/incaoil.org\/es\/wp-json\/wp\/v2\/pages\/1500\/revisions"}],"predecessor-version":[{"id":1964,"href":"https:\/\/incaoil.org\/es\/wp-json\/wp\/v2\/pages\/1500\/revisions\/1964"}],"wp:attachment":[{"href":"https:\/\/incaoil.org\/es\/wp-json\/wp\/v2\/media?parent=1500"}],"curies":[{"name":"wp","href":"https:\/\/api.w.org\/{rel}","templated":true}]}}