{"id":1491,"date":"2022-08-30T10:47:08","date_gmt":"2022-08-30T08:47:08","guid":{"rendered":"https:\/\/incaoil.org\/sostenibilidad-responsabilidad-social\/"},"modified":"2025-12-08T11:05:21","modified_gmt":"2025-12-08T10:05:21","slug":"sostenibilidad-responsabilidad-social","status":"publish","type":"page","link":"https:\/\/incaoil.org\/es\/sostenibilidad-responsabilidad-social\/","title":{"rendered":"Sostenibilidad"},"content":{"rendered":"\n<h1 class=\"gb-headline gb-headline-d6e3ed7b gb-headline-text\">Aceite de jojoba sostenible, un tesoro de belleza natural de Per\u00fa<\/h1>\n\n\n\n<p>Nuestro aceite de jojoba se produce de manera sostenible y \u00e9tica. Consideramos que la sostenibilidad no es una tendencia sino nuestra filosof\u00eda empresarial. Conozca m\u00e1s sobre la agricultura sostenible, que ayuda a prevenir la desertificaci\u00f3n y tiene un impacto positivo en el clima, as\u00ed como nuestras condiciones de trabajo justas en el Per\u00fa.  <\/p>\n\n\n<div class=\"gb-container gb-container-b721bf8a alignwide\"><div class=\"gb-inside-container\">\n<div class=\"gb-grid-wrapper gb-grid-wrapper-ee391442\">\n<div class=\"gb-grid-column gb-grid-column-48545d0a\"><div class=\"gb-container gb-container-48545d0a\"><div class=\"gb-inside-container\">\n\n<h2 class=\"gb-headline gb-headline-7446b511 gb-headline-text\">El pa\u00eds de la biodiversidad Per\u00fa<\/h2>\n\n\n\n<p>Per\u00fa tiene el privilegio de ser uno de los 17 pa\u00edses del mundo definidos como \u201cmegadiversos\u201d. Esto significa que la naturaleza aqu\u00ed es excepcionalmente diversa; los diferentes paisajes van desde las altas monta\u00f1as de la regi\u00f3n andina hasta la selva tropical e incluyen una franja costera des\u00e9rtica. Es as\u00ed que Per\u00fa logra reunir las mejores condiciones para la producci\u00f3n de materias primas sostenibles. En el desierto costero del oeste de Per\u00fa, el clima equilibrado con inviernos sin heladas y veranos agradables lo convierten en ideal para nuestras plantas de jojoba.    <\/p>\n\n<\/div><\/div><\/div>\n\n<div class=\"gb-grid-column gb-grid-column-e4a5501a\"><div class=\"gb-container gb-container-e4a5501a\"><div class=\"gb-inside-container\"><\/div><\/div><\/div>\n<\/div>\n\n<div class=\"gb-grid-wrapper gb-grid-wrapper-38ccaf3c\">\n<div class=\"gb-grid-column gb-grid-column-8c7d2559\"><div class=\"gb-container gb-container-8c7d2559\"><div class=\"gb-inside-container\"><\/div><\/div><\/div>\n\n<div class=\"gb-grid-column gb-grid-column-a1a89075\"><div class=\"gb-container gb-container-a1a89075\"><div class=\"gb-inside-container\">\n\n<h2 class=\"gb-headline gb-headline-561c2919 gb-headline-text\">La sostenibilidad ha llegado para quedarse<\/h2>\n\n\n\n<p>En la industria cosm\u00e9tica el tema de la sostenibilidad se ha ido abriendo paso en los \u00faltimos a\u00f1os para ocupar un lugar preponderante a la hora de tomar decisiones comerciales. Por lo que las materias primas de origen natural o procedentes de la agricultura ecol\u00f3gica desempe\u00f1an ahora un papel muy importante a la hora de comprar productos cosm\u00e9ticos. La transparencia es cada vez mas importante y cada vez m\u00e1s clientes quieren saber de d\u00f3nde proceden las materias primas y los ingredientes activos de sus productos cosm\u00e9ticos. Adem\u00e1s, los consumidores desean productos de belleza no s\u00f3lo para cuidar su piel, sino que tambi\u00e9n sean de procedencia \u00e9tica y amigables con el medio ambiente.   <\/p>\n\n<\/div><\/div><\/div>\n<\/div>\n<\/div><\/div>\n\n<div class=\"gb-container gb-container-79b0d44d\"><div class=\"gb-inside-container\">\n\n<h2 class=\"gb-headline gb-headline-b920ef9a gb-headline-text\">Agricultura ecol\u00f3gica sin pesticidas<\/h2>\n\n\n\n<p>En el clima des\u00e9rtico del Per\u00fa el resistente arbusto de la jojoba no necesita pesticidas, fungicidas o herbicidas. Nuestras plantas madre provienen de semillas y son cuidadosamente seleccionadas. No usamos pr\u00e1cticas de biotecnolog\u00eda \u2013 OMG y apostamos desde nuestros comienzos por el cultivo ecol\u00f3gico certificado.  <\/p>\n\n\n\n<ul class=\"wp-block-list\">\n<li>Esto tambi\u00e9n incluye que nosotros mismos preparamos el compost y los fertilizantes en nuestro campo bajo las normas de la certificaci\u00f3n org\u00e1nica. Desde 2019 venimos desarrollando y mejorando la producci\u00f3n de un abono org\u00e1nico especial con microalgas en nuestro laboratorio in situ. <\/li>\n\n\n\n<li>Nuestra granja de lombrices ayuda a producir de forma natural compost para las plantas. Para ello nos autoabastecemos con hojas y c\u00e1scaras de jojoba obtenidas de nuestros cultivos. <\/li>\n\n\n\n<li>Las plantas de jojoba requieren de muy poca agua y es por ello que utilizamos agua procedente de un r\u00edo parcialmente subterr\u00e1neo que proviene de los Andes y que desemboca en la costa cerca de nuestros campos. Una vez captada el agua, mediante un sistema de riego por goteo, regamos nuestros cultivos. Este tipo de riego nos permite una alta eficiencia en el uso del agua.  <\/li>\n\n\n\n<li>Desde 2005 recogemos y separamos nuestros residuos.<\/li>\n<\/ul>\n\n<\/div><\/div>\n\n<div class=\"gb-container gb-container-b12d12c7\"><div class=\"gb-inside-container\">\n\n<h2 class=\"gb-headline gb-headline-c616b38d gb-headline-text\">A favor del clima: Contra la desertificaci\u00f3n y por un clima mejor<\/h2>\n\n\n\n<p>Nuestras plantaciones de jojoba luchan contra la desertificaci\u00f3n de la costa peruana. Gracias a las profundas ra\u00edces pivotantes de los arbustos de jojoba el suelo, se protege contra la erosi\u00f3n y se consolidan las dunas de manera natural. <\/p>\n\n\n\n<p>El microclima que generan las plantaciones de jojoba tambi\u00e9n puede ayudar a una mayor formaci\u00f3n de nubes y, por lo tanto, a m\u00e1s precipitaciones. Adem\u00e1s, las plantaciones de jojoba retienen cantidades considerables de di\u00f3xido de carbono que tambi\u00e9n beneficia al medio ambiente. <\/p>\n\n<\/div><\/div>\n\n<div class=\"gb-container gb-container-8392ed67\"><div class=\"gb-inside-container\">\n\n<h2 class=\"gb-headline gb-headline-507750a2 gb-headline-text\">Social Responsibility: Fair working conditions and social commitment<\/h2>\n\n\n\n<p>Empleamos a 140 personas permanentes en nuestras fincas en la regi\u00f3n ICA de Per\u00fa, y hasta 260 personas durante la \u00e9poca de cosecha. En nuestras instalaciones de producci\u00f3n en Panam\u00e1 trabajan otros 15 empleados.\n\nAsumimos la responsabilidad en la regi\u00f3n de Ica: adem\u00e1s de crear puestos de trabajo fiables y duraderos, desde hace m\u00e1s de 20 a\u00f1os suministramos continuamente material escolar, material escolar y equipos digitales a la escuela y al jard\u00edn de infancia local de Humay. Se instal\u00f3 un comedor para estudiantes de secundaria. Adem\u00e1s, se conceden becas para la escuela agr\u00edcola regional. Despu\u00e9s del gran terremoto de 2007, nuestra empresa apoy\u00f3 a los empleados que hab\u00edan perdido sus casas con pr\u00e9stamos y materiales de construcci\u00f3n y ayud\u00f3 en la reconstrucci\u00f3n.<\/p>\n\n<\/div><\/div>\n\n<div class=\"gb-container gb-container-0437bbb6\"><div class=\"gb-inside-container\">\n\n<h2 class=\"gb-headline gb-headline-b0937af0 gb-headline-text\">Nuestro aceite de jojoba est\u00e1 certificado como org\u00e1nico aprobado por:<\/h2>\n\n\n\n<p>Nuestro aceite de jojoba est\u00e1 certificado Org\u00e1nico, aprobado por Cosmos, certificado Cosmos, Kosher, Halal y certificado como producto de Comercio Justo seg\u00fan el est\u00e1ndar FAIR FOR LIFE, certificado por Ecocert. INCA OIL Las plantaciones de jojoba cumplen con el protocolo de Nagoya desde 2014.<\/p>\n\n\n\n<ul class=\"wp-block-list\">\n<li><a href=\"https:\/\/incaoil.org\/wp-content\/uploads\/2024\/11\/24-Certificado-UE-JOJOBA-COMPANY.pdf\" target=\"_blank\" rel=\"noreferrer noopener\">BIO UE<\/a><\/li>\n\n\n\n<li><a href=\"https:\/\/incaoil.org\/wp-content\/uploads\/2025\/12\/25-OID-Certificado-NOP-JOJOBA-COMPANY.pdf\" target=\"_blank\" rel=\"noreferrer noopener\">BIO NOP<\/a><\/li>\n\n\n\n<li>JAS BIO<\/li>\n\n\n\n<li><a href=\"https:\/\/incaoil.org\/wp-content\/uploads\/2024\/11\/GL-\u2013-RM-Attestation_ter-2024.pdf\" target=\"_blank\" rel=\"noreferrer noopener\">COSMOS APROBADO<\/a><\/li>\n\n\n\n<li><a href=\"https:\/\/incaoil.org\/wp-content\/uploads\/2022\/11\/COSMOS-CERTIFIED-2022-04-15-Certificado-Cosmos-Jojoba-Company-ES-2023-03-31.pdf\" target=\"_blank\" rel=\"noreferrer noopener\">CERTIFICADO COSMOS<\/a><\/li>\n\n\n\n<li><a href=\"https:\/\/incaoil.org\/wp-content\/uploads\/2024\/11\/Certificado-Kosher-Jojoba-Company-2024.pdf\" target=\"_blank\" rel=\"noreferrer noopener\">KOSHER<\/a><\/li>\n\n\n\n<li><a href=\"https:\/\/incaoil.org\/wp-content\/uploads\/2024\/11\/CERTIFICADOS-HALAL-2024-INGLES.pdf\" target=\"_blank\" rel=\"noreferrer noopener\">HALAL<\/a><\/li>\n\n\n\n<li><a href=\"https:\/\/incaoil.org\/wp-content\/uploads\/2024\/11\/2023-FFL_Certificate_Jojoba-Company-Inc.-_20230410.pdf\" target=\"_blank\" rel=\"noreferrer noopener\">Certificado como producto de responsabilidad social seg\u00fan el est\u00e1ndar FAIR FOR LIFE<\/a><\/li>\n\n\n\n<li><a href=\"https:\/\/incaoil.org\/wp-content\/uploads\/2024\/11\/2023-FFL_Certificate-APL_Jojoba-Company-Inc.-_20230410.pdf\" target=\"_blank\" rel=\"noreferrer noopener\">Lista de productos FAIR FOR LIFE<\/a><\/li>\n<\/ul>\n\n\n\n<p>Para garantizar la sostenibilidad, invertimos regularmente en la renovaci\u00f3n y el aumento de las plantaciones y en equipos de procesamiento alemanes de alta calidad.<\/p>\n\n\n<div class=\"gb-button-wrapper gb-button-wrapper-69ab9865\">\n\n<span class=\"gb-button gb-button-3a95bd99 gb-button-text\">Conozca m\u00e1s sobre nuestra promesa de calidad de INCA OIL. Contacte con nosotros para hablar de nuestros productos y disponibilidades. Estaremos encantados de responder a todas sus preguntas sobre nuestros productos. No dude en echar un vistazo a nuestro FAQ para obtener m\u00e1s informaci\u00f3n o p\u00f3ngase en contacto con nosotros directamente que con gusto lo ayudaremos.<\/span>\n\n<\/div>\n<\/div><\/div>\n\n<div class=\"gb-container gb-container-c1a65943 alignfull\"><div class=\"gb-inside-container\">\n\n\n<\/div><\/div>","protected":false},"excerpt":{"rendered":"<p>Aceite de jojoba sostenible, un tesoro de belleza natural de Per\u00fa Nuestro aceite de jojoba se produce de manera sostenible y \u00e9tica. Consideramos que la sostenibilidad no es una tendencia sino nuestra filosof\u00eda empresarial. Conozca m\u00e1s sobre la agricultura sostenible, que ayuda a prevenir la desertificaci\u00f3n y tiene un impacto positivo en el clima, as\u00ed &#8230; <a title=\"Sostenibilidad\" class=\"read-more\" href=\"https:\/\/incaoil.org\/es\/sostenibilidad-responsabilidad-social\/\" aria-label=\"Leer m\u00e1s sobre Sostenibilidad\">Leer m\u00e1s<\/a><\/p>\n","protected":false},"author":1,"featured_media":0,"parent":0,"menu_order":0,"comment_status":"closed","ping_status":"closed","template":"","meta":{"footnotes":""},"class_list":["post-1491","page","type-page","status-publish"],"featured_image_src":null,"yoast_head":"<!-- This site is optimized with the Yoast SEO plugin v27.3 - https:\/\/yoast.com\/product\/yoast-seo-wordpress\/ -->\n<title>Sostenibilidad - IncaOil<\/title>\n<meta name=\"robots\" content=\"index, follow, max-snippet:-1, max-image-preview:large, max-video-preview:-1\" \/>\n<link rel=\"canonical\" href=\"https:\/\/incaoil.org\/es\/sostenibilidad-responsabilidad-social\/\" \/>\n<meta property=\"og:locale\" content=\"es_ES\" \/>\n<meta property=\"og:type\" content=\"article\" \/>\n<meta property=\"og:title\" content=\"Sostenibilidad - IncaOil\" \/>\n<meta property=\"og:description\" content=\"Aceite de jojoba sostenible, un tesoro de belleza natural de Per\u00fa Nuestro aceite de jojoba se produce de manera sostenible y \u00e9tica. Consideramos que la sostenibilidad no es una tendencia sino nuestra filosof\u00eda empresarial. Conozca m\u00e1s sobre la agricultura sostenible, que ayuda a prevenir la desertificaci\u00f3n y tiene un impacto positivo en el clima, as\u00ed ... Leer m\u00e1s\" \/>\n<meta property=\"og:url\" content=\"https:\/\/incaoil.org\/es\/sostenibilidad-responsabilidad-social\/\" \/>\n<meta property=\"og:site_name\" content=\"IncaOil\" \/>\n<meta property=\"article:modified_time\" content=\"2025-12-08T10:05:21+00:00\" \/>\n<meta name=\"twitter:card\" content=\"summary_large_image\" \/>\n<meta name=\"twitter:label1\" content=\"Tiempo de lectura\" \/>\n\t<meta name=\"twitter:data1\" content=\"4 minutos\" \/>\n<script type=\"application\/ld+json\" class=\"yoast-schema-graph\">{\"@context\":\"https:\\\/\\\/schema.org\",\"@graph\":[{\"@type\":\"WebPage\",\"@id\":\"https:\\\/\\\/incaoil.org\\\/es\\\/sostenibilidad-responsabilidad-social\\\/\",\"url\":\"https:\\\/\\\/incaoil.org\\\/es\\\/sostenibilidad-responsabilidad-social\\\/\",\"name\":\"Sostenibilidad - IncaOil\",\"isPartOf\":{\"@id\":\"https:\\\/\\\/incaoil.org\\\/es\\\/#website\"},\"datePublished\":\"2022-08-30T08:47:08+00:00\",\"dateModified\":\"2025-12-08T10:05:21+00:00\",\"breadcrumb\":{\"@id\":\"https:\\\/\\\/incaoil.org\\\/es\\\/sostenibilidad-responsabilidad-social\\\/#breadcrumb\"},\"inLanguage\":\"es\",\"potentialAction\":[{\"@type\":\"ReadAction\",\"target\":[\"https:\\\/\\\/incaoil.org\\\/es\\\/sostenibilidad-responsabilidad-social\\\/\"]}]},{\"@type\":\"BreadcrumbList\",\"@id\":\"https:\\\/\\\/incaoil.org\\\/es\\\/sostenibilidad-responsabilidad-social\\\/#breadcrumb\",\"itemListElement\":[{\"@type\":\"ListItem\",\"position\":1,\"name\":\"Startseite\",\"item\":\"https:\\\/\\\/incaoil.org\\\/es\\\/\"},{\"@type\":\"ListItem\",\"position\":2,\"name\":\"Sostenibilidad\"}]},{\"@type\":\"WebSite\",\"@id\":\"https:\\\/\\\/incaoil.org\\\/es\\\/#website\",\"url\":\"https:\\\/\\\/incaoil.org\\\/es\\\/\",\"name\":\"IncaOil.org\",\"description\":\"The real Jojoba\",\"publisher\":{\"@id\":\"https:\\\/\\\/incaoil.org\\\/es\\\/#organization\"},\"potentialAction\":[{\"@type\":\"SearchAction\",\"target\":{\"@type\":\"EntryPoint\",\"urlTemplate\":\"https:\\\/\\\/incaoil.org\\\/es\\\/?s={search_term_string}\"},\"query-input\":{\"@type\":\"PropertyValueSpecification\",\"valueRequired\":true,\"valueName\":\"search_term_string\"}}],\"inLanguage\":\"es\"},{\"@type\":\"Organization\",\"@id\":\"https:\\\/\\\/incaoil.org\\\/es\\\/#organization\",\"name\":\"IncaOil\",\"url\":\"https:\\\/\\\/incaoil.org\\\/es\\\/\",\"logo\":{\"@type\":\"ImageObject\",\"inLanguage\":\"es\",\"@id\":\"https:\\\/\\\/incaoil.org\\\/es\\\/#\\\/schema\\\/logo\\\/image\\\/\",\"url\":\"https:\\\/\\\/incaoil.org\\\/wp-content\\\/uploads\\\/2021\\\/08\\\/incaoil-logo.svg\",\"contentUrl\":\"https:\\\/\\\/incaoil.org\\\/wp-content\\\/uploads\\\/2021\\\/08\\\/incaoil-logo.svg\",\"caption\":\"IncaOil\"},\"image\":{\"@id\":\"https:\\\/\\\/incaoil.org\\\/es\\\/#\\\/schema\\\/logo\\\/image\\\/\"}}]}<\/script>\n<!-- \/ Yoast SEO plugin. -->","yoast_head_json":{"title":"Sostenibilidad - IncaOil","robots":{"index":"index","follow":"follow","max-snippet":"max-snippet:-1","max-image-preview":"max-image-preview:large","max-video-preview":"max-video-preview:-1"},"canonical":"https:\/\/incaoil.org\/es\/sostenibilidad-responsabilidad-social\/","og_locale":"es_ES","og_type":"article","og_title":"Sostenibilidad - IncaOil","og_description":"Aceite de jojoba sostenible, un tesoro de belleza natural de Per\u00fa Nuestro aceite de jojoba se produce de manera sostenible y \u00e9tica. Consideramos que la sostenibilidad no es una tendencia sino nuestra filosof\u00eda empresarial. Conozca m\u00e1s sobre la agricultura sostenible, que ayuda a prevenir la desertificaci\u00f3n y tiene un impacto positivo en el clima, as\u00ed ... Leer m\u00e1s","og_url":"https:\/\/incaoil.org\/es\/sostenibilidad-responsabilidad-social\/","og_site_name":"IncaOil","article_modified_time":"2025-12-08T10:05:21+00:00","twitter_card":"summary_large_image","twitter_misc":{"Tiempo de lectura":"4 minutos"},"schema":{"@context":"https:\/\/schema.org","@graph":[{"@type":"WebPage","@id":"https:\/\/incaoil.org\/es\/sostenibilidad-responsabilidad-social\/","url":"https:\/\/incaoil.org\/es\/sostenibilidad-responsabilidad-social\/","name":"Sostenibilidad - IncaOil","isPartOf":{"@id":"https:\/\/incaoil.org\/es\/#website"},"datePublished":"2022-08-30T08:47:08+00:00","dateModified":"2025-12-08T10:05:21+00:00","breadcrumb":{"@id":"https:\/\/incaoil.org\/es\/sostenibilidad-responsabilidad-social\/#breadcrumb"},"inLanguage":"es","potentialAction":[{"@type":"ReadAction","target":["https:\/\/incaoil.org\/es\/sostenibilidad-responsabilidad-social\/"]}]},{"@type":"BreadcrumbList","@id":"https:\/\/incaoil.org\/es\/sostenibilidad-responsabilidad-social\/#breadcrumb","itemListElement":[{"@type":"ListItem","position":1,"name":"Startseite","item":"https:\/\/incaoil.org\/es\/"},{"@type":"ListItem","position":2,"name":"Sostenibilidad"}]},{"@type":"WebSite","@id":"https:\/\/incaoil.org\/es\/#website","url":"https:\/\/incaoil.org\/es\/","name":"IncaOil.org","description":"The real Jojoba","publisher":{"@id":"https:\/\/incaoil.org\/es\/#organization"},"potentialAction":[{"@type":"SearchAction","target":{"@type":"EntryPoint","urlTemplate":"https:\/\/incaoil.org\/es\/?s={search_term_string}"},"query-input":{"@type":"PropertyValueSpecification","valueRequired":true,"valueName":"search_term_string"}}],"inLanguage":"es"},{"@type":"Organization","@id":"https:\/\/incaoil.org\/es\/#organization","name":"IncaOil","url":"https:\/\/incaoil.org\/es\/","logo":{"@type":"ImageObject","inLanguage":"es","@id":"https:\/\/incaoil.org\/es\/#\/schema\/logo\/image\/","url":"https:\/\/incaoil.org\/wp-content\/uploads\/2021\/08\/incaoil-logo.svg","contentUrl":"https:\/\/incaoil.org\/wp-content\/uploads\/2021\/08\/incaoil-logo.svg","caption":"IncaOil"},"image":{"@id":"https:\/\/incaoil.org\/es\/#\/schema\/logo\/image\/"}}]}},"_links":{"self":[{"href":"https:\/\/incaoil.org\/es\/wp-json\/wp\/v2\/pages\/1491","targetHints":{"allow":["GET"]}}],"collection":[{"href":"https:\/\/incaoil.org\/es\/wp-json\/wp\/v2\/pages"}],"about":[{"href":"https:\/\/incaoil.org\/es\/wp-json\/wp\/v2\/types\/page"}],"author":[{"embeddable":true,"href":"https:\/\/incaoil.org\/es\/wp-json\/wp\/v2\/users\/1"}],"replies":[{"embeddable":true,"href":"https:\/\/incaoil.org\/es\/wp-json\/wp\/v2\/comments?post=1491"}],"version-history":[{"count":26,"href":"https:\/\/incaoil.org\/es\/wp-json\/wp\/v2\/pages\/1491\/revisions"}],"predecessor-version":[{"id":2534,"href":"https:\/\/incaoil.org\/es\/wp-json\/wp\/v2\/pages\/1491\/revisions\/2534"}],"wp:attachment":[{"href":"https:\/\/incaoil.org\/es\/wp-json\/wp\/v2\/media?parent=1491"}],"curies":[{"name":"wp","href":"https:\/\/api.w.org\/{rel}","templated":true}]}}