{"id":1484,"date":"2021-08-28T14:26:30","date_gmt":"2021-08-28T12:26:30","guid":{"rendered":"https:\/\/incaoil.org\/inicio\/"},"modified":"2024-11-15T13:28:50","modified_gmt":"2024-11-15T12:28:50","slug":"inicio","status":"publish","type":"page","link":"https:\/\/incaoil.org\/es\/","title":{"rendered":"Inicio"},"content":{"rendered":"<div class=\"gb-container gb-container-e83211f1 alignfull\"><div class=\"gb-inside-container\">\n\n<h1 class=\"gb-headline gb-headline-7b2fd907 gb-headline-text\">Aceite de jojoba puro y org\u00e1nico<\/h1>\n\n\n\n<h2 class=\"gb-headline gb-headline-6f3b6245 gb-headline-text\">UN TESORO DE LA BELLEZA NATURAL DEL PER\u00da PARA USTED<\/h2>\n\n\n\n<p class=\"has-white-color has-text-color\">Per\u00fa es uno de los 17 pa\u00edses considerados con megadiversidad del planeta, en este contexto el desierto costero al oeste en la costa del Pacifico posee un clima equilibrado ideal. Le invitamos a conocer m\u00e1s sobre el cultivo sostenible ya que estamos orgullosos de ser el mayor productor de jojoba org\u00e1nica del mundo.   Nuestras plantaciones de jojoba ayudan a prevenir la desertificaci\u00f3n y generan un impacto positivo en el clima y las condiciones de trabajo justas y equitativas son un factor clave en nuestra empresa familiar. <\/p>\n\n\n\n<div class=\"wp-block-buttons is-layout-flex wp-block-buttons-is-layout-flex\">\n<div class=\"wp-block-button is-style-outline btn-white-outline is-style-outline--1\"><a class=\"wp-block-button__link has-white-color has-text-color wp-element-button\" href=\"https:\/\/incaoil.org\/contact-us\/\">P\u00f3ngase en contacto con nosotros<\/a><\/div>\n\n\n\n<div class=\"wp-block-button has-custom-font-size is-style-outline btn-white-outline has-normal-font-size is-style-outline--2\"><a class=\"wp-block-button__link has-white-color has-text-color wp-element-button\" href=\"https:\/\/incaoil.org\/products\/\">M\u00e1s informaci\u00f3n sobre nuestros productos<\/a><\/div>\n\n\n\n<div class=\"wp-block-button has-custom-font-size is-style-outline btn-white-outline has-normal-font-size is-style-outline--3\"><a class=\"wp-block-button__link has-white-color has-text-color wp-element-button\" href=\"https:\/\/incaoil.org\/wp-content\/uploads\/2024\/01\/Broschure-JOJOBA-Incaoil_einzelseiten.pdf\">Descargar folleto<\/a><\/div>\n<\/div>\n\n<\/div><\/div>\n<h2 class=\"gb-headline gb-headline-834b55d4 gb-headline-text\">Los productos limpios y sostenibles son el futuro<\/h2>\n\n<p>Sus clientes tienen raz\u00f3n: Cada vez son m\u00e1s conscientes del impacto medioambiental de su estilo de vida. Adem\u00e1s, los consumidores desean productos de belleza no s\u00f3lo para cuidar su propia piel, sino tambi\u00e9n para hacer algo beneficioso para los dem\u00e1s. Por ello, la sostenibilidad es uno de los principales motores del mercado de los cosm\u00e9ticos. Las materias primas naturales, org\u00e1nicas, veganas y de origen \u00e9tico juegan ahora un papel importante a la hora de comprar productos cosm\u00e9ticos. Estaremos encantados de ayudarle a crear productos cosm\u00e9ticos innovadores y sostenibles.<\/p>\n\n<h2 class=\"gb-headline gb-headline-24423504 gb-headline-text\">La transparencia es esencial<\/h2>\n\n<p>La transparencia es esencial para nosotros cuando se trata de usted y sus clientes. Cada vez m\u00e1s personas quieren saber de d\u00f3nde proceden las materias primas y los ingredientes activos de sus productos cosm\u00e9ticos. Con m\u00e1s de 40 a\u00f1os de experiencia en el cultivo y procesamiento de jojoba org\u00e1nica, ofrecemos una cadena de suministro transparente y fiable. Valoramos las asociaciones a largo plazo con fabricantes que comparten nuestra visi\u00f3n.<\/p>\n<div class=\"gb-container gb-container-831cc318 alignfull\"><div class=\"gb-inside-container\">\n<div class=\"gb-grid-wrapper gb-grid-wrapper-09936e3b\">\n<div class=\"gb-grid-column gb-grid-column-659fe3a8\"><div class=\"gb-container gb-container-659fe3a8\"><div class=\"gb-inside-container\">\n\n<div class=\"wp-block-media-text alignwide is-vertically-aligned-top\" style=\"grid-template-columns:25% auto\"><figure class=\"wp-block-media-text__media\"><img loading=\"lazy\" decoding=\"async\" width=\"125\" height=\"150\" src=\"https:\/\/incaoil.org\/wp-content\/uploads\/2021\/08\/Icons-balance.png\" alt=\"Icono-El equilibrio ecol\u00f3gico-marino-en-escala\" class=\"wp-image-259 size-full\"\/><\/figure><div class=\"wp-block-media-text__content\">\n<h3 class=\"gb-headline gb-headline-07fd87af gb-headline-text\">Equilibrio ecol\u00f3gico<\/h3>\n\n\n\n<p>Todas nuestras plantaciones est\u00e1n libres de pesticidas, fungicidas y herbicidas. Las hojas y las c\u00e1scaras se devuelven a nuestros campos org\u00e1nicos como abono natural.<\/p>\n<\/div><\/div>\n\n<\/div><\/div><\/div>\n\n<div class=\"gb-grid-column gb-grid-column-a16a73d1\"><div class=\"gb-container gb-container-a16a73d1\"><div class=\"gb-inside-container\">\n\n<div class=\"wp-block-media-text alignwide is-vertically-aligned-top\" style=\"grid-template-columns:25% auto\"><figure class=\"wp-block-media-text__media\"><img loading=\"lazy\" decoding=\"async\" width=\"125\" height=\"150\" src=\"https:\/\/incaoil.org\/wp-content\/uploads\/2021\/08\/Icons-whale.png\" alt=\"Icono-ballena-responsabilidad-social-mano-ballena\" class=\"wp-image-251 size-full\"\/><\/figure><div class=\"wp-block-media-text__content\">\n<h3 class=\"gb-headline gb-headline-6e283281 gb-headline-text\">Responsabilidad social<\/h3>\n\n\n\n<p>Nuestra certificaci\u00f3n \u00abFair for Life\u00bb &#8211; Comercio Justo subraya nuestro compromiso con unas condiciones de trabajo justas. Tambi\u00e9n asumimos la responsabilidad directa en la regi\u00f3n de Ica (Per\u00fa).<\/p>\n<\/div><\/div>\n\n<\/div><\/div><\/div>\n\n<div class=\"gb-grid-column gb-grid-column-cf15d688\"><div class=\"gb-container gb-container-cf15d688\"><div class=\"gb-inside-container\">\n\n<div class=\"wp-block-media-text alignwide is-vertically-aligned-top\" style=\"grid-template-columns:25% auto\"><figure class=\"wp-block-media-text__media\"><img loading=\"lazy\" decoding=\"async\" width=\"125\" height=\"150\" src=\"https:\/\/incaoil.org\/wp-content\/uploads\/2021\/08\/Icons-desertification.png\" alt=\"Icono-desertificaci\u00f3n-parar-las-plantas-en-el-desierto\" class=\"wp-image-253 size-full\"\/><\/figure><div class=\"wp-block-media-text__content\">\n<h3 class=\"gb-headline gb-headline-6e66b43c gb-headline-text\">Detener la desertificaci\u00f3n<\/h3>\n\n\n\n<p>Nuestras plantaciones de jojoba luchan contra la desertificaci\u00f3n de la costa peruana. Las dunas est\u00e1n fortificadas de forma natural.<\/p>\n<\/div><\/div>\n\n<\/div><\/div><\/div>\n<\/div>\n<\/div><\/div><div class=\"gb-container gb-container-76e7c39d alignfull\"><div class=\"gb-inside-container\">\n\n\n<\/div><\/div><div class=\"gb-container gb-container-005a8978 z-index-2 alignfull\"><div class=\"gb-inside-container\">\n<div class=\"gb-grid-wrapper gb-grid-wrapper-56a458db\">\n<div class=\"gb-grid-column gb-grid-column-7fda3e66\"><div class=\"gb-container gb-container-7fda3e66\"><div class=\"gb-inside-container\">\n\n<h2 class=\"gb-headline gb-headline-b82b8622 gb-headline-text\">M\u00e1s informaci\u00f3n sobre nuestro aceite de jojoba ecol\u00f3gico<\/h2>\n\n\n\n<p>Le ofrecemos una amplia gama de productos ecol\u00f3gicos de jojoba como nuestro aceite 100% natural prensado en fr\u00edo por expulsi\u00f3n, procedente de variedades cuidadosamente seleccionadas del arbusto del desierto Jojoba. Debido a su similitud con el sebo humano, la jojoba se utiliza ampliamente como emoliente de larga duraci\u00f3n para la piel en productos de cuidado personal.  <\/p>\n\n\n\n<p><\/p>\n\n\n\n<div class=\"wp-block-buttons is-layout-flex wp-block-buttons-is-layout-flex\">\n<div class=\"wp-block-button cta-button\"><a class=\"wp-block-button__link wp-element-button\" href=\"https:\/\/incaoil.org\/products\/\">M\u00e1s informaci\u00f3n sobre nuestros productos<\/a><\/div>\n<\/div>\n\n<\/div><\/div><\/div>\n\n<div class=\"gb-grid-column gb-grid-column-113c120a\"><div class=\"gb-container gb-container-113c120a\"><div class=\"gb-inside-container\">\n\n<figure class=\"wp-block-image size-full\"><img loading=\"lazy\" decoding=\"async\" width=\"1\" height=\"1\" src=\"https:\/\/incaoil.org\/wp-content\/uploads\/2021\/09\/t.png\" alt=\"producto-prensa-fr&#xED;a-joba-aceite-oro-botella-y-jarra-de-vidrio\" class=\"wp-image-576\"\/><\/figure>\n\n<\/div><\/div><\/div>\n<\/div>\n\n<div class=\"gb-grid-wrapper gb-grid-wrapper-7a4a5071\">\n<div class=\"gb-grid-column gb-grid-column-5a072cd3\"><div class=\"gb-container gb-container-5a072cd3\"><div class=\"gb-inside-container\"><\/div><\/div><\/div>\n\n<div class=\"gb-grid-column gb-grid-column-39dd7108\"><div class=\"gb-container gb-container-39dd7108 z-index-1\"><div class=\"gb-inside-container\">\n\n<h2 class=\"gb-headline gb-headline-af12e5c4 gb-headline-text\">Somos el mayor productor mundial de jojoba org\u00e1nica<\/h2>\n\n\n\n<p>INCA OIL es el mayor productor mundial de jojoba org\u00e1nica. La empresa fue fundada en el a\u00f1o 2000 por agricultores argentinos\/peruanos de jojoba con m\u00e1s de 40 a\u00f1os de experiencia en el cultivo y procesamiento de este cultivo especial. Hoy en d\u00eda INCA OIL no s\u00f3lo produce en el Per\u00fa, tambi\u00e9n procesa en Panam\u00e1.<\/p>\n\n\n\n<div class=\"wp-block-buttons is-layout-flex wp-block-buttons-is-layout-flex\">\n<div class=\"wp-block-button cta-button\"><a class=\"wp-block-button__link wp-element-button\" href=\"https:\/\/incaoil.org\/organic-jojoba\/\">M\u00e1s informaci\u00f3n sobre nuestra empresa<\/a><\/div>\n<\/div>\n\n<\/div><\/div><\/div>\n<\/div>\n<\/div><div class=\"gb-shapes\"><div class=\"gb-shape gb-shape-1\"><svg xmlns=\"http:\/\/www.w3.org\/2000\/svg\" viewBox=\"0 0 1200 50\" preserveAspectRatio=\"none\"><path d=\"M1200 0v50H0V0h560l40 30 40-30z\"\/><\/svg><\/div><\/div><\/div><div class=\"gb-container gb-container-0eaeeda5\"><div class=\"gb-inside-container\">\n\n<h2 class=\"gb-headline gb-headline-7d2c870f gb-headline-text\">Ponte en contacto con nosotros para hablar de nuestros productos o de las existencias disponibles.<\/h2>\n\n\n\n<p>Estaremos encantados de responder a cualquier pregunta que puedas tener sobre nuestros productos, consulta nuestras FAQ para obtener m\u00e1s informaci\u00f3n o ponte en contacto con nosotros directamente<\/p>\n\n\n\n<p><strong>\u00bfQu\u00e9 productos te interesan?<\/strong><\/p>\n\n\n\n<div class=\"wp-block-contact-form-7-contact-form-selector\">\n<div class=\"wpcf7 no-js\" id=\"wpcf7-f323-o1\" lang=\"en-US\" dir=\"ltr\" data-wpcf7-id=\"323\">\n<div class=\"screen-reader-response\"><p role=\"status\" aria-live=\"polite\" aria-atomic=\"true\"><\/p> <ul><\/ul><\/div>\n<form action=\"\/es\/wp-json\/wp\/v2\/pages\/1484#wpcf7-f323-o1\" method=\"post\" class=\"wpcf7-form init\" aria-label=\"Contact form\" novalidate=\"novalidate\" data-status=\"init\">\n<fieldset class=\"hidden-fields-container\"><input type=\"hidden\" name=\"_wpcf7\" value=\"323\" \/><input type=\"hidden\" name=\"_wpcf7_version\" value=\"6.1.5\" \/><input type=\"hidden\" name=\"_wpcf7_locale\" value=\"en_US\" \/><input type=\"hidden\" name=\"_wpcf7_unit_tag\" value=\"wpcf7-f323-o1\" \/><input type=\"hidden\" name=\"_wpcf7_container_post\" value=\"0\" \/><input type=\"hidden\" name=\"_wpcf7_posted_data_hash\" value=\"\" \/><input type=\"hidden\" name=\"_wpcf7_recaptcha_response\" value=\"\" \/>\n<\/fieldset>\n<div class=\"flex-container checkboxes\">\n\t<div class=\"flex-item\">\n\t\t<p><span class=\"wpcf7-form-control-wrap\" data-name=\"checkbox-oil\"><span class=\"wpcf7-form-control wpcf7-checkbox\"><span class=\"wpcf7-list-item first last\"><label><input type=\"checkbox\" name=\"checkbox-oil[]\" value=\"Jojobaoil Gold\" \/><span class=\"wpcf7-list-item-label\">Jojobaoil Gold<\/span><\/label><\/span><\/span><\/span>\n\t\t<\/p>\n\t<\/div>\n\t<div class=\"flex-item\">\n\t\t<p><span class=\"wpcf7-form-control-wrap\" data-name=\"checkbox-oil-light\"><span class=\"wpcf7-form-control wpcf7-checkbox\"><span class=\"wpcf7-list-item first last\"><label><input type=\"checkbox\" name=\"checkbox-oil-light[]\" value=\"Jojobaoil Lite\" \/><span class=\"wpcf7-list-item-label\">Jojobaoil Lite<\/span><\/label><\/span><\/span><\/span>\n\t\t<\/p>\n\t<\/div>\n\t<div class=\"flex-item \">\n\t\t<p><span class=\"wpcf7-form-control-wrap\" data-name=\"checkbox-oil-organic\"><span class=\"wpcf7-form-control wpcf7-checkbox\"><span class=\"wpcf7-list-item first last\"><label><input type=\"checkbox\" name=\"checkbox-oil-organic[]\" value=\"Jojobaoil Organic\" \/><span class=\"wpcf7-list-item-label\">Jojobaoil Organic<\/span><\/label><\/span><\/span><\/span>\n\t\t<\/p>\n\t<\/div>\n\t<div class=\"flex-item\">\n\t\t<p><span class=\"wpcf7-form-control-wrap\" data-name=\"checkbox-flakes-beads\"><span class=\"wpcf7-form-control wpcf7-checkbox\"><span class=\"wpcf7-list-item first last\"><label><input type=\"checkbox\" name=\"checkbox-flakes-beads[]\" value=\"INCA GUM\" \/><span class=\"wpcf7-list-item-label\">INCA GUM<\/span><\/label><\/span><\/span><\/span>\n\t\t<\/p>\n\t<\/div>\n<\/div>\n<div class=\"flex-container inputs\">\n\t<div class=\"flex-item fields-left\">\n\t\t<div class=\"flex-left\">\n\t\t\t<p><span class=\"wpcf7-form-control-wrap\" data-name=\"text-474\"><input size=\"40\" maxlength=\"400\" class=\"wpcf7-form-control wpcf7-text\" aria-invalid=\"false\" placeholder=\"Company\" value=\"\" type=\"text\" name=\"text-474\" \/><\/span>\n\t\t\t<\/p>\n\t\t<\/div>\n\t\t<div class=\"flex-left\">\n\t\t\t<p><span class=\"wpcf7-form-control-wrap\" data-name=\"text-475\"><input size=\"40\" maxlength=\"400\" class=\"wpcf7-form-control wpcf7-text\" aria-invalid=\"false\" placeholder=\"Your Name\" value=\"\" type=\"text\" name=\"text-475\" \/><\/span>\n\t\t\t<\/p>\n\t\t<\/div>\n\t\t<div class=\"flex-left\">\n\t\t\t<p><span class=\"wpcf7-form-control-wrap\" data-name=\"text-477\"><input size=\"40\" maxlength=\"400\" class=\"wpcf7-form-control wpcf7-text\" aria-invalid=\"false\" placeholder=\"Telephone\" value=\"\" type=\"text\" name=\"text-477\" \/><\/span>\n\t\t\t<\/p>\n\t\t<\/div>\n\t\t<div class=\"flex-left\">\n\t\t\t<p><span class=\"wpcf7-form-control-wrap\" data-name=\"text-478\"><input size=\"40\" maxlength=\"400\" class=\"wpcf7-form-control wpcf7-email wpcf7-validates-as-required wpcf7-text wpcf7-validates-as-email\" aria-required=\"true\" aria-invalid=\"false\" placeholder=\"Your email address\" value=\"\" type=\"email\" name=\"text-478\" \/><\/span><br \/>\n<span id=\"wpcf7-69e0d5ac782b1-wrapper\" class=\"wpcf7-form-control-wrap yourUrl-wrap\" ><label for=\"wpcf7-69e0d5ac782b1-field\" class=\"hp-message\">Please leave this field empty.<\/label><input id=\"wpcf7-69e0d5ac782b1-field\"  class=\"wpcf7-form-control wpcf7-text\" type=\"text\" name=\"yourUrl\" value=\"\" size=\"40\" tabindex=\"-1\" autocomplete=\"new-password\" \/><\/span>\n\t\t\t<\/p>\n\t\t<\/div>\n\t<\/div>\n\t<div class=\"flex-item fields-right\">\n\t\t<p><span class=\"wpcf7-form-control-wrap\" data-name=\"textarea-86\"><textarea cols=\"40\" rows=\"10\" maxlength=\"2000\" class=\"wpcf7-form-control wpcf7-textarea\" aria-invalid=\"false\" placeholder=\"Message\" name=\"textarea-86\"><\/textarea><\/span>\n\t\t<\/p>\n\t<\/div>\n<\/div>\n<div class=\"flex-container formlastrow\">\n\t<div class=\"flex-item agbs\">\n\t\t<p><span class=\"wpcf7-form-control-wrap\" data-name=\"checkbox-114\"><span class=\"wpcf7-form-control wpcf7-checkbox wpcf7-validates-as-required\"><span class=\"wpcf7-list-item first last\"><label><input type=\"checkbox\" name=\"checkbox-114[]\" value=\"I agree to the privacy policy\" \/><span class=\"wpcf7-list-item-label\">I agree to the privacy policy<\/span><\/label><\/span><\/span><\/span><br \/>\n<span class=\"wpcf7-form-control-wrap\" data-name=\"checkbox-214\"><span class=\"wpcf7-form-control wpcf7-checkbox wpcf7-validates-as-required\"><span class=\"wpcf7-list-item first last\"><label><input type=\"checkbox\" name=\"checkbox-214[]\" value=\"I agree to the T&amp;Cs\" \/><span class=\"wpcf7-list-item-label\">I agree to the T&amp;Cs<\/span><\/label><\/span><\/span><\/span><br \/>\n\t\t<span class=\"wpcf7-form-control-wrap recaptcha\" data-name=\"recaptcha\"><span data-sitekey=\"6LdBiVciAAAAAHcbr5oy5x1hRxBXeijKECQJVNlM\" class=\"wpcf7-form-control wpcf7-recaptcha g-recaptcha\"><\/span>\r\n<noscript>\r\n\t<div class=\"grecaptcha-noscript\">\r\n\t\t<iframe loading=\"lazy\" src=\"https:\/\/www.google.com\/recaptcha\/api\/fallback?k=6LdBiVciAAAAAHcbr5oy5x1hRxBXeijKECQJVNlM\" frameborder=\"0\" scrolling=\"no\" width=\"310\" height=\"430\">\r\n\t\t<\/iframe>\r\n\t\t<textarea name=\"g-recaptcha-response\" rows=\"3\" cols=\"40\" placeholder=\"reCaptcha Response Here\">\r\n\t\t<\/textarea>\r\n\t<\/div>\r\n<\/noscript>\r\n<\/span>\n\t\t<\/p>\n\t<\/div>\n\t<div class=\"flex-item submitbuttons\">\n\t\t<div class=\"flex-container form-buttons\">\n\t\t\t<div class=\"flex-item\">\n\t\t\t\t<p><input class=\"wpcf7-form-control wpcf7-submit has-spinner\" type=\"submit\" value=\"Submit\" \/>\n\t\t\t\t<\/p>\n\t\t\t<\/div>\n\t\t\t<div class=\"flex-item\">\n\t\t\t<\/div>\n\t\t<\/div>\n\t<\/div>\n<\/div><div class=\"wpcf7-response-output\" aria-hidden=\"true\"><\/div>\n<\/form>\n<\/div>\n<\/div>\n\n<\/div><\/div>","protected":false},"excerpt":{"rendered":"<p>Aceite de jojoba puro y org\u00e1nico UN TESORO DE LA BELLEZA NATURAL DEL PER\u00da PARA USTED Per\u00fa es uno de los 17 pa\u00edses considerados con megadiversidad del planeta, en este contexto el desierto costero al oeste en la costa del Pacifico posee un clima equilibrado ideal. Le invitamos a conocer m\u00e1s sobre el cultivo sostenible &#8230; <a title=\"Inicio\" class=\"read-more\" href=\"https:\/\/incaoil.org\/es\/\" aria-label=\"Leer m\u00e1s sobre Inicio\">Leer m\u00e1s<\/a><\/p>\n","protected":false},"author":1,"featured_media":0,"parent":0,"menu_order":0,"comment_status":"closed","ping_status":"closed","template":"","meta":{"footnotes":""},"class_list":["post-1484","page","type-page","status-publish"],"featured_image_src":null,"yoast_head":"<!-- This site is optimized with the Yoast SEO plugin v27.4 - https:\/\/yoast.com\/product\/yoast-seo-wordpress\/ -->\n<title>Inicio - IncaOil<\/title>\n<meta name=\"description\" content=\"As\u00f3ciese con el mayor proveedor de aceite de jojoba org\u00e1nico certificado del mundo para crear productos puros e innovadores a base de jojoba, que sus clientes quieren y necesitan. P\u00f3ngase en contacto con nosotros para hablar de nuestros productos.\" \/>\n<meta name=\"robots\" content=\"index, follow, max-snippet:-1, max-image-preview:large, max-video-preview:-1\" \/>\n<link rel=\"canonical\" href=\"https:\/\/incaoil.org\/es\/\" \/>\n<meta property=\"og:locale\" content=\"es_ES\" \/>\n<meta property=\"og:type\" content=\"article\" \/>\n<meta property=\"og:title\" content=\"Inicio - IncaOil\" \/>\n<meta property=\"og:description\" content=\"As\u00f3ciese con el mayor proveedor de aceite de jojoba org\u00e1nico certificado del mundo para crear productos puros e innovadores a base de jojoba, que sus clientes quieren y necesitan. P\u00f3ngase en contacto con nosotros para hablar de nuestros productos.\" \/>\n<meta property=\"og:url\" content=\"https:\/\/incaoil.org\/es\/\" \/>\n<meta property=\"og:site_name\" content=\"IncaOil\" \/>\n<meta property=\"article:modified_time\" content=\"2024-11-15T12:28:50+00:00\" \/>\n<meta property=\"og:image\" content=\"https:\/\/incaoil.org\/wp-content\/uploads\/2021\/08\/Icons-balance.png\" \/>\n\t<meta property=\"og:image:width\" content=\"125\" \/>\n\t<meta property=\"og:image:height\" content=\"150\" \/>\n\t<meta property=\"og:image:type\" content=\"image\/png\" \/>\n<meta name=\"twitter:card\" content=\"summary_large_image\" \/>\n<meta name=\"twitter:label1\" content=\"Tiempo de lectura\" \/>\n\t<meta name=\"twitter:data1\" content=\"6 minutos\" \/>\n<script type=\"application\/ld+json\" class=\"yoast-schema-graph\">{\"@context\":\"https:\\\/\\\/schema.org\",\"@graph\":[{\"@type\":\"WebPage\",\"@id\":\"https:\\\/\\\/incaoil.org\\\/es\\\/\",\"url\":\"https:\\\/\\\/incaoil.org\\\/es\\\/\",\"name\":\"Inicio - IncaOil\",\"isPartOf\":{\"@id\":\"https:\\\/\\\/incaoil.org\\\/es\\\/#website\"},\"primaryImageOfPage\":{\"@id\":\"https:\\\/\\\/incaoil.org\\\/es\\\/#primaryimage\"},\"image\":{\"@id\":\"https:\\\/\\\/incaoil.org\\\/es\\\/#primaryimage\"},\"thumbnailUrl\":\"https:\\\/\\\/incaoil.org\\\/wp-content\\\/uploads\\\/2021\\\/08\\\/Icons-balance.png\",\"datePublished\":\"2021-08-28T12:26:30+00:00\",\"dateModified\":\"2024-11-15T12:28:50+00:00\",\"description\":\"As\u00f3ciese con el mayor proveedor de aceite de jojoba org\u00e1nico certificado del mundo para crear productos puros e innovadores a base de jojoba, que sus clientes quieren y necesitan. P\u00f3ngase en contacto con nosotros para hablar de nuestros productos.\",\"breadcrumb\":{\"@id\":\"https:\\\/\\\/incaoil.org\\\/es\\\/#breadcrumb\"},\"inLanguage\":\"es\",\"potentialAction\":[{\"@type\":\"ReadAction\",\"target\":[\"https:\\\/\\\/incaoil.org\\\/es\\\/\"]}]},{\"@type\":\"ImageObject\",\"inLanguage\":\"es\",\"@id\":\"https:\\\/\\\/incaoil.org\\\/es\\\/#primaryimage\",\"url\":\"https:\\\/\\\/incaoil.org\\\/wp-content\\\/uploads\\\/2021\\\/08\\\/Icons-balance.png\",\"contentUrl\":\"https:\\\/\\\/incaoil.org\\\/wp-content\\\/uploads\\\/2021\\\/08\\\/Icons-balance.png\"},{\"@type\":\"BreadcrumbList\",\"@id\":\"https:\\\/\\\/incaoil.org\\\/es\\\/#breadcrumb\",\"itemListElement\":[{\"@type\":\"ListItem\",\"position\":1,\"name\":\"Startseite\",\"item\":\"https:\\\/\\\/incaoil.org\\\/es\\\/\"},{\"@type\":\"ListItem\",\"position\":2,\"name\":\"Inicio\"}]},{\"@type\":\"WebSite\",\"@id\":\"https:\\\/\\\/incaoil.org\\\/es\\\/#website\",\"url\":\"https:\\\/\\\/incaoil.org\\\/es\\\/\",\"name\":\"IncaOil.org\",\"description\":\"The real Jojoba\",\"publisher\":{\"@id\":\"https:\\\/\\\/incaoil.org\\\/es\\\/#organization\"},\"potentialAction\":[{\"@type\":\"SearchAction\",\"target\":{\"@type\":\"EntryPoint\",\"urlTemplate\":\"https:\\\/\\\/incaoil.org\\\/es\\\/?s={search_term_string}\"},\"query-input\":{\"@type\":\"PropertyValueSpecification\",\"valueRequired\":true,\"valueName\":\"search_term_string\"}}],\"inLanguage\":\"es\"},{\"@type\":\"Organization\",\"@id\":\"https:\\\/\\\/incaoil.org\\\/es\\\/#organization\",\"name\":\"IncaOil\",\"url\":\"https:\\\/\\\/incaoil.org\\\/es\\\/\",\"logo\":{\"@type\":\"ImageObject\",\"inLanguage\":\"es\",\"@id\":\"https:\\\/\\\/incaoil.org\\\/es\\\/#\\\/schema\\\/logo\\\/image\\\/\",\"url\":\"https:\\\/\\\/incaoil.org\\\/wp-content\\\/uploads\\\/2021\\\/08\\\/incaoil-logo.svg\",\"contentUrl\":\"https:\\\/\\\/incaoil.org\\\/wp-content\\\/uploads\\\/2021\\\/08\\\/incaoil-logo.svg\",\"caption\":\"IncaOil\"},\"image\":{\"@id\":\"https:\\\/\\\/incaoil.org\\\/es\\\/#\\\/schema\\\/logo\\\/image\\\/\"}}]}<\/script>\n<!-- \/ Yoast SEO plugin. -->","yoast_head_json":{"title":"Inicio - IncaOil","description":"As\u00f3ciese con el mayor proveedor de aceite de jojoba org\u00e1nico certificado del mundo para crear productos puros e innovadores a base de jojoba, que sus clientes quieren y necesitan. P\u00f3ngase en contacto con nosotros para hablar de nuestros productos.","robots":{"index":"index","follow":"follow","max-snippet":"max-snippet:-1","max-image-preview":"max-image-preview:large","max-video-preview":"max-video-preview:-1"},"canonical":"https:\/\/incaoil.org\/es\/","og_locale":"es_ES","og_type":"article","og_title":"Inicio - IncaOil","og_description":"As\u00f3ciese con el mayor proveedor de aceite de jojoba org\u00e1nico certificado del mundo para crear productos puros e innovadores a base de jojoba, que sus clientes quieren y necesitan. P\u00f3ngase en contacto con nosotros para hablar de nuestros productos.","og_url":"https:\/\/incaoil.org\/es\/","og_site_name":"IncaOil","article_modified_time":"2024-11-15T12:28:50+00:00","og_image":[{"width":125,"height":150,"url":"https:\/\/incaoil.org\/wp-content\/uploads\/2021\/08\/Icons-balance.png","type":"image\/png"}],"twitter_card":"summary_large_image","twitter_misc":{"Tiempo de lectura":"6 minutos"},"schema":{"@context":"https:\/\/schema.org","@graph":[{"@type":"WebPage","@id":"https:\/\/incaoil.org\/es\/","url":"https:\/\/incaoil.org\/es\/","name":"Inicio - IncaOil","isPartOf":{"@id":"https:\/\/incaoil.org\/es\/#website"},"primaryImageOfPage":{"@id":"https:\/\/incaoil.org\/es\/#primaryimage"},"image":{"@id":"https:\/\/incaoil.org\/es\/#primaryimage"},"thumbnailUrl":"https:\/\/incaoil.org\/wp-content\/uploads\/2021\/08\/Icons-balance.png","datePublished":"2021-08-28T12:26:30+00:00","dateModified":"2024-11-15T12:28:50+00:00","description":"As\u00f3ciese con el mayor proveedor de aceite de jojoba org\u00e1nico certificado del mundo para crear productos puros e innovadores a base de jojoba, que sus clientes quieren y necesitan. P\u00f3ngase en contacto con nosotros para hablar de nuestros productos.","breadcrumb":{"@id":"https:\/\/incaoil.org\/es\/#breadcrumb"},"inLanguage":"es","potentialAction":[{"@type":"ReadAction","target":["https:\/\/incaoil.org\/es\/"]}]},{"@type":"ImageObject","inLanguage":"es","@id":"https:\/\/incaoil.org\/es\/#primaryimage","url":"https:\/\/incaoil.org\/wp-content\/uploads\/2021\/08\/Icons-balance.png","contentUrl":"https:\/\/incaoil.org\/wp-content\/uploads\/2021\/08\/Icons-balance.png"},{"@type":"BreadcrumbList","@id":"https:\/\/incaoil.org\/es\/#breadcrumb","itemListElement":[{"@type":"ListItem","position":1,"name":"Startseite","item":"https:\/\/incaoil.org\/es\/"},{"@type":"ListItem","position":2,"name":"Inicio"}]},{"@type":"WebSite","@id":"https:\/\/incaoil.org\/es\/#website","url":"https:\/\/incaoil.org\/es\/","name":"IncaOil.org","description":"The real Jojoba","publisher":{"@id":"https:\/\/incaoil.org\/es\/#organization"},"potentialAction":[{"@type":"SearchAction","target":{"@type":"EntryPoint","urlTemplate":"https:\/\/incaoil.org\/es\/?s={search_term_string}"},"query-input":{"@type":"PropertyValueSpecification","valueRequired":true,"valueName":"search_term_string"}}],"inLanguage":"es"},{"@type":"Organization","@id":"https:\/\/incaoil.org\/es\/#organization","name":"IncaOil","url":"https:\/\/incaoil.org\/es\/","logo":{"@type":"ImageObject","inLanguage":"es","@id":"https:\/\/incaoil.org\/es\/#\/schema\/logo\/image\/","url":"https:\/\/incaoil.org\/wp-content\/uploads\/2021\/08\/incaoil-logo.svg","contentUrl":"https:\/\/incaoil.org\/wp-content\/uploads\/2021\/08\/incaoil-logo.svg","caption":"IncaOil"},"image":{"@id":"https:\/\/incaoil.org\/es\/#\/schema\/logo\/image\/"}}]}},"_links":{"self":[{"href":"https:\/\/incaoil.org\/es\/wp-json\/wp\/v2\/pages\/1484","targetHints":{"allow":["GET"]}}],"collection":[{"href":"https:\/\/incaoil.org\/es\/wp-json\/wp\/v2\/pages"}],"about":[{"href":"https:\/\/incaoil.org\/es\/wp-json\/wp\/v2\/types\/page"}],"author":[{"embeddable":true,"href":"https:\/\/incaoil.org\/es\/wp-json\/wp\/v2\/users\/1"}],"replies":[{"embeddable":true,"href":"https:\/\/incaoil.org\/es\/wp-json\/wp\/v2\/comments?post=1484"}],"version-history":[{"count":25,"href":"https:\/\/incaoil.org\/es\/wp-json\/wp\/v2\/pages\/1484\/revisions"}],"predecessor-version":[{"id":2404,"href":"https:\/\/incaoil.org\/es\/wp-json\/wp\/v2\/pages\/1484\/revisions\/2404"}],"wp:attachment":[{"href":"https:\/\/incaoil.org\/es\/wp-json\/wp\/v2\/media?parent=1484"}],"curies":[{"name":"wp","href":"https:\/\/api.w.org\/{rel}","templated":true}]}}