{"id":1482,"date":"2021-08-28T14:33:12","date_gmt":"2021-08-28T12:33:12","guid":{"rendered":"https:\/\/incaoil.org\/aviso-de-la-pagina-web-descargo-de-responsabilidad\/"},"modified":"2022-11-21T11:30:37","modified_gmt":"2022-11-21T10:30:37","slug":"aviso-de-la-pagina-web-descargo-de-responsabilidad","status":"publish","type":"page","link":"https:\/\/incaoil.org\/es\/aviso-de-la-pagina-web-descargo-de-responsabilidad\/","title":{"rendered":"Aviso de la p\u00e1gina web &#8211; Descargo de responsabilidad"},"content":{"rendered":"\n<p>Contacto \/ Editor<br\/>INCA OIL SA<br\/>Calle German Schreiber No. 184, Oficina 702<br\/>San Isidro, Lima-Per\u00fa<br\/>Tel. +51 1 221-5954<\/p>\n\n<p>Correo electr\u00f3nico: c.waetjen@incaoil.org<\/p>\n\n<p>Responsable del contenido<br\/>Christian D. Waetjen<\/p>\n\n<p>Registro de la empresa \/ Identificaci\u00f3n personalizada<br\/>N\u00ba RUC 20452281695<\/p>\n\n<p>Descargo de responsabilidad<br\/>Este sitio web www.incaoil.com (el sitio web) es operado por INCA OIL SA (nosotros).<br\/>En INCA OIL mantenemos nuestro sitio web, completo y actualizado seg\u00fan sea necesario, teniendo en cuenta su uso y los intereses de nuestros clientes.<\/p>\n\n<p>La informaci\u00f3n contenida en el sitio web se proporciona de forma gratuita. Usted acepta que utiliza el sitio web bajo su propia responsabilidad.<br\/>El sitio web y toda la propiedad intelectual que lo protege (\u00abContenido\u00bb) son propiedad \u00fanica y exclusiva nuestra o de nuestros licenciantes. Puede ver el sitio web en la pantalla de su ordenador e imprimir su contenido en su impresora \u00fanicamente para su uso personal y no comercial. Sin nuestro consentimiento por escrito, usted no podr\u00e1 utilizar, transferir, adaptar, copiar o reproducir ninguna parte del Contenido, de este Sitio Web o de su c\u00f3digo HTML fuente en su totalidad o en parte. Usted es responsable de cumplir con todas las leyes de esa jurisdicci\u00f3n, al ver o utilizar el Contenido.<br\/>El Sitio Web puede contener enlaces a otros sitios web o recursos de Internet propiedad de terceros y gestionados por ellos. Cuando usted hace clic en uno de esos enlaces, se pone en contacto con otro sitio web o recurso de Internet. No tenemos ninguna responsabilidad ni control sobre esos otros sitios web o recursos de Internet ni sobre la recopilaci\u00f3n, el uso y la divulgaci\u00f3n de su informaci\u00f3n personal.<\/p>\n\n<p>Limitaciones de responsabilidad<br\/>Aunque nos esforzamos por asegurar que la informaci\u00f3n del sitio web es correcta, no ofrecemos ninguna garant\u00eda, ya sea expresa o impl\u00edcita, en relaci\u00f3n con su idoneidad, fiabilidad, integridad o exactitud para cualquier prop\u00f3sito; tampoco nos comprometemos a asegurar que el sitio web siga estando disponible o que el material del sitio web se mantenga actualizado.<br\/>No seremos responsables de ninguna p\u00e9rdida o da\u00f1o que se produzca como resultado de cualquier virus o violaci\u00f3n de la seguridad.<\/p>\n\n<p>Todos los contenidos de este sitio web son: \u00a9 INCA OIL SA 2012.<\/p>\n","protected":false},"excerpt":{"rendered":"<p>Contacto \/ EditorINCA OIL SACalle German Schreiber No. 184, Oficina 702San Isidro, Lima-Per\u00faTel. +51 1 221-5954 Correo electr\u00f3nico: c.waetjen@incaoil.org Responsable del contenidoChristian D. Waetjen Registro de la empresa \/ Identificaci\u00f3n personalizadaN\u00ba RUC 20452281695 Descargo de responsabilidadEste sitio web www.incaoil.com (el sitio web) es operado por INCA OIL SA (nosotros).En INCA OIL mantenemos nuestro sitio web, &#8230; <a title=\"Aviso de la p\u00e1gina web &#8211; Descargo de responsabilidad\" class=\"read-more\" href=\"https:\/\/incaoil.org\/es\/aviso-de-la-pagina-web-descargo-de-responsabilidad\/\" aria-label=\"Leer m\u00e1s sobre Aviso de la p\u00e1gina web &#8211; Descargo de responsabilidad\">Leer m\u00e1s<\/a><\/p>\n","protected":false},"author":1,"featured_media":0,"parent":0,"menu_order":0,"comment_status":"closed","ping_status":"closed","template":"","meta":{"footnotes":""},"class_list":["post-1482","page","type-page","status-publish"],"featured_image_src":null,"yoast_head":"<!-- This site is optimized with the Yoast SEO plugin v27.4 - https:\/\/yoast.com\/product\/yoast-seo-wordpress\/ -->\n<title>Aviso de la p\u00e1gina web - Descargo de responsabilidad - IncaOil<\/title>\n<meta name=\"robots\" content=\"index, follow, max-snippet:-1, max-image-preview:large, max-video-preview:-1\" \/>\n<link rel=\"canonical\" href=\"https:\/\/incaoil.org\/es\/aviso-de-la-pagina-web-descargo-de-responsabilidad\/\" \/>\n<meta property=\"og:locale\" content=\"es_ES\" \/>\n<meta property=\"og:type\" content=\"article\" \/>\n<meta property=\"og:title\" content=\"Aviso de la p\u00e1gina web - Descargo de responsabilidad - IncaOil\" \/>\n<meta property=\"og:description\" content=\"Contacto \/ EditorINCA OIL SACalle German Schreiber No. 184, Oficina 702San Isidro, Lima-Per\u00faTel. +51 1 221-5954 Correo electr\u00f3nico: c.waetjen@incaoil.org Responsable del contenidoChristian D. Waetjen Registro de la empresa \/ Identificaci\u00f3n personalizadaN\u00ba RUC 20452281695 Descargo de responsabilidadEste sitio web www.incaoil.com (el sitio web) es operado por INCA OIL SA (nosotros).En INCA OIL mantenemos nuestro sitio web, ... Leer m\u00e1s\" \/>\n<meta property=\"og:url\" content=\"https:\/\/incaoil.org\/es\/aviso-de-la-pagina-web-descargo-de-responsabilidad\/\" \/>\n<meta property=\"og:site_name\" content=\"IncaOil\" \/>\n<meta property=\"article:modified_time\" content=\"2022-11-21T10:30:37+00:00\" \/>\n<meta name=\"twitter:card\" content=\"summary_large_image\" \/>\n<meta name=\"twitter:label1\" content=\"Tiempo de lectura\" \/>\n\t<meta name=\"twitter:data1\" content=\"2 minutos\" \/>\n<script type=\"application\/ld+json\" class=\"yoast-schema-graph\">{\"@context\":\"https:\\\/\\\/schema.org\",\"@graph\":[{\"@type\":\"WebPage\",\"@id\":\"https:\\\/\\\/incaoil.org\\\/es\\\/aviso-de-la-pagina-web-descargo-de-responsabilidad\\\/\",\"url\":\"https:\\\/\\\/incaoil.org\\\/es\\\/aviso-de-la-pagina-web-descargo-de-responsabilidad\\\/\",\"name\":\"Aviso de la p\u00e1gina web - Descargo de responsabilidad - IncaOil\",\"isPartOf\":{\"@id\":\"https:\\\/\\\/incaoil.org\\\/es\\\/#website\"},\"datePublished\":\"2021-08-28T12:33:12+00:00\",\"dateModified\":\"2022-11-21T10:30:37+00:00\",\"breadcrumb\":{\"@id\":\"https:\\\/\\\/incaoil.org\\\/es\\\/aviso-de-la-pagina-web-descargo-de-responsabilidad\\\/#breadcrumb\"},\"inLanguage\":\"es\",\"potentialAction\":[{\"@type\":\"ReadAction\",\"target\":[\"https:\\\/\\\/incaoil.org\\\/es\\\/aviso-de-la-pagina-web-descargo-de-responsabilidad\\\/\"]}]},{\"@type\":\"BreadcrumbList\",\"@id\":\"https:\\\/\\\/incaoil.org\\\/es\\\/aviso-de-la-pagina-web-descargo-de-responsabilidad\\\/#breadcrumb\",\"itemListElement\":[{\"@type\":\"ListItem\",\"position\":1,\"name\":\"Startseite\",\"item\":\"https:\\\/\\\/incaoil.org\\\/es\\\/\"},{\"@type\":\"ListItem\",\"position\":2,\"name\":\"Aviso de la p\u00e1gina web &#8211; Descargo de responsabilidad\"}]},{\"@type\":\"WebSite\",\"@id\":\"https:\\\/\\\/incaoil.org\\\/es\\\/#website\",\"url\":\"https:\\\/\\\/incaoil.org\\\/es\\\/\",\"name\":\"IncaOil.org\",\"description\":\"The real Jojoba\",\"publisher\":{\"@id\":\"https:\\\/\\\/incaoil.org\\\/es\\\/#organization\"},\"potentialAction\":[{\"@type\":\"SearchAction\",\"target\":{\"@type\":\"EntryPoint\",\"urlTemplate\":\"https:\\\/\\\/incaoil.org\\\/es\\\/?s={search_term_string}\"},\"query-input\":{\"@type\":\"PropertyValueSpecification\",\"valueRequired\":true,\"valueName\":\"search_term_string\"}}],\"inLanguage\":\"es\"},{\"@type\":\"Organization\",\"@id\":\"https:\\\/\\\/incaoil.org\\\/es\\\/#organization\",\"name\":\"IncaOil\",\"url\":\"https:\\\/\\\/incaoil.org\\\/es\\\/\",\"logo\":{\"@type\":\"ImageObject\",\"inLanguage\":\"es\",\"@id\":\"https:\\\/\\\/incaoil.org\\\/es\\\/#\\\/schema\\\/logo\\\/image\\\/\",\"url\":\"https:\\\/\\\/incaoil.org\\\/wp-content\\\/uploads\\\/2021\\\/08\\\/incaoil-logo.svg\",\"contentUrl\":\"https:\\\/\\\/incaoil.org\\\/wp-content\\\/uploads\\\/2021\\\/08\\\/incaoil-logo.svg\",\"caption\":\"IncaOil\"},\"image\":{\"@id\":\"https:\\\/\\\/incaoil.org\\\/es\\\/#\\\/schema\\\/logo\\\/image\\\/\"}}]}<\/script>\n<!-- \/ Yoast SEO plugin. -->","yoast_head_json":{"title":"Aviso de la p\u00e1gina web - Descargo de responsabilidad - IncaOil","robots":{"index":"index","follow":"follow","max-snippet":"max-snippet:-1","max-image-preview":"max-image-preview:large","max-video-preview":"max-video-preview:-1"},"canonical":"https:\/\/incaoil.org\/es\/aviso-de-la-pagina-web-descargo-de-responsabilidad\/","og_locale":"es_ES","og_type":"article","og_title":"Aviso de la p\u00e1gina web - Descargo de responsabilidad - IncaOil","og_description":"Contacto \/ EditorINCA OIL SACalle German Schreiber No. 184, Oficina 702San Isidro, Lima-Per\u00faTel. +51 1 221-5954 Correo electr\u00f3nico: c.waetjen@incaoil.org Responsable del contenidoChristian D. Waetjen Registro de la empresa \/ Identificaci\u00f3n personalizadaN\u00ba RUC 20452281695 Descargo de responsabilidadEste sitio web www.incaoil.com (el sitio web) es operado por INCA OIL SA (nosotros).En INCA OIL mantenemos nuestro sitio web, ... Leer m\u00e1s","og_url":"https:\/\/incaoil.org\/es\/aviso-de-la-pagina-web-descargo-de-responsabilidad\/","og_site_name":"IncaOil","article_modified_time":"2022-11-21T10:30:37+00:00","twitter_card":"summary_large_image","twitter_misc":{"Tiempo de lectura":"2 minutos"},"schema":{"@context":"https:\/\/schema.org","@graph":[{"@type":"WebPage","@id":"https:\/\/incaoil.org\/es\/aviso-de-la-pagina-web-descargo-de-responsabilidad\/","url":"https:\/\/incaoil.org\/es\/aviso-de-la-pagina-web-descargo-de-responsabilidad\/","name":"Aviso de la p\u00e1gina web - Descargo de responsabilidad - IncaOil","isPartOf":{"@id":"https:\/\/incaoil.org\/es\/#website"},"datePublished":"2021-08-28T12:33:12+00:00","dateModified":"2022-11-21T10:30:37+00:00","breadcrumb":{"@id":"https:\/\/incaoil.org\/es\/aviso-de-la-pagina-web-descargo-de-responsabilidad\/#breadcrumb"},"inLanguage":"es","potentialAction":[{"@type":"ReadAction","target":["https:\/\/incaoil.org\/es\/aviso-de-la-pagina-web-descargo-de-responsabilidad\/"]}]},{"@type":"BreadcrumbList","@id":"https:\/\/incaoil.org\/es\/aviso-de-la-pagina-web-descargo-de-responsabilidad\/#breadcrumb","itemListElement":[{"@type":"ListItem","position":1,"name":"Startseite","item":"https:\/\/incaoil.org\/es\/"},{"@type":"ListItem","position":2,"name":"Aviso de la p\u00e1gina web &#8211; Descargo de responsabilidad"}]},{"@type":"WebSite","@id":"https:\/\/incaoil.org\/es\/#website","url":"https:\/\/incaoil.org\/es\/","name":"IncaOil.org","description":"The real Jojoba","publisher":{"@id":"https:\/\/incaoil.org\/es\/#organization"},"potentialAction":[{"@type":"SearchAction","target":{"@type":"EntryPoint","urlTemplate":"https:\/\/incaoil.org\/es\/?s={search_term_string}"},"query-input":{"@type":"PropertyValueSpecification","valueRequired":true,"valueName":"search_term_string"}}],"inLanguage":"es"},{"@type":"Organization","@id":"https:\/\/incaoil.org\/es\/#organization","name":"IncaOil","url":"https:\/\/incaoil.org\/es\/","logo":{"@type":"ImageObject","inLanguage":"es","@id":"https:\/\/incaoil.org\/es\/#\/schema\/logo\/image\/","url":"https:\/\/incaoil.org\/wp-content\/uploads\/2021\/08\/incaoil-logo.svg","contentUrl":"https:\/\/incaoil.org\/wp-content\/uploads\/2021\/08\/incaoil-logo.svg","caption":"IncaOil"},"image":{"@id":"https:\/\/incaoil.org\/es\/#\/schema\/logo\/image\/"}}]}},"_links":{"self":[{"href":"https:\/\/incaoil.org\/es\/wp-json\/wp\/v2\/pages\/1482","targetHints":{"allow":["GET"]}}],"collection":[{"href":"https:\/\/incaoil.org\/es\/wp-json\/wp\/v2\/pages"}],"about":[{"href":"https:\/\/incaoil.org\/es\/wp-json\/wp\/v2\/types\/page"}],"author":[{"embeddable":true,"href":"https:\/\/incaoil.org\/es\/wp-json\/wp\/v2\/users\/1"}],"replies":[{"embeddable":true,"href":"https:\/\/incaoil.org\/es\/wp-json\/wp\/v2\/comments?post=1482"}],"version-history":[{"count":4,"href":"https:\/\/incaoil.org\/es\/wp-json\/wp\/v2\/pages\/1482\/revisions"}],"predecessor-version":[{"id":1979,"href":"https:\/\/incaoil.org\/es\/wp-json\/wp\/v2\/pages\/1482\/revisions\/1979"}],"wp:attachment":[{"href":"https:\/\/incaoil.org\/es\/wp-json\/wp\/v2\/media?parent=1482"}],"curies":[{"name":"wp","href":"https:\/\/api.w.org\/{rel}","templated":true}]}}