{"id":1469,"date":"2021-08-27T13:04:17","date_gmt":"2021-08-27T11:04:17","guid":{"rendered":"https:\/\/incaoil.org\/sobre-la-jojoba\/"},"modified":"2022-11-10T17:30:00","modified_gmt":"2022-11-10T16:30:00","slug":"sobre-la-jojoba","status":"publish","type":"page","link":"https:\/\/incaoil.org\/es\/sobre-la-jojoba\/","title":{"rendered":"Sobre la jojoba"},"content":{"rendered":"<div class=\"gb-container gb-container-60b10357 z-index-2 alignfull\"><div class=\"gb-inside-container\">\n<div class=\"gb-grid-wrapper gb-grid-wrapper-72f05d93\">\n<div class=\"gb-grid-column gb-grid-column-1699bf3b\"><div class=\"gb-container gb-container-1699bf3b\"><div class=\"gb-inside-container\">\n\n<h1 class=\"gb-headline gb-headline-a78c65bc gb-headline-text\">Aceite de jojoba puro: todo lo que necesitas saber sobre sus beneficios y usos<\/h1>\n\n\n\n<p>Numerosas pruebas realizadas en las \u00faltimas d\u00e9cadas han demostrado que la jojoba es un ingrediente seguro y muy apreciado en una gran variedad de productos cosm\u00e9ticos. Debido a sus caracter\u00edsticas moleculares, la jojoba natural pura tiene una vida \u00fatil extraordinariamente larga y no necesita ning\u00fan estabilizador ni conservante.<\/p>\n\n<\/div><\/div><\/div>\n\n<div class=\"gb-grid-column gb-grid-column-80d3dfad\"><div class=\"gb-container gb-container-80d3dfad\"><div class=\"gb-inside-container\"><\/div><\/div><\/div>\n<\/div>\n\n<div class=\"gb-grid-wrapper gb-grid-wrapper-226280c9\">\n<div class=\"gb-grid-column gb-grid-column-bedd96f2\"><div class=\"gb-container gb-container-bedd96f2\"><div class=\"gb-inside-container\"><\/div><\/div><\/div>\n\n<div class=\"gb-grid-column gb-grid-column-8b0fc19d\"><div class=\"gb-container gb-container-8b0fc19d\"><div class=\"gb-inside-container\">\n\n<h2 class=\"gb-headline gb-headline-0cd01af6 gb-headline-text\">Productos para el cuidado de la piel con aceite de jojoba<\/h2>\n\n\n\n<p>La jojoba se disuelve f\u00e1cilmente en la capa lip\u00eddica, evitando as\u00ed la p\u00e9rdida de humedad y mejorando la elasticidad de la piel. Puede utilizarse puro o como ingrediente valioso en cualquier tipo de formulaci\u00f3n. La jojoba es excepcionalmente suave para las pieles sensibles, as\u00ed como para las pieles de los beb\u00e9s, las pieles pre-da\u00f1adas o las pieles maduras. En las f\u00f3rmulas para el cuidado del beb\u00e9, la jojoba puede sustituir a la glicerina. El FPS inherente de 4 ayuda de forma natural en los productos de protecci\u00f3n solar. Adem\u00e1s, la jojoba reduce la inflamaci\u00f3n y la descamaci\u00f3n. Como la jojoba no puede ser metabolizada por la mayor\u00eda de las bacterias residentes en la piel, ayuda en los procesos de curaci\u00f3n y en el tratamiento de afecciones cut\u00e1neas como la psoriasis y el eczema at\u00f3pico.<\/p>\n\n<\/div><\/div><\/div>\n<\/div>\n\n<div class=\"gb-grid-wrapper gb-grid-wrapper-4f6d4013\">\n<div class=\"gb-grid-column gb-grid-column-b1dc012b\"><div class=\"gb-container gb-container-b1dc012b\"><div class=\"gb-inside-container\">\n\n<h2 class=\"gb-headline gb-headline-a08dac2d gb-headline-text\">Productos para el cuidado del cabello con aceite de jojoba<\/h2>\n\n\n\n<p>La jojoba penetra en el cuero cabelludo y en los fol\u00edculos pilosos sin obstruir los poros ni acumularse. Tradicionalmente se ha utilizado en el cuidado del cabello para alisar la superficie del mismo, ayudando con las puntas abiertas y beneficiando al cabello con brillo, y mejorando su peinabilidad.<\/p>\n\n\n\n<div style=\"height:100px\" aria-hidden=\"true\" class=\"wp-block-spacer\"><\/div>\n\n<\/div><\/div><\/div>\n\n<div class=\"gb-grid-column gb-grid-column-2bf753e8\"><div class=\"gb-container gb-container-2bf753e8\"><div class=\"gb-inside-container\"><\/div><\/div><\/div>\n<\/div>\n\n<div class=\"gb-grid-wrapper gb-grid-wrapper-527e2651\">\n<div class=\"gb-grid-column gb-grid-column-33b1a53c\"><div class=\"gb-container gb-container-33b1a53c\"><div class=\"gb-inside-container\">\n\n<figure class=\"wp-block-image size-full\"><img loading=\"lazy\" decoding=\"async\" width=\"1\" height=\"1\" src=\"https:\/\/incaoil.org\/wp-content\/uploads\/2021\/11\/shelled-jojoba-nuts-on-hand.png\" alt=\"nueces de jojoba sin c\u00e1scara en la mano\" class=\"wp-image-609\"\/><\/figure>\n\n<\/div><\/div><\/div>\n\n<div class=\"gb-grid-column gb-grid-column-c1074641\"><div class=\"gb-container gb-container-c1074641\"><div class=\"gb-inside-container\">\n\n<h2 class=\"gb-headline gb-headline-ef300ecb gb-headline-text\">Procesamiento de la jojoba<\/h2>\n\n\n\n<p>Nuestros productos de jojoba son 100% naturales, puro aceite de semilla de Simmondsia Chinensis y libre de herbicidas, pesticidas y fungicidas. Nuestras plantaciones, el procesamiento y algunos productos est\u00e1n certificados como ecol\u00f3gicos seg\u00fan las normas de Estados Unidos (NOP), la Uni\u00f3n Europea (IFOAM) y Jap\u00f3n (JAS).<\/p>\n\n<\/div><\/div><\/div>\n<\/div>\n\n<div class=\"gb-grid-wrapper gb-grid-wrapper-d4dda7c4\">\n<div class=\"gb-grid-column gb-grid-column-9fb1011d\"><div class=\"gb-container gb-container-9fb1011d\"><div class=\"gb-inside-container\">\n\n<p>Toda la Jojoba es prensada en fr\u00edo y filtrada. Todos los filtros y recipientes utilizados cumplen las normas ISO y est\u00e1n homologados para su uso en la industria alimentaria. Siempre utilizamos envases nuevos para los embalajes. Nuestros lotes est\u00e1n numerados y son totalmente rastreables. La calidad de cada lote se controla en la elaboraci\u00f3n y se comprueba adem\u00e1s en un laboratorio independiente.<\/p>\n\n\n\n<div style=\"height:100px\" aria-hidden=\"true\" class=\"wp-block-spacer\"><\/div>\n\n<\/div><\/div><\/div>\n\n<div class=\"gb-grid-column gb-grid-column-c5a3974d\"><div class=\"gb-container gb-container-c5a3974d\"><div class=\"gb-inside-container\">\n\n<figure class=\"wp-block-image size-full\"><img loading=\"lazy\" decoding=\"async\" width=\"1\" height=\"1\" src=\"https:\/\/incaoil.org\/wp-content\/uploads\/2021\/11\/one-female-employees-sorting-organic-jojoba-crop.png\" alt=\"una-empleada-que-clasifica-el-cultivo-org\u00e1nico-de-joba\" class=\"wp-image-608\"\/><\/figure>\n\n<\/div><\/div><\/div>\n<\/div>\n<\/div><div class=\"gb-shapes\"><div class=\"gb-shape gb-shape-1\"><svg xmlns=\"http:\/\/www.w3.org\/2000\/svg\" viewBox=\"0 0 1200 50\" preserveAspectRatio=\"none\"><path d=\"M1200 0v50H0V0h560l40 30 40-30z\"\/><\/svg><\/div><\/div><\/div>\n\n<div class=\"gb-container gb-container-d3d58f76\"><div class=\"gb-inside-container\">\n\n<h2 class=\"gb-headline gb-headline-3f5b2710 gb-headline-text\">Datos de la jojoba<\/h2>\n\n\n\n<p>Como adaptaci\u00f3n a las duras condiciones del desierto de Sonora, la planta de Jojoba ha desarrollado una perfecta protecci\u00f3n contra la p\u00e9rdida de agua. Los \u00e9steres de cera en una composici\u00f3n \u00fanica forman una gruesa capa sobre las hojas y act\u00faan como barrera contra la evaporaci\u00f3n. Adem\u00e1s, los l\u00edpidos de reserva de las semillas se componen en un 97% de \u00e9steres de cera, que resisten a la oxidaci\u00f3n, retienen la humedad y encarnan una protecci\u00f3n natural contra los rayos UV. Esto tambi\u00e9n tiene un impacto positivo en cualquier tipo de formulaci\u00f3n. Estos caracteres inherentes a la jojoba benefician a los cosm\u00e9ticos con excelentes propiedades suavizantes, emolientes e hidratantes. En primer lugar, el 25-30% de los \u00e9steres de cera de jojoba son similares al sebo de la piel humana. Esto permite que la jojoba, incluidos sus solutos, penetre profundamente en la piel sin obstruir los poros. As\u00ed, la jojoba supera las propiedades de los aceites vegetales triglic\u00e9ridos en las aplicaciones cosm\u00e9ticas en muchos aspectos funcionales.<\/p>\n\n<\/div><\/div>\n\n<div class=\"gb-container gb-container-aadd01d9 alignfull\"><div class=\"gb-inside-container\">\n<div class=\"gb-grid-wrapper gb-grid-wrapper-97a91838\">\n<div class=\"gb-grid-column gb-grid-column-58d08c28\"><div class=\"gb-container gb-container-58d08c28\"><div class=\"gb-inside-container\">\n\n<figure class=\"wp-block-image size-full\"><img loading=\"lazy\" decoding=\"async\" width=\"1\" height=\"1\" src=\"https:\/\/incaoil.org\/wp-content\/uploads\/2021\/11\/hands-grab-in-a-bag-with-jojoba.png\" alt=\"manos-en-una-bolsa-con-jojoba\" class=\"wp-image-610\"\/><\/figure>\n\n<\/div><\/div><\/div>\n\n<div class=\"gb-grid-column gb-grid-column-2c7593d3\"><div class=\"gb-container gb-container-2c7593d3\"><div class=\"gb-inside-container\">\n\n<h2 class=\"gb-headline gb-headline-a91e9670 gb-headline-text\">Historia de la jojoba  <\/h2>\n\n\n\n<p>La jojoba (Simmondsia chinensis) es un arbusto de hoja perenne, resistente a la sequ\u00eda, con un \u00e1rea de distribuci\u00f3n geogr\u00e1fica original desde el suroeste de Estados Unidos hasta el norte de M\u00e9xico. Las tribus ind\u00edgenas del desierto de Sonora utilizaban tradicionalmente las semillas molidas para impulsar el proceso de curaci\u00f3n de las heridas abiertas. Adem\u00e1s, utilizaban las semillas como supresor del apetito durante sus largas caminatas. Se redescubri\u00f3 a finales de los a\u00f1os setenta, cuando se prohibi\u00f3 internacionalmente la caza de ballenas. Luego inici\u00f3 su imparable y triunfal marcha hacia la cosm\u00e9tica y el cuidado personal.<\/p>\n\n<\/div><\/div><\/div>\n<\/div>\n<\/div><\/div>\n\n<div class=\"gb-container gb-container-0eaeeda5\"><div class=\"gb-inside-container\">\n\n<h2 class=\"gb-headline gb-headline-7d2c870f gb-headline-text\">Contacte con nosotros para hablar de nuestros productos y disponibilidades. Estaremos encantados de responder a todas sus preguntas sobre nuestros productos.<\/h2>\n\n\n\n<p>No dude en echar un vistazo a nuestro FAQ para obtener m\u00e1s informaci\u00f3n o p\u00f3ngase en contacto con nosotros directamente que con gusto lo ayudaremos.<\/p>\n\n\n\n<p><strong><strong>\u00bfQu\u00e9 productos le interesan?<\/strong><\/strong><\/p>\n\n\n\n<div class=\"wp-block-contact-form-7-contact-form-selector\">\n<div class=\"wpcf7 no-js\" id=\"wpcf7-f1617-o1\" lang=\"es-ES\" dir=\"ltr\" data-wpcf7-id=\"1617\">\n<div class=\"screen-reader-response\"><p role=\"status\" aria-live=\"polite\" aria-atomic=\"true\"><\/p> <ul><\/ul><\/div>\n<form action=\"\/es\/wp-json\/wp\/v2\/pages\/1469#wpcf7-f1617-o1\" method=\"post\" class=\"wpcf7-form init\" aria-label=\"Formulario de contacto\" novalidate=\"novalidate\" data-status=\"init\">\n<fieldset class=\"hidden-fields-container\"><input type=\"hidden\" name=\"_wpcf7\" value=\"1617\" \/><input type=\"hidden\" name=\"_wpcf7_version\" value=\"6.1.5\" \/><input type=\"hidden\" name=\"_wpcf7_locale\" value=\"es_ES\" \/><input type=\"hidden\" name=\"_wpcf7_unit_tag\" value=\"wpcf7-f1617-o1\" \/><input type=\"hidden\" name=\"_wpcf7_container_post\" value=\"0\" \/><input type=\"hidden\" name=\"_wpcf7_posted_data_hash\" value=\"\" \/><input type=\"hidden\" name=\"_wpcf7_recaptcha_response\" value=\"\" \/>\n<\/fieldset>\n<div class=\"flex-container checkboxes\">\n\t<div class=\"flex-item\">\n\t\t<p><span class=\"wpcf7-form-control-wrap\" data-name=\"checkbox-oil\"><span class=\"wpcf7-form-control wpcf7-checkbox\"><span class=\"wpcf7-list-item first last\"><label><input type=\"checkbox\" name=\"checkbox-oil[]\" value=\"Jojobaoil Gold\" \/><span class=\"wpcf7-list-item-label\">Jojobaoil Gold<\/span><\/label><\/span><\/span><\/span>\n\t\t<\/p>\n\t<\/div>\n\t<div class=\"flex-item\">\n\t\t<p><span class=\"wpcf7-form-control-wrap\" data-name=\"checkbox-oil-light\"><span class=\"wpcf7-form-control wpcf7-checkbox\"><span class=\"wpcf7-list-item first last\"><label><input type=\"checkbox\" name=\"checkbox-oil-light[]\" value=\"Jojobaoil Lite\" \/><span class=\"wpcf7-list-item-label\">Jojobaoil Lite<\/span><\/label><\/span><\/span><\/span>\n\t\t<\/p>\n\t<\/div>\n\t<div class=\"flex-item \">\n\t\t<p><span class=\"wpcf7-form-control-wrap\" data-name=\"checkbox-oil-organic\"><span class=\"wpcf7-form-control wpcf7-checkbox\"><span class=\"wpcf7-list-item first last\"><label><input type=\"checkbox\" name=\"checkbox-oil-organic[]\" value=\"Jojobaoil Organic\" \/><span class=\"wpcf7-list-item-label\">Jojobaoil Organic<\/span><\/label><\/span><\/span><\/span>\n\t\t<\/p>\n\t<\/div>\n\t<div class=\"flex-item\">\n\t\t<p><span class=\"wpcf7-form-control-wrap\" data-name=\"checkbox-flakes-beads\"><span class=\"wpcf7-form-control wpcf7-checkbox\"><span class=\"wpcf7-list-item first last\"><label><input type=\"checkbox\" name=\"checkbox-flakes-beads[]\" value=\"INCA GUM\" \/><span class=\"wpcf7-list-item-label\">INCA GUM<\/span><\/label><\/span><\/span><\/span>\n\t\t<\/p>\n\t<\/div>\n<\/div>\n<div class=\"flex-container inputs\">\n\t<div class=\"flex-item fields-left\">\n\t\t<div class=\"flex-left\">\n\t\t\t<p><span class=\"wpcf7-form-control-wrap\" data-name=\"text-474\"><input size=\"40\" maxlength=\"400\" class=\"wpcf7-form-control wpcf7-text\" aria-invalid=\"false\" placeholder=\"Empresa\" value=\"\" type=\"text\" name=\"text-474\" \/><\/span>\n\t\t\t<\/p>\n\t\t<\/div>\n\t\t<div class=\"flex-left\">\n\t\t\t<p><span class=\"wpcf7-form-control-wrap\" data-name=\"text-475\"><input size=\"40\" maxlength=\"400\" class=\"wpcf7-form-control wpcf7-text\" aria-invalid=\"false\" placeholder=\"Su nombre\" value=\"\" type=\"text\" name=\"text-475\" \/><\/span>\n\t\t\t<\/p>\n\t\t<\/div>\n\t\t<div class=\"flex-left\">\n\t\t\t<p><span class=\"wpcf7-form-control-wrap\" data-name=\"text-477\"><input size=\"40\" maxlength=\"400\" class=\"wpcf7-form-control wpcf7-text\" aria-invalid=\"false\" placeholder=\"Tel\u00e9fono\" value=\"\" type=\"text\" name=\"text-477\" \/><\/span>\n\t\t\t<\/p>\n\t\t<\/div>\n\t\t<div class=\"flex-left\">\n\t\t\t<p><span class=\"wpcf7-form-control-wrap\" data-name=\"text-478\"><input size=\"40\" maxlength=\"400\" class=\"wpcf7-form-control wpcf7-email wpcf7-validates-as-required wpcf7-text wpcf7-validates-as-email\" aria-required=\"true\" aria-invalid=\"false\" placeholder=\"Su direcci\u00f3n de correo electr\u00f3nico\" value=\"\" type=\"email\" name=\"text-478\" \/><\/span><br \/>\n<span id=\"wpcf7-69e751b740933-wrapper\" class=\"wpcf7-form-control-wrap yourUrl-wrap\" ><label for=\"wpcf7-69e751b740933-field\" class=\"hp-message\">Por favor, deja este campo vac\u00edo.<\/label><input id=\"wpcf7-69e751b740933-field\"  class=\"wpcf7-form-control wpcf7-text\" type=\"text\" name=\"yourUrl\" value=\"\" size=\"40\" tabindex=\"-1\" autocomplete=\"new-password\" \/><\/span>\n\t\t\t<\/p>\n\t\t<\/div>\n\t<\/div>\n\t<div class=\"flex-item fields-right\">\n\t\t<p><span class=\"wpcf7-form-control-wrap\" data-name=\"textarea-86\"><textarea cols=\"40\" rows=\"10\" maxlength=\"2000\" class=\"wpcf7-form-control wpcf7-textarea\" aria-invalid=\"false\" placeholder=\"Mensaje\" name=\"textarea-86\"><\/textarea><\/span>\n\t\t<\/p>\n\t<\/div>\n<\/div>\n<div class=\"flex-container formlastrow\">\n\t<div class=\"flex-item agbs\">\n\t\t<p><span class=\"wpcf7-form-control-wrap\" data-name=\"checkbox-114\"><span class=\"wpcf7-form-control wpcf7-checkbox wpcf7-validates-as-required\"><span class=\"wpcf7-list-item first last\"><label><input type=\"checkbox\" name=\"checkbox-114[]\" value=\"Acepto la pol\u00edtica de privacidad\" \/><span class=\"wpcf7-list-item-label\">Acepto la pol\u00edtica de privacidad<\/span><\/label><\/span><\/span><\/span><br \/>\n<span class=\"wpcf7-form-control-wrap\" data-name=\"checkbox-214\"><span class=\"wpcf7-form-control wpcf7-checkbox wpcf7-validates-as-required\"><span class=\"wpcf7-list-item first last\"><label><input type=\"checkbox\" name=\"checkbox-214[]\" value=\"Estoy de acuerdo con los T&amp;Cs\" \/><span class=\"wpcf7-list-item-label\">Estoy de acuerdo con los T&amp;Cs<\/span><\/label><\/span><\/span><\/span><br \/>\n\t\t<span class=\"wpcf7-form-control-wrap recaptcha\" data-name=\"recaptcha\"><span data-sitekey=\"6LdBiVciAAAAAHcbr5oy5x1hRxBXeijKECQJVNlM\" class=\"wpcf7-form-control wpcf7-recaptcha g-recaptcha\"><\/span>\r\n<noscript>\r\n\t<div class=\"grecaptcha-noscript\">\r\n\t\t<iframe loading=\"lazy\" src=\"https:\/\/www.google.com\/recaptcha\/api\/fallback?k=6LdBiVciAAAAAHcbr5oy5x1hRxBXeijKECQJVNlM\" frameborder=\"0\" scrolling=\"no\" width=\"310\" height=\"430\">\r\n\t\t<\/iframe>\r\n\t\t<textarea name=\"g-recaptcha-response\" rows=\"3\" cols=\"40\" placeholder=\"Aqu\u00ed la respuesta de reCAPTCHA\">\r\n\t\t<\/textarea>\r\n\t<\/div>\r\n<\/noscript>\r\n<\/span>\n\t\t<\/p>\n\t<\/div>\n\t<div class=\"flex-item submitbuttons\">\n\t\t<div class=\"flex-container form-buttons\">\n\t\t\t<div class=\"flex-item\">\n\t\t\t\t<p><input class=\"wpcf7-form-control wpcf7-submit has-spinner\" type=\"submit\" value=\"Submit\" \/>\n\t\t\t\t<\/p>\n\t\t\t<\/div>\n\t\t\t<div class=\"flex-item\">\n\t\t\t<\/div>\n\t\t<\/div>\n\t<\/div>\n<\/div><div class=\"wpcf7-response-output\" aria-hidden=\"true\"><\/div>\n<\/form>\n<\/div>\n<\/div>\n\n<\/div><\/div>","protected":false},"excerpt":{"rendered":"<p>Datos de la jojoba Como adaptaci\u00f3n a las duras condiciones del desierto de Sonora, la planta de Jojoba ha desarrollado una perfecta protecci\u00f3n contra la p\u00e9rdida de agua. Los \u00e9steres de cera en una composici\u00f3n \u00fanica forman una gruesa capa sobre las hojas y act\u00faan como barrera contra la evaporaci\u00f3n. Adem\u00e1s, los l\u00edpidos de reserva &#8230; <a title=\"Sobre la jojoba\" class=\"read-more\" href=\"https:\/\/incaoil.org\/es\/sobre-la-jojoba\/\" aria-label=\"Leer m\u00e1s sobre Sobre la jojoba\">Leer m\u00e1s<\/a><\/p>\n","protected":false},"author":1,"featured_media":0,"parent":0,"menu_order":0,"comment_status":"closed","ping_status":"open","template":"","meta":{"footnotes":""},"class_list":["post-1469","page","type-page","status-publish"],"featured_image_src":null,"yoast_head":"<!-- This site is optimized with the Yoast SEO plugin v27.4 - https:\/\/yoast.com\/product\/yoast-seo-wordpress\/ -->\n<title>Sobre la jojoba - IncaOil<\/title>\n<meta name=\"description\" content=\"Compre aceite de jojoba org\u00e1nico al por mayor directamente de la fuente con cortos tiempos de entrega y tr\u00e1nsito.\" \/>\n<meta name=\"robots\" content=\"index, follow, max-snippet:-1, max-image-preview:large, max-video-preview:-1\" \/>\n<link rel=\"canonical\" href=\"https:\/\/incaoil.org\/es\/sobre-la-jojoba\/\" \/>\n<meta property=\"og:locale\" content=\"es_ES\" \/>\n<meta property=\"og:type\" content=\"article\" \/>\n<meta property=\"og:title\" content=\"Sobre la jojoba - IncaOil\" \/>\n<meta property=\"og:description\" content=\"Compre aceite de jojoba org\u00e1nico al por mayor directamente de la fuente con cortos tiempos de entrega y tr\u00e1nsito.\" \/>\n<meta property=\"og:url\" content=\"https:\/\/incaoil.org\/es\/sobre-la-jojoba\/\" \/>\n<meta property=\"og:site_name\" content=\"IncaOil\" \/>\n<meta property=\"article:modified_time\" content=\"2022-11-10T16:30:00+00:00\" \/>\n<meta property=\"og:image\" content=\"https:\/\/incaoil.org\/wp-content\/uploads\/2021\/11\/shelled-jojoba-nuts-on-hand.png\" \/>\n<meta name=\"twitter:card\" content=\"summary_large_image\" \/>\n<meta name=\"twitter:label1\" content=\"Tiempo de lectura\" \/>\n\t<meta name=\"twitter:data1\" content=\"4 minutos\" \/>\n<script type=\"application\/ld+json\" class=\"yoast-schema-graph\">{\"@context\":\"https:\\\/\\\/schema.org\",\"@graph\":[{\"@type\":\"WebPage\",\"@id\":\"https:\\\/\\\/incaoil.org\\\/es\\\/sobre-la-jojoba\\\/\",\"url\":\"https:\\\/\\\/incaoil.org\\\/es\\\/sobre-la-jojoba\\\/\",\"name\":\"Sobre la jojoba - IncaOil\",\"isPartOf\":{\"@id\":\"https:\\\/\\\/incaoil.org\\\/es\\\/#website\"},\"primaryImageOfPage\":{\"@id\":\"https:\\\/\\\/incaoil.org\\\/es\\\/sobre-la-jojoba\\\/#primaryimage\"},\"image\":{\"@id\":\"https:\\\/\\\/incaoil.org\\\/es\\\/sobre-la-jojoba\\\/#primaryimage\"},\"thumbnailUrl\":\"https:\\\/\\\/incaoil.org\\\/wp-content\\\/uploads\\\/2021\\\/11\\\/shelled-jojoba-nuts-on-hand.png\",\"datePublished\":\"2021-08-27T11:04:17+00:00\",\"dateModified\":\"2022-11-10T16:30:00+00:00\",\"description\":\"Compre aceite de jojoba org\u00e1nico al por mayor directamente de la fuente con cortos tiempos de entrega y tr\u00e1nsito.\",\"breadcrumb\":{\"@id\":\"https:\\\/\\\/incaoil.org\\\/es\\\/sobre-la-jojoba\\\/#breadcrumb\"},\"inLanguage\":\"es\",\"potentialAction\":[{\"@type\":\"ReadAction\",\"target\":[\"https:\\\/\\\/incaoil.org\\\/es\\\/sobre-la-jojoba\\\/\"]}]},{\"@type\":\"ImageObject\",\"inLanguage\":\"es\",\"@id\":\"https:\\\/\\\/incaoil.org\\\/es\\\/sobre-la-jojoba\\\/#primaryimage\",\"url\":\"https:\\\/\\\/incaoil.org\\\/wp-content\\\/uploads\\\/2021\\\/11\\\/shelled-jojoba-nuts-on-hand.png\",\"contentUrl\":\"https:\\\/\\\/incaoil.org\\\/wp-content\\\/uploads\\\/2021\\\/11\\\/shelled-jojoba-nuts-on-hand.png\"},{\"@type\":\"BreadcrumbList\",\"@id\":\"https:\\\/\\\/incaoil.org\\\/es\\\/sobre-la-jojoba\\\/#breadcrumb\",\"itemListElement\":[{\"@type\":\"ListItem\",\"position\":1,\"name\":\"Startseite\",\"item\":\"https:\\\/\\\/incaoil.org\\\/es\\\/\"},{\"@type\":\"ListItem\",\"position\":2,\"name\":\"Sobre la jojoba\"}]},{\"@type\":\"WebSite\",\"@id\":\"https:\\\/\\\/incaoil.org\\\/es\\\/#website\",\"url\":\"https:\\\/\\\/incaoil.org\\\/es\\\/\",\"name\":\"IncaOil.org\",\"description\":\"The real Jojoba\",\"publisher\":{\"@id\":\"https:\\\/\\\/incaoil.org\\\/es\\\/#organization\"},\"potentialAction\":[{\"@type\":\"SearchAction\",\"target\":{\"@type\":\"EntryPoint\",\"urlTemplate\":\"https:\\\/\\\/incaoil.org\\\/es\\\/?s={search_term_string}\"},\"query-input\":{\"@type\":\"PropertyValueSpecification\",\"valueRequired\":true,\"valueName\":\"search_term_string\"}}],\"inLanguage\":\"es\"},{\"@type\":\"Organization\",\"@id\":\"https:\\\/\\\/incaoil.org\\\/es\\\/#organization\",\"name\":\"IncaOil\",\"url\":\"https:\\\/\\\/incaoil.org\\\/es\\\/\",\"logo\":{\"@type\":\"ImageObject\",\"inLanguage\":\"es\",\"@id\":\"https:\\\/\\\/incaoil.org\\\/es\\\/#\\\/schema\\\/logo\\\/image\\\/\",\"url\":\"https:\\\/\\\/incaoil.org\\\/wp-content\\\/uploads\\\/2021\\\/08\\\/incaoil-logo.svg\",\"contentUrl\":\"https:\\\/\\\/incaoil.org\\\/wp-content\\\/uploads\\\/2021\\\/08\\\/incaoil-logo.svg\",\"caption\":\"IncaOil\"},\"image\":{\"@id\":\"https:\\\/\\\/incaoil.org\\\/es\\\/#\\\/schema\\\/logo\\\/image\\\/\"}}]}<\/script>\n<!-- \/ Yoast SEO plugin. -->","yoast_head_json":{"title":"Sobre la jojoba - IncaOil","description":"Compre aceite de jojoba org\u00e1nico al por mayor directamente de la fuente con cortos tiempos de entrega y tr\u00e1nsito.","robots":{"index":"index","follow":"follow","max-snippet":"max-snippet:-1","max-image-preview":"max-image-preview:large","max-video-preview":"max-video-preview:-1"},"canonical":"https:\/\/incaoil.org\/es\/sobre-la-jojoba\/","og_locale":"es_ES","og_type":"article","og_title":"Sobre la jojoba - IncaOil","og_description":"Compre aceite de jojoba org\u00e1nico al por mayor directamente de la fuente con cortos tiempos de entrega y tr\u00e1nsito.","og_url":"https:\/\/incaoil.org\/es\/sobre-la-jojoba\/","og_site_name":"IncaOil","article_modified_time":"2022-11-10T16:30:00+00:00","og_image":[{"url":"https:\/\/incaoil.org\/wp-content\/uploads\/2021\/11\/shelled-jojoba-nuts-on-hand.png","type":"","width":"","height":""}],"twitter_card":"summary_large_image","twitter_misc":{"Tiempo de lectura":"4 minutos"},"schema":{"@context":"https:\/\/schema.org","@graph":[{"@type":"WebPage","@id":"https:\/\/incaoil.org\/es\/sobre-la-jojoba\/","url":"https:\/\/incaoil.org\/es\/sobre-la-jojoba\/","name":"Sobre la jojoba - IncaOil","isPartOf":{"@id":"https:\/\/incaoil.org\/es\/#website"},"primaryImageOfPage":{"@id":"https:\/\/incaoil.org\/es\/sobre-la-jojoba\/#primaryimage"},"image":{"@id":"https:\/\/incaoil.org\/es\/sobre-la-jojoba\/#primaryimage"},"thumbnailUrl":"https:\/\/incaoil.org\/wp-content\/uploads\/2021\/11\/shelled-jojoba-nuts-on-hand.png","datePublished":"2021-08-27T11:04:17+00:00","dateModified":"2022-11-10T16:30:00+00:00","description":"Compre aceite de jojoba org\u00e1nico al por mayor directamente de la fuente con cortos tiempos de entrega y tr\u00e1nsito.","breadcrumb":{"@id":"https:\/\/incaoil.org\/es\/sobre-la-jojoba\/#breadcrumb"},"inLanguage":"es","potentialAction":[{"@type":"ReadAction","target":["https:\/\/incaoil.org\/es\/sobre-la-jojoba\/"]}]},{"@type":"ImageObject","inLanguage":"es","@id":"https:\/\/incaoil.org\/es\/sobre-la-jojoba\/#primaryimage","url":"https:\/\/incaoil.org\/wp-content\/uploads\/2021\/11\/shelled-jojoba-nuts-on-hand.png","contentUrl":"https:\/\/incaoil.org\/wp-content\/uploads\/2021\/11\/shelled-jojoba-nuts-on-hand.png"},{"@type":"BreadcrumbList","@id":"https:\/\/incaoil.org\/es\/sobre-la-jojoba\/#breadcrumb","itemListElement":[{"@type":"ListItem","position":1,"name":"Startseite","item":"https:\/\/incaoil.org\/es\/"},{"@type":"ListItem","position":2,"name":"Sobre la jojoba"}]},{"@type":"WebSite","@id":"https:\/\/incaoil.org\/es\/#website","url":"https:\/\/incaoil.org\/es\/","name":"IncaOil.org","description":"The real Jojoba","publisher":{"@id":"https:\/\/incaoil.org\/es\/#organization"},"potentialAction":[{"@type":"SearchAction","target":{"@type":"EntryPoint","urlTemplate":"https:\/\/incaoil.org\/es\/?s={search_term_string}"},"query-input":{"@type":"PropertyValueSpecification","valueRequired":true,"valueName":"search_term_string"}}],"inLanguage":"es"},{"@type":"Organization","@id":"https:\/\/incaoil.org\/es\/#organization","name":"IncaOil","url":"https:\/\/incaoil.org\/es\/","logo":{"@type":"ImageObject","inLanguage":"es","@id":"https:\/\/incaoil.org\/es\/#\/schema\/logo\/image\/","url":"https:\/\/incaoil.org\/wp-content\/uploads\/2021\/08\/incaoil-logo.svg","contentUrl":"https:\/\/incaoil.org\/wp-content\/uploads\/2021\/08\/incaoil-logo.svg","caption":"IncaOil"},"image":{"@id":"https:\/\/incaoil.org\/es\/#\/schema\/logo\/image\/"}}]}},"_links":{"self":[{"href":"https:\/\/incaoil.org\/es\/wp-json\/wp\/v2\/pages\/1469","targetHints":{"allow":["GET"]}}],"collection":[{"href":"https:\/\/incaoil.org\/es\/wp-json\/wp\/v2\/pages"}],"about":[{"href":"https:\/\/incaoil.org\/es\/wp-json\/wp\/v2\/types\/page"}],"author":[{"embeddable":true,"href":"https:\/\/incaoil.org\/es\/wp-json\/wp\/v2\/users\/1"}],"replies":[{"embeddable":true,"href":"https:\/\/incaoil.org\/es\/wp-json\/wp\/v2\/comments?post=1469"}],"version-history":[{"count":4,"href":"https:\/\/incaoil.org\/es\/wp-json\/wp\/v2\/pages\/1469\/revisions"}],"predecessor-version":[{"id":1627,"href":"https:\/\/incaoil.org\/es\/wp-json\/wp\/v2\/pages\/1469\/revisions\/1627"}],"wp:attachment":[{"href":"https:\/\/incaoil.org\/es\/wp-json\/wp\/v2\/media?parent=1469"}],"curies":[{"name":"wp","href":"https:\/\/api.w.org\/{rel}","templated":true}]}}