{"id":1468,"date":"2021-08-28T14:29:03","date_gmt":"2021-08-28T12:29:03","guid":{"rendered":"https:\/\/incaoil.org\/nuestras-normas\/"},"modified":"2022-11-10T15:54:04","modified_gmt":"2022-11-10T14:54:04","slug":"nuestras-normas","status":"publish","type":"page","link":"https:\/\/incaoil.org\/es\/nuestras-normas\/","title":{"rendered":"Nuestras normas"},"content":{"rendered":"<div class=\"gb-container gb-container-c5013c53 z-index-2 alignfull\"><div class=\"gb-inside-container\">\n<div class=\"gb-grid-wrapper gb-grid-wrapper-539f162b\">\n<div class=\"gb-grid-column gb-grid-column-36d055c3\"><div class=\"gb-container gb-container-36d055c3\"><div class=\"gb-inside-container\">\n\n<h1 class=\"gb-headline gb-headline-a0902497 gb-headline-text\">Aceite de jojoba org\u00e1nico al por mayor directamente de la fuente  <\/h1>\n\n\n\n<p>Agricultores de jojoba con m\u00e1s de 35 a\u00f1os de experiencia en el cultivo y la transformaci\u00f3n de la jojoba. Hasta el d\u00eda de hoy, la etiqueta de INCA OIL se ha convertido en un s\u00edmbolo de calidad y confianza, reconocido por todas las grandes empresas de cosm\u00e9ticos o de cuidado personal del mundo como proveedor de jojoba org\u00e1nica certificada a granel.  <\/p>\n\n<\/div><\/div><\/div>\n\n<div class=\"gb-grid-column gb-grid-column-b0a0e1af\"><div class=\"gb-container gb-container-b0a0e1af\"><div class=\"gb-inside-container\">\n\n<figure class=\"wp-block-image size-full\"><img loading=\"lazy\" decoding=\"async\" width=\"1\" height=\"1\" src=\"https:\/\/incaoil.org\/wp-content\/uploads\/2021\/09\/two-female-employees-sorting-organic-jojoba-crop.png\" alt=\"dos-empleadas-que-clasifican-los-cultivos-org&#xE1;nicos-de-joba-inca-aceite-agricultura-sostenible-responsabilidad-social\" class=\"wp-image-579\"\/><\/figure>\n\n<\/div><\/div><\/div>\n<\/div>\n\n<div class=\"gb-grid-wrapper gb-grid-wrapper-a03c4613\">\n<div class=\"gb-grid-column gb-grid-column-0314356f\"><div class=\"gb-container gb-container-0314356f\"><div class=\"gb-inside-container\">\n\n<figure class=\"wp-block-image size-full\"><img loading=\"lazy\" decoding=\"async\" width=\"1\" height=\"1\" src=\"https:\/\/incaoil.org\/wp-content\/uploads\/2021\/09\/overseas-ship-at-the-harbour.png\" alt=\"buque de ultramar en el puerto - tiempos de tr&#xE1;nsito m&#xE1;s cortos\" class=\"wp-image-581\"\/><\/figure>\n\n<\/div><\/div><\/div>\n\n<div class=\"gb-grid-column gb-grid-column-3e164134\"><div class=\"gb-container gb-container-3e164134\"><div class=\"gb-inside-container\">\n\n<h2 class=\"gb-headline gb-headline-350628dc gb-headline-text\">Tiempos de entrega y tr\u00e1nsito m\u00e1s cortos<\/h2>\n\n\n\n<p>Al escuchar a nuestros clientes de todo el mundo que exig\u00edan tiempos de entrega y tr\u00e1nsito m\u00e1s cortos, INCA OIL no esper\u00f3 mucho tiempo para tomar medidas: Fue una decisi\u00f3n estrat\u00e9gica trasladar la producci\u00f3n de aceite de jojoba a granel al pa\u00eds del canal. Desde aqu\u00ed zarpan diariamente barcos desde el puerto de Balbao, en el Pac\u00edfico, y desde el puerto de Col\u00f3n, en el Atl\u00e1ntico, hacia todas las partes del mundo.<\/p>\n\n<\/div><\/div><\/div>\n<\/div>\n\n<div class=\"gb-grid-wrapper gb-grid-wrapper-70e68b5a\">\n<div class=\"gb-grid-column gb-grid-column-a30ee21e\"><div class=\"gb-container gb-container-a30ee21e\"><div class=\"gb-inside-container\">\n\n<h2 class=\"gb-headline gb-headline-fd83b7ed gb-headline-text\">Cultivo, procesamiento y venta al por mayor de jojoba de \u00faltima generaci\u00f3n  <\/h2>\n\n\n\n<p>En mayo de 2015 se abri\u00f3 un nuevo cap\u00edtulo, cuando INCA OIL comenz\u00f3 la producci\u00f3n de aceite de jojoba en su nueva f\u00e1brica, Jojoba Company Inc, en Panam\u00e1. En 2019 Jojoba Company se traslad\u00f3 a su propia nave industrial. Las nuevas prensas con la \u00faltima tecnolog\u00eda son ahora b\u00e1sicas para una alta calidad y cantidad continua de aceite de jojoba a granel. Hasta el d\u00eda de hoy, invertimos regularmente en la renovaci\u00f3n y el aumento de las plantaciones y en equipos de procesamiento alemanes de alta calidad.<\/p>\n\n<\/div><\/div><\/div>\n\n<div class=\"gb-grid-column gb-grid-column-d9623f8f\"><div class=\"gb-container gb-container-d9623f8f\"><div class=\"gb-inside-container\">\n\n<figure class=\"wp-block-image size-full\"><img loading=\"lazy\" decoding=\"async\" width=\"1\" height=\"1\" src=\"https:\/\/incaoil.org\/wp-content\/uploads\/2021\/09\/jojoba-oil-production-hall.png\" alt=\"jojoba-oil-production-hall-production-new-factory\" class=\"wp-image-582\"\/><\/figure>\n\n<\/div><\/div><\/div>\n<\/div>\n<\/div><div class=\"gb-shapes\"><div class=\"gb-shape gb-shape-1\"><svg xmlns=\"http:\/\/www.w3.org\/2000\/svg\" viewBox=\"0 0 1200 50\" preserveAspectRatio=\"none\"><path d=\"M1200 0v50H0V0h560l40 30 40-30z\"\/><\/svg><\/div><\/div><\/div><div class=\"gb-container gb-container-0eaeeda5\"><div class=\"gb-inside-container\">\n\n<h2 class=\"gb-headline gb-headline-7d2c870f gb-headline-text\">Ponte en contacto con nosotros para hablar de nuestros productos o de las existencias disponibles.<\/h2>\n\n\n\n<p>Estaremos encantados de responder a cualquier pregunta que puedas tener sobre nuestros productos, consulta nuestras FAQ para obtener m\u00e1s informaci\u00f3n o ponte en contacto con nosotros directamente<\/p>\n\n\n\n<p><strong>\u00bfQu\u00e9 productos te interesan?<\/strong><\/p>\n\n\n\n<div class=\"wp-block-contact-form-7-contact-form-selector\">\n<div class=\"wpcf7 no-js\" id=\"wpcf7-f323-o1\" lang=\"en-US\" dir=\"ltr\" data-wpcf7-id=\"323\">\n<div class=\"screen-reader-response\"><p role=\"status\" aria-live=\"polite\" aria-atomic=\"true\"><\/p> <ul><\/ul><\/div>\n<form action=\"\/es\/wp-json\/wp\/v2\/pages\/1468#wpcf7-f323-o1\" method=\"post\" class=\"wpcf7-form init\" aria-label=\"Contact form\" novalidate=\"novalidate\" data-status=\"init\">\n<fieldset class=\"hidden-fields-container\"><input type=\"hidden\" name=\"_wpcf7\" value=\"323\" \/><input type=\"hidden\" name=\"_wpcf7_version\" value=\"6.1.5\" \/><input type=\"hidden\" name=\"_wpcf7_locale\" value=\"en_US\" \/><input type=\"hidden\" name=\"_wpcf7_unit_tag\" value=\"wpcf7-f323-o1\" \/><input type=\"hidden\" name=\"_wpcf7_container_post\" value=\"0\" \/><input type=\"hidden\" name=\"_wpcf7_posted_data_hash\" value=\"\" \/><input type=\"hidden\" name=\"_wpcf7_recaptcha_response\" value=\"\" \/>\n<\/fieldset>\n<div class=\"flex-container checkboxes\">\n\t<div class=\"flex-item\">\n\t\t<p><span class=\"wpcf7-form-control-wrap\" data-name=\"checkbox-oil\"><span class=\"wpcf7-form-control wpcf7-checkbox\"><span class=\"wpcf7-list-item first last\"><label><input type=\"checkbox\" name=\"checkbox-oil[]\" value=\"Jojobaoil Gold\" \/><span class=\"wpcf7-list-item-label\">Jojobaoil Gold<\/span><\/label><\/span><\/span><\/span>\n\t\t<\/p>\n\t<\/div>\n\t<div class=\"flex-item\">\n\t\t<p><span class=\"wpcf7-form-control-wrap\" data-name=\"checkbox-oil-light\"><span class=\"wpcf7-form-control wpcf7-checkbox\"><span class=\"wpcf7-list-item first last\"><label><input type=\"checkbox\" name=\"checkbox-oil-light[]\" value=\"Jojobaoil Lite\" \/><span class=\"wpcf7-list-item-label\">Jojobaoil Lite<\/span><\/label><\/span><\/span><\/span>\n\t\t<\/p>\n\t<\/div>\n\t<div class=\"flex-item \">\n\t\t<p><span class=\"wpcf7-form-control-wrap\" data-name=\"checkbox-oil-organic\"><span class=\"wpcf7-form-control wpcf7-checkbox\"><span class=\"wpcf7-list-item first last\"><label><input type=\"checkbox\" name=\"checkbox-oil-organic[]\" value=\"Jojobaoil Organic\" \/><span class=\"wpcf7-list-item-label\">Jojobaoil Organic<\/span><\/label><\/span><\/span><\/span>\n\t\t<\/p>\n\t<\/div>\n\t<div class=\"flex-item\">\n\t\t<p><span class=\"wpcf7-form-control-wrap\" data-name=\"checkbox-flakes-beads\"><span class=\"wpcf7-form-control wpcf7-checkbox\"><span class=\"wpcf7-list-item first last\"><label><input type=\"checkbox\" name=\"checkbox-flakes-beads[]\" value=\"INCA GUM\" \/><span class=\"wpcf7-list-item-label\">INCA GUM<\/span><\/label><\/span><\/span><\/span>\n\t\t<\/p>\n\t<\/div>\n<\/div>\n<div class=\"flex-container inputs\">\n\t<div class=\"flex-item fields-left\">\n\t\t<div class=\"flex-left\">\n\t\t\t<p><span class=\"wpcf7-form-control-wrap\" data-name=\"text-474\"><input size=\"40\" maxlength=\"400\" class=\"wpcf7-form-control wpcf7-text\" aria-invalid=\"false\" placeholder=\"Company\" value=\"\" type=\"text\" name=\"text-474\" \/><\/span>\n\t\t\t<\/p>\n\t\t<\/div>\n\t\t<div class=\"flex-left\">\n\t\t\t<p><span class=\"wpcf7-form-control-wrap\" data-name=\"text-475\"><input size=\"40\" maxlength=\"400\" class=\"wpcf7-form-control wpcf7-text\" aria-invalid=\"false\" placeholder=\"Your Name\" value=\"\" type=\"text\" name=\"text-475\" \/><\/span>\n\t\t\t<\/p>\n\t\t<\/div>\n\t\t<div class=\"flex-left\">\n\t\t\t<p><span class=\"wpcf7-form-control-wrap\" data-name=\"text-477\"><input size=\"40\" maxlength=\"400\" class=\"wpcf7-form-control wpcf7-text\" aria-invalid=\"false\" placeholder=\"Telephone\" value=\"\" type=\"text\" name=\"text-477\" \/><\/span>\n\t\t\t<\/p>\n\t\t<\/div>\n\t\t<div class=\"flex-left\">\n\t\t\t<p><span class=\"wpcf7-form-control-wrap\" data-name=\"text-478\"><input size=\"40\" maxlength=\"400\" class=\"wpcf7-form-control wpcf7-email wpcf7-validates-as-required wpcf7-text wpcf7-validates-as-email\" aria-required=\"true\" aria-invalid=\"false\" placeholder=\"Your email address\" value=\"\" type=\"email\" name=\"text-478\" \/><\/span><br \/>\n<span id=\"wpcf7-69f8528a015b8-wrapper\" class=\"wpcf7-form-control-wrap yourUrl-wrap\" ><label for=\"wpcf7-69f8528a015b8-field\" class=\"hp-message\">Please leave this field empty.<\/label><input id=\"wpcf7-69f8528a015b8-field\"  class=\"wpcf7-form-control wpcf7-text\" type=\"text\" name=\"yourUrl\" value=\"\" size=\"40\" tabindex=\"-1\" autocomplete=\"new-password\" \/><\/span>\n\t\t\t<\/p>\n\t\t<\/div>\n\t<\/div>\n\t<div class=\"flex-item fields-right\">\n\t\t<p><span class=\"wpcf7-form-control-wrap\" data-name=\"textarea-86\"><textarea cols=\"40\" rows=\"10\" maxlength=\"2000\" class=\"wpcf7-form-control wpcf7-textarea\" aria-invalid=\"false\" placeholder=\"Message\" name=\"textarea-86\"><\/textarea><\/span>\n\t\t<\/p>\n\t<\/div>\n<\/div>\n<div class=\"flex-container formlastrow\">\n\t<div class=\"flex-item agbs\">\n\t\t<p><span class=\"wpcf7-form-control-wrap\" data-name=\"checkbox-114\"><span class=\"wpcf7-form-control wpcf7-checkbox wpcf7-validates-as-required\"><span class=\"wpcf7-list-item first last\"><label><input type=\"checkbox\" name=\"checkbox-114[]\" value=\"I agree to the privacy policy\" \/><span class=\"wpcf7-list-item-label\">I agree to the privacy policy<\/span><\/label><\/span><\/span><\/span><br \/>\n<span class=\"wpcf7-form-control-wrap\" data-name=\"checkbox-214\"><span class=\"wpcf7-form-control wpcf7-checkbox wpcf7-validates-as-required\"><span class=\"wpcf7-list-item first last\"><label><input type=\"checkbox\" name=\"checkbox-214[]\" value=\"I agree to the T&amp;Cs\" \/><span class=\"wpcf7-list-item-label\">I agree to the T&amp;Cs<\/span><\/label><\/span><\/span><\/span><br \/>\n\t\t<span class=\"wpcf7-form-control-wrap recaptcha\" data-name=\"recaptcha\"><span data-sitekey=\"6LdBiVciAAAAAHcbr5oy5x1hRxBXeijKECQJVNlM\" class=\"wpcf7-form-control wpcf7-recaptcha g-recaptcha\"><\/span>\r\n<noscript>\r\n\t<div class=\"grecaptcha-noscript\">\r\n\t\t<iframe loading=\"lazy\" src=\"https:\/\/www.google.com\/recaptcha\/api\/fallback?k=6LdBiVciAAAAAHcbr5oy5x1hRxBXeijKECQJVNlM\" frameborder=\"0\" scrolling=\"no\" width=\"310\" height=\"430\">\r\n\t\t<\/iframe>\r\n\t\t<textarea name=\"g-recaptcha-response\" rows=\"3\" cols=\"40\" placeholder=\"reCaptcha Response Here\">\r\n\t\t<\/textarea>\r\n\t<\/div>\r\n<\/noscript>\r\n<\/span>\n\t\t<\/p>\n\t<\/div>\n\t<div class=\"flex-item submitbuttons\">\n\t\t<div class=\"flex-container form-buttons\">\n\t\t\t<div class=\"flex-item\">\n\t\t\t\t<p><input class=\"wpcf7-form-control wpcf7-submit has-spinner\" type=\"submit\" value=\"Submit\" \/>\n\t\t\t\t<\/p>\n\t\t\t<\/div>\n\t\t\t<div class=\"flex-item\">\n\t\t\t<\/div>\n\t\t<\/div>\n\t<\/div>\n<\/div><div class=\"wpcf7-response-output\" aria-hidden=\"true\"><\/div>\n<\/form>\n<\/div>\n<\/div>\n\n<\/div><\/div>","protected":false},"excerpt":{"rendered":"","protected":false},"author":1,"featured_media":0,"parent":0,"menu_order":0,"comment_status":"closed","ping_status":"closed","template":"","meta":{"footnotes":""},"class_list":["post-1468","page","type-page","status-publish"],"featured_image_src":null,"yoast_head":"<!-- This site is optimized with the Yoast SEO plugin v27.5 - https:\/\/yoast.com\/product\/yoast-seo-wordpress\/ -->\n<title>Nuestras normas - IncaOil<\/title>\n<meta name=\"description\" content=\"Conozca m\u00e1s sobre nuestra agricultura sostenible y responsabilidad social: Nos comprometemos a manejar nuestros recursos, as\u00ed como la comunidad, de forma respetuosa, responsable, biodiversa y ecol\u00f3gica.\" \/>\n<meta name=\"robots\" content=\"index, follow, max-snippet:-1, max-image-preview:large, max-video-preview:-1\" \/>\n<link rel=\"canonical\" href=\"https:\/\/incaoil.org\/es\/nuestras-normas\/\" \/>\n<meta property=\"og:locale\" content=\"es_ES\" \/>\n<meta property=\"og:type\" content=\"article\" \/>\n<meta property=\"og:title\" content=\"Nuestras normas - IncaOil\" \/>\n<meta property=\"og:description\" content=\"Conozca m\u00e1s sobre nuestra agricultura sostenible y responsabilidad social: Nos comprometemos a manejar nuestros recursos, as\u00ed como la comunidad, de forma respetuosa, responsable, biodiversa y ecol\u00f3gica.\" \/>\n<meta property=\"og:url\" content=\"https:\/\/incaoil.org\/es\/nuestras-normas\/\" \/>\n<meta property=\"og:site_name\" content=\"IncaOil\" \/>\n<meta property=\"article:modified_time\" content=\"2022-11-10T14:54:04+00:00\" \/>\n<meta property=\"og:image\" content=\"https:\/\/incaoil.org\/wp-content\/uploads\/2021\/09\/two-female-employees-sorting-organic-jojoba-crop.png\" \/>\n<meta name=\"twitter:card\" content=\"summary_large_image\" \/>\n<meta name=\"twitter:label1\" content=\"Tiempo de lectura\" \/>\n\t<meta name=\"twitter:data1\" content=\"1 minuto\" \/>\n<script type=\"application\/ld+json\" class=\"yoast-schema-graph\">{\"@context\":\"https:\\\/\\\/schema.org\",\"@graph\":[{\"@type\":\"WebPage\",\"@id\":\"https:\\\/\\\/incaoil.org\\\/es\\\/nuestras-normas\\\/\",\"url\":\"https:\\\/\\\/incaoil.org\\\/es\\\/nuestras-normas\\\/\",\"name\":\"Nuestras normas - IncaOil\",\"isPartOf\":{\"@id\":\"https:\\\/\\\/incaoil.org\\\/es\\\/#website\"},\"primaryImageOfPage\":{\"@id\":\"https:\\\/\\\/incaoil.org\\\/es\\\/nuestras-normas\\\/#primaryimage\"},\"image\":{\"@id\":\"https:\\\/\\\/incaoil.org\\\/es\\\/nuestras-normas\\\/#primaryimage\"},\"thumbnailUrl\":\"https:\\\/\\\/incaoil.org\\\/wp-content\\\/uploads\\\/2021\\\/09\\\/two-female-employees-sorting-organic-jojoba-crop.png\",\"datePublished\":\"2021-08-28T12:29:03+00:00\",\"dateModified\":\"2022-11-10T14:54:04+00:00\",\"description\":\"Conozca m\u00e1s sobre nuestra agricultura sostenible y responsabilidad social: Nos comprometemos a manejar nuestros recursos, as\u00ed como la comunidad, de forma respetuosa, responsable, biodiversa y ecol\u00f3gica.\",\"breadcrumb\":{\"@id\":\"https:\\\/\\\/incaoil.org\\\/es\\\/nuestras-normas\\\/#breadcrumb\"},\"inLanguage\":\"es\",\"potentialAction\":[{\"@type\":\"ReadAction\",\"target\":[\"https:\\\/\\\/incaoil.org\\\/es\\\/nuestras-normas\\\/\"]}]},{\"@type\":\"ImageObject\",\"inLanguage\":\"es\",\"@id\":\"https:\\\/\\\/incaoil.org\\\/es\\\/nuestras-normas\\\/#primaryimage\",\"url\":\"https:\\\/\\\/incaoil.org\\\/wp-content\\\/uploads\\\/2021\\\/09\\\/two-female-employees-sorting-organic-jojoba-crop.png\",\"contentUrl\":\"https:\\\/\\\/incaoil.org\\\/wp-content\\\/uploads\\\/2021\\\/09\\\/two-female-employees-sorting-organic-jojoba-crop.png\"},{\"@type\":\"BreadcrumbList\",\"@id\":\"https:\\\/\\\/incaoil.org\\\/es\\\/nuestras-normas\\\/#breadcrumb\",\"itemListElement\":[{\"@type\":\"ListItem\",\"position\":1,\"name\":\"Startseite\",\"item\":\"https:\\\/\\\/incaoil.org\\\/es\\\/\"},{\"@type\":\"ListItem\",\"position\":2,\"name\":\"Nuestras normas\"}]},{\"@type\":\"WebSite\",\"@id\":\"https:\\\/\\\/incaoil.org\\\/es\\\/#website\",\"url\":\"https:\\\/\\\/incaoil.org\\\/es\\\/\",\"name\":\"IncaOil.org\",\"description\":\"The real Jojoba\",\"publisher\":{\"@id\":\"https:\\\/\\\/incaoil.org\\\/es\\\/#organization\"},\"potentialAction\":[{\"@type\":\"SearchAction\",\"target\":{\"@type\":\"EntryPoint\",\"urlTemplate\":\"https:\\\/\\\/incaoil.org\\\/es\\\/?s={search_term_string}\"},\"query-input\":{\"@type\":\"PropertyValueSpecification\",\"valueRequired\":true,\"valueName\":\"search_term_string\"}}],\"inLanguage\":\"es\"},{\"@type\":\"Organization\",\"@id\":\"https:\\\/\\\/incaoil.org\\\/es\\\/#organization\",\"name\":\"IncaOil\",\"url\":\"https:\\\/\\\/incaoil.org\\\/es\\\/\",\"logo\":{\"@type\":\"ImageObject\",\"inLanguage\":\"es\",\"@id\":\"https:\\\/\\\/incaoil.org\\\/es\\\/#\\\/schema\\\/logo\\\/image\\\/\",\"url\":\"https:\\\/\\\/incaoil.org\\\/wp-content\\\/uploads\\\/2021\\\/08\\\/incaoil-logo.svg\",\"contentUrl\":\"https:\\\/\\\/incaoil.org\\\/wp-content\\\/uploads\\\/2021\\\/08\\\/incaoil-logo.svg\",\"caption\":\"IncaOil\"},\"image\":{\"@id\":\"https:\\\/\\\/incaoil.org\\\/es\\\/#\\\/schema\\\/logo\\\/image\\\/\"}}]}<\/script>\n<!-- \/ Yoast SEO plugin. -->","yoast_head_json":{"title":"Nuestras normas - IncaOil","description":"Conozca m\u00e1s sobre nuestra agricultura sostenible y responsabilidad social: Nos comprometemos a manejar nuestros recursos, as\u00ed como la comunidad, de forma respetuosa, responsable, biodiversa y ecol\u00f3gica.","robots":{"index":"index","follow":"follow","max-snippet":"max-snippet:-1","max-image-preview":"max-image-preview:large","max-video-preview":"max-video-preview:-1"},"canonical":"https:\/\/incaoil.org\/es\/nuestras-normas\/","og_locale":"es_ES","og_type":"article","og_title":"Nuestras normas - IncaOil","og_description":"Conozca m\u00e1s sobre nuestra agricultura sostenible y responsabilidad social: Nos comprometemos a manejar nuestros recursos, as\u00ed como la comunidad, de forma respetuosa, responsable, biodiversa y ecol\u00f3gica.","og_url":"https:\/\/incaoil.org\/es\/nuestras-normas\/","og_site_name":"IncaOil","article_modified_time":"2022-11-10T14:54:04+00:00","og_image":[{"url":"https:\/\/incaoil.org\/wp-content\/uploads\/2021\/09\/two-female-employees-sorting-organic-jojoba-crop.png","type":"","width":"","height":""}],"twitter_card":"summary_large_image","twitter_misc":{"Tiempo de lectura":"1 minuto"},"schema":{"@context":"https:\/\/schema.org","@graph":[{"@type":"WebPage","@id":"https:\/\/incaoil.org\/es\/nuestras-normas\/","url":"https:\/\/incaoil.org\/es\/nuestras-normas\/","name":"Nuestras normas - IncaOil","isPartOf":{"@id":"https:\/\/incaoil.org\/es\/#website"},"primaryImageOfPage":{"@id":"https:\/\/incaoil.org\/es\/nuestras-normas\/#primaryimage"},"image":{"@id":"https:\/\/incaoil.org\/es\/nuestras-normas\/#primaryimage"},"thumbnailUrl":"https:\/\/incaoil.org\/wp-content\/uploads\/2021\/09\/two-female-employees-sorting-organic-jojoba-crop.png","datePublished":"2021-08-28T12:29:03+00:00","dateModified":"2022-11-10T14:54:04+00:00","description":"Conozca m\u00e1s sobre nuestra agricultura sostenible y responsabilidad social: Nos comprometemos a manejar nuestros recursos, as\u00ed como la comunidad, de forma respetuosa, responsable, biodiversa y ecol\u00f3gica.","breadcrumb":{"@id":"https:\/\/incaoil.org\/es\/nuestras-normas\/#breadcrumb"},"inLanguage":"es","potentialAction":[{"@type":"ReadAction","target":["https:\/\/incaoil.org\/es\/nuestras-normas\/"]}]},{"@type":"ImageObject","inLanguage":"es","@id":"https:\/\/incaoil.org\/es\/nuestras-normas\/#primaryimage","url":"https:\/\/incaoil.org\/wp-content\/uploads\/2021\/09\/two-female-employees-sorting-organic-jojoba-crop.png","contentUrl":"https:\/\/incaoil.org\/wp-content\/uploads\/2021\/09\/two-female-employees-sorting-organic-jojoba-crop.png"},{"@type":"BreadcrumbList","@id":"https:\/\/incaoil.org\/es\/nuestras-normas\/#breadcrumb","itemListElement":[{"@type":"ListItem","position":1,"name":"Startseite","item":"https:\/\/incaoil.org\/es\/"},{"@type":"ListItem","position":2,"name":"Nuestras normas"}]},{"@type":"WebSite","@id":"https:\/\/incaoil.org\/es\/#website","url":"https:\/\/incaoil.org\/es\/","name":"IncaOil.org","description":"The real Jojoba","publisher":{"@id":"https:\/\/incaoil.org\/es\/#organization"},"potentialAction":[{"@type":"SearchAction","target":{"@type":"EntryPoint","urlTemplate":"https:\/\/incaoil.org\/es\/?s={search_term_string}"},"query-input":{"@type":"PropertyValueSpecification","valueRequired":true,"valueName":"search_term_string"}}],"inLanguage":"es"},{"@type":"Organization","@id":"https:\/\/incaoil.org\/es\/#organization","name":"IncaOil","url":"https:\/\/incaoil.org\/es\/","logo":{"@type":"ImageObject","inLanguage":"es","@id":"https:\/\/incaoil.org\/es\/#\/schema\/logo\/image\/","url":"https:\/\/incaoil.org\/wp-content\/uploads\/2021\/08\/incaoil-logo.svg","contentUrl":"https:\/\/incaoil.org\/wp-content\/uploads\/2021\/08\/incaoil-logo.svg","caption":"IncaOil"},"image":{"@id":"https:\/\/incaoil.org\/es\/#\/schema\/logo\/image\/"}}]}},"_links":{"self":[{"href":"https:\/\/incaoil.org\/es\/wp-json\/wp\/v2\/pages\/1468","targetHints":{"allow":["GET"]}}],"collection":[{"href":"https:\/\/incaoil.org\/es\/wp-json\/wp\/v2\/pages"}],"about":[{"href":"https:\/\/incaoil.org\/es\/wp-json\/wp\/v2\/types\/page"}],"author":[{"embeddable":true,"href":"https:\/\/incaoil.org\/es\/wp-json\/wp\/v2\/users\/1"}],"replies":[{"embeddable":true,"href":"https:\/\/incaoil.org\/es\/wp-json\/wp\/v2\/comments?post=1468"}],"version-history":[{"count":2,"href":"https:\/\/incaoil.org\/es\/wp-json\/wp\/v2\/pages\/1468\/revisions"}],"predecessor-version":[{"id":1473,"href":"https:\/\/incaoil.org\/es\/wp-json\/wp\/v2\/pages\/1468\/revisions\/1473"}],"wp:attachment":[{"href":"https:\/\/incaoil.org\/es\/wp-json\/wp\/v2\/media?parent=1468"}],"curies":[{"name":"wp","href":"https:\/\/api.w.org\/{rel}","templated":true}]}}