{"id":1877,"date":"2021-08-28T14:29:03","date_gmt":"2021-08-28T12:29:03","guid":{"rendered":"https:\/\/incaoil.org\/unsere-standards\/"},"modified":"2022-11-14T14:53:48","modified_gmt":"2022-11-14T13:53:48","slug":"unsere-standards","status":"publish","type":"page","link":"https:\/\/incaoil.org\/de\/unsere-standards\/","title":{"rendered":"Unsere Standards"},"content":{"rendered":"<div class=\"gb-container gb-container-c5013c53 z-index-2 alignfull\"><div class=\"gb-inside-container\">\n<div class=\"gb-grid-wrapper gb-grid-wrapper-539f162b\">\n<div class=\"gb-grid-column gb-grid-column-36d055c3\"><div class=\"gb-container gb-container-36d055c3\"><div class=\"gb-inside-container\">\n\n<h1 class=\"gb-headline gb-headline-a0902497 gb-headline-text\">Gro\u00dfhandel mit Bio-Jojoba\u00f6l direkt von der Quelle  <\/h1>\n\n\n\n<p>Jojoba-Bauern mit mehr als 40 Jahren Erfahrung im Anbau und in der Verarbeitung von Jojoba. Bis heute hat sich das INCA OIL-Label zu einem Symbol f\u00fcr Qualit\u00e4t und Vertrauen entwickelt, das von allen gro\u00dfen Kosmetik- und K\u00f6rperpflegeunternehmen weltweit als zertifizierter Bio-Jojoba-Gro\u00dfhandelslieferant anerkannt wird.  <\/p>\n\n<\/div><\/div><\/div>\n\n<div class=\"gb-grid-column gb-grid-column-b0a0e1af\"><div class=\"gb-container gb-container-b0a0e1af\"><div class=\"gb-inside-container\">\n\n<figure class=\"wp-block-image size-full\"><img loading=\"lazy\" decoding=\"async\" width=\"1\" height=\"1\" src=\"https:\/\/incaoil.org\/wp-content\/uploads\/2021\/09\/two-female-employees-sorting-organic-jojoba-crop.png\" alt=\"zwei-mitarbeiterinnen-sortieren-bio-jojoba-anbau-inca-\u00f6l-nachhaltige-landwirtschaft-soziale-verantwortung\" class=\"wp-image-579\"\/><\/figure>\n\n<\/div><\/div><\/div>\n<\/div>\n\n<div class=\"gb-grid-wrapper gb-grid-wrapper-a03c4613\">\n<div class=\"gb-grid-column gb-grid-column-0314356f\"><div class=\"gb-container gb-container-0314356f\"><div class=\"gb-inside-container\">\n\n<figure class=\"wp-block-image size-full\"><img loading=\"lazy\" decoding=\"async\" width=\"1\" height=\"1\" src=\"https:\/\/incaoil.org\/wp-content\/uploads\/2021\/09\/overseas-ship-at-the-harbour.png\" alt=\"\u00dcbersee-Schiff-im-Hafen-K\u00fcrzere-Durchlaufzeiten\" class=\"wp-image-581\"\/><\/figure>\n\n<\/div><\/div><\/div>\n\n<div class=\"gb-grid-column gb-grid-column-3e164134\"><div class=\"gb-container gb-container-3e164134\"><div class=\"gb-inside-container\">\n\n<h2 class=\"gb-headline gb-headline-350628dc gb-headline-text\">K\u00fcrzere Vorlauf- und Transitzeiten<\/h2>\n\n\n\n<p>INCA OIL hat auf die Forderung seiner weltweiten Kunden nach k\u00fcrzeren Liefer- und Transportzeiten geh\u00f6rt und nicht lange gewartet, um Ma\u00dfnahmen zu ergreifen: Es war eine strategische Entscheidung, die Massenproduktion von Jojoba\u00f6l in das Land der Kan\u00e4le zu verlegen. Von hier aus fahren t\u00e4glich Schiffe vom Pazifikhafen Balbao und vom Atlantikhafen Col\u00f3n in alle Teile der Welt.<\/p>\n\n<\/div><\/div><\/div>\n<\/div>\n\n<div class=\"gb-grid-wrapper gb-grid-wrapper-70e68b5a\">\n<div class=\"gb-grid-column gb-grid-column-a30ee21e\"><div class=\"gb-container gb-container-a30ee21e\"><div class=\"gb-inside-container\">\n\n<h2 class=\"gb-headline gb-headline-fd83b7ed gb-headline-text\">Hochmoderne Landwirtschaft, Verarbeitung und Gro\u00dfhandel mit Jojoba  <\/h2>\n\n\n\n<p>Im Mai 2015 wurde ein neues Kapitel aufgeschlagen, als INCA OIL die Produktion von Jojoba\u00f6l in ihrer neuen Fabrik, Jojoba Company Inc. in Panama, aufnahm. 2019 zog die Jojoba Company in ihr eigenes Fabrikgeb\u00e4ude. Neue Pressen mit modernster Technologie sind jetzt die Grundlage f\u00fcr eine gleichbleibend hohe Qualit\u00e4t und Quantit\u00e4t des Jojoba\u00f6ls in loser Sch\u00fcttung. Bis heute investieren wir regelm\u00e4\u00dfig in die Erneuerung und Vergr\u00f6\u00dferung der Anpflanzungen und in hochwertige deutsche Verarbeitungsanlagen.<\/p>\n\n<\/div><\/div><\/div>\n\n<div class=\"gb-grid-column gb-grid-column-d9623f8f\"><div class=\"gb-container gb-container-d9623f8f\"><div class=\"gb-inside-container\">\n\n<figure class=\"wp-block-image size-full\"><img loading=\"lazy\" decoding=\"async\" width=\"1\" height=\"1\" src=\"https:\/\/incaoil.org\/wp-content\/uploads\/2021\/09\/jojoba-oil-production-hall.png\" alt=\"jojoba-\u00f6l-produktionshalle-produktion-neues-werk\" class=\"wp-image-582\"\/><\/figure>\n\n<\/div><\/div><\/div>\n<\/div>\n<\/div><div class=\"gb-shapes\"><div class=\"gb-shape gb-shape-1\"><svg xmlns=\"http:\/\/www.w3.org\/2000\/svg\" viewBox=\"0 0 1200 50\" preserveAspectRatio=\"none\"><path d=\"M1200 0v50H0V0h560l40 30 40-30z\"\/><\/svg><\/div><\/div><\/div>\n\n<div class=\"gb-container gb-container-0eaeeda5\"><div class=\"gb-inside-container\">\n\n<h2 class=\"gb-headline gb-headline-7d2c870f gb-headline-text\">Nehmen Sie Kontakt mit uns auf, um \u00fcber unsere Produkte oder den verf\u00fcgbaren Bestand zu sprechen!<\/h2>\n\n\n\n<p>Wir beantworten Ihnen gerne alle Fragen zu unseren Produkten. Weitere Informationen finden Sie in unseren FAQ oder kontaktieren Sie uns direkt.<\/p>\n\n\n\n<p><strong>An welchen Produkten sind Sie interessiert?<\/strong><\/p>\n\n\n\n<div class=\"wp-block-contact-form-7-contact-form-selector\">\n<div class=\"wpcf7 no-js\" id=\"wpcf7-f1903-o1\" lang=\"de-DE\" dir=\"ltr\" data-wpcf7-id=\"1903\">\n<div class=\"screen-reader-response\"><p role=\"status\" aria-live=\"polite\" aria-atomic=\"true\"><\/p> <ul><\/ul><\/div>\n<form action=\"\/de\/wp-json\/wp\/v2\/pages\/1877#wpcf7-f1903-o1\" method=\"post\" class=\"wpcf7-form init\" aria-label=\"Kontaktformular\" novalidate=\"novalidate\" data-status=\"init\">\n<fieldset class=\"hidden-fields-container\"><input type=\"hidden\" name=\"_wpcf7\" value=\"1903\" \/><input type=\"hidden\" name=\"_wpcf7_version\" value=\"6.1.5\" \/><input type=\"hidden\" name=\"_wpcf7_locale\" value=\"de_DE\" \/><input type=\"hidden\" name=\"_wpcf7_unit_tag\" value=\"wpcf7-f1903-o1\" \/><input type=\"hidden\" name=\"_wpcf7_container_post\" value=\"0\" \/><input type=\"hidden\" name=\"_wpcf7_posted_data_hash\" value=\"\" \/><input type=\"hidden\" name=\"_wpcf7_recaptcha_response\" value=\"\" \/>\n<\/fieldset>\n<div class=\"flex-container checkboxes\">\n\t<div class=\"flex-item\">\n\t\t<p><span class=\"wpcf7-form-control-wrap\" data-name=\"checkbox-oil\"><span class=\"wpcf7-form-control wpcf7-checkbox\"><span class=\"wpcf7-list-item first last\"><label><input type=\"checkbox\" name=\"checkbox-oil[]\" value=\"Jojobaoil Gold\" \/><span class=\"wpcf7-list-item-label\">Jojobaoil Gold<\/span><\/label><\/span><\/span><\/span>\n\t\t<\/p>\n\t<\/div>\n\t<div class=\"flex-item\">\n\t\t<p><span class=\"wpcf7-form-control-wrap\" data-name=\"checkbox-oil-light\"><span class=\"wpcf7-form-control wpcf7-checkbox\"><span class=\"wpcf7-list-item first last\"><label><input type=\"checkbox\" name=\"checkbox-oil-light[]\" value=\"Jojobaoil Lite\" \/><span class=\"wpcf7-list-item-label\">Jojobaoil Lite<\/span><\/label><\/span><\/span><\/span>\n\t\t<\/p>\n\t<\/div>\n\t<div class=\"flex-item \">\n\t\t<p><span class=\"wpcf7-form-control-wrap\" data-name=\"checkbox-oil-organic\"><span class=\"wpcf7-form-control wpcf7-checkbox\"><span class=\"wpcf7-list-item first last\"><label><input type=\"checkbox\" name=\"checkbox-oil-organic[]\" value=\"Jojobaoil Organic\" \/><span class=\"wpcf7-list-item-label\">Jojobaoil Organic<\/span><\/label><\/span><\/span><\/span>\n\t\t<\/p>\n\t<\/div>\n\t<div class=\"flex-item\">\n\t\t<p><span class=\"wpcf7-form-control-wrap\" data-name=\"checkbox-flakes-beads\"><span class=\"wpcf7-form-control wpcf7-checkbox\"><span class=\"wpcf7-list-item first last\"><label><input type=\"checkbox\" name=\"checkbox-flakes-beads[]\" value=\"INCA GUM\" \/><span class=\"wpcf7-list-item-label\">INCA GUM<\/span><\/label><\/span><\/span><\/span>\n\t\t<\/p>\n\t<\/div>\n<\/div>\n<div class=\"flex-container inputs\">\n\t<div class=\"flex-item fields-left\">\n\t\t<div class=\"flex-left\">\n\t\t\t<p><span class=\"wpcf7-form-control-wrap\" data-name=\"text-474\"><input size=\"40\" maxlength=\"400\" class=\"wpcf7-form-control wpcf7-text\" aria-invalid=\"false\" placeholder=\"Unternehmen\" value=\"\" type=\"text\" name=\"text-474\" \/><\/span>\n\t\t\t<\/p>\n\t\t<\/div>\n\t\t<div class=\"flex-left\">\n\t\t\t<p><span class=\"wpcf7-form-control-wrap\" data-name=\"text-475\"><input size=\"40\" maxlength=\"400\" class=\"wpcf7-form-control wpcf7-text\" aria-invalid=\"false\" placeholder=\"Ihr Name\" value=\"\" type=\"text\" name=\"text-475\" \/><\/span>\n\t\t\t<\/p>\n\t\t<\/div>\n\t\t<div class=\"flex-left\">\n\t\t\t<p><span class=\"wpcf7-form-control-wrap\" data-name=\"text-477\"><input size=\"40\" maxlength=\"400\" class=\"wpcf7-form-control wpcf7-text\" aria-invalid=\"false\" placeholder=\"Telefon\" value=\"\" type=\"text\" name=\"text-477\" \/><\/span>\n\t\t\t<\/p>\n\t\t<\/div>\n\t\t<div class=\"flex-left\">\n\t\t\t<p><span class=\"wpcf7-form-control-wrap\" data-name=\"text-478\"><input size=\"40\" maxlength=\"400\" class=\"wpcf7-form-control wpcf7-email wpcf7-validates-as-required wpcf7-text wpcf7-validates-as-email\" aria-required=\"true\" aria-invalid=\"false\" placeholder=\"Ihre E-Mailadresse\" value=\"\" type=\"email\" name=\"text-478\" \/><\/span><br \/>\n<span id=\"wpcf7-69f5a0306422f-wrapper\" class=\"wpcf7-form-control-wrap yourUrl-wrap\" ><label for=\"wpcf7-69f5a0306422f-field\" class=\"hp-message\">Bitte lasse dieses Feld leer.<\/label><input id=\"wpcf7-69f5a0306422f-field\"  class=\"wpcf7-form-control wpcf7-text\" type=\"text\" name=\"yourUrl\" value=\"\" size=\"40\" tabindex=\"-1\" autocomplete=\"new-password\" \/><\/span>\n\t\t\t<\/p>\n\t\t<\/div>\n\t<\/div>\n\t<div class=\"flex-item fields-right\">\n\t\t<p><span class=\"wpcf7-form-control-wrap\" data-name=\"textarea-86\"><textarea cols=\"40\" rows=\"10\" maxlength=\"2000\" class=\"wpcf7-form-control wpcf7-textarea\" aria-invalid=\"false\" placeholder=\"Ihre Nachricht\" name=\"textarea-86\"><\/textarea><\/span>\n\t\t<\/p>\n\t<\/div>\n<\/div>\n<div class=\"flex-container formlastrow\">\n\t<div class=\"flex-item agbs\">\n\t\t<p><span class=\"wpcf7-form-control-wrap\" data-name=\"checkbox-114\"><span class=\"wpcf7-form-control wpcf7-checkbox wpcf7-validates-as-required\"><span class=\"wpcf7-list-item first last\"><label><input type=\"checkbox\" name=\"checkbox-114[]\" value=\"Ich stimme den Datenschutzbestimmungen zu\" \/><span class=\"wpcf7-list-item-label\">Ich stimme den Datenschutzbestimmungen zu<\/span><\/label><\/span><\/span><\/span><br \/>\n<span class=\"wpcf7-form-control-wrap\" data-name=\"checkbox-214\"><span class=\"wpcf7-form-control wpcf7-checkbox wpcf7-validates-as-required\"><span class=\"wpcf7-list-item first last\"><label><input type=\"checkbox\" name=\"checkbox-214[]\" value=\"Ich stimme den T&amp;Cs zu\" \/><span class=\"wpcf7-list-item-label\">Ich stimme den T&amp;Cs zu<\/span><\/label><\/span><\/span><\/span><br \/>\n\t\t<span class=\"wpcf7-form-control-wrap recaptcha\" data-name=\"recaptcha\"><span data-sitekey=\"6LdBiVciAAAAAHcbr5oy5x1hRxBXeijKECQJVNlM\" class=\"wpcf7-form-control wpcf7-recaptcha g-recaptcha\"><\/span>\r\n<noscript>\r\n\t<div class=\"grecaptcha-noscript\">\r\n\t\t<iframe loading=\"lazy\" src=\"https:\/\/www.google.com\/recaptcha\/api\/fallback?k=6LdBiVciAAAAAHcbr5oy5x1hRxBXeijKECQJVNlM\" frameborder=\"0\" scrolling=\"no\" width=\"310\" height=\"430\">\r\n\t\t<\/iframe>\r\n\t\t<textarea name=\"g-recaptcha-response\" rows=\"3\" cols=\"40\" placeholder=\"reCaptcha Response Here\">\r\n\t\t<\/textarea>\r\n\t<\/div>\r\n<\/noscript>\r\n<\/span>\n\t\t<\/p>\n\t<\/div>\n\t<div class=\"flex-item submitbuttons\">\n\t\t<div class=\"flex-container form-buttons\">\n\t\t\t<div class=\"flex-item\">\n\t\t\t\t<p><input class=\"wpcf7-form-control wpcf7-submit has-spinner\" type=\"submit\" value=\"Senden\" \/>\n\t\t\t\t<\/p>\n\t\t\t<\/div>\n\t\t\t<div class=\"flex-item\">\n\t\t\t<\/div>\n\t\t<\/div>\n\t<\/div>\n<\/div><div class=\"wpcf7-response-output\" aria-hidden=\"true\"><\/div>\n<\/form>\n<\/div>\n<\/div>\n\n<\/div><\/div>","protected":false},"excerpt":{"rendered":"","protected":false},"author":1,"featured_media":0,"parent":0,"menu_order":0,"comment_status":"closed","ping_status":"closed","template":"","meta":{"footnotes":""},"class_list":["post-1877","page","type-page","status-publish"],"featured_image_src":null,"yoast_head":"<!-- This site is optimized with the Yoast SEO plugin v27.5 - https:\/\/yoast.com\/product\/yoast-seo-wordpress\/ -->\n<title>Unsere Standards - IncaOil<\/title>\n<meta name=\"description\" content=\"Erfahren Sie mehr \u00fcber unsere nachhaltige Landwirtschaft und soziale Verantwortung: Wir verpflichten uns zu einem respektvollen, verantwortungsvollen, biodiversen und umweltfreundlichen Umgang mit unseren Ressourcen und der Gemeinschaft.\" \/>\n<meta name=\"robots\" content=\"index, follow, max-snippet:-1, max-image-preview:large, max-video-preview:-1\" \/>\n<link rel=\"canonical\" href=\"https:\/\/incaoil.org\/de\/unsere-standards\/\" \/>\n<meta property=\"og:locale\" content=\"de_DE\" \/>\n<meta property=\"og:type\" content=\"article\" \/>\n<meta property=\"og:title\" content=\"Unsere Standards - IncaOil\" \/>\n<meta property=\"og:description\" content=\"Erfahren Sie mehr \u00fcber unsere nachhaltige Landwirtschaft und soziale Verantwortung: Wir verpflichten uns zu einem respektvollen, verantwortungsvollen, biodiversen und umweltfreundlichen Umgang mit unseren Ressourcen und der Gemeinschaft.\" \/>\n<meta property=\"og:url\" content=\"https:\/\/incaoil.org\/de\/unsere-standards\/\" \/>\n<meta property=\"og:site_name\" content=\"IncaOil\" \/>\n<meta property=\"article:modified_time\" content=\"2022-11-14T13:53:48+00:00\" \/>\n<meta property=\"og:image\" content=\"https:\/\/incaoil.org\/wp-content\/uploads\/2021\/09\/two-female-employees-sorting-organic-jojoba-crop.png\" \/>\n<meta name=\"twitter:card\" content=\"summary_large_image\" \/>\n<meta name=\"twitter:label1\" content=\"Gesch\u00e4tzte Lesezeit\" \/>\n\t<meta name=\"twitter:data1\" content=\"2\u00a0Minuten\" \/>\n<script type=\"application\/ld+json\" class=\"yoast-schema-graph\">{\"@context\":\"https:\\\/\\\/schema.org\",\"@graph\":[{\"@type\":\"WebPage\",\"@id\":\"https:\\\/\\\/incaoil.org\\\/de\\\/unsere-standards\\\/\",\"url\":\"https:\\\/\\\/incaoil.org\\\/de\\\/unsere-standards\\\/\",\"name\":\"Unsere Standards - IncaOil\",\"isPartOf\":{\"@id\":\"https:\\\/\\\/incaoil.org\\\/de\\\/#website\"},\"primaryImageOfPage\":{\"@id\":\"https:\\\/\\\/incaoil.org\\\/de\\\/unsere-standards\\\/#primaryimage\"},\"image\":{\"@id\":\"https:\\\/\\\/incaoil.org\\\/de\\\/unsere-standards\\\/#primaryimage\"},\"thumbnailUrl\":\"https:\\\/\\\/incaoil.org\\\/wp-content\\\/uploads\\\/2021\\\/09\\\/two-female-employees-sorting-organic-jojoba-crop.png\",\"datePublished\":\"2021-08-28T12:29:03+00:00\",\"dateModified\":\"2022-11-14T13:53:48+00:00\",\"description\":\"Erfahren Sie mehr \u00fcber unsere nachhaltige Landwirtschaft und soziale Verantwortung: Wir verpflichten uns zu einem respektvollen, verantwortungsvollen, biodiversen und umweltfreundlichen Umgang mit unseren Ressourcen und der Gemeinschaft.\",\"breadcrumb\":{\"@id\":\"https:\\\/\\\/incaoil.org\\\/de\\\/unsere-standards\\\/#breadcrumb\"},\"inLanguage\":\"de\",\"potentialAction\":[{\"@type\":\"ReadAction\",\"target\":[\"https:\\\/\\\/incaoil.org\\\/de\\\/unsere-standards\\\/\"]}]},{\"@type\":\"ImageObject\",\"inLanguage\":\"de\",\"@id\":\"https:\\\/\\\/incaoil.org\\\/de\\\/unsere-standards\\\/#primaryimage\",\"url\":\"https:\\\/\\\/incaoil.org\\\/wp-content\\\/uploads\\\/2021\\\/09\\\/two-female-employees-sorting-organic-jojoba-crop.png\",\"contentUrl\":\"https:\\\/\\\/incaoil.org\\\/wp-content\\\/uploads\\\/2021\\\/09\\\/two-female-employees-sorting-organic-jojoba-crop.png\"},{\"@type\":\"BreadcrumbList\",\"@id\":\"https:\\\/\\\/incaoil.org\\\/de\\\/unsere-standards\\\/#breadcrumb\",\"itemListElement\":[{\"@type\":\"ListItem\",\"position\":1,\"name\":\"Startseite\",\"item\":\"https:\\\/\\\/incaoil.org\\\/de\\\/\"},{\"@type\":\"ListItem\",\"position\":2,\"name\":\"Unsere Standards\"}]},{\"@type\":\"WebSite\",\"@id\":\"https:\\\/\\\/incaoil.org\\\/de\\\/#website\",\"url\":\"https:\\\/\\\/incaoil.org\\\/de\\\/\",\"name\":\"IncaOil.org\",\"description\":\"The real Jojoba\",\"publisher\":{\"@id\":\"https:\\\/\\\/incaoil.org\\\/de\\\/#organization\"},\"potentialAction\":[{\"@type\":\"SearchAction\",\"target\":{\"@type\":\"EntryPoint\",\"urlTemplate\":\"https:\\\/\\\/incaoil.org\\\/de\\\/?s={search_term_string}\"},\"query-input\":{\"@type\":\"PropertyValueSpecification\",\"valueRequired\":true,\"valueName\":\"search_term_string\"}}],\"inLanguage\":\"de\"},{\"@type\":\"Organization\",\"@id\":\"https:\\\/\\\/incaoil.org\\\/de\\\/#organization\",\"name\":\"IncaOil\",\"url\":\"https:\\\/\\\/incaoil.org\\\/de\\\/\",\"logo\":{\"@type\":\"ImageObject\",\"inLanguage\":\"de\",\"@id\":\"https:\\\/\\\/incaoil.org\\\/de\\\/#\\\/schema\\\/logo\\\/image\\\/\",\"url\":\"https:\\\/\\\/incaoil.org\\\/wp-content\\\/uploads\\\/2021\\\/08\\\/incaoil-logo.svg\",\"contentUrl\":\"https:\\\/\\\/incaoil.org\\\/wp-content\\\/uploads\\\/2021\\\/08\\\/incaoil-logo.svg\",\"caption\":\"IncaOil\"},\"image\":{\"@id\":\"https:\\\/\\\/incaoil.org\\\/de\\\/#\\\/schema\\\/logo\\\/image\\\/\"}}]}<\/script>\n<!-- \/ Yoast SEO plugin. -->","yoast_head_json":{"title":"Unsere Standards - IncaOil","description":"Erfahren Sie mehr \u00fcber unsere nachhaltige Landwirtschaft und soziale Verantwortung: Wir verpflichten uns zu einem respektvollen, verantwortungsvollen, biodiversen und umweltfreundlichen Umgang mit unseren Ressourcen und der Gemeinschaft.","robots":{"index":"index","follow":"follow","max-snippet":"max-snippet:-1","max-image-preview":"max-image-preview:large","max-video-preview":"max-video-preview:-1"},"canonical":"https:\/\/incaoil.org\/de\/unsere-standards\/","og_locale":"de_DE","og_type":"article","og_title":"Unsere Standards - IncaOil","og_description":"Erfahren Sie mehr \u00fcber unsere nachhaltige Landwirtschaft und soziale Verantwortung: Wir verpflichten uns zu einem respektvollen, verantwortungsvollen, biodiversen und umweltfreundlichen Umgang mit unseren Ressourcen und der Gemeinschaft.","og_url":"https:\/\/incaoil.org\/de\/unsere-standards\/","og_site_name":"IncaOil","article_modified_time":"2022-11-14T13:53:48+00:00","og_image":[{"url":"https:\/\/incaoil.org\/wp-content\/uploads\/2021\/09\/two-female-employees-sorting-organic-jojoba-crop.png","type":"","width":"","height":""}],"twitter_card":"summary_large_image","twitter_misc":{"Gesch\u00e4tzte Lesezeit":"2\u00a0Minuten"},"schema":{"@context":"https:\/\/schema.org","@graph":[{"@type":"WebPage","@id":"https:\/\/incaoil.org\/de\/unsere-standards\/","url":"https:\/\/incaoil.org\/de\/unsere-standards\/","name":"Unsere Standards - IncaOil","isPartOf":{"@id":"https:\/\/incaoil.org\/de\/#website"},"primaryImageOfPage":{"@id":"https:\/\/incaoil.org\/de\/unsere-standards\/#primaryimage"},"image":{"@id":"https:\/\/incaoil.org\/de\/unsere-standards\/#primaryimage"},"thumbnailUrl":"https:\/\/incaoil.org\/wp-content\/uploads\/2021\/09\/two-female-employees-sorting-organic-jojoba-crop.png","datePublished":"2021-08-28T12:29:03+00:00","dateModified":"2022-11-14T13:53:48+00:00","description":"Erfahren Sie mehr \u00fcber unsere nachhaltige Landwirtschaft und soziale Verantwortung: Wir verpflichten uns zu einem respektvollen, verantwortungsvollen, biodiversen und umweltfreundlichen Umgang mit unseren Ressourcen und der Gemeinschaft.","breadcrumb":{"@id":"https:\/\/incaoil.org\/de\/unsere-standards\/#breadcrumb"},"inLanguage":"de","potentialAction":[{"@type":"ReadAction","target":["https:\/\/incaoil.org\/de\/unsere-standards\/"]}]},{"@type":"ImageObject","inLanguage":"de","@id":"https:\/\/incaoil.org\/de\/unsere-standards\/#primaryimage","url":"https:\/\/incaoil.org\/wp-content\/uploads\/2021\/09\/two-female-employees-sorting-organic-jojoba-crop.png","contentUrl":"https:\/\/incaoil.org\/wp-content\/uploads\/2021\/09\/two-female-employees-sorting-organic-jojoba-crop.png"},{"@type":"BreadcrumbList","@id":"https:\/\/incaoil.org\/de\/unsere-standards\/#breadcrumb","itemListElement":[{"@type":"ListItem","position":1,"name":"Startseite","item":"https:\/\/incaoil.org\/de\/"},{"@type":"ListItem","position":2,"name":"Unsere Standards"}]},{"@type":"WebSite","@id":"https:\/\/incaoil.org\/de\/#website","url":"https:\/\/incaoil.org\/de\/","name":"IncaOil.org","description":"The real Jojoba","publisher":{"@id":"https:\/\/incaoil.org\/de\/#organization"},"potentialAction":[{"@type":"SearchAction","target":{"@type":"EntryPoint","urlTemplate":"https:\/\/incaoil.org\/de\/?s={search_term_string}"},"query-input":{"@type":"PropertyValueSpecification","valueRequired":true,"valueName":"search_term_string"}}],"inLanguage":"de"},{"@type":"Organization","@id":"https:\/\/incaoil.org\/de\/#organization","name":"IncaOil","url":"https:\/\/incaoil.org\/de\/","logo":{"@type":"ImageObject","inLanguage":"de","@id":"https:\/\/incaoil.org\/de\/#\/schema\/logo\/image\/","url":"https:\/\/incaoil.org\/wp-content\/uploads\/2021\/08\/incaoil-logo.svg","contentUrl":"https:\/\/incaoil.org\/wp-content\/uploads\/2021\/08\/incaoil-logo.svg","caption":"IncaOil"},"image":{"@id":"https:\/\/incaoil.org\/de\/#\/schema\/logo\/image\/"}}]}},"_links":{"self":[{"href":"https:\/\/incaoil.org\/de\/wp-json\/wp\/v2\/pages\/1877","targetHints":{"allow":["GET"]}}],"collection":[{"href":"https:\/\/incaoil.org\/de\/wp-json\/wp\/v2\/pages"}],"about":[{"href":"https:\/\/incaoil.org\/de\/wp-json\/wp\/v2\/types\/page"}],"author":[{"embeddable":true,"href":"https:\/\/incaoil.org\/de\/wp-json\/wp\/v2\/users\/1"}],"replies":[{"embeddable":true,"href":"https:\/\/incaoil.org\/de\/wp-json\/wp\/v2\/comments?post=1877"}],"version-history":[{"count":3,"href":"https:\/\/incaoil.org\/de\/wp-json\/wp\/v2\/pages\/1877\/revisions"}],"predecessor-version":[{"id":1955,"href":"https:\/\/incaoil.org\/de\/wp-json\/wp\/v2\/pages\/1877\/revisions\/1955"}],"wp:attachment":[{"href":"https:\/\/incaoil.org\/de\/wp-json\/wp\/v2\/media?parent=1877"}],"curies":[{"name":"wp","href":"https:\/\/api.w.org\/{rel}","templated":true}]}}