{"id":1874,"date":"2022-08-30T10:47:08","date_gmt":"2022-08-30T08:47:08","guid":{"rendered":"https:\/\/incaoil.org\/nachhaltigkeit-soziale-verantwortung\/"},"modified":"2025-12-08T11:03:49","modified_gmt":"2025-12-08T10:03:49","slug":"nachhaltigkeit-soziale-verantwortung","status":"publish","type":"page","link":"https:\/\/incaoil.org\/de\/nachhaltigkeit-soziale-verantwortung\/","title":{"rendered":"Nachhaltigkeit"},"content":{"rendered":"\n<h1 class=\"gb-headline gb-headline-d6e3ed7b gb-headline-text\">Nachhaltiges Jojoba\u00f6l, ein nat\u00fcrlicher Sch\u00f6nheitsschatz aus Peru<\/h1>\n\n\n\n<p>Unser Jojoba\u00f6l wird nachhaltig und ethisch produziert. Nachhaltigkeit ist f\u00fcr uns kein Trend, sondern unsere langj\u00e4hrige Unternehmensphilosophie. Erfahren Sie mehr \u00fcber nachhaltige Landwirtschaft, die W\u00fcstenbildung verhindert und sich positiv auf das Klima auswirkt, sowie \u00fcber unsere fairen Arbeitsbedingungen im Megadiversit\u00e4tsland Peru.<\/p>\n\n\n<div class=\"gb-container gb-container-b721bf8a alignwide\"><div class=\"gb-inside-container\">\n<div class=\"gb-grid-wrapper gb-grid-wrapper-ee391442\">\n<div class=\"gb-grid-column gb-grid-column-48545d0a\"><div class=\"gb-container gb-container-48545d0a\"><div class=\"gb-inside-container\">\n\n<h2 class=\"gb-headline gb-headline-7446b511 gb-headline-text\">Das Biodiversit\u00e4tsland Peru<\/h2>\n\n\n\n<p>Peru ist eines der 17 L\u00e4nder mit definierter Megadiversit\u00e4t auf der Erde.\nDie Natur ist hier au\u00dfergew\u00f6hnlich vielf\u00e4ltig: Die unterschiedlichen Landschaften reichen vom Hochgebirge der Andenregion \u00fcber den Regenwald bis hin zu einem w\u00fcstenartigen K\u00fcstenstreifen.\nMehr Artenvielfalt als in Peru ist kaum m\u00f6glich!\nPeru hat also die besten Voraussetzungen f\u00fcr die Produktion von nachhaltigen Rohstoffen.\nIn der K\u00fcstenw\u00fcste im Westen Perus ist das ausgeglichene Klima mit frostfreien Wintern ideal f\u00fcr unsere Jojoba-Pflanzen.    <\/p>\n\n<\/div><\/div><\/div>\n\n<div class=\"gb-grid-column gb-grid-column-e4a5501a\"><div class=\"gb-container gb-container-e4a5501a\"><div class=\"gb-inside-container\"><\/div><\/div><\/div>\n<\/div>\n\n<div class=\"gb-grid-wrapper gb-grid-wrapper-38ccaf3c\">\n<div class=\"gb-grid-column gb-grid-column-8c7d2559\"><div class=\"gb-container gb-container-8c7d2559\"><div class=\"gb-inside-container\"><\/div><\/div><\/div>\n\n<div class=\"gb-grid-column gb-grid-column-a1a89075\"><div class=\"gb-container gb-container-a1a89075\"><div class=\"gb-inside-container\">\n\n<h2 class=\"gb-headline gb-headline-561c2919 gb-headline-text\">Nachhaltigkeit ist von Dauer<\/h2>\n\n\n\n<p>Nicht nur in der Kosmetikbranche hat das Thema Nachhaltigkeit in den letzten Jahren zunehmend seine Nische verlassen.\nRohstoffe nat\u00fcrlichen Ursprungs oder aus biologischem Anbau spielen beim Kauf von Kosmetikprodukten inzwischen eine gro\u00dfe Rolle.\nTransparenz wird immer gefragter: Immer mehr Kunden wollen wissen, woher die Rohstoffe und Wirkstoffe in ihren Kosmetikprodukten stammen.\nAu\u00dferdem m\u00f6chten die Verbraucher mit ihren Kosmetikprodukten nicht nur ihre eigene Haut pflegen, sondern auch etwas Gutes f\u00fcr andere tun.   <\/p>\n\n<\/div><\/div><\/div>\n<\/div>\n<\/div><\/div>\n\n<div class=\"gb-container gb-container-79b0d44d\"><div class=\"gb-inside-container\">\n\n<h2 class=\"gb-headline gb-headline-b920ef9a gb-headline-text\">Biologische Landwirtschaft ohne Pestizide<\/h2>\n\n\n\n<p>Der widerstandsf\u00e4hige Jojobastrauch braucht im trockenen W\u00fcstenklima Perus weder Pestizide noch Fungizide oder Herbizide. Selbstverst\u00e4ndlich verwenden wir keine genetisch ver\u00e4nderten Organismen (GVO). Deshalb haben wir von Anfang an auf zertifizierten Bio-Anbau gesetzt.<\/p>\n\n\n\n<ul class=\"wp-block-list\">\n<li>Wir stellen den Kompost (&gt;8000 Tonnen p.a.) und die D\u00fcngemittel auf unserem Hof nach den Richtlinien der Bio-Zertifizierung selbst her. Seit 2019 arbeiten wir auch an der Herstellung eines speziellen organischen D\u00fcngers mit Mikroalgen in unserem eigenen Labor vor Ort.<\/li>\n\n\n\n<li>Unsere Wurmfarm hilft, auf nat\u00fcrliche Weise Kompost f\u00fcr unsere Jojobapflanzen zu erzeugen. Hierf\u00fcr werden recycelte Jojobabl\u00e4tter und -schalen aus unseren Plantagen verwendet.<\/li>\n\n\n\n<li>Jojobapflanzen brauchen sehr wenig Wasser. Deshalb k\u00f6nnen wir ein wassersparendes Tropfbew\u00e4sserungssystem f\u00fcr den Anbau auf unseren Plantagen verwenden. Das Wasser stammt aus einem teilweise unterirdischen Fluss aus den Anden, der zur nahen K\u00fcste flie\u00dft.<\/li>\n\n\n\n<li>Die Abfallsammlung und -trennung wird in unserem Betrieb seit 2005 durchgef\u00fchrt.<\/li>\n<\/ul>\n\n<\/div><\/div>\n\n<div class=\"gb-container gb-container-b12d12c7\"><div class=\"gb-inside-container\">\n\n<h2 class=\"gb-headline gb-headline-c616b38d gb-headline-text\">Pro Klima: Gegen W\u00fcstenbildung und f\u00fcr ein besseres Klima<\/h2>\n\n\n\n<p>Unsere Jojobapflanzungen bek\u00e4mpfen die fortschreitende Versteppung der peruanischen K\u00fcstenlinie. Dank der tiefen Pfahlwurzeln der Jojobastr\u00e4ucher wird der Boden vor Erosion gesch\u00fctzt und die D\u00fcnen werden auf nat\u00fcrliche Weise gest\u00e4rkt.<\/p>\n\n\n\n<p>Das positive Mikroklima der Jojobaplantagen kann auch zu mehr Wolkenbildung und damit zu mehr Niederschl\u00e4gen f\u00fchren.\nAu\u00dferdem binden die Jojobaplantagen erhebliche Mengen an Kohlendioxid, was sich zus\u00e4tzlich positiv auf das Klima auswirkt. <\/p>\n\n<\/div><\/div>\n\n<div class=\"gb-container gb-container-8392ed67\"><div class=\"gb-inside-container\">\n\n<h2 class=\"gb-headline gb-headline-507750a2 gb-headline-text\">Soziale Verantwortung: Faire Arbeitsbedingungen und soziales Engagement<\/h2>\n\n\n\n<p>Auf unseren Farmen in der ICA-Region in Peru besch\u00e4ftigen wir 140 festangestellte Mitarbeiter und w\u00e4hrend der Erntezeit bis zu 260 Mitarbeiter. Weitere 15 Mitarbeiter arbeiten in unserer Produktionsst\u00e4tte in Panama.<\/p>\n\n\n\n<p>Wir \u00fcbernehmen Verantwortung in der Ica-Region: Neben der Schaffung verl\u00e4sslicher und langfristiger Arbeitspl\u00e4tze versorgen wir die \u00f6rtliche Schule und den Kindergarten in Humay seit \u00fcber 20 Jahren kontinuierlich mit Schulmaterialien, Schreibwaren und digitaler Ausr\u00fcstung. F\u00fcr Oberstufensch\u00fcler wurde eine Mensa eingerichtet. Dar\u00fcber hinaus werden Stipendien f\u00fcr die regionale Landwirtschaftsschule vergeben. Nach dem gro\u00dfen Erdbeben im Jahr 2007 unterst\u00fctzte unser Unternehmen Mitarbeiter, die ihr Zuhause verloren hatten, mit Krediten und Baumaterialien und half beim Wiederaufbau.<\/p>\n\n<\/div><\/div>\n\n<div class=\"gb-container gb-container-0437bbb6\"><div class=\"gb-inside-container\">\n\n<h2 class=\"gb-headline gb-headline-b0937af0 gb-headline-text\">Unsere Zertifikate<\/h2>\n\n\n\n<p>Unser Jojoba\u00f6l ist bio-zertifiziert, COSMOS zertifiziert, COSMOS approved, kosher, halal und als Fair-Trade-Produkt gem\u00e4\u00df dem FAIR FOR LIFE-Standard zertifiziert (ECOCERT). Unsere INCA OIL Jojobaplantagen entsprechen dem Nagoya-Protokoll von 2014.<\/p>\n\n\n\n<ul class=\"wp-block-list\">\n<li><a href=\"https:\/\/incaoil.org\/wp-content\/uploads\/2024\/11\/24-Certificado-UE-JOJOBA-COMPANY.pdf\" target=\"_blank\" rel=\"noreferrer noopener\">ORGANIC UE<\/a><\/li>\n\n\n\n<li><a href=\"https:\/\/incaoil.org\/wp-content\/uploads\/2025\/12\/25-OID-Certificado-NOP-JOJOBA-COMPANY.pdf\" target=\"_blank\" rel=\"noreferrer noopener\">ORGANIC NOP<\/a><\/li>\n\n\n\n<li>ORGANIC JAS<\/li>\n\n\n\n<li><a href=\"https:\/\/incaoil.org\/wp-content\/uploads\/2024\/11\/GL-\u2013-RM-Attestation_ter-2024.pdf\">COSMOS GENEHMIGT<\/a><\/li>\n\n\n\n<li><a href=\"https:\/\/incaoil.org\/wp-content\/uploads\/2022\/11\/COSMOS-CERTIFIED-2022-04-15-Certificado-Cosmos-Jojoba-Company-ES-2023-03-31.pdf\" target=\"_blank\" rel=\"noreferrer noopener\">COSMOS ZERTIFIZIERT<\/a><\/li>\n\n\n\n<li><a href=\"https:\/\/incaoil.org\/wp-content\/uploads\/2024\/11\/Certificado-Kosher-Jojoba-Company-2024.pdf\" target=\"_blank\" rel=\"noreferrer noopener\">KOSHER<\/a><\/li>\n\n\n\n<li><a href=\"https:\/\/incaoil.org\/wp-content\/uploads\/2024\/11\/CERTIFICADOS-HALAL-2024-INGLES.pdf\" target=\"_blank\" rel=\"noreferrer noopener\">HALAL<\/a><\/li>\n\n\n\n<li><a href=\"https:\/\/incaoil.org\/wp-content\/uploads\/2024\/11\/2023-FFL_Certificate_Jojoba-Company-Inc.-_20230410.pdf\" target=\"_blank\" rel=\"noreferrer noopener\">FAIR FOR LIFE Konformit\u00e4tsbescheinigung<\/a><\/li>\n\n\n\n<li><a href=\"https:\/\/incaoil.org\/wp-content\/uploads\/2024\/11\/2023-FFL_Certificate-APL_Jojoba-Company-Inc.-_20230410.pdf\" target=\"_blank\" rel=\"noreferrer noopener\">FAIR FOR LIFE Produktliste<\/a><\/li>\n<\/ul>\n\n\n\n<p>Um die Nachhaltigkeit zu gew\u00e4hrleisten, investieren wir regelm\u00e4\u00dfig in die Erneuerung und Vergr\u00f6\u00dferung der Anpflanzungen und in hochwertige deutsche Verarbeitungsanlagen.<\/p>\n\n\n<div class=\"gb-button-wrapper gb-button-wrapper-69ab9865\">\n\n<span class=\"gb-button gb-button-3a95bd99 gb-button-text\">Bitte erfahren Sie mehr \u00fcber unser INCA OIL Qualit\u00e4tsversprechen<\/span>\n\n<\/div>\n<\/div><\/div>\n\n<div class=\"gb-container gb-container-c1a65943 alignfull\"><div class=\"gb-inside-container\">\n\n\n<\/div><\/div>","protected":false},"excerpt":{"rendered":"<p>Nachhaltiges Jojoba\u00f6l, ein nat\u00fcrlicher Sch\u00f6nheitsschatz aus Peru Unser Jojoba\u00f6l wird nachhaltig und ethisch produziert. Nachhaltigkeit ist f\u00fcr uns kein Trend, sondern unsere langj\u00e4hrige Unternehmensphilosophie. Erfahren Sie mehr \u00fcber nachhaltige Landwirtschaft, die W\u00fcstenbildung verhindert und sich positiv auf das Klima auswirkt, sowie \u00fcber unsere fairen Arbeitsbedingungen im Megadiversit\u00e4tsland Peru. Biologische Landwirtschaft ohne Pestizide Der widerstandsf\u00e4hige Jojobastrauch &#8230; <a title=\"Nachhaltigkeit\" class=\"read-more\" href=\"https:\/\/incaoil.org\/de\/nachhaltigkeit-soziale-verantwortung\/\" aria-label=\"Mehr Informationen \u00fcber Nachhaltigkeit\">Weiterlesen &#8230;<\/a><\/p>\n","protected":false},"author":1,"featured_media":0,"parent":0,"menu_order":0,"comment_status":"closed","ping_status":"closed","template":"","meta":{"footnotes":""},"class_list":["post-1874","page","type-page","status-publish"],"featured_image_src":null,"yoast_head":"<!-- This site is optimized with the Yoast SEO plugin v27.5 - https:\/\/yoast.com\/product\/yoast-seo-wordpress\/ -->\n<title>Nachhaltigkeit - IncaOil<\/title>\n<meta name=\"robots\" content=\"index, follow, max-snippet:-1, max-image-preview:large, max-video-preview:-1\" \/>\n<link rel=\"canonical\" href=\"https:\/\/incaoil.org\/de\/nachhaltigkeit-soziale-verantwortung\/\" \/>\n<meta property=\"og:locale\" content=\"de_DE\" \/>\n<meta property=\"og:type\" content=\"article\" \/>\n<meta property=\"og:title\" content=\"Nachhaltigkeit - IncaOil\" \/>\n<meta property=\"og:description\" content=\"Nachhaltiges Jojoba\u00f6l, ein nat\u00fcrlicher Sch\u00f6nheitsschatz aus Peru Unser Jojoba\u00f6l wird nachhaltig und ethisch produziert. Nachhaltigkeit ist f\u00fcr uns kein Trend, sondern unsere langj\u00e4hrige Unternehmensphilosophie. Erfahren Sie mehr \u00fcber nachhaltige Landwirtschaft, die W\u00fcstenbildung verhindert und sich positiv auf das Klima auswirkt, sowie \u00fcber unsere fairen Arbeitsbedingungen im Megadiversit\u00e4tsland Peru. Biologische Landwirtschaft ohne Pestizide Der widerstandsf\u00e4hige Jojobastrauch ... Weiterlesen ...\" \/>\n<meta property=\"og:url\" content=\"https:\/\/incaoil.org\/de\/nachhaltigkeit-soziale-verantwortung\/\" \/>\n<meta property=\"og:site_name\" content=\"IncaOil\" \/>\n<meta property=\"article:modified_time\" content=\"2025-12-08T10:03:49+00:00\" \/>\n<meta name=\"twitter:card\" content=\"summary_large_image\" \/>\n<meta name=\"twitter:label1\" content=\"Gesch\u00e4tzte Lesezeit\" \/>\n\t<meta name=\"twitter:data1\" content=\"3\u00a0Minuten\" \/>\n<script type=\"application\/ld+json\" class=\"yoast-schema-graph\">{\"@context\":\"https:\\\/\\\/schema.org\",\"@graph\":[{\"@type\":\"WebPage\",\"@id\":\"https:\\\/\\\/incaoil.org\\\/de\\\/nachhaltigkeit-soziale-verantwortung\\\/\",\"url\":\"https:\\\/\\\/incaoil.org\\\/de\\\/nachhaltigkeit-soziale-verantwortung\\\/\",\"name\":\"Nachhaltigkeit - IncaOil\",\"isPartOf\":{\"@id\":\"https:\\\/\\\/incaoil.org\\\/de\\\/#website\"},\"datePublished\":\"2022-08-30T08:47:08+00:00\",\"dateModified\":\"2025-12-08T10:03:49+00:00\",\"breadcrumb\":{\"@id\":\"https:\\\/\\\/incaoil.org\\\/de\\\/nachhaltigkeit-soziale-verantwortung\\\/#breadcrumb\"},\"inLanguage\":\"de\",\"potentialAction\":[{\"@type\":\"ReadAction\",\"target\":[\"https:\\\/\\\/incaoil.org\\\/de\\\/nachhaltigkeit-soziale-verantwortung\\\/\"]}]},{\"@type\":\"BreadcrumbList\",\"@id\":\"https:\\\/\\\/incaoil.org\\\/de\\\/nachhaltigkeit-soziale-verantwortung\\\/#breadcrumb\",\"itemListElement\":[{\"@type\":\"ListItem\",\"position\":1,\"name\":\"Startseite\",\"item\":\"https:\\\/\\\/incaoil.org\\\/de\\\/\"},{\"@type\":\"ListItem\",\"position\":2,\"name\":\"Nachhaltigkeit\"}]},{\"@type\":\"WebSite\",\"@id\":\"https:\\\/\\\/incaoil.org\\\/de\\\/#website\",\"url\":\"https:\\\/\\\/incaoil.org\\\/de\\\/\",\"name\":\"IncaOil.org\",\"description\":\"The real Jojoba\",\"publisher\":{\"@id\":\"https:\\\/\\\/incaoil.org\\\/de\\\/#organization\"},\"potentialAction\":[{\"@type\":\"SearchAction\",\"target\":{\"@type\":\"EntryPoint\",\"urlTemplate\":\"https:\\\/\\\/incaoil.org\\\/de\\\/?s={search_term_string}\"},\"query-input\":{\"@type\":\"PropertyValueSpecification\",\"valueRequired\":true,\"valueName\":\"search_term_string\"}}],\"inLanguage\":\"de\"},{\"@type\":\"Organization\",\"@id\":\"https:\\\/\\\/incaoil.org\\\/de\\\/#organization\",\"name\":\"IncaOil\",\"url\":\"https:\\\/\\\/incaoil.org\\\/de\\\/\",\"logo\":{\"@type\":\"ImageObject\",\"inLanguage\":\"de\",\"@id\":\"https:\\\/\\\/incaoil.org\\\/de\\\/#\\\/schema\\\/logo\\\/image\\\/\",\"url\":\"https:\\\/\\\/incaoil.org\\\/wp-content\\\/uploads\\\/2021\\\/08\\\/incaoil-logo.svg\",\"contentUrl\":\"https:\\\/\\\/incaoil.org\\\/wp-content\\\/uploads\\\/2021\\\/08\\\/incaoil-logo.svg\",\"caption\":\"IncaOil\"},\"image\":{\"@id\":\"https:\\\/\\\/incaoil.org\\\/de\\\/#\\\/schema\\\/logo\\\/image\\\/\"}}]}<\/script>\n<!-- \/ Yoast SEO plugin. -->","yoast_head_json":{"title":"Nachhaltigkeit - IncaOil","robots":{"index":"index","follow":"follow","max-snippet":"max-snippet:-1","max-image-preview":"max-image-preview:large","max-video-preview":"max-video-preview:-1"},"canonical":"https:\/\/incaoil.org\/de\/nachhaltigkeit-soziale-verantwortung\/","og_locale":"de_DE","og_type":"article","og_title":"Nachhaltigkeit - IncaOil","og_description":"Nachhaltiges Jojoba\u00f6l, ein nat\u00fcrlicher Sch\u00f6nheitsschatz aus Peru Unser Jojoba\u00f6l wird nachhaltig und ethisch produziert. Nachhaltigkeit ist f\u00fcr uns kein Trend, sondern unsere langj\u00e4hrige Unternehmensphilosophie. Erfahren Sie mehr \u00fcber nachhaltige Landwirtschaft, die W\u00fcstenbildung verhindert und sich positiv auf das Klima auswirkt, sowie \u00fcber unsere fairen Arbeitsbedingungen im Megadiversit\u00e4tsland Peru. Biologische Landwirtschaft ohne Pestizide Der widerstandsf\u00e4hige Jojobastrauch ... Weiterlesen ...","og_url":"https:\/\/incaoil.org\/de\/nachhaltigkeit-soziale-verantwortung\/","og_site_name":"IncaOil","article_modified_time":"2025-12-08T10:03:49+00:00","twitter_card":"summary_large_image","twitter_misc":{"Gesch\u00e4tzte Lesezeit":"3\u00a0Minuten"},"schema":{"@context":"https:\/\/schema.org","@graph":[{"@type":"WebPage","@id":"https:\/\/incaoil.org\/de\/nachhaltigkeit-soziale-verantwortung\/","url":"https:\/\/incaoil.org\/de\/nachhaltigkeit-soziale-verantwortung\/","name":"Nachhaltigkeit - IncaOil","isPartOf":{"@id":"https:\/\/incaoil.org\/de\/#website"},"datePublished":"2022-08-30T08:47:08+00:00","dateModified":"2025-12-08T10:03:49+00:00","breadcrumb":{"@id":"https:\/\/incaoil.org\/de\/nachhaltigkeit-soziale-verantwortung\/#breadcrumb"},"inLanguage":"de","potentialAction":[{"@type":"ReadAction","target":["https:\/\/incaoil.org\/de\/nachhaltigkeit-soziale-verantwortung\/"]}]},{"@type":"BreadcrumbList","@id":"https:\/\/incaoil.org\/de\/nachhaltigkeit-soziale-verantwortung\/#breadcrumb","itemListElement":[{"@type":"ListItem","position":1,"name":"Startseite","item":"https:\/\/incaoil.org\/de\/"},{"@type":"ListItem","position":2,"name":"Nachhaltigkeit"}]},{"@type":"WebSite","@id":"https:\/\/incaoil.org\/de\/#website","url":"https:\/\/incaoil.org\/de\/","name":"IncaOil.org","description":"The real Jojoba","publisher":{"@id":"https:\/\/incaoil.org\/de\/#organization"},"potentialAction":[{"@type":"SearchAction","target":{"@type":"EntryPoint","urlTemplate":"https:\/\/incaoil.org\/de\/?s={search_term_string}"},"query-input":{"@type":"PropertyValueSpecification","valueRequired":true,"valueName":"search_term_string"}}],"inLanguage":"de"},{"@type":"Organization","@id":"https:\/\/incaoil.org\/de\/#organization","name":"IncaOil","url":"https:\/\/incaoil.org\/de\/","logo":{"@type":"ImageObject","inLanguage":"de","@id":"https:\/\/incaoil.org\/de\/#\/schema\/logo\/image\/","url":"https:\/\/incaoil.org\/wp-content\/uploads\/2021\/08\/incaoil-logo.svg","contentUrl":"https:\/\/incaoil.org\/wp-content\/uploads\/2021\/08\/incaoil-logo.svg","caption":"IncaOil"},"image":{"@id":"https:\/\/incaoil.org\/de\/#\/schema\/logo\/image\/"}}]}},"_links":{"self":[{"href":"https:\/\/incaoil.org\/de\/wp-json\/wp\/v2\/pages\/1874","targetHints":{"allow":["GET"]}}],"collection":[{"href":"https:\/\/incaoil.org\/de\/wp-json\/wp\/v2\/pages"}],"about":[{"href":"https:\/\/incaoil.org\/de\/wp-json\/wp\/v2\/types\/page"}],"author":[{"embeddable":true,"href":"https:\/\/incaoil.org\/de\/wp-json\/wp\/v2\/users\/1"}],"replies":[{"embeddable":true,"href":"https:\/\/incaoil.org\/de\/wp-json\/wp\/v2\/comments?post=1874"}],"version-history":[{"count":22,"href":"https:\/\/incaoil.org\/de\/wp-json\/wp\/v2\/pages\/1874\/revisions"}],"predecessor-version":[{"id":2532,"href":"https:\/\/incaoil.org\/de\/wp-json\/wp\/v2\/pages\/1874\/revisions\/2532"}],"wp:attachment":[{"href":"https:\/\/incaoil.org\/de\/wp-json\/wp\/v2\/media?parent=1874"}],"curies":[{"name":"wp","href":"https:\/\/api.w.org\/{rel}","templated":true}]}}