{"id":1868,"date":"2021-08-28T14:26:30","date_gmt":"2021-08-28T12:26:30","guid":{"rendered":"https:\/\/incaoil.org\/startseite\/"},"modified":"2024-11-19T14:16:13","modified_gmt":"2024-11-19T13:16:13","slug":"startseite","status":"publish","type":"page","link":"https:\/\/incaoil.org\/de\/","title":{"rendered":"Startseite"},"content":{"rendered":"<div class=\"gb-container gb-container-e83211f1 alignfull\"><div class=\"gb-inside-container\">\n\n<h1 class=\"gb-headline gb-headline-7b2fd907 gb-headline-text\">Reines Bio-Jojoba\u00f6l<\/h1>\n\n\n\n<h2 class=\"gb-headline gb-headline-6f3b6245 gb-headline-text\">Ein Naturschatz aus Peru f\u00fcr Sie<\/h2>\n\n\n\n<p class=\"has-white-color has-text-color\">Peru ist eines der 17 L\u00e4nder der Erde, die als L\u00e4nder mit gro\u00dfer Artenvielfalt gelten. In der K\u00fcstenw\u00fcste im Westen Perus ist das ausgeglichene Klima ideal f\u00fcr Jojobapflanzen. Wir laden Sie ein, mehr \u00fcber nachhaltige Landwirtschaft zu erfahren: Wir sind stolz darauf, der gr\u00f6\u00dfte Bio-Jojoba-Produzent der Welt zu sein. Unsere Jojobaplantagen tragen dazu bei, weitere W\u00fcstenbildung zu verhindern und haben positive Auswirkungen auf das Klima. Faire Arbeitsbedingungen sind ein wichtiger Faktor f\u00fcr unser Unternehmen. <\/p>\n\n\n\n<div class=\"wp-block-buttons is-layout-flex wp-block-buttons-is-layout-flex\">\n<div class=\"wp-block-button is-style-outline btn-white-outline is-style-outline--1\"><a class=\"wp-block-button__link has-white-color has-text-color wp-element-button\" href=\"https:\/\/incaoil.org\/contact-us\/\">Nehmen Sie Kontakt mit uns auf<\/a><\/div>\n\n\n\n<div class=\"wp-block-button has-custom-font-size is-style-outline btn-white-outline has-normal-font-size is-style-outline--2\"><a class=\"wp-block-button__link has-white-color has-text-color wp-element-button\" href=\"https:\/\/incaoil.org\/products\/\">Erfahren Sie mehr \u00fcber unsere Produkte<\/a><\/div>\n\n\n\n<div class=\"wp-block-button has-custom-font-size is-style-outline btn-white-outline has-normal-font-size is-style-outline--3\"><a class=\"wp-block-button__link has-white-color has-text-color wp-element-button\" href=\"https:\/\/incaoil.org\/wp-content\/uploads\/2024\/01\/Broschure-JOJOBA-Incaoil_einzelseiten.pdf\">Brosch\u00fcre herunterladen<\/a><\/div>\n<\/div>\n\n<\/div><\/div>\n\n\n<h2 class=\"gb-headline gb-headline-834b55d4 gb-headline-text\">Saubere und nachhaltige Produkte sind die Zukunft<\/h2>\n\n\n\n<p>Ihre Kunden sind im Recht: Alle werden sich der Auswirkungen ihres Lebensstils auf die Umwelt immer mehr bewusst. Zunehmend w\u00fcnschen sich die Verbraucher Sch\u00f6nheitsprodukte nicht nur, um ihre eigene Haut zu pflegen, sondern auch, um etwas Gutes f\u00fcr andere zu tun. Deshalb ist Nachhaltigkeit eine der wichtigsten Triebkr\u00e4fte des Kosmetikmarkts. Nat\u00fcrliche, biologische, vegane und ethische Rohstoffe spielen heute eine gro\u00dfe Rolle beim Kauf von Kosmetikprodukten. Wir helfen Ihnen gerne bei der Entwicklung innovativer, nachhaltiger Kosmetikprodukte.<\/p>\n\n\n\n<h2 class=\"gb-headline gb-headline-24423504 gb-headline-text\">Transparenz ist unerl\u00e4sslich<\/h2>\n\n\n\n<p>Transparenz ist uns wichtig, wenn es um Sie und Ihre Kunden geht. Immer mehr Menschen wollen wissen, woher die Rohstoffe und Wirkstoffe in ihren Kosmetikprodukten stammen. Mit mehr als 40 Jahren Erfahrung im Anbau und der Verarbeitung von Bio-Jojoba bieten wir eine transparente und zuverl\u00e4ssige Lieferkette. Wir sch\u00e4tzen langfristige Partnerschaften mit Herstellern, die unsere Vision teilen.<\/p>\n\n\n<div class=\"gb-container gb-container-831cc318 alignfull\"><div class=\"gb-inside-container\">\n<div class=\"gb-grid-wrapper gb-grid-wrapper-09936e3b\">\n<div class=\"gb-grid-column gb-grid-column-659fe3a8\"><div class=\"gb-container gb-container-659fe3a8\"><div class=\"gb-inside-container\">\n\n<div class=\"wp-block-media-text alignwide is-vertically-aligned-top\" style=\"grid-template-columns:25% auto\"><figure class=\"wp-block-media-text__media\"><img loading=\"lazy\" decoding=\"async\" width=\"125\" height=\"150\" src=\"https:\/\/incaoil.org\/wp-content\/uploads\/2021\/08\/Icons-balance.png\" alt=\"Icon-\u00d6kologisches-Gleichgewicht-Blatt-auf-Skalen\" class=\"wp-image-259 size-full\"\/><\/figure><div class=\"wp-block-media-text__content\">\n<h3 class=\"gb-headline gb-headline-07fd87af gb-headline-text\">\u00d6kologisches Gleichgewicht<\/h3>\n\n\n\n<p>Alle unsere Plantagen sind frei von Pestiziden, Fungiziden und Herbiziden. Laub und Schalen werden als nat\u00fcrlicher D\u00fcnger auf unsere Bio-Felder zur\u00fcckgef\u00fchrt.<\/p>\n<\/div><\/div>\n\n<\/div><\/div><\/div>\n\n<div class=\"gb-grid-column gb-grid-column-a16a73d1\"><div class=\"gb-container gb-container-a16a73d1\"><div class=\"gb-inside-container\">\n\n<div class=\"wp-block-media-text alignwide is-vertically-aligned-top\" style=\"grid-template-columns:25% auto\"><figure class=\"wp-block-media-text__media\"><img loading=\"lazy\" decoding=\"async\" width=\"125\" height=\"150\" src=\"https:\/\/incaoil.org\/wp-content\/uploads\/2021\/08\/Icons-whale.png\" alt=\"Icon-Wal-Soziale-Verantwortung-Hand-Halte-Wahle\" class=\"wp-image-251 size-full\"\/><\/figure><div class=\"wp-block-media-text__content\">\n<h3 class=\"gb-headline gb-headline-6e283281 gb-headline-text\">Soziale Verantwortung<\/h3>\n\n\n\n<p>Unsere \u201eFair for Life\u201c-Fair-Trade-Zertifizierung unterstreicht unser Engagement f\u00fcr faire Arbeitsbedingungen. Wir \u00fcbernehmen auch direkte Verantwortung in der Ica-Region in Peru.<\/p>\n<\/div><\/div>\n\n<\/div><\/div><\/div>\n\n<div class=\"gb-grid-column gb-grid-column-cf15d688\"><div class=\"gb-container gb-container-cf15d688\"><div class=\"gb-inside-container\">\n\n<div class=\"wp-block-media-text alignwide is-vertically-aligned-top\" style=\"grid-template-columns:25% auto\"><figure class=\"wp-block-media-text__media\"><img loading=\"lazy\" decoding=\"async\" width=\"125\" height=\"150\" src=\"https:\/\/incaoil.org\/wp-content\/uploads\/2021\/08\/Icons-desertification.png\" alt=\"Icon-W\u00fcstenbildung-Stoppen-W\u00fcstenbildung-Pflanzen-in-der-W\u00fcste\" class=\"wp-image-253 size-full\"\/><\/figure><div class=\"wp-block-media-text__content\">\n<h3 class=\"gb-headline gb-headline-6e66b43c gb-headline-text\">Die W\u00fcstenbildung stoppen<\/h3>\n\n\n\n<p>Mit unseren Jojoba-Plantagen bek\u00e4mpfen wir die Versteppung der peruanischen K\u00fcstenlinie. Die Sandd\u00fcnen sind auf nat\u00fcrliche Art und Weise befestigt.<\/p>\n<\/div><\/div>\n\n<\/div><\/div><\/div>\n<\/div>\n<\/div><\/div>\n\n<div class=\"gb-container gb-container-76e7c39d alignfull\"><div class=\"gb-inside-container\">\n\n\n<\/div><\/div>\n\n<div class=\"gb-container gb-container-005a8978 z-index-2 alignfull\"><div class=\"gb-inside-container\">\n<div class=\"gb-grid-wrapper gb-grid-wrapper-56a458db\">\n<div class=\"gb-grid-column gb-grid-column-7fda3e66\"><div class=\"gb-container gb-container-7fda3e66\"><div class=\"gb-inside-container\">\n\n<h2 class=\"gb-headline gb-headline-b82b8622 gb-headline-text\">Erfahren Sie mehr \u00fcber unser Bio-Jojoba\u00f6l<\/h2>\n\n\n\n<p>Wir bieten Ihnen eine breite Palette von Bio-Jojoba-Produkten wie unser 100% nat\u00fcrliches kaltgepresstes \u00d6l aus sorgf\u00e4ltig ausgew\u00e4hlten Sorten des W\u00fcstenstrauchs Jojoba. Aufgrund seiner \u00c4hnlichkeit mit dem menschlichen Talg wird Jojoba h\u00e4ufig als lang anhaltendes Hauterweichungsmittel f\u00fcr K\u00f6rperpflegeprodukte verwendet.  <\/p>\n\n\n\n<p><\/p>\n\n\n\n<div class=\"wp-block-buttons is-layout-flex wp-block-buttons-is-layout-flex\">\n<div class=\"wp-block-button cta-button\"><a class=\"wp-block-button__link wp-element-button\" href=\"https:\/\/incaoil.org\/products\/\">Erfahren Sie mehr \u00fcber unsere Produkte<\/a><\/div>\n<\/div>\n\n<\/div><\/div><\/div>\n\n<div class=\"gb-grid-column gb-grid-column-113c120a\"><div class=\"gb-container gb-container-113c120a\"><div class=\"gb-inside-container\">\n\n<figure class=\"wp-block-image size-full\"><img loading=\"lazy\" decoding=\"async\" width=\"1\" height=\"1\" src=\"https:\/\/incaoil.org\/wp-content\/uploads\/2021\/09\/t.png\" alt=\"produkt-kaltgepresstes-organisches-jojoba\u00f6l-gold-flasche-und-glas-krug\" class=\"wp-image-576\"\/><\/figure>\n\n<\/div><\/div><\/div>\n<\/div>\n\n<div class=\"gb-grid-wrapper gb-grid-wrapper-7a4a5071\">\n<div class=\"gb-grid-column gb-grid-column-5a072cd3\"><div class=\"gb-container gb-container-5a072cd3\"><div class=\"gb-inside-container\"><\/div><\/div><\/div>\n\n<div class=\"gb-grid-column gb-grid-column-39dd7108\"><div class=\"gb-container gb-container-39dd7108 z-index-1\"><div class=\"gb-inside-container\">\n\n<h2 class=\"gb-headline gb-headline-af12e5c4 gb-headline-text\">Wir sind der weltweit gr\u00f6\u00dfte Bio-Jojoba-Hersteller<\/h2>\n\n\n\n<p>INCA OIL ist der weltweit gr\u00f6\u00dfte Bio-Jojoba-Hersteller. Das Unternehmen wurde im Jahr 2000 von argentinischen\/peruanischen Jojoba-Bauern gegr\u00fcndet, die \u00fcber mehr als 40 Jahre Erfahrung mit dem Anbau und der Verarbeitung dieser besonderen Pflanze verf\u00fcgen. Heutzutage produziert INCA OIL nicht nur in Peru, sondern verarbeitet auch in Panama.<\/p>\n\n\n\n<div class=\"wp-block-buttons is-layout-flex wp-block-buttons-is-layout-flex\">\n<div class=\"wp-block-button cta-button\"><a class=\"wp-block-button__link wp-element-button\" href=\"https:\/\/incaoil.org\/organic-jojoba\/\">Erfahren Sie mehr \u00fcber unser Unternehmen<\/a><\/div>\n<\/div>\n\n<\/div><\/div><\/div>\n<\/div>\n<\/div><div class=\"gb-shapes\"><div class=\"gb-shape gb-shape-1\"><svg xmlns=\"http:\/\/www.w3.org\/2000\/svg\" viewBox=\"0 0 1200 50\" preserveAspectRatio=\"none\"><path d=\"M1200 0v50H0V0h560l40 30 40-30z\"\/><\/svg><\/div><\/div><\/div>\n\n<div class=\"gb-container gb-container-0eaeeda5\"><div class=\"gb-inside-container\">\n\n<h2 class=\"gb-headline gb-headline-7d2c870f gb-headline-text\">Nehmen Sie Kontakt mit uns auf, um \u00fcber unsere Produkte oder den verf\u00fcgbaren Bestand zu sprechen!<\/h2>\n\n\n\n<p>Wir beantworten Ihnen gerne alle Fragen zu unseren Produkten. Weitere Informationen finden Sie in unseren FAQ oder kontaktieren Sie uns direkt.<\/p>\n\n\n\n<p><strong>An welchen Produkten sind Sie interessiert?<\/strong><\/p>\n\n\n\n<div class=\"wp-block-contact-form-7-contact-form-selector\">\n<div class=\"wpcf7 no-js\" id=\"wpcf7-f1903-o1\" lang=\"de-DE\" dir=\"ltr\" data-wpcf7-id=\"1903\">\n<div class=\"screen-reader-response\"><p role=\"status\" aria-live=\"polite\" aria-atomic=\"true\"><\/p> <ul><\/ul><\/div>\n<form action=\"\/de\/wp-json\/wp\/v2\/pages\/1868#wpcf7-f1903-o1\" method=\"post\" class=\"wpcf7-form init\" aria-label=\"Kontaktformular\" novalidate=\"novalidate\" data-status=\"init\">\n<fieldset class=\"hidden-fields-container\"><input type=\"hidden\" name=\"_wpcf7\" value=\"1903\" \/><input type=\"hidden\" name=\"_wpcf7_version\" value=\"6.1.5\" \/><input type=\"hidden\" name=\"_wpcf7_locale\" value=\"de_DE\" \/><input type=\"hidden\" name=\"_wpcf7_unit_tag\" value=\"wpcf7-f1903-o1\" \/><input type=\"hidden\" name=\"_wpcf7_container_post\" value=\"0\" \/><input type=\"hidden\" name=\"_wpcf7_posted_data_hash\" value=\"\" \/><input type=\"hidden\" name=\"_wpcf7_recaptcha_response\" value=\"\" \/>\n<\/fieldset>\n<div class=\"flex-container checkboxes\">\n\t<div class=\"flex-item\">\n\t\t<p><span class=\"wpcf7-form-control-wrap\" data-name=\"checkbox-oil\"><span class=\"wpcf7-form-control wpcf7-checkbox\"><span class=\"wpcf7-list-item first last\"><label><input type=\"checkbox\" name=\"checkbox-oil[]\" value=\"Jojobaoil Gold\" \/><span class=\"wpcf7-list-item-label\">Jojobaoil Gold<\/span><\/label><\/span><\/span><\/span>\n\t\t<\/p>\n\t<\/div>\n\t<div class=\"flex-item\">\n\t\t<p><span class=\"wpcf7-form-control-wrap\" data-name=\"checkbox-oil-light\"><span class=\"wpcf7-form-control wpcf7-checkbox\"><span class=\"wpcf7-list-item first last\"><label><input type=\"checkbox\" name=\"checkbox-oil-light[]\" value=\"Jojobaoil Lite\" \/><span class=\"wpcf7-list-item-label\">Jojobaoil Lite<\/span><\/label><\/span><\/span><\/span>\n\t\t<\/p>\n\t<\/div>\n\t<div class=\"flex-item \">\n\t\t<p><span class=\"wpcf7-form-control-wrap\" data-name=\"checkbox-oil-organic\"><span class=\"wpcf7-form-control wpcf7-checkbox\"><span class=\"wpcf7-list-item first last\"><label><input type=\"checkbox\" name=\"checkbox-oil-organic[]\" value=\"Jojobaoil Organic\" \/><span class=\"wpcf7-list-item-label\">Jojobaoil Organic<\/span><\/label><\/span><\/span><\/span>\n\t\t<\/p>\n\t<\/div>\n\t<div class=\"flex-item\">\n\t\t<p><span class=\"wpcf7-form-control-wrap\" data-name=\"checkbox-flakes-beads\"><span class=\"wpcf7-form-control wpcf7-checkbox\"><span class=\"wpcf7-list-item first last\"><label><input type=\"checkbox\" name=\"checkbox-flakes-beads[]\" value=\"INCA GUM\" \/><span class=\"wpcf7-list-item-label\">INCA GUM<\/span><\/label><\/span><\/span><\/span>\n\t\t<\/p>\n\t<\/div>\n<\/div>\n<div class=\"flex-container inputs\">\n\t<div class=\"flex-item fields-left\">\n\t\t<div class=\"flex-left\">\n\t\t\t<p><span class=\"wpcf7-form-control-wrap\" data-name=\"text-474\"><input size=\"40\" maxlength=\"400\" class=\"wpcf7-form-control wpcf7-text\" aria-invalid=\"false\" placeholder=\"Unternehmen\" value=\"\" type=\"text\" name=\"text-474\" \/><\/span>\n\t\t\t<\/p>\n\t\t<\/div>\n\t\t<div class=\"flex-left\">\n\t\t\t<p><span class=\"wpcf7-form-control-wrap\" data-name=\"text-475\"><input size=\"40\" maxlength=\"400\" class=\"wpcf7-form-control wpcf7-text\" aria-invalid=\"false\" placeholder=\"Ihr Name\" value=\"\" type=\"text\" name=\"text-475\" \/><\/span>\n\t\t\t<\/p>\n\t\t<\/div>\n\t\t<div class=\"flex-left\">\n\t\t\t<p><span class=\"wpcf7-form-control-wrap\" data-name=\"text-477\"><input size=\"40\" maxlength=\"400\" class=\"wpcf7-form-control wpcf7-text\" aria-invalid=\"false\" placeholder=\"Telefon\" value=\"\" type=\"text\" name=\"text-477\" \/><\/span>\n\t\t\t<\/p>\n\t\t<\/div>\n\t\t<div class=\"flex-left\">\n\t\t\t<p><span class=\"wpcf7-form-control-wrap\" data-name=\"text-478\"><input size=\"40\" maxlength=\"400\" class=\"wpcf7-form-control wpcf7-email wpcf7-validates-as-required wpcf7-text wpcf7-validates-as-email\" aria-required=\"true\" aria-invalid=\"false\" placeholder=\"Ihre E-Mailadresse\" value=\"\" type=\"email\" name=\"text-478\" \/><\/span><br \/>\n<span id=\"wpcf7-69ef679649e09-wrapper\" class=\"wpcf7-form-control-wrap yourUrl-wrap\" ><label for=\"wpcf7-69ef679649e09-field\" class=\"hp-message\">Bitte lasse dieses Feld leer.<\/label><input id=\"wpcf7-69ef679649e09-field\"  class=\"wpcf7-form-control wpcf7-text\" type=\"text\" name=\"yourUrl\" value=\"\" size=\"40\" tabindex=\"-1\" autocomplete=\"new-password\" \/><\/span>\n\t\t\t<\/p>\n\t\t<\/div>\n\t<\/div>\n\t<div class=\"flex-item fields-right\">\n\t\t<p><span class=\"wpcf7-form-control-wrap\" data-name=\"textarea-86\"><textarea cols=\"40\" rows=\"10\" maxlength=\"2000\" class=\"wpcf7-form-control wpcf7-textarea\" aria-invalid=\"false\" placeholder=\"Ihre Nachricht\" name=\"textarea-86\"><\/textarea><\/span>\n\t\t<\/p>\n\t<\/div>\n<\/div>\n<div class=\"flex-container formlastrow\">\n\t<div class=\"flex-item agbs\">\n\t\t<p><span class=\"wpcf7-form-control-wrap\" data-name=\"checkbox-114\"><span class=\"wpcf7-form-control wpcf7-checkbox wpcf7-validates-as-required\"><span class=\"wpcf7-list-item first last\"><label><input type=\"checkbox\" name=\"checkbox-114[]\" value=\"Ich stimme den Datenschutzbestimmungen zu\" \/><span class=\"wpcf7-list-item-label\">Ich stimme den Datenschutzbestimmungen zu<\/span><\/label><\/span><\/span><\/span><br \/>\n<span class=\"wpcf7-form-control-wrap\" data-name=\"checkbox-214\"><span class=\"wpcf7-form-control wpcf7-checkbox wpcf7-validates-as-required\"><span class=\"wpcf7-list-item first last\"><label><input type=\"checkbox\" name=\"checkbox-214[]\" value=\"Ich stimme den T&amp;Cs zu\" \/><span class=\"wpcf7-list-item-label\">Ich stimme den T&amp;Cs zu<\/span><\/label><\/span><\/span><\/span><br \/>\n\t\t<span class=\"wpcf7-form-control-wrap recaptcha\" data-name=\"recaptcha\"><span data-sitekey=\"6LdBiVciAAAAAHcbr5oy5x1hRxBXeijKECQJVNlM\" class=\"wpcf7-form-control wpcf7-recaptcha g-recaptcha\"><\/span>\r\n<noscript>\r\n\t<div class=\"grecaptcha-noscript\">\r\n\t\t<iframe loading=\"lazy\" src=\"https:\/\/www.google.com\/recaptcha\/api\/fallback?k=6LdBiVciAAAAAHcbr5oy5x1hRxBXeijKECQJVNlM\" frameborder=\"0\" scrolling=\"no\" width=\"310\" height=\"430\">\r\n\t\t<\/iframe>\r\n\t\t<textarea name=\"g-recaptcha-response\" rows=\"3\" cols=\"40\" placeholder=\"reCaptcha Response Here\">\r\n\t\t<\/textarea>\r\n\t<\/div>\r\n<\/noscript>\r\n<\/span>\n\t\t<\/p>\n\t<\/div>\n\t<div class=\"flex-item submitbuttons\">\n\t\t<div class=\"flex-container form-buttons\">\n\t\t\t<div class=\"flex-item\">\n\t\t\t\t<p><input class=\"wpcf7-form-control wpcf7-submit has-spinner\" type=\"submit\" value=\"Senden\" \/>\n\t\t\t\t<\/p>\n\t\t\t<\/div>\n\t\t\t<div class=\"flex-item\">\n\t\t\t<\/div>\n\t\t<\/div>\n\t<\/div>\n<\/div><div class=\"wpcf7-response-output\" aria-hidden=\"true\"><\/div>\n<\/form>\n<\/div>\n<\/div>\n\n<\/div><\/div>","protected":false},"excerpt":{"rendered":"<p>Reines Bio-Jojoba\u00f6l Ein Naturschatz aus Peru f\u00fcr Sie Peru ist eines der 17 L\u00e4nder der Erde, die als L\u00e4nder mit gro\u00dfer Artenvielfalt gelten. In der K\u00fcstenw\u00fcste im Westen Perus ist das ausgeglichene Klima ideal f\u00fcr Jojobapflanzen. Wir laden Sie ein, mehr \u00fcber nachhaltige Landwirtschaft zu erfahren: Wir sind stolz darauf, der gr\u00f6\u00dfte Bio-Jojoba-Produzent der Welt &#8230; <a title=\"Startseite\" class=\"read-more\" href=\"https:\/\/incaoil.org\/de\/\" aria-label=\"Mehr Informationen \u00fcber Startseite\">Weiterlesen &#8230;<\/a><\/p>\n","protected":false},"author":1,"featured_media":0,"parent":0,"menu_order":0,"comment_status":"closed","ping_status":"closed","template":"","meta":{"footnotes":""},"class_list":["post-1868","page","type-page","status-publish"],"featured_image_src":null,"yoast_head":"<!-- This site is optimized with the Yoast SEO plugin v27.4 - https:\/\/yoast.com\/product\/yoast-seo-wordpress\/ -->\n<title>Startseite - IncaOil<\/title>\n<meta name=\"description\" content=\"Gehen Sie eine Partnerschaft mit dem weltweit gr\u00f6\u00dften zertifizierten Bio-Jojoba\u00f6l-Lieferanten ein, um reine, innovative Produkte auf Jojoba-Basis herzustellen, die Ihre Kunden w\u00fcnschen und brauchen. Setzen Sie sich mit uns in Verbindung, um \u00fcber unsere Produkte zu sprechen.\" \/>\n<meta name=\"robots\" content=\"index, follow, max-snippet:-1, max-image-preview:large, max-video-preview:-1\" \/>\n<link rel=\"canonical\" href=\"https:\/\/incaoil.org\/de\/\" \/>\n<meta property=\"og:locale\" content=\"de_DE\" \/>\n<meta property=\"og:type\" content=\"article\" \/>\n<meta property=\"og:title\" content=\"Startseite - IncaOil\" \/>\n<meta property=\"og:description\" content=\"Gehen Sie eine Partnerschaft mit dem weltweit gr\u00f6\u00dften zertifizierten Bio-Jojoba\u00f6l-Lieferanten ein, um reine, innovative Produkte auf Jojoba-Basis herzustellen, die Ihre Kunden w\u00fcnschen und brauchen. Setzen Sie sich mit uns in Verbindung, um \u00fcber unsere Produkte zu sprechen.\" \/>\n<meta property=\"og:url\" content=\"https:\/\/incaoil.org\/de\/\" \/>\n<meta property=\"og:site_name\" content=\"IncaOil\" \/>\n<meta property=\"article:modified_time\" content=\"2024-11-19T13:16:13+00:00\" \/>\n<meta property=\"og:image\" content=\"https:\/\/incaoil.org\/wp-content\/uploads\/2021\/08\/Icons-balance.png\" \/>\n\t<meta property=\"og:image:width\" content=\"125\" \/>\n\t<meta property=\"og:image:height\" content=\"150\" \/>\n\t<meta property=\"og:image:type\" content=\"image\/png\" \/>\n<meta name=\"twitter:card\" content=\"summary_large_image\" \/>\n<meta name=\"twitter:label1\" content=\"Gesch\u00e4tzte Lesezeit\" \/>\n\t<meta name=\"twitter:data1\" content=\"3\u00a0Minuten\" \/>\n<script type=\"application\/ld+json\" class=\"yoast-schema-graph\">{\"@context\":\"https:\\\/\\\/schema.org\",\"@graph\":[{\"@type\":\"WebPage\",\"@id\":\"https:\\\/\\\/incaoil.org\\\/de\\\/\",\"url\":\"https:\\\/\\\/incaoil.org\\\/de\\\/\",\"name\":\"Startseite - IncaOil\",\"isPartOf\":{\"@id\":\"https:\\\/\\\/incaoil.org\\\/de\\\/#website\"},\"primaryImageOfPage\":{\"@id\":\"https:\\\/\\\/incaoil.org\\\/de\\\/#primaryimage\"},\"image\":{\"@id\":\"https:\\\/\\\/incaoil.org\\\/de\\\/#primaryimage\"},\"thumbnailUrl\":\"https:\\\/\\\/incaoil.org\\\/wp-content\\\/uploads\\\/2021\\\/08\\\/Icons-balance.png\",\"datePublished\":\"2021-08-28T12:26:30+00:00\",\"dateModified\":\"2024-11-19T13:16:13+00:00\",\"description\":\"Gehen Sie eine Partnerschaft mit dem weltweit gr\u00f6\u00dften zertifizierten Bio-Jojoba\u00f6l-Lieferanten ein, um reine, innovative Produkte auf Jojoba-Basis herzustellen, die Ihre Kunden w\u00fcnschen und brauchen. Setzen Sie sich mit uns in Verbindung, um \u00fcber unsere Produkte zu sprechen.\",\"breadcrumb\":{\"@id\":\"https:\\\/\\\/incaoil.org\\\/de\\\/#breadcrumb\"},\"inLanguage\":\"de\",\"potentialAction\":[{\"@type\":\"ReadAction\",\"target\":[\"https:\\\/\\\/incaoil.org\\\/de\\\/\"]}]},{\"@type\":\"ImageObject\",\"inLanguage\":\"de\",\"@id\":\"https:\\\/\\\/incaoil.org\\\/de\\\/#primaryimage\",\"url\":\"https:\\\/\\\/incaoil.org\\\/wp-content\\\/uploads\\\/2021\\\/08\\\/Icons-balance.png\",\"contentUrl\":\"https:\\\/\\\/incaoil.org\\\/wp-content\\\/uploads\\\/2021\\\/08\\\/Icons-balance.png\"},{\"@type\":\"BreadcrumbList\",\"@id\":\"https:\\\/\\\/incaoil.org\\\/de\\\/#breadcrumb\",\"itemListElement\":[{\"@type\":\"ListItem\",\"position\":1,\"name\":\"Startseite\",\"item\":\"https:\\\/\\\/incaoil.org\\\/de\\\/\"},{\"@type\":\"ListItem\",\"position\":2,\"name\":\"Startseite\"}]},{\"@type\":\"WebSite\",\"@id\":\"https:\\\/\\\/incaoil.org\\\/de\\\/#website\",\"url\":\"https:\\\/\\\/incaoil.org\\\/de\\\/\",\"name\":\"IncaOil.org\",\"description\":\"The real Jojoba\",\"publisher\":{\"@id\":\"https:\\\/\\\/incaoil.org\\\/de\\\/#organization\"},\"potentialAction\":[{\"@type\":\"SearchAction\",\"target\":{\"@type\":\"EntryPoint\",\"urlTemplate\":\"https:\\\/\\\/incaoil.org\\\/de\\\/?s={search_term_string}\"},\"query-input\":{\"@type\":\"PropertyValueSpecification\",\"valueRequired\":true,\"valueName\":\"search_term_string\"}}],\"inLanguage\":\"de\"},{\"@type\":\"Organization\",\"@id\":\"https:\\\/\\\/incaoil.org\\\/de\\\/#organization\",\"name\":\"IncaOil\",\"url\":\"https:\\\/\\\/incaoil.org\\\/de\\\/\",\"logo\":{\"@type\":\"ImageObject\",\"inLanguage\":\"de\",\"@id\":\"https:\\\/\\\/incaoil.org\\\/de\\\/#\\\/schema\\\/logo\\\/image\\\/\",\"url\":\"https:\\\/\\\/incaoil.org\\\/wp-content\\\/uploads\\\/2021\\\/08\\\/incaoil-logo.svg\",\"contentUrl\":\"https:\\\/\\\/incaoil.org\\\/wp-content\\\/uploads\\\/2021\\\/08\\\/incaoil-logo.svg\",\"caption\":\"IncaOil\"},\"image\":{\"@id\":\"https:\\\/\\\/incaoil.org\\\/de\\\/#\\\/schema\\\/logo\\\/image\\\/\"}}]}<\/script>\n<!-- \/ Yoast SEO plugin. -->","yoast_head_json":{"title":"Startseite - IncaOil","description":"Gehen Sie eine Partnerschaft mit dem weltweit gr\u00f6\u00dften zertifizierten Bio-Jojoba\u00f6l-Lieferanten ein, um reine, innovative Produkte auf Jojoba-Basis herzustellen, die Ihre Kunden w\u00fcnschen und brauchen. Setzen Sie sich mit uns in Verbindung, um \u00fcber unsere Produkte zu sprechen.","robots":{"index":"index","follow":"follow","max-snippet":"max-snippet:-1","max-image-preview":"max-image-preview:large","max-video-preview":"max-video-preview:-1"},"canonical":"https:\/\/incaoil.org\/de\/","og_locale":"de_DE","og_type":"article","og_title":"Startseite - IncaOil","og_description":"Gehen Sie eine Partnerschaft mit dem weltweit gr\u00f6\u00dften zertifizierten Bio-Jojoba\u00f6l-Lieferanten ein, um reine, innovative Produkte auf Jojoba-Basis herzustellen, die Ihre Kunden w\u00fcnschen und brauchen. Setzen Sie sich mit uns in Verbindung, um \u00fcber unsere Produkte zu sprechen.","og_url":"https:\/\/incaoil.org\/de\/","og_site_name":"IncaOil","article_modified_time":"2024-11-19T13:16:13+00:00","og_image":[{"width":125,"height":150,"url":"https:\/\/incaoil.org\/wp-content\/uploads\/2021\/08\/Icons-balance.png","type":"image\/png"}],"twitter_card":"summary_large_image","twitter_misc":{"Gesch\u00e4tzte Lesezeit":"3\u00a0Minuten"},"schema":{"@context":"https:\/\/schema.org","@graph":[{"@type":"WebPage","@id":"https:\/\/incaoil.org\/de\/","url":"https:\/\/incaoil.org\/de\/","name":"Startseite - IncaOil","isPartOf":{"@id":"https:\/\/incaoil.org\/de\/#website"},"primaryImageOfPage":{"@id":"https:\/\/incaoil.org\/de\/#primaryimage"},"image":{"@id":"https:\/\/incaoil.org\/de\/#primaryimage"},"thumbnailUrl":"https:\/\/incaoil.org\/wp-content\/uploads\/2021\/08\/Icons-balance.png","datePublished":"2021-08-28T12:26:30+00:00","dateModified":"2024-11-19T13:16:13+00:00","description":"Gehen Sie eine Partnerschaft mit dem weltweit gr\u00f6\u00dften zertifizierten Bio-Jojoba\u00f6l-Lieferanten ein, um reine, innovative Produkte auf Jojoba-Basis herzustellen, die Ihre Kunden w\u00fcnschen und brauchen. Setzen Sie sich mit uns in Verbindung, um \u00fcber unsere Produkte zu sprechen.","breadcrumb":{"@id":"https:\/\/incaoil.org\/de\/#breadcrumb"},"inLanguage":"de","potentialAction":[{"@type":"ReadAction","target":["https:\/\/incaoil.org\/de\/"]}]},{"@type":"ImageObject","inLanguage":"de","@id":"https:\/\/incaoil.org\/de\/#primaryimage","url":"https:\/\/incaoil.org\/wp-content\/uploads\/2021\/08\/Icons-balance.png","contentUrl":"https:\/\/incaoil.org\/wp-content\/uploads\/2021\/08\/Icons-balance.png"},{"@type":"BreadcrumbList","@id":"https:\/\/incaoil.org\/de\/#breadcrumb","itemListElement":[{"@type":"ListItem","position":1,"name":"Startseite","item":"https:\/\/incaoil.org\/de\/"},{"@type":"ListItem","position":2,"name":"Startseite"}]},{"@type":"WebSite","@id":"https:\/\/incaoil.org\/de\/#website","url":"https:\/\/incaoil.org\/de\/","name":"IncaOil.org","description":"The real Jojoba","publisher":{"@id":"https:\/\/incaoil.org\/de\/#organization"},"potentialAction":[{"@type":"SearchAction","target":{"@type":"EntryPoint","urlTemplate":"https:\/\/incaoil.org\/de\/?s={search_term_string}"},"query-input":{"@type":"PropertyValueSpecification","valueRequired":true,"valueName":"search_term_string"}}],"inLanguage":"de"},{"@type":"Organization","@id":"https:\/\/incaoil.org\/de\/#organization","name":"IncaOil","url":"https:\/\/incaoil.org\/de\/","logo":{"@type":"ImageObject","inLanguage":"de","@id":"https:\/\/incaoil.org\/de\/#\/schema\/logo\/image\/","url":"https:\/\/incaoil.org\/wp-content\/uploads\/2021\/08\/incaoil-logo.svg","contentUrl":"https:\/\/incaoil.org\/wp-content\/uploads\/2021\/08\/incaoil-logo.svg","caption":"IncaOil"},"image":{"@id":"https:\/\/incaoil.org\/de\/#\/schema\/logo\/image\/"}}]}},"_links":{"self":[{"href":"https:\/\/incaoil.org\/de\/wp-json\/wp\/v2\/pages\/1868","targetHints":{"allow":["GET"]}}],"collection":[{"href":"https:\/\/incaoil.org\/de\/wp-json\/wp\/v2\/pages"}],"about":[{"href":"https:\/\/incaoil.org\/de\/wp-json\/wp\/v2\/types\/page"}],"author":[{"embeddable":true,"href":"https:\/\/incaoil.org\/de\/wp-json\/wp\/v2\/users\/1"}],"replies":[{"embeddable":true,"href":"https:\/\/incaoil.org\/de\/wp-json\/wp\/v2\/comments?post=1868"}],"version-history":[{"count":22,"href":"https:\/\/incaoil.org\/de\/wp-json\/wp\/v2\/pages\/1868\/revisions"}],"predecessor-version":[{"id":2458,"href":"https:\/\/incaoil.org\/de\/wp-json\/wp\/v2\/pages\/1868\/revisions\/2458"}],"wp:attachment":[{"href":"https:\/\/incaoil.org\/de\/wp-json\/wp\/v2\/media?parent=1868"}],"curies":[{"name":"wp","href":"https:\/\/api.w.org\/{rel}","templated":true}]}}