{"id":1842,"date":"2022-08-30T12:15:30","date_gmt":"2022-08-30T10:15:30","guid":{"rendered":"https:\/\/incaoil.org\/jojobaoel-schoenheit\/"},"modified":"2024-11-19T12:21:16","modified_gmt":"2024-11-19T11:21:16","slug":"jojobaoel-schoenheit","status":"publish","type":"page","link":"https:\/\/incaoil.org\/de\/jojobaoel-schoenheit\/","title":{"rendered":"Jojoba\u00f6l &#038; Sch\u00f6nheit"},"content":{"rendered":"\n<h1 class=\"gb-headline gb-headline-402a4699 gb-headline-text\">Die Kraft der Feuchtigkeit<\/h1>\n\n\n<div class=\"gb-container gb-container-b721bf8a alignwide\"><div class=\"gb-inside-container\">\n<div class=\"gb-grid-wrapper gb-grid-wrapper-ee391442\">\n<div class=\"gb-grid-column gb-grid-column-48545d0a\"><div class=\"gb-container gb-container-48545d0a\"><div class=\"gb-inside-container\">\n\n<h2 class=\"gb-headline gb-headline-7446b511 gb-headline-text\">Halten Sie Feuchtigkeit in Ihrer Haut wie eine Jojoba-Pflanze<\/h2>\n\n\n\n<p>Jojobapflanzen wissen, wie man mit Trockenheit umgeht: Urspr\u00fcnglich stammen die immergr\u00fcnen Str\u00e4ucher aus der amerikanischen Sonora-W\u00fcste. Die bis zu 3m hoch werdende Jojobapflanze <em>Simmondsia Chinensis<\/em> mag trockene und w\u00fcsten\u00e4hnliche Regionen der Welt. Sie kommt mit sehr wenig Wasser aus und sch\u00fctzt ihre Bl\u00e4tter mit einer Wachsschicht, einer Barriere gegen Verdunstung, vor Wasserverlust. Ihre Fr\u00fcchte enthalten einen Samen, aus dem Jojoba\u00f6l gewonnen wird. Diese sind durch ihre besondere Zusammensetzung vor Trockenheit, Oxidation und UV-Licht gesch\u00fctzt. Und genau diese Eigenschaften finden sich im Jojob\u00f6l wieder.<\/p>\n\n<\/div><\/div><\/div>\n\n<div class=\"gb-grid-column gb-grid-column-e4a5501a\"><div class=\"gb-container gb-container-e4a5501a\"><div class=\"gb-inside-container\"><\/div><\/div><\/div>\n<\/div>\n\n<div class=\"gb-grid-wrapper gb-grid-wrapper-38ccaf3c\">\n<div class=\"gb-grid-column gb-grid-column-8c7d2559\"><div class=\"gb-container gb-container-8c7d2559\"><div class=\"gb-inside-container\"><\/div><\/div><\/div>\n\n<div class=\"gb-grid-column gb-grid-column-a1a89075\"><div class=\"gb-container gb-container-a1a89075\"><div class=\"gb-inside-container\">\n\n<h2 class=\"gb-headline gb-headline-6c9b8a24 gb-headline-text\">Jojoba\u00f6l ist kein \u00d6l, es ist ein Wachs.<\/h2>\n\n\n\n<figure class=\"gb-block-image gb-block-image-4034e281\"><img loading=\"lazy\" decoding=\"async\" width=\"445\" height=\"280\" class=\"gb-image gb-image-4034e281\" src=\"https:\/\/incaoil.org\/wp-content\/uploads\/2022\/08\/schema_similarity_of_the_molecules.jpg\" alt=\"\" title=\"schema_\u00e4hnlichkeit_der_molek\u00fcle\" srcset=\"https:\/\/incaoil.org\/wp-content\/uploads\/2022\/08\/schema_similarity_of_the_molecules.jpg 445w, https:\/\/incaoil.org\/wp-content\/uploads\/2022\/08\/schema_similarity_of_the_molecules-300x189.jpg 300w\" sizes=\"auto, (max-width: 445px) 100vw, 445px\" \/><\/figure>\n\n\n\n<p class=\"gb-headline gb-headline-58408295 gb-headline-text\"><strong>Moment mal! <\/strong>Auch wenn alle von Jojoba\u00f6l sprechen, handelt es sich eigentlich um ein pflanzliches Fl\u00fcssigwachs. Und genau das ist es, was Jojoba\u00f6l so besonders macht und von anderen nat\u00fcrlichen \u00d6len unterscheidet: Die chemische Struktur ist die eines fl\u00fcssigen Wachses und besteht zu 97% aus Wachsestern. Das gilt auch f\u00fcr den hohen Anteil an Gadoleins\u00e4ure im Jojoba\u00f6l: Die wertvolle Omega-9-Fetts\u00e4ure liegt als Wachsester vor. Ein zus\u00e4tzliches Plus: Jojoba\u00f6l kommt ohne Stabilisatoren und Konservierungsstoffe aus und ist lange haltbar.<\/p>\n\n<\/div><\/div><\/div>\n<\/div>\n<\/div><\/div>\n\n<div class=\"gb-container gb-container-1dd26e6f\"><div class=\"gb-inside-container\">\n\n<h2 class=\"gb-headline gb-headline-eaa994d4 gb-headline-text\">Befeuchtete Haut durch biomimetische Pflege<\/h2>\n\n\n\n<p>Die Wachsester, die das Jojoba\u00f6l charakterisieren, sind dem Lipidfilm der menschlichen Haut \u00e4hnlich. Jojoba\u00f6l hat also eine biomimetische Wirkung und verbindet sich mit dem Hauttalg.&nbsp; Auf diese Weise wird die Haut wirksam vor Feuchtigkeitsverlusten gesch\u00fctzt: Die hauteigenen Enzyme k\u00f6nnen das Jojoba\u00f6l auf der Haut nur langsam abbauen, so dass die Hornschicht l\u00e4nger vor Feuchtigkeitsverlust bewahrt wird.<\/p>\n\n\n\n<p>Aus diesem Grund war das inzwischen verbotene Walrat, das fr\u00fcher aus Pottwalen gewonnen wurde, in der Hautpflege so beliebt &#8211; es hat \u00e4hnliche Eigenschaften. Jojoba\u00f6l ist ein hervorragender Ersatz f\u00fcr Walrat. Die Verwendung von Jojoba\u00f6l rettet das Leben der Wale, daher ist INCA OIL eng mit dem WDC &#8211; Whale and Dolphin Conservation verbunden.<\/p>\n\n\n\n<p>Auch spannend: Jojoba\u00f6l ist in der Lage, Hautbakterien in Schach zu halten, die zu unreiner Haut f\u00fchren k\u00f6nnen. Diese Mikroorganismen k\u00f6nnen das Jojoba\u00f6l nicht verstoffwechseln und werden so in ihrem Wachstum gehemmt.<\/p>\n\n\n\n<p>Neben den Wachsestern ist Jojoba\u00f6l reich an Phytosterinen und Tocopherol, die antioxidativ und entz\u00fcndungshemmend wirken. Unser Jojoba\u00f6l hat einen Vitamin-E-Gehalt von 11 bis 13 mg\/kg.<\/p>\n\n<\/div><\/div>\n\n<div class=\"gb-container gb-container-9d4afa45\"><div class=\"gb-inside-container\">\n\n<h2 class=\"gb-headline gb-headline-d7d70e9e gb-headline-text\">Beauty Einblicke: Trend \u201eSkin Minimalism\u201c<\/h2>\n\n\n\n<p>Der Minimalismus ist nicht nur in der Welt der Inneneinrichtung oder der Mode angekommen, sondern auch in der Sch\u00f6nheitsbranche. Das bedeutet, dass viele Verbraucherinnen und Verbraucher mehr multifunktionale Produkte suchen, die f\u00fcr die Gesichts-, K\u00f6rper- und Haarpflege verwendet werden k\u00f6nnen &#8211; und somit weniger Produkte im Badezimmer herumstehen.<\/p>\n\n\n\n<p>Trendforschungsinstitute bezeichnen diesen Trend als &#8222;Skin Minimalism&#8220;: Die Hautpflegeroutine beschr\u00e4nkt sich auf die wesentlichsten Produkte. Eng verbunden mit diesem Lebensstil ist die Nachhaltigkeit, um Ressourcen zu sparen.<\/p>\n\n\n\n<p>Minimalistische Formulierungen von Kosmetikprodukten werden immer beliebter. Je k\u00fcrzer die Deklaration der Inhaltsstoffe (INCI) ist, desto besser auch f\u00fcr Allergiker. Pflegende Pflanzen\u00f6le spielen als Allrounder eine wichtige Rolle.<\/p>\n\n\n\n<p>Jojoba\u00f6l ist f\u00fcr die minimalistische Hautpflege besonders interessant, da es aufgrund seiner spezifischen Zusammensetzung quasi keine Konservierungsstoffe ben\u00f6tigt und auch andere Pflanzen\u00f6le stabilisiert. Multifunktional einsetzbar, bietet es Schutz vor Feuchtigkeitsverlust f\u00fcr Haut und Haar &#8211; ein unverzichtbarer Bestandteil jeder Pflegeroutine.<\/p>\n\n<\/div><\/div>\n\n<div class=\"gb-container gb-container-cb43cdb5\"><div class=\"gb-inside-container\">\n\n<h2 class=\"gb-headline gb-headline-d01f949b gb-headline-text\">Jojoba\u00f6l ist perfekt f\u00fcr Ihre Kosmetik<\/h2>\n\n\n\n<p>Jojoba\u00f6l f\u00fchlt sich leicht und nicht fettig auf der Haut an. Als fl\u00fcssiges Wachs speichert es die Feuchtigkeit in der Haut. Das sorgt f\u00fcr mehr Elastizit\u00e4t und bietet gleichzeitig einen leichten UV-Schutz f\u00fcr die Haut.<\/p>\n\n\n\n<ul class=\"wp-block-list\">\n<li>Trockene und feuchtigkeitsarme Haut genie\u00dft die biomimetische Pflege von Jojoba\u00f6l in Feuchtigkeitscremes, aber auch in der hydratisierenden Kopfhautpflege.<\/li>\n\n\n\n<li>Da sich Jojoba\u00f6l relativ langsam verteilt, eignet es sich f\u00fcr Augencremes und Abschminkprodukte, die kaum in die Augen gelangen.<\/li>\n\n\n\n<li>Unreine Haut und Mischhaut k\u00f6nnen durch jojoba\u00f6l-haltige Feuchtigkeitsfluids ausgeglichen werden.<\/li>\n\n\n\n<li>Reife Haut profitiert von den Phytosterinen und dem Vitamin E, die im Jojoba\u00f6l enthalten sind. Das \u00d6l dient auch als hervorragender Tr\u00e4ger f\u00fcr andere Wirkstoffe.<\/li>\n\n\n\n<li>Das nicht-fettende Jojoba\u00f6l l\u00e4sst sich hervorragend in Haar\u00f6len, Sp\u00fclungen und Haarkuren verwenden.<\/li>\n\n\n\n<li>Jojoba\u00f6l eignet sich als Basis\u00f6l f\u00fcr nat\u00fcrliche Parf\u00fcms. Jojoba\u00f6l wird gern in Sonnenschutz- und After-Sun-Produkten verwendet, da es gut in die Haut einzieht und zus\u00e4tzlich \u00fcber einen nat\u00fcrlichen LSF 4 verf\u00fcgt.<\/li>\n<\/ul>\n\n<\/div><\/div>","protected":false},"excerpt":{"rendered":"<p>Die Kraft der Feuchtigkeit Befeuchtete Haut durch biomimetische Pflege Die Wachsester, die das Jojoba\u00f6l charakterisieren, sind dem Lipidfilm der menschlichen Haut \u00e4hnlich. Jojoba\u00f6l hat also eine biomimetische Wirkung und verbindet sich mit dem Hauttalg.&nbsp; Auf diese Weise wird die Haut wirksam vor Feuchtigkeitsverlusten gesch\u00fctzt: Die hauteigenen Enzyme k\u00f6nnen das Jojoba\u00f6l auf der Haut nur langsam &#8230; <a title=\"Jojoba\u00f6l &#038; Sch\u00f6nheit\" class=\"read-more\" href=\"https:\/\/incaoil.org\/de\/jojobaoel-schoenheit\/\" aria-label=\"Mehr Informationen \u00fcber Jojoba\u00f6l &#038; Sch\u00f6nheit\">Weiterlesen &#8230;<\/a><\/p>\n","protected":false},"author":1,"featured_media":0,"parent":0,"menu_order":0,"comment_status":"closed","ping_status":"closed","template":"","meta":{"footnotes":""},"class_list":["post-1842","page","type-page","status-publish"],"featured_image_src":null,"yoast_head":"<!-- This site is optimized with the Yoast SEO plugin v27.4 - https:\/\/yoast.com\/product\/yoast-seo-wordpress\/ -->\n<title>Jojoba\u00f6l &amp; Sch\u00f6nheit - IncaOil<\/title>\n<meta name=\"robots\" content=\"index, follow, max-snippet:-1, max-image-preview:large, max-video-preview:-1\" \/>\n<link rel=\"canonical\" href=\"https:\/\/incaoil.org\/de\/jojobaoel-schoenheit\/\" \/>\n<meta property=\"og:locale\" content=\"de_DE\" \/>\n<meta property=\"og:type\" content=\"article\" \/>\n<meta property=\"og:title\" content=\"Jojoba\u00f6l &amp; Sch\u00f6nheit - IncaOil\" \/>\n<meta property=\"og:description\" content=\"Die Kraft der Feuchtigkeit Befeuchtete Haut durch biomimetische Pflege Die Wachsester, die das Jojoba\u00f6l charakterisieren, sind dem Lipidfilm der menschlichen Haut \u00e4hnlich. Jojoba\u00f6l hat also eine biomimetische Wirkung und verbindet sich mit dem Hauttalg.&nbsp; Auf diese Weise wird die Haut wirksam vor Feuchtigkeitsverlusten gesch\u00fctzt: Die hauteigenen Enzyme k\u00f6nnen das Jojoba\u00f6l auf der Haut nur langsam ... Weiterlesen ...\" \/>\n<meta property=\"og:url\" content=\"https:\/\/incaoil.org\/de\/jojobaoel-schoenheit\/\" \/>\n<meta property=\"og:site_name\" content=\"IncaOil\" \/>\n<meta property=\"article:modified_time\" content=\"2024-11-19T11:21:16+00:00\" \/>\n<meta property=\"og:image\" content=\"https:\/\/incaoil.org\/wp-content\/uploads\/2022\/08\/schema_similarity_of_the_molecules.jpg\" \/>\n<meta name=\"twitter:card\" content=\"summary_large_image\" \/>\n<meta name=\"twitter:label1\" content=\"Gesch\u00e4tzte Lesezeit\" \/>\n\t<meta name=\"twitter:data1\" content=\"4\u00a0Minuten\" \/>\n<script type=\"application\/ld+json\" class=\"yoast-schema-graph\">{\"@context\":\"https:\\\/\\\/schema.org\",\"@graph\":[{\"@type\":\"WebPage\",\"@id\":\"https:\\\/\\\/incaoil.org\\\/de\\\/jojobaoel-schoenheit\\\/\",\"url\":\"https:\\\/\\\/incaoil.org\\\/de\\\/jojobaoel-schoenheit\\\/\",\"name\":\"Jojoba\u00f6l & Sch\u00f6nheit - IncaOil\",\"isPartOf\":{\"@id\":\"https:\\\/\\\/incaoil.org\\\/de\\\/#website\"},\"primaryImageOfPage\":{\"@id\":\"https:\\\/\\\/incaoil.org\\\/de\\\/jojobaoel-schoenheit\\\/#primaryimage\"},\"image\":{\"@id\":\"https:\\\/\\\/incaoil.org\\\/de\\\/jojobaoel-schoenheit\\\/#primaryimage\"},\"thumbnailUrl\":\"https:\\\/\\\/incaoil.org\\\/wp-content\\\/uploads\\\/2022\\\/08\\\/schema_similarity_of_the_molecules.jpg\",\"datePublished\":\"2022-08-30T10:15:30+00:00\",\"dateModified\":\"2024-11-19T11:21:16+00:00\",\"breadcrumb\":{\"@id\":\"https:\\\/\\\/incaoil.org\\\/de\\\/jojobaoel-schoenheit\\\/#breadcrumb\"},\"inLanguage\":\"de\",\"potentialAction\":[{\"@type\":\"ReadAction\",\"target\":[\"https:\\\/\\\/incaoil.org\\\/de\\\/jojobaoel-schoenheit\\\/\"]}]},{\"@type\":\"ImageObject\",\"inLanguage\":\"de\",\"@id\":\"https:\\\/\\\/incaoil.org\\\/de\\\/jojobaoel-schoenheit\\\/#primaryimage\",\"url\":\"https:\\\/\\\/incaoil.org\\\/wp-content\\\/uploads\\\/2022\\\/08\\\/schema_similarity_of_the_molecules.jpg\",\"contentUrl\":\"https:\\\/\\\/incaoil.org\\\/wp-content\\\/uploads\\\/2022\\\/08\\\/schema_similarity_of_the_molecules.jpg\"},{\"@type\":\"BreadcrumbList\",\"@id\":\"https:\\\/\\\/incaoil.org\\\/de\\\/jojobaoel-schoenheit\\\/#breadcrumb\",\"itemListElement\":[{\"@type\":\"ListItem\",\"position\":1,\"name\":\"Startseite\",\"item\":\"https:\\\/\\\/incaoil.org\\\/de\\\/\"},{\"@type\":\"ListItem\",\"position\":2,\"name\":\"Jojoba\u00f6l &#038; Sch\u00f6nheit\"}]},{\"@type\":\"WebSite\",\"@id\":\"https:\\\/\\\/incaoil.org\\\/de\\\/#website\",\"url\":\"https:\\\/\\\/incaoil.org\\\/de\\\/\",\"name\":\"IncaOil.org\",\"description\":\"The real Jojoba\",\"publisher\":{\"@id\":\"https:\\\/\\\/incaoil.org\\\/de\\\/#organization\"},\"potentialAction\":[{\"@type\":\"SearchAction\",\"target\":{\"@type\":\"EntryPoint\",\"urlTemplate\":\"https:\\\/\\\/incaoil.org\\\/de\\\/?s={search_term_string}\"},\"query-input\":{\"@type\":\"PropertyValueSpecification\",\"valueRequired\":true,\"valueName\":\"search_term_string\"}}],\"inLanguage\":\"de\"},{\"@type\":\"Organization\",\"@id\":\"https:\\\/\\\/incaoil.org\\\/de\\\/#organization\",\"name\":\"IncaOil\",\"url\":\"https:\\\/\\\/incaoil.org\\\/de\\\/\",\"logo\":{\"@type\":\"ImageObject\",\"inLanguage\":\"de\",\"@id\":\"https:\\\/\\\/incaoil.org\\\/de\\\/#\\\/schema\\\/logo\\\/image\\\/\",\"url\":\"https:\\\/\\\/incaoil.org\\\/wp-content\\\/uploads\\\/2021\\\/08\\\/incaoil-logo.svg\",\"contentUrl\":\"https:\\\/\\\/incaoil.org\\\/wp-content\\\/uploads\\\/2021\\\/08\\\/incaoil-logo.svg\",\"caption\":\"IncaOil\"},\"image\":{\"@id\":\"https:\\\/\\\/incaoil.org\\\/de\\\/#\\\/schema\\\/logo\\\/image\\\/\"}}]}<\/script>\n<!-- \/ Yoast SEO plugin. -->","yoast_head_json":{"title":"Jojoba\u00f6l & Sch\u00f6nheit - IncaOil","robots":{"index":"index","follow":"follow","max-snippet":"max-snippet:-1","max-image-preview":"max-image-preview:large","max-video-preview":"max-video-preview:-1"},"canonical":"https:\/\/incaoil.org\/de\/jojobaoel-schoenheit\/","og_locale":"de_DE","og_type":"article","og_title":"Jojoba\u00f6l & Sch\u00f6nheit - IncaOil","og_description":"Die Kraft der Feuchtigkeit Befeuchtete Haut durch biomimetische Pflege Die Wachsester, die das Jojoba\u00f6l charakterisieren, sind dem Lipidfilm der menschlichen Haut \u00e4hnlich. Jojoba\u00f6l hat also eine biomimetische Wirkung und verbindet sich mit dem Hauttalg.&nbsp; Auf diese Weise wird die Haut wirksam vor Feuchtigkeitsverlusten gesch\u00fctzt: Die hauteigenen Enzyme k\u00f6nnen das Jojoba\u00f6l auf der Haut nur langsam ... Weiterlesen ...","og_url":"https:\/\/incaoil.org\/de\/jojobaoel-schoenheit\/","og_site_name":"IncaOil","article_modified_time":"2024-11-19T11:21:16+00:00","og_image":[{"url":"https:\/\/incaoil.org\/wp-content\/uploads\/2022\/08\/schema_similarity_of_the_molecules.jpg","type":"","width":"","height":""}],"twitter_card":"summary_large_image","twitter_misc":{"Gesch\u00e4tzte Lesezeit":"4\u00a0Minuten"},"schema":{"@context":"https:\/\/schema.org","@graph":[{"@type":"WebPage","@id":"https:\/\/incaoil.org\/de\/jojobaoel-schoenheit\/","url":"https:\/\/incaoil.org\/de\/jojobaoel-schoenheit\/","name":"Jojoba\u00f6l & Sch\u00f6nheit - IncaOil","isPartOf":{"@id":"https:\/\/incaoil.org\/de\/#website"},"primaryImageOfPage":{"@id":"https:\/\/incaoil.org\/de\/jojobaoel-schoenheit\/#primaryimage"},"image":{"@id":"https:\/\/incaoil.org\/de\/jojobaoel-schoenheit\/#primaryimage"},"thumbnailUrl":"https:\/\/incaoil.org\/wp-content\/uploads\/2022\/08\/schema_similarity_of_the_molecules.jpg","datePublished":"2022-08-30T10:15:30+00:00","dateModified":"2024-11-19T11:21:16+00:00","breadcrumb":{"@id":"https:\/\/incaoil.org\/de\/jojobaoel-schoenheit\/#breadcrumb"},"inLanguage":"de","potentialAction":[{"@type":"ReadAction","target":["https:\/\/incaoil.org\/de\/jojobaoel-schoenheit\/"]}]},{"@type":"ImageObject","inLanguage":"de","@id":"https:\/\/incaoil.org\/de\/jojobaoel-schoenheit\/#primaryimage","url":"https:\/\/incaoil.org\/wp-content\/uploads\/2022\/08\/schema_similarity_of_the_molecules.jpg","contentUrl":"https:\/\/incaoil.org\/wp-content\/uploads\/2022\/08\/schema_similarity_of_the_molecules.jpg"},{"@type":"BreadcrumbList","@id":"https:\/\/incaoil.org\/de\/jojobaoel-schoenheit\/#breadcrumb","itemListElement":[{"@type":"ListItem","position":1,"name":"Startseite","item":"https:\/\/incaoil.org\/de\/"},{"@type":"ListItem","position":2,"name":"Jojoba\u00f6l &#038; Sch\u00f6nheit"}]},{"@type":"WebSite","@id":"https:\/\/incaoil.org\/de\/#website","url":"https:\/\/incaoil.org\/de\/","name":"IncaOil.org","description":"The real Jojoba","publisher":{"@id":"https:\/\/incaoil.org\/de\/#organization"},"potentialAction":[{"@type":"SearchAction","target":{"@type":"EntryPoint","urlTemplate":"https:\/\/incaoil.org\/de\/?s={search_term_string}"},"query-input":{"@type":"PropertyValueSpecification","valueRequired":true,"valueName":"search_term_string"}}],"inLanguage":"de"},{"@type":"Organization","@id":"https:\/\/incaoil.org\/de\/#organization","name":"IncaOil","url":"https:\/\/incaoil.org\/de\/","logo":{"@type":"ImageObject","inLanguage":"de","@id":"https:\/\/incaoil.org\/de\/#\/schema\/logo\/image\/","url":"https:\/\/incaoil.org\/wp-content\/uploads\/2021\/08\/incaoil-logo.svg","contentUrl":"https:\/\/incaoil.org\/wp-content\/uploads\/2021\/08\/incaoil-logo.svg","caption":"IncaOil"},"image":{"@id":"https:\/\/incaoil.org\/de\/#\/schema\/logo\/image\/"}}]}},"_links":{"self":[{"href":"https:\/\/incaoil.org\/de\/wp-json\/wp\/v2\/pages\/1842","targetHints":{"allow":["GET"]}}],"collection":[{"href":"https:\/\/incaoil.org\/de\/wp-json\/wp\/v2\/pages"}],"about":[{"href":"https:\/\/incaoil.org\/de\/wp-json\/wp\/v2\/types\/page"}],"author":[{"embeddable":true,"href":"https:\/\/incaoil.org\/de\/wp-json\/wp\/v2\/users\/1"}],"replies":[{"embeddable":true,"href":"https:\/\/incaoil.org\/de\/wp-json\/wp\/v2\/comments?post=1842"}],"version-history":[{"count":10,"href":"https:\/\/incaoil.org\/de\/wp-json\/wp\/v2\/pages\/1842\/revisions"}],"predecessor-version":[{"id":2450,"href":"https:\/\/incaoil.org\/de\/wp-json\/wp\/v2\/pages\/1842\/revisions\/2450"}],"wp:attachment":[{"href":"https:\/\/incaoil.org\/de\/wp-json\/wp\/v2\/media?parent=1842"}],"curies":[{"name":"wp","href":"https:\/\/api.w.org\/{rel}","templated":true}]}}