{"id":1838,"date":"2021-08-27T13:13:57","date_gmt":"2021-08-27T11:13:57","guid":{"rendered":"https:\/\/incaoil.org\/impressum\/"},"modified":"2022-11-14T09:37:59","modified_gmt":"2022-11-14T08:37:59","slug":"impressum","status":"publish","type":"page","link":"https:\/\/incaoil.org\/de\/impressum\/","title":{"rendered":"Impressum"},"content":{"rendered":"\n<h1 class=\"wp-block-heading\">Impressum &#8211; Haftungsausschluss<\/h1>\n\n\n\n<p>Kontakt \/ Herausgeber<br>INCA OIL SA<br>Calle German Schreiber Nr. 184, B\u00fcro 702<br>San Isidro, Lima-Peru<br>Tel. +51 1 221-5954<\/p>\n\n\n\n<p>E-Mail: c.waetjen@incaoil.org<\/p>\n\n\n\n<p>Verantwortlich f\u00fcr den Inhalt<br>Christian D. Waetjen<\/p>\n\n\n\n<p>Firmenregistrierung \/ Benutzerdefinierte ID<br>RUC-Nr. 20452281695<\/p>\n\n\n\n<p>Haftungsausschluss<br>Diese Website www.incaoil.com (die Website) wird von INCA OIL SA (wir\/uns) betrieben.<br>Wir von INCA OIL halten unsere Website vollst\u00e4ndig und auf dem neuesten Stand, wobei wir die Nutzung und die Interessen unserer Kunden ber\u00fccksichtigen.<\/p>\n\n\n\n<p>Die Informationen auf der Website werden kostenlos zur Verf\u00fcgung gestellt. Sie erkl\u00e4ren sich damit einverstanden, dass Sie die Website ausschlie\u00dflich auf eigenes Risiko nutzen.<br>Die Website und das gesamte geistige Eigentum, das die Website sch\u00fctzt (&#8222;Inhalt&#8220;), sind das alleinige und exklusive Eigentum von uns oder unseren Lizenzgebern. Sie k\u00f6nnen die Website auf Ihrem Computerbildschirm betrachten und ihren Inhalt auf Ihrem Drucker nur f\u00fcr Ihren pers\u00f6nlichen und nichtkommerziellen Gebrauch ausdrucken. Ohne unsere schriftliche Zustimmung d\u00fcrfen Sie den Inhalt, diese Website oder ihren HTML-Quellcode weder ganz noch teilweise verwenden, \u00fcbertragen, anpassen, kopieren oder reproduzieren. Sie sind f\u00fcr die Einhaltung aller Gesetze der jeweiligen Gerichtsbarkeit verantwortlich, wenn Sie den Inhalt ansehen oder nutzen.<br>Die Website kann Links zu anderen Websites oder Internetressourcen enthalten, die von Dritten betrieben werden. Wenn Sie auf einen dieser Links klicken, gelangen Sie auf eine andere Website oder Internetressource. Wir \u00fcbernehmen keine Verantwortung oder Haftung f\u00fcr oder Kontrolle \u00fcber diese anderen Websites oder Internetressourcen oder deren Sammlung, Verwendung und Offenlegung Ihrer pers\u00f6nlichen Daten.<\/p>\n\n\n\n<p>Beschr\u00e4nkung der Haftung<br>Wir bem\u00fchen uns um die Richtigkeit der Informationen auf der Website, \u00fcbernehmen jedoch keine ausdr\u00fcckliche oder stillschweigende Garantie f\u00fcr deren Eignung, Zuverl\u00e4ssigkeit, Vollst\u00e4ndigkeit oder Genauigkeit f\u00fcr einen bestimmten Zweck und verpflichten uns auch nicht, die Verf\u00fcgbarkeit der Website oder die Aktualit\u00e4t des Materials auf der Website zu gew\u00e4hrleisten.<br>Wir haften nicht f\u00fcr Verluste oder Sch\u00e4den, die durch einen Virus oder eine Verletzung der Sicherheit entstehen.<\/p>\n\n\n\n<p>Alle Inhalte dieser Website sind: \u00a9 INCA OIL SA 2012.<\/p>\n","protected":false},"excerpt":{"rendered":"<p>Impressum &#8211; Haftungsausschluss Kontakt \/ HerausgeberINCA OIL SACalle German Schreiber Nr. 184, B\u00fcro 702San Isidro, Lima-PeruTel. +51 1 221-5954 E-Mail: c.waetjen@incaoil.org Verantwortlich f\u00fcr den InhaltChristian D. Waetjen Firmenregistrierung \/ Benutzerdefinierte IDRUC-Nr. 20452281695 HaftungsausschlussDiese Website www.incaoil.com (die Website) wird von INCA OIL SA (wir\/uns) betrieben.Wir von INCA OIL halten unsere Website vollst\u00e4ndig und auf dem neuesten &#8230; <a title=\"Impressum\" class=\"read-more\" href=\"https:\/\/incaoil.org\/de\/impressum\/\" aria-label=\"Mehr Informationen \u00fcber Impressum\">Weiterlesen &#8230;<\/a><\/p>\n","protected":false},"author":1,"featured_media":0,"parent":0,"menu_order":0,"comment_status":"closed","ping_status":"closed","template":"","meta":{"footnotes":""},"class_list":["post-1838","page","type-page","status-publish"],"featured_image_src":null,"yoast_head":"<!-- This site is optimized with the Yoast SEO plugin v27.5 - https:\/\/yoast.com\/product\/yoast-seo-wordpress\/ -->\n<title>Impressum - IncaOil<\/title>\n<meta name=\"robots\" content=\"index, follow, max-snippet:-1, max-image-preview:large, max-video-preview:-1\" \/>\n<link rel=\"canonical\" href=\"https:\/\/incaoil.org\/de\/impressum\/\" \/>\n<meta property=\"og:locale\" content=\"de_DE\" \/>\n<meta property=\"og:type\" content=\"article\" \/>\n<meta property=\"og:title\" content=\"Impressum - IncaOil\" \/>\n<meta property=\"og:description\" content=\"Impressum &#8211; Haftungsausschluss Kontakt \/ HerausgeberINCA OIL SACalle German Schreiber Nr. 184, B\u00fcro 702San Isidro, Lima-PeruTel. +51 1 221-5954 E-Mail: c.waetjen@incaoil.org Verantwortlich f\u00fcr den InhaltChristian D. Waetjen Firmenregistrierung \/ Benutzerdefinierte IDRUC-Nr. 20452281695 HaftungsausschlussDiese Website www.incaoil.com (die Website) wird von INCA OIL SA (wir\/uns) betrieben.Wir von INCA OIL halten unsere Website vollst\u00e4ndig und auf dem neuesten ... Weiterlesen ...\" \/>\n<meta property=\"og:url\" content=\"https:\/\/incaoil.org\/de\/impressum\/\" \/>\n<meta property=\"og:site_name\" content=\"IncaOil\" \/>\n<meta property=\"article:modified_time\" content=\"2022-11-14T08:37:59+00:00\" \/>\n<meta name=\"twitter:card\" content=\"summary_large_image\" \/>\n<meta name=\"twitter:label1\" content=\"Gesch\u00e4tzte Lesezeit\" \/>\n\t<meta name=\"twitter:data1\" content=\"2\u00a0Minuten\" \/>\n<script type=\"application\/ld+json\" class=\"yoast-schema-graph\">{\"@context\":\"https:\\\/\\\/schema.org\",\"@graph\":[{\"@type\":\"WebPage\",\"@id\":\"https:\\\/\\\/incaoil.org\\\/de\\\/impressum\\\/\",\"url\":\"https:\\\/\\\/incaoil.org\\\/de\\\/impressum\\\/\",\"name\":\"Impressum - IncaOil\",\"isPartOf\":{\"@id\":\"https:\\\/\\\/incaoil.org\\\/de\\\/#website\"},\"datePublished\":\"2021-08-27T11:13:57+00:00\",\"dateModified\":\"2022-11-14T08:37:59+00:00\",\"breadcrumb\":{\"@id\":\"https:\\\/\\\/incaoil.org\\\/de\\\/impressum\\\/#breadcrumb\"},\"inLanguage\":\"de\",\"potentialAction\":[{\"@type\":\"ReadAction\",\"target\":[\"https:\\\/\\\/incaoil.org\\\/de\\\/impressum\\\/\"]}]},{\"@type\":\"BreadcrumbList\",\"@id\":\"https:\\\/\\\/incaoil.org\\\/de\\\/impressum\\\/#breadcrumb\",\"itemListElement\":[{\"@type\":\"ListItem\",\"position\":1,\"name\":\"Startseite\",\"item\":\"https:\\\/\\\/incaoil.org\\\/de\\\/\"},{\"@type\":\"ListItem\",\"position\":2,\"name\":\"Impressum\"}]},{\"@type\":\"WebSite\",\"@id\":\"https:\\\/\\\/incaoil.org\\\/de\\\/#website\",\"url\":\"https:\\\/\\\/incaoil.org\\\/de\\\/\",\"name\":\"IncaOil.org\",\"description\":\"The real Jojoba\",\"publisher\":{\"@id\":\"https:\\\/\\\/incaoil.org\\\/de\\\/#organization\"},\"potentialAction\":[{\"@type\":\"SearchAction\",\"target\":{\"@type\":\"EntryPoint\",\"urlTemplate\":\"https:\\\/\\\/incaoil.org\\\/de\\\/?s={search_term_string}\"},\"query-input\":{\"@type\":\"PropertyValueSpecification\",\"valueRequired\":true,\"valueName\":\"search_term_string\"}}],\"inLanguage\":\"de\"},{\"@type\":\"Organization\",\"@id\":\"https:\\\/\\\/incaoil.org\\\/de\\\/#organization\",\"name\":\"IncaOil\",\"url\":\"https:\\\/\\\/incaoil.org\\\/de\\\/\",\"logo\":{\"@type\":\"ImageObject\",\"inLanguage\":\"de\",\"@id\":\"https:\\\/\\\/incaoil.org\\\/de\\\/#\\\/schema\\\/logo\\\/image\\\/\",\"url\":\"https:\\\/\\\/incaoil.org\\\/wp-content\\\/uploads\\\/2021\\\/08\\\/incaoil-logo.svg\",\"contentUrl\":\"https:\\\/\\\/incaoil.org\\\/wp-content\\\/uploads\\\/2021\\\/08\\\/incaoil-logo.svg\",\"caption\":\"IncaOil\"},\"image\":{\"@id\":\"https:\\\/\\\/incaoil.org\\\/de\\\/#\\\/schema\\\/logo\\\/image\\\/\"}}]}<\/script>\n<!-- \/ Yoast SEO plugin. -->","yoast_head_json":{"title":"Impressum - IncaOil","robots":{"index":"index","follow":"follow","max-snippet":"max-snippet:-1","max-image-preview":"max-image-preview:large","max-video-preview":"max-video-preview:-1"},"canonical":"https:\/\/incaoil.org\/de\/impressum\/","og_locale":"de_DE","og_type":"article","og_title":"Impressum - IncaOil","og_description":"Impressum &#8211; Haftungsausschluss Kontakt \/ HerausgeberINCA OIL SACalle German Schreiber Nr. 184, B\u00fcro 702San Isidro, Lima-PeruTel. +51 1 221-5954 E-Mail: c.waetjen@incaoil.org Verantwortlich f\u00fcr den InhaltChristian D. Waetjen Firmenregistrierung \/ Benutzerdefinierte IDRUC-Nr. 20452281695 HaftungsausschlussDiese Website www.incaoil.com (die Website) wird von INCA OIL SA (wir\/uns) betrieben.Wir von INCA OIL halten unsere Website vollst\u00e4ndig und auf dem neuesten ... Weiterlesen ...","og_url":"https:\/\/incaoil.org\/de\/impressum\/","og_site_name":"IncaOil","article_modified_time":"2022-11-14T08:37:59+00:00","twitter_card":"summary_large_image","twitter_misc":{"Gesch\u00e4tzte Lesezeit":"2\u00a0Minuten"},"schema":{"@context":"https:\/\/schema.org","@graph":[{"@type":"WebPage","@id":"https:\/\/incaoil.org\/de\/impressum\/","url":"https:\/\/incaoil.org\/de\/impressum\/","name":"Impressum - IncaOil","isPartOf":{"@id":"https:\/\/incaoil.org\/de\/#website"},"datePublished":"2021-08-27T11:13:57+00:00","dateModified":"2022-11-14T08:37:59+00:00","breadcrumb":{"@id":"https:\/\/incaoil.org\/de\/impressum\/#breadcrumb"},"inLanguage":"de","potentialAction":[{"@type":"ReadAction","target":["https:\/\/incaoil.org\/de\/impressum\/"]}]},{"@type":"BreadcrumbList","@id":"https:\/\/incaoil.org\/de\/impressum\/#breadcrumb","itemListElement":[{"@type":"ListItem","position":1,"name":"Startseite","item":"https:\/\/incaoil.org\/de\/"},{"@type":"ListItem","position":2,"name":"Impressum"}]},{"@type":"WebSite","@id":"https:\/\/incaoil.org\/de\/#website","url":"https:\/\/incaoil.org\/de\/","name":"IncaOil.org","description":"The real Jojoba","publisher":{"@id":"https:\/\/incaoil.org\/de\/#organization"},"potentialAction":[{"@type":"SearchAction","target":{"@type":"EntryPoint","urlTemplate":"https:\/\/incaoil.org\/de\/?s={search_term_string}"},"query-input":{"@type":"PropertyValueSpecification","valueRequired":true,"valueName":"search_term_string"}}],"inLanguage":"de"},{"@type":"Organization","@id":"https:\/\/incaoil.org\/de\/#organization","name":"IncaOil","url":"https:\/\/incaoil.org\/de\/","logo":{"@type":"ImageObject","inLanguage":"de","@id":"https:\/\/incaoil.org\/de\/#\/schema\/logo\/image\/","url":"https:\/\/incaoil.org\/wp-content\/uploads\/2021\/08\/incaoil-logo.svg","contentUrl":"https:\/\/incaoil.org\/wp-content\/uploads\/2021\/08\/incaoil-logo.svg","caption":"IncaOil"},"image":{"@id":"https:\/\/incaoil.org\/de\/#\/schema\/logo\/image\/"}}]}},"_links":{"self":[{"href":"https:\/\/incaoil.org\/de\/wp-json\/wp\/v2\/pages\/1838","targetHints":{"allow":["GET"]}}],"collection":[{"href":"https:\/\/incaoil.org\/de\/wp-json\/wp\/v2\/pages"}],"about":[{"href":"https:\/\/incaoil.org\/de\/wp-json\/wp\/v2\/types\/page"}],"author":[{"embeddable":true,"href":"https:\/\/incaoil.org\/de\/wp-json\/wp\/v2\/users\/1"}],"replies":[{"embeddable":true,"href":"https:\/\/incaoil.org\/de\/wp-json\/wp\/v2\/comments?post=1838"}],"version-history":[{"count":4,"href":"https:\/\/incaoil.org\/de\/wp-json\/wp\/v2\/pages\/1838\/revisions"}],"predecessor-version":[{"id":1929,"href":"https:\/\/incaoil.org\/de\/wp-json\/wp\/v2\/pages\/1838\/revisions\/1929"}],"wp:attachment":[{"href":"https:\/\/incaoil.org\/de\/wp-json\/wp\/v2\/media?parent=1838"}],"curies":[{"name":"wp","href":"https:\/\/api.w.org\/{rel}","templated":true}]}}