{"id":1828,"date":"2021-08-27T13:04:17","date_gmt":"2021-08-27T11:04:17","guid":{"rendered":"https:\/\/incaoil.org\/ueber-jojoba\/"},"modified":"2024-11-19T14:31:38","modified_gmt":"2024-11-19T13:31:38","slug":"ueber-jojoba","status":"publish","type":"page","link":"https:\/\/incaoil.org\/de\/ueber-jojoba\/","title":{"rendered":"\u00dcber Jojoba"},"content":{"rendered":"<div class=\"gb-container gb-container-60b10357 z-index-2 alignfull\"><div class=\"gb-inside-container\">\n<div class=\"gb-grid-wrapper gb-grid-wrapper-72f05d93\">\n<div class=\"gb-grid-column gb-grid-column-1699bf3b\"><div class=\"gb-container gb-container-1699bf3b\"><div class=\"gb-inside-container\">\n\n<h1 class=\"gb-headline gb-headline-a78c65bc gb-headline-text\">Reines Jojoba\u00f6l &#8211; alles, was Sie \u00fcber Nutzen und Verwendung wissen m\u00fcssen<\/h1>\n\n\n\n<p>Zahlreiche Tests in den letzten Jahrzehnten haben bewiesen, dass Jojoba ein sicherer und zu Recht hochgelobter Inhaltsstoff in einer Vielzahl von Kosmetikprodukten ist. Aufgrund der inh\u00e4renten molekularen Eigenschaften ist reines nat\u00fcrliches Jojoba au\u00dferordentlich lange haltbar und ben\u00f6tigt keine Stabilisatoren oder Konservierungsmittel.<\/p>\n\n<\/div><\/div><\/div>\n\n<div class=\"gb-grid-column gb-grid-column-80d3dfad\"><div class=\"gb-container gb-container-80d3dfad\"><div class=\"gb-inside-container\"><\/div><\/div><\/div>\n<\/div>\n\n<div class=\"gb-grid-wrapper gb-grid-wrapper-226280c9\">\n<div class=\"gb-grid-column gb-grid-column-bedd96f2\"><div class=\"gb-container gb-container-bedd96f2\"><div class=\"gb-inside-container\"><\/div><\/div><\/div>\n\n<div class=\"gb-grid-column gb-grid-column-8b0fc19d\"><div class=\"gb-container gb-container-8b0fc19d\"><div class=\"gb-inside-container\">\n\n<h2 class=\"gb-headline gb-headline-0cd01af6 gb-headline-text\">Jojoba\u00f6l Hautpflegeprodukte<\/h2>\n\n\n\n<p>Jojoba l\u00f6st sich leicht in der Lipidschicht auf und verhindert so den Feuchtigkeitsverlust und verbessert die Elastizit\u00e4t der Haut. Es kann pur oder als wertvolle Zutat in jeder Art von Formulierung verwendet werden. Jojoba ist besonders mild zu empfindlicher Haut, aber auch zu Babyhaut, vorgesch\u00e4digter oder reifer Haut. In Babypflegeformulierungen kann Jojoba Glycerin ersetzen. Der inh\u00e4rente LSF 4 hilft nat\u00fcrlich bei Sonnenschutzprodukten. Au\u00dferdem reduziert Jojoba Entz\u00fcndungen und Schuppenbildung. Da Jojoba\u00f6l von den meisten in der Haut lebenden Bakterien nicht verstoffwechselt werden kann, hilft es bei Heilungsprozessen und der Behandlung von Hautkrankheiten wie Schuppenflechte und atopischem Ekzem.<\/p>\n\n<\/div><\/div><\/div>\n<\/div>\n\n<div class=\"gb-grid-wrapper gb-grid-wrapper-4f6d4013\">\n<div class=\"gb-grid-column gb-grid-column-b1dc012b\"><div class=\"gb-container gb-container-b1dc012b\"><div class=\"gb-inside-container\">\n\n<h2 class=\"gb-headline gb-headline-a08dac2d gb-headline-text\">Jojoba\u00f6l-Haarpflegeprodukte<\/h2>\n\n\n\n<p>Jojoba dringt in die Kopfhaut und die Haarfollikel ein, ohne die Poren zu verstopfen oder Ablagerungen zu bilden. Traditionell wird es in der Haarpflege verwendet, um die Haaroberfl\u00e4che zu gl\u00e4tten, Spliss zu bek\u00e4mpfen und dem Haar Glanz und eine bessere K\u00e4mmbarkeit zu verleihen.<\/p>\n\n\n\n<div style=\"height:100px\" aria-hidden=\"true\" class=\"wp-block-spacer\"><\/div>\n\n<\/div><\/div><\/div>\n\n<div class=\"gb-grid-column gb-grid-column-2bf753e8\"><div class=\"gb-container gb-container-2bf753e8\"><div class=\"gb-inside-container\"><\/div><\/div><\/div>\n<\/div>\n\n<div class=\"gb-grid-wrapper gb-grid-wrapper-527e2651\">\n<div class=\"gb-grid-column gb-grid-column-33b1a53c\"><div class=\"gb-container gb-container-33b1a53c\"><div class=\"gb-inside-container\">\n\n<figure class=\"wp-block-image size-full\"><img loading=\"lazy\" decoding=\"async\" width=\"1\" height=\"1\" src=\"https:\/\/incaoil.org\/wp-content\/uploads\/2021\/11\/shelled-jojoba-nuts-on-hand.png\" alt=\"gesch\u00e4lte-Jojoba-N\u00fcsse-auf-Hand\" class=\"wp-image-609\"\/><\/figure>\n\n<\/div><\/div><\/div>\n\n<div class=\"gb-grid-column gb-grid-column-c1074641\"><div class=\"gb-container gb-container-c1074641\"><div class=\"gb-inside-container\">\n\n<h2 class=\"gb-headline gb-headline-ef300ecb gb-headline-text\">Verarbeitung von Jojoba<\/h2>\n\n\n\n<p>Unsere Jojoba-Produkte bestehen aus 100% nat\u00fcrlichem, reinem Simmondsia Chinensis-Samen\u00f6l und sind frei von Herbiziden, Pestiziden und Fungiziden. Etwa 75 % unserer Anpflanzungen und aus diesen Ernten hergestellten Jojoba\u00f6le sind nach den Normen der USA (NOP), der Europ\u00e4ischen Union (IFOAM) und Japans (JAS) \u00f6kologisch zertifiziert.<\/p>\n\n<\/div><\/div><\/div>\n<\/div>\n\n<div class=\"gb-grid-wrapper gb-grid-wrapper-d4dda7c4\">\n<div class=\"gb-grid-column gb-grid-column-9fb1011d\"><div class=\"gb-container gb-container-9fb1011d\"><div class=\"gb-inside-container\">\n\n<p>Das gesamte Jojoba\u00f6l wird kalt gepresst und anschlie\u00dfend gefiltert. Alle verwendeten Filter und Beh\u00e4lter entsprechen den ISO-Normen und sind f\u00fcr den Einsatz in der Lebensmittelindustrie zugelassen. Wir verwenden immer neue Beh\u00e4lter f\u00fcr die Verpackung. Unsere Chargen sind nummeriert und vollst\u00e4ndig r\u00fcckverfolgbar. Die Qualit\u00e4t jeder Partie wird bei der Verarbeitung kontrolliert und von einem unabh\u00e4ngigen Labor \u00fcberpr\u00fcft.<\/p>\n\n\n\n<div style=\"height:100px\" aria-hidden=\"true\" class=\"wp-block-spacer\"><\/div>\n\n<\/div><\/div><\/div>\n\n<div class=\"gb-grid-column gb-grid-column-c5a3974d\"><div class=\"gb-container gb-container-c5a3974d\"><div class=\"gb-inside-container\">\n\n<figure class=\"wp-block-image size-full\"><img loading=\"lazy\" decoding=\"async\" width=\"1\" height=\"1\" src=\"https:\/\/incaoil.org\/wp-content\/uploads\/2021\/11\/one-female-employees-sorting-organic-jojoba-crop.png\" alt=\"eine-mitarbeiterin-sortiert-biologische-jojoba-pflanzen\" class=\"wp-image-608\"\/><\/figure>\n\n<\/div><\/div><\/div>\n<\/div>\n<\/div><div class=\"gb-shapes\"><div class=\"gb-shape gb-shape-1\"><svg xmlns=\"http:\/\/www.w3.org\/2000\/svg\" viewBox=\"0 0 1200 50\" preserveAspectRatio=\"none\"><path d=\"M1200 0v50H0V0h560l40 30 40-30z\"\/><\/svg><\/div><\/div><\/div>\n\n<div class=\"gb-container gb-container-d3d58f76\"><div class=\"gb-inside-container\">\n\n<h2 class=\"gb-headline gb-headline-3f5b2710 gb-headline-text\">Jojoba Fakten<\/h2>\n\n\n\n<p>Als Anpassung an die rauen Bedingungen der Sonora-W\u00fcste hat die Jojobapflanze einen perfekten Schutz gegen Wasserverlust entwickelt. Wachsester in einer einzigartigen Zusammensetzung bilden eine dicke Schicht auf den Bl\u00e4ttern und wirken als Barriere gegen Verdunstung. Au\u00dferdem bestehen die Reservelipide der Samen zu 97 % aus Wachsestern, die oxidationsbest\u00e4ndig sind, Feuchtigkeit zur\u00fcckhalten und einen nat\u00fcrlichen UV-Schutz darstellen. Dies wirkt sich auch positiv auf jede Art von Formulierung aus. Aus diesen Eigenschaften der Jojoba resultieren Kosmetika, die ausgezeichnete gl\u00e4ttende, weichmachende und feuchtigkeitsspendende Eigenschaften aufweisen. 25-30% der Jojoba-Wachsester sind dem menschlichen Hauttalg \u00e4hnlich. Dadurch kann Jojoba\u00f6l einschlie\u00dflich seiner gel\u00f6sten Stoffe tief in die Haut eindringen, ohne die Poren zu verstopfen. Damit \u00fcbertrifft Jojoba\u00f6l die Eigenschaften von Triglycerid-Pflanzen\u00f6len in kosmetischen Anwendungen in vielen funktionellen Aspekten.<\/p>\n\n<\/div><\/div>\n\n<div class=\"gb-container gb-container-aadd01d9 alignfull\"><div class=\"gb-inside-container\">\n<div class=\"gb-grid-wrapper gb-grid-wrapper-97a91838\">\n<div class=\"gb-grid-column gb-grid-column-58d08c28\"><div class=\"gb-container gb-container-58d08c28\"><div class=\"gb-inside-container\">\n\n<figure class=\"wp-block-image size-full\"><img loading=\"lazy\" decoding=\"async\" width=\"1\" height=\"1\" src=\"https:\/\/incaoil.org\/wp-content\/uploads\/2021\/11\/hands-grab-in-a-bag-with-jojoba.png\" alt=\"H\u00e4nde-greifen-in-eine-Tasche-mit-Jojoba\" class=\"wp-image-610\"\/><\/figure>\n\n<\/div><\/div><\/div>\n\n<div class=\"gb-grid-column gb-grid-column-2c7593d3\"><div class=\"gb-container gb-container-2c7593d3\"><div class=\"gb-inside-container\">\n\n<h2 class=\"gb-headline gb-headline-a91e9670 gb-headline-text\">Jojoba Geschichte  <\/h2>\n\n\n\n<p>Jojoba (Simmondsia chinensis) ist ein immergr\u00fcner, trockenheitsresistenter Strauch, dessen urspr\u00fcngliches Verbreitungsgebiet vom S\u00fcdwesten der Vereinigten Staaten bis nach Nordmexiko reicht. Die indigenen St\u00e4mme der Sonora-W\u00fcste verwendeten die gemahlenen Samen traditionell, um den Heilungsprozess offener Wunden zu f\u00f6rdern. Au\u00dferdem verwendeten sie die Samen als Appetitz\u00fcgler w\u00e4hrend ihrer langen Wanderungen. Er wurde in den sp\u00e4ten siebziger Jahren wiederentdeckt, als die Waljagd international verboten wurde. Dann begann sein unaufhaltsamer Siegeszug in der Kosmetik und K\u00f6rperpflege.<\/p>\n\n<\/div><\/div><\/div>\n<\/div>\n<\/div><\/div>\n\n<div class=\"gb-container gb-container-0eaeeda5\"><div class=\"gb-inside-container\">\n\n<h2 class=\"gb-headline gb-headline-7d2c870f gb-headline-text\">Nehmen Sie Kontakt mit uns auf, um \u00fcber unsere Produkte oder den verf\u00fcgbaren Bestand zu sprechen!<\/h2>\n\n\n\n<p>Wir beantworten Ihnen gerne alle Fragen zu unseren Produkten. Weitere Informationen finden Sie in unseren FAQ oder kontaktieren Sie uns direkt.<\/p>\n\n\n\n<p><strong>An welchen Produkten sind Sie interessiert?<\/strong><\/p>\n\n\n\n<div class=\"wp-block-contact-form-7-contact-form-selector\">\n<div class=\"wpcf7 no-js\" id=\"wpcf7-f1903-o1\" lang=\"de-DE\" dir=\"ltr\" data-wpcf7-id=\"1903\">\n<div class=\"screen-reader-response\"><p role=\"status\" aria-live=\"polite\" aria-atomic=\"true\"><\/p> <ul><\/ul><\/div>\n<form action=\"\/de\/wp-json\/wp\/v2\/pages\/1828#wpcf7-f1903-o1\" method=\"post\" class=\"wpcf7-form init\" aria-label=\"Kontaktformular\" novalidate=\"novalidate\" data-status=\"init\">\n<fieldset class=\"hidden-fields-container\"><input type=\"hidden\" name=\"_wpcf7\" value=\"1903\" \/><input type=\"hidden\" name=\"_wpcf7_version\" value=\"6.1.5\" \/><input type=\"hidden\" name=\"_wpcf7_locale\" value=\"de_DE\" \/><input type=\"hidden\" name=\"_wpcf7_unit_tag\" value=\"wpcf7-f1903-o1\" \/><input type=\"hidden\" name=\"_wpcf7_container_post\" value=\"0\" \/><input type=\"hidden\" name=\"_wpcf7_posted_data_hash\" value=\"\" \/><input type=\"hidden\" name=\"_wpcf7_recaptcha_response\" value=\"\" \/>\n<\/fieldset>\n<div class=\"flex-container checkboxes\">\n\t<div class=\"flex-item\">\n\t\t<p><span class=\"wpcf7-form-control-wrap\" data-name=\"checkbox-oil\"><span class=\"wpcf7-form-control wpcf7-checkbox\"><span class=\"wpcf7-list-item first last\"><label><input type=\"checkbox\" name=\"checkbox-oil[]\" value=\"Jojobaoil Gold\" \/><span class=\"wpcf7-list-item-label\">Jojobaoil Gold<\/span><\/label><\/span><\/span><\/span>\n\t\t<\/p>\n\t<\/div>\n\t<div class=\"flex-item\">\n\t\t<p><span class=\"wpcf7-form-control-wrap\" data-name=\"checkbox-oil-light\"><span class=\"wpcf7-form-control wpcf7-checkbox\"><span class=\"wpcf7-list-item first last\"><label><input type=\"checkbox\" name=\"checkbox-oil-light[]\" value=\"Jojobaoil Lite\" \/><span class=\"wpcf7-list-item-label\">Jojobaoil Lite<\/span><\/label><\/span><\/span><\/span>\n\t\t<\/p>\n\t<\/div>\n\t<div class=\"flex-item \">\n\t\t<p><span class=\"wpcf7-form-control-wrap\" data-name=\"checkbox-oil-organic\"><span class=\"wpcf7-form-control wpcf7-checkbox\"><span class=\"wpcf7-list-item first last\"><label><input type=\"checkbox\" name=\"checkbox-oil-organic[]\" value=\"Jojobaoil Organic\" \/><span class=\"wpcf7-list-item-label\">Jojobaoil Organic<\/span><\/label><\/span><\/span><\/span>\n\t\t<\/p>\n\t<\/div>\n\t<div class=\"flex-item\">\n\t\t<p><span class=\"wpcf7-form-control-wrap\" data-name=\"checkbox-flakes-beads\"><span class=\"wpcf7-form-control wpcf7-checkbox\"><span class=\"wpcf7-list-item first last\"><label><input type=\"checkbox\" name=\"checkbox-flakes-beads[]\" value=\"INCA GUM\" \/><span class=\"wpcf7-list-item-label\">INCA GUM<\/span><\/label><\/span><\/span><\/span>\n\t\t<\/p>\n\t<\/div>\n<\/div>\n<div class=\"flex-container inputs\">\n\t<div class=\"flex-item fields-left\">\n\t\t<div class=\"flex-left\">\n\t\t\t<p><span class=\"wpcf7-form-control-wrap\" data-name=\"text-474\"><input size=\"40\" maxlength=\"400\" class=\"wpcf7-form-control wpcf7-text\" aria-invalid=\"false\" placeholder=\"Unternehmen\" value=\"\" type=\"text\" name=\"text-474\" \/><\/span>\n\t\t\t<\/p>\n\t\t<\/div>\n\t\t<div class=\"flex-left\">\n\t\t\t<p><span class=\"wpcf7-form-control-wrap\" data-name=\"text-475\"><input size=\"40\" maxlength=\"400\" class=\"wpcf7-form-control wpcf7-text\" aria-invalid=\"false\" placeholder=\"Ihr Name\" value=\"\" type=\"text\" name=\"text-475\" \/><\/span>\n\t\t\t<\/p>\n\t\t<\/div>\n\t\t<div class=\"flex-left\">\n\t\t\t<p><span class=\"wpcf7-form-control-wrap\" data-name=\"text-477\"><input size=\"40\" maxlength=\"400\" class=\"wpcf7-form-control wpcf7-text\" aria-invalid=\"false\" placeholder=\"Telefon\" value=\"\" type=\"text\" name=\"text-477\" \/><\/span>\n\t\t\t<\/p>\n\t\t<\/div>\n\t\t<div class=\"flex-left\">\n\t\t\t<p><span class=\"wpcf7-form-control-wrap\" data-name=\"text-478\"><input size=\"40\" maxlength=\"400\" class=\"wpcf7-form-control wpcf7-email wpcf7-validates-as-required wpcf7-text wpcf7-validates-as-email\" aria-required=\"true\" aria-invalid=\"false\" placeholder=\"Ihre E-Mailadresse\" value=\"\" type=\"email\" name=\"text-478\" \/><\/span><br \/>\n<span id=\"wpcf7-69f373d6d8210-wrapper\" class=\"wpcf7-form-control-wrap yourUrl-wrap\" ><label for=\"wpcf7-69f373d6d8210-field\" class=\"hp-message\">Bitte lasse dieses Feld leer.<\/label><input id=\"wpcf7-69f373d6d8210-field\"  class=\"wpcf7-form-control wpcf7-text\" type=\"text\" name=\"yourUrl\" value=\"\" size=\"40\" tabindex=\"-1\" autocomplete=\"new-password\" \/><\/span>\n\t\t\t<\/p>\n\t\t<\/div>\n\t<\/div>\n\t<div class=\"flex-item fields-right\">\n\t\t<p><span class=\"wpcf7-form-control-wrap\" data-name=\"textarea-86\"><textarea cols=\"40\" rows=\"10\" maxlength=\"2000\" class=\"wpcf7-form-control wpcf7-textarea\" aria-invalid=\"false\" placeholder=\"Ihre Nachricht\" name=\"textarea-86\"><\/textarea><\/span>\n\t\t<\/p>\n\t<\/div>\n<\/div>\n<div class=\"flex-container formlastrow\">\n\t<div class=\"flex-item agbs\">\n\t\t<p><span class=\"wpcf7-form-control-wrap\" data-name=\"checkbox-114\"><span class=\"wpcf7-form-control wpcf7-checkbox wpcf7-validates-as-required\"><span class=\"wpcf7-list-item first last\"><label><input type=\"checkbox\" name=\"checkbox-114[]\" value=\"Ich stimme den Datenschutzbestimmungen zu\" \/><span class=\"wpcf7-list-item-label\">Ich stimme den Datenschutzbestimmungen zu<\/span><\/label><\/span><\/span><\/span><br \/>\n<span class=\"wpcf7-form-control-wrap\" data-name=\"checkbox-214\"><span class=\"wpcf7-form-control wpcf7-checkbox wpcf7-validates-as-required\"><span class=\"wpcf7-list-item first last\"><label><input type=\"checkbox\" name=\"checkbox-214[]\" value=\"Ich stimme den T&amp;Cs zu\" \/><span class=\"wpcf7-list-item-label\">Ich stimme den T&amp;Cs zu<\/span><\/label><\/span><\/span><\/span><br \/>\n\t\t<span class=\"wpcf7-form-control-wrap recaptcha\" data-name=\"recaptcha\"><span data-sitekey=\"6LdBiVciAAAAAHcbr5oy5x1hRxBXeijKECQJVNlM\" class=\"wpcf7-form-control wpcf7-recaptcha g-recaptcha\"><\/span>\r\n<noscript>\r\n\t<div class=\"grecaptcha-noscript\">\r\n\t\t<iframe loading=\"lazy\" src=\"https:\/\/www.google.com\/recaptcha\/api\/fallback?k=6LdBiVciAAAAAHcbr5oy5x1hRxBXeijKECQJVNlM\" frameborder=\"0\" scrolling=\"no\" width=\"310\" height=\"430\">\r\n\t\t<\/iframe>\r\n\t\t<textarea name=\"g-recaptcha-response\" rows=\"3\" cols=\"40\" placeholder=\"reCaptcha Response Here\">\r\n\t\t<\/textarea>\r\n\t<\/div>\r\n<\/noscript>\r\n<\/span>\n\t\t<\/p>\n\t<\/div>\n\t<div class=\"flex-item submitbuttons\">\n\t\t<div class=\"flex-container form-buttons\">\n\t\t\t<div class=\"flex-item\">\n\t\t\t\t<p><input class=\"wpcf7-form-control wpcf7-submit has-spinner\" type=\"submit\" value=\"Senden\" \/>\n\t\t\t\t<\/p>\n\t\t\t<\/div>\n\t\t\t<div class=\"flex-item\">\n\t\t\t<\/div>\n\t\t<\/div>\n\t<\/div>\n<\/div><div class=\"wpcf7-response-output\" aria-hidden=\"true\"><\/div>\n<\/form>\n<\/div>\n<\/div>\n\n<\/div><\/div>","protected":false},"excerpt":{"rendered":"<p>Jojoba Fakten Als Anpassung an die rauen Bedingungen der Sonora-W\u00fcste hat die Jojobapflanze einen perfekten Schutz gegen Wasserverlust entwickelt. Wachsester in einer einzigartigen Zusammensetzung bilden eine dicke Schicht auf den Bl\u00e4ttern und wirken als Barriere gegen Verdunstung. Au\u00dferdem bestehen die Reservelipide der Samen zu 97 % aus Wachsestern, die oxidationsbest\u00e4ndig sind, Feuchtigkeit zur\u00fcckhalten und einen &#8230; <a title=\"\u00dcber Jojoba\" class=\"read-more\" href=\"https:\/\/incaoil.org\/de\/ueber-jojoba\/\" aria-label=\"Mehr Informationen \u00fcber \u00dcber Jojoba\">Weiterlesen &#8230;<\/a><\/p>\n","protected":false},"author":1,"featured_media":0,"parent":0,"menu_order":0,"comment_status":"closed","ping_status":"open","template":"","meta":{"footnotes":""},"class_list":["post-1828","page","type-page","status-publish"],"featured_image_src":null,"yoast_head":"<!-- This site is optimized with the Yoast SEO plugin v27.5 - https:\/\/yoast.com\/product\/yoast-seo-wordpress\/ -->\n<title>\u00dcber Jojoba - IncaOil<\/title>\n<meta name=\"description\" content=\"Kaufen Sie Bio-Jojoba\u00f6l im Gro\u00dfhandel direkt von der Quelle mit kurzen Liefer- und Versandzeiten.\" \/>\n<meta name=\"robots\" content=\"index, follow, max-snippet:-1, max-image-preview:large, max-video-preview:-1\" \/>\n<link rel=\"canonical\" href=\"https:\/\/incaoil.org\/de\/ueber-jojoba\/\" \/>\n<meta property=\"og:locale\" content=\"de_DE\" \/>\n<meta property=\"og:type\" content=\"article\" \/>\n<meta property=\"og:title\" content=\"\u00dcber Jojoba - IncaOil\" \/>\n<meta property=\"og:description\" content=\"Kaufen Sie Bio-Jojoba\u00f6l im Gro\u00dfhandel direkt von der Quelle mit kurzen Liefer- und Versandzeiten.\" \/>\n<meta property=\"og:url\" content=\"https:\/\/incaoil.org\/de\/ueber-jojoba\/\" \/>\n<meta property=\"og:site_name\" content=\"IncaOil\" \/>\n<meta property=\"article:modified_time\" content=\"2024-11-19T13:31:38+00:00\" \/>\n<meta property=\"og:image\" content=\"https:\/\/incaoil.org\/wp-content\/uploads\/2021\/11\/shelled-jojoba-nuts-on-hand.png\" \/>\n\t<meta property=\"og:image:width\" content=\"1\" \/>\n\t<meta property=\"og:image:height\" content=\"1\" \/>\n\t<meta property=\"og:image:type\" content=\"image\/png\" \/>\n<meta name=\"twitter:card\" content=\"summary_large_image\" \/>\n<meta name=\"twitter:label1\" content=\"Gesch\u00e4tzte Lesezeit\" \/>\n\t<meta name=\"twitter:data1\" content=\"3\u00a0Minuten\" \/>\n<script type=\"application\/ld+json\" class=\"yoast-schema-graph\">{\"@context\":\"https:\\\/\\\/schema.org\",\"@graph\":[{\"@type\":\"WebPage\",\"@id\":\"https:\\\/\\\/incaoil.org\\\/de\\\/ueber-jojoba\\\/\",\"url\":\"https:\\\/\\\/incaoil.org\\\/de\\\/ueber-jojoba\\\/\",\"name\":\"\u00dcber Jojoba - IncaOil\",\"isPartOf\":{\"@id\":\"https:\\\/\\\/incaoil.org\\\/de\\\/#website\"},\"primaryImageOfPage\":{\"@id\":\"https:\\\/\\\/incaoil.org\\\/de\\\/ueber-jojoba\\\/#primaryimage\"},\"image\":{\"@id\":\"https:\\\/\\\/incaoil.org\\\/de\\\/ueber-jojoba\\\/#primaryimage\"},\"thumbnailUrl\":\"https:\\\/\\\/incaoil.org\\\/wp-content\\\/uploads\\\/2021\\\/11\\\/shelled-jojoba-nuts-on-hand.png\",\"datePublished\":\"2021-08-27T11:04:17+00:00\",\"dateModified\":\"2024-11-19T13:31:38+00:00\",\"description\":\"Kaufen Sie Bio-Jojoba\u00f6l im Gro\u00dfhandel direkt von der Quelle mit kurzen Liefer- und Versandzeiten.\",\"breadcrumb\":{\"@id\":\"https:\\\/\\\/incaoil.org\\\/de\\\/ueber-jojoba\\\/#breadcrumb\"},\"inLanguage\":\"de\",\"potentialAction\":[{\"@type\":\"ReadAction\",\"target\":[\"https:\\\/\\\/incaoil.org\\\/de\\\/ueber-jojoba\\\/\"]}]},{\"@type\":\"ImageObject\",\"inLanguage\":\"de\",\"@id\":\"https:\\\/\\\/incaoil.org\\\/de\\\/ueber-jojoba\\\/#primaryimage\",\"url\":\"https:\\\/\\\/incaoil.org\\\/wp-content\\\/uploads\\\/2021\\\/11\\\/shelled-jojoba-nuts-on-hand.png\",\"contentUrl\":\"https:\\\/\\\/incaoil.org\\\/wp-content\\\/uploads\\\/2021\\\/11\\\/shelled-jojoba-nuts-on-hand.png\"},{\"@type\":\"BreadcrumbList\",\"@id\":\"https:\\\/\\\/incaoil.org\\\/de\\\/ueber-jojoba\\\/#breadcrumb\",\"itemListElement\":[{\"@type\":\"ListItem\",\"position\":1,\"name\":\"Startseite\",\"item\":\"https:\\\/\\\/incaoil.org\\\/de\\\/\"},{\"@type\":\"ListItem\",\"position\":2,\"name\":\"\u00dcber Jojoba\"}]},{\"@type\":\"WebSite\",\"@id\":\"https:\\\/\\\/incaoil.org\\\/de\\\/#website\",\"url\":\"https:\\\/\\\/incaoil.org\\\/de\\\/\",\"name\":\"IncaOil.org\",\"description\":\"The real Jojoba\",\"publisher\":{\"@id\":\"https:\\\/\\\/incaoil.org\\\/de\\\/#organization\"},\"potentialAction\":[{\"@type\":\"SearchAction\",\"target\":{\"@type\":\"EntryPoint\",\"urlTemplate\":\"https:\\\/\\\/incaoil.org\\\/de\\\/?s={search_term_string}\"},\"query-input\":{\"@type\":\"PropertyValueSpecification\",\"valueRequired\":true,\"valueName\":\"search_term_string\"}}],\"inLanguage\":\"de\"},{\"@type\":\"Organization\",\"@id\":\"https:\\\/\\\/incaoil.org\\\/de\\\/#organization\",\"name\":\"IncaOil\",\"url\":\"https:\\\/\\\/incaoil.org\\\/de\\\/\",\"logo\":{\"@type\":\"ImageObject\",\"inLanguage\":\"de\",\"@id\":\"https:\\\/\\\/incaoil.org\\\/de\\\/#\\\/schema\\\/logo\\\/image\\\/\",\"url\":\"https:\\\/\\\/incaoil.org\\\/wp-content\\\/uploads\\\/2021\\\/08\\\/incaoil-logo.svg\",\"contentUrl\":\"https:\\\/\\\/incaoil.org\\\/wp-content\\\/uploads\\\/2021\\\/08\\\/incaoil-logo.svg\",\"caption\":\"IncaOil\"},\"image\":{\"@id\":\"https:\\\/\\\/incaoil.org\\\/de\\\/#\\\/schema\\\/logo\\\/image\\\/\"}}]}<\/script>\n<!-- \/ Yoast SEO plugin. -->","yoast_head_json":{"title":"\u00dcber Jojoba - IncaOil","description":"Kaufen Sie Bio-Jojoba\u00f6l im Gro\u00dfhandel direkt von der Quelle mit kurzen Liefer- und Versandzeiten.","robots":{"index":"index","follow":"follow","max-snippet":"max-snippet:-1","max-image-preview":"max-image-preview:large","max-video-preview":"max-video-preview:-1"},"canonical":"https:\/\/incaoil.org\/de\/ueber-jojoba\/","og_locale":"de_DE","og_type":"article","og_title":"\u00dcber Jojoba - IncaOil","og_description":"Kaufen Sie Bio-Jojoba\u00f6l im Gro\u00dfhandel direkt von der Quelle mit kurzen Liefer- und Versandzeiten.","og_url":"https:\/\/incaoil.org\/de\/ueber-jojoba\/","og_site_name":"IncaOil","article_modified_time":"2024-11-19T13:31:38+00:00","og_image":[{"width":1,"height":1,"url":"https:\/\/incaoil.org\/wp-content\/uploads\/2021\/11\/shelled-jojoba-nuts-on-hand.png","type":"image\/png"}],"twitter_card":"summary_large_image","twitter_misc":{"Gesch\u00e4tzte Lesezeit":"3\u00a0Minuten"},"schema":{"@context":"https:\/\/schema.org","@graph":[{"@type":"WebPage","@id":"https:\/\/incaoil.org\/de\/ueber-jojoba\/","url":"https:\/\/incaoil.org\/de\/ueber-jojoba\/","name":"\u00dcber Jojoba - IncaOil","isPartOf":{"@id":"https:\/\/incaoil.org\/de\/#website"},"primaryImageOfPage":{"@id":"https:\/\/incaoil.org\/de\/ueber-jojoba\/#primaryimage"},"image":{"@id":"https:\/\/incaoil.org\/de\/ueber-jojoba\/#primaryimage"},"thumbnailUrl":"https:\/\/incaoil.org\/wp-content\/uploads\/2021\/11\/shelled-jojoba-nuts-on-hand.png","datePublished":"2021-08-27T11:04:17+00:00","dateModified":"2024-11-19T13:31:38+00:00","description":"Kaufen Sie Bio-Jojoba\u00f6l im Gro\u00dfhandel direkt von der Quelle mit kurzen Liefer- und Versandzeiten.","breadcrumb":{"@id":"https:\/\/incaoil.org\/de\/ueber-jojoba\/#breadcrumb"},"inLanguage":"de","potentialAction":[{"@type":"ReadAction","target":["https:\/\/incaoil.org\/de\/ueber-jojoba\/"]}]},{"@type":"ImageObject","inLanguage":"de","@id":"https:\/\/incaoil.org\/de\/ueber-jojoba\/#primaryimage","url":"https:\/\/incaoil.org\/wp-content\/uploads\/2021\/11\/shelled-jojoba-nuts-on-hand.png","contentUrl":"https:\/\/incaoil.org\/wp-content\/uploads\/2021\/11\/shelled-jojoba-nuts-on-hand.png"},{"@type":"BreadcrumbList","@id":"https:\/\/incaoil.org\/de\/ueber-jojoba\/#breadcrumb","itemListElement":[{"@type":"ListItem","position":1,"name":"Startseite","item":"https:\/\/incaoil.org\/de\/"},{"@type":"ListItem","position":2,"name":"\u00dcber Jojoba"}]},{"@type":"WebSite","@id":"https:\/\/incaoil.org\/de\/#website","url":"https:\/\/incaoil.org\/de\/","name":"IncaOil.org","description":"The real Jojoba","publisher":{"@id":"https:\/\/incaoil.org\/de\/#organization"},"potentialAction":[{"@type":"SearchAction","target":{"@type":"EntryPoint","urlTemplate":"https:\/\/incaoil.org\/de\/?s={search_term_string}"},"query-input":{"@type":"PropertyValueSpecification","valueRequired":true,"valueName":"search_term_string"}}],"inLanguage":"de"},{"@type":"Organization","@id":"https:\/\/incaoil.org\/de\/#organization","name":"IncaOil","url":"https:\/\/incaoil.org\/de\/","logo":{"@type":"ImageObject","inLanguage":"de","@id":"https:\/\/incaoil.org\/de\/#\/schema\/logo\/image\/","url":"https:\/\/incaoil.org\/wp-content\/uploads\/2021\/08\/incaoil-logo.svg","contentUrl":"https:\/\/incaoil.org\/wp-content\/uploads\/2021\/08\/incaoil-logo.svg","caption":"IncaOil"},"image":{"@id":"https:\/\/incaoil.org\/de\/#\/schema\/logo\/image\/"}}]}},"_links":{"self":[{"href":"https:\/\/incaoil.org\/de\/wp-json\/wp\/v2\/pages\/1828","targetHints":{"allow":["GET"]}}],"collection":[{"href":"https:\/\/incaoil.org\/de\/wp-json\/wp\/v2\/pages"}],"about":[{"href":"https:\/\/incaoil.org\/de\/wp-json\/wp\/v2\/types\/page"}],"author":[{"embeddable":true,"href":"https:\/\/incaoil.org\/de\/wp-json\/wp\/v2\/users\/1"}],"replies":[{"embeddable":true,"href":"https:\/\/incaoil.org\/de\/wp-json\/wp\/v2\/comments?post=1828"}],"version-history":[{"count":4,"href":"https:\/\/incaoil.org\/de\/wp-json\/wp\/v2\/pages\/1828\/revisions"}],"predecessor-version":[{"id":2465,"href":"https:\/\/incaoil.org\/de\/wp-json\/wp\/v2\/pages\/1828\/revisions\/2465"}],"wp:attachment":[{"href":"https:\/\/incaoil.org\/de\/wp-json\/wp\/v2\/media?parent=1828"}],"curies":[{"name":"wp","href":"https:\/\/api.w.org\/{rel}","templated":true}]}}