{"id":1827,"date":"2021-08-28T14:29:00","date_gmt":"2021-08-28T12:29:00","guid":{"rendered":"https:\/\/incaoil.org\/ueber-inca-oil\/"},"modified":"2024-11-19T14:24:36","modified_gmt":"2024-11-19T13:24:36","slug":"ueber-inca-oil","status":"publish","type":"page","link":"https:\/\/incaoil.org\/de\/ueber-inca-oil\/","title":{"rendered":"\u00dcber INCA OIL"},"content":{"rendered":"<div class=\"gb-container gb-container-0e596e93\"><div class=\"gb-inside-container\">\n\n<h1 class=\"gb-headline gb-headline-1892d813 gb-headline-text\">Unser Familienbetrieb<\/h1>\n\n\n\n<p>Wir sind leidenschaftliche Jojoba-Farmer mit mehr als 40 Jahren Erfahrung im Anbau und der Verarbeitung dieser besonderen Pflanze. Nachhaltige Landwirtschaft stand von Anfang an in unserem zentralen Fokus: Heute ist INCA OIL der gr\u00f6\u00dfte Bio-Jojoba-Produzent der Welt. Unser Unternehmen beliefert den Gro\u00dfhandel direkt von der Plantage.<\/p>\n\n<\/div><\/div>\n\n<div class=\"gb-container gb-container-3efeb1a9 alignfull\"><div class=\"gb-inside-container\">\n<div class=\"gb-grid-wrapper gb-grid-wrapper-e876a9f4\">\n<div class=\"gb-grid-column gb-grid-column-aef16666\"><div class=\"gb-container gb-container-aef16666\"><div class=\"gb-inside-container\">\n\n<figure class=\"wp-block-image size-full\"><img loading=\"lazy\" decoding=\"async\" width=\"1\" height=\"1\" src=\"https:\/\/incaoil.org\/wp-content\/uploads\/2021\/09\/woman-sorts-little-plants.png\" alt=\"frau-sucht-kleine-pflanzen-nachhaltige-landwirtschaft\" class=\"wp-image-584\"\/><\/figure>\n\n<\/div><\/div><\/div>\n\n<div class=\"gb-grid-column gb-grid-column-31d21607\"><div class=\"gb-container gb-container-31d21607\"><div class=\"gb-inside-container\">\n\n<h1 class=\"gb-headline gb-headline-64a33c3b gb-headline-text\">Die Gr\u00fcnder: Wer wir sind<\/h1>\n\n\n\n<p>Anfang der 1990er Jahre begannen die argentinischen Br\u00fcder Adolfo und Alfredo Mealla in Peru mit dem Anbau von Jojoba. Sie untersuchten Klimadaten, Wasser- und Bodenbedingungen, bevor sie eine breite Palette von Jojoba-Sorten in den Sandd\u00fcnen von Ica anpflanzten, einer Region, die sich besonders f\u00fcr den Jojoba-Anbau eignet \u2013 <\/p>\n\n\n\n<p>bitte besuchen Sie unsere Nachhaltigkeitsseite.<\/p>\n\n\n\n<p>Im Jahr 2000 schloss sich Christian W\u00e4tjen den Br\u00fcdern bei ihrem Vorhaben an, Jojoba in Ica anzubauen \u2013 INCA OIL war geboren. Christian ist ebenfalls Agraringenieur und auf einem landwirtschaftlichen Betrieb in Norddeutschland aufgewachsen. Er lebte viele Jahre in Argentinien und sammelte dort seit 1982 Erfahrungen im Anbau, der Verarbeitung und der Vermarktung von Jojoba.<\/p>\n\n\n\n<p>Bei INCA OIL ist die Familie Mealla f\u00fcr die lokalen Farmen und den Anbau der Jojobapflanzen verantwortlich, w\u00e4hrend Christian sich um die Verarbeitung und den weltweiten Vertrieb des Jojoba\u00f6ls k\u00fcmmert.<\/p>\n\n<\/div><\/div><\/div>\n<\/div>\n<\/div><\/div>\n\n<div class=\"gb-container gb-container-c51de3eb\"><div class=\"gb-inside-container\">\n\n<h2 class=\"gb-headline gb-headline-2807d16f gb-headline-text\">Unsere Entwicklung: Meilensteine<\/h2>\n\n\n\n<p><strong>Nachhaltige Landwirtschaft<\/strong><\/p>\n\n\n\n<p>Aus \u00fcber 3.000 Jojoba-Mutterpflanzen haben wir sieben hochwertige Jojoba-Sorten ausgew\u00e4hlt. Seit der Gr\u00fcndung unseres Unternehmens ist nachhaltige Landwirtschaft f\u00fcr uns ein wichtiges Thema. Um den Schutz unser aller Ressourcen zu gew\u00e4hrleisten, verzichten wir auf Pestizide und genetisch ver\u00e4nderte Pflanzen (GVO) und setzen uns f\u00fcr faire Arbeitsbedingungen ein. Folgerichtig haben wir uns 2004 als Bio-Unternehmen zertifiziert.<\/p>\n\n\n\n<p>Um mehr \u00fcber unser Engagement im Kampf gegen die W\u00fcstenbildung zu erfahren, besuchen Sie unsere Nachhaltigkeitsseite.<\/p>\n\n\n\n<p><strong>Unsere \u00d6lm\u00fchle in Panama<\/strong><\/p>\n\n\n\n<p>Um die weltweit steigende Nachfrage nach Jojoba\u00f6l zu decken, ist die \u00d6lverarbeitung in Panama angesiedelt. Das Land ist ein idealer Logistikstandort genau zwischen Atlantik und Pazifik. Dies erm\u00f6glicht schnelle und zuverl\u00e4ssige Lieferungen an alle H\u00e4fen der Welt.<\/p>\n\n\n\n<p>Im Jahr 2018 ging unser neues, hochmodernes Werk in Betrieb: Modernste Pressentechnik sorgt f\u00fcr eine gleichbleibend hohe Qualit\u00e4t. Eine Raffinerie erm\u00f6glicht die Verarbeitung aller Varianten des Jojoba\u00f6ls unter einem Dach. Da in unserer Produktionsst\u00e4tte ausschlie\u00dflich Jojoba verarbeitet wird, ist eine Kreuzkontamination mit anderen \u00d6len oder Stoffen nicht m\u00f6glich.<\/p>\n\n\n\n<p><strong>Landwirtschaftliche Innovationen durch unser Bio-Labor<\/strong><\/p>\n\n\n\n<p>Auf unseren Betrieben stellen wir unseren eigenen Kompost und D\u00fcnger her. Um den besten D\u00fcnger f\u00fcr unsere Jojoba-Pflanzen zu finden, haben wir 2019 vor Ort auf unserer Farm in Peru ein Biotech-Labor eingerichtet. Derzeit erforschen wir Mikroalgen, um die richtigen Algen f\u00fcr unseren Bio-D\u00fcnger zu gewinnen.<\/p>\n\n\n\n<p><strong>Engagement und Zertifizierungen<\/strong><\/p>\n\n\n\n<p>Unsere Mitarbeiter sind ein wichtiger Teil unseres Unternehmens. Um faire und nachhaltige Arbeitspl\u00e4tze zu gew\u00e4hrleisten, haben wir  uns Fair for Life \u2013 Fair Trade zertifizieren lassen und garantieren damit faire Einkaufspreise, menschenw\u00fcrdige und sichere Arbeitsbedingungen entlang der kurzen Lieferkette und umweltfreundliche landwirtschaftliche Praktiken.<\/p>\n\n\n\n<p>Seit Beginn unseres Gesch\u00e4fts unterst\u00fctzen wir die Menschen und die Region Ica\/Peru.<\/p>\n\n\n\n<p>Wir sind nicht nur Hersteller zertifizierter Bio-Rohstoffe (PA-BIO-123), sondern auch nach diversen Standards zertifiziert, z.B. f\u00fchren wir die Signatur COSMOS CERTIFIED und COSMOS APPROVED und sind als Fair Trade nach dem \u201eFair for Life\u201c-Standard (ECOCERT) zertifiziert.<\/p>\n\n\n<div class=\"gb-button-wrapper gb-button-wrapper-39469e6a form-buttons\">\n\n<a class=\"gb-button gb-button-68ceee1b gb-button-text\" href=\"https:\/\/incaoil.org\/products\/#promise\">Erfahren Sie mehr \u00fcber unser INCA OIL-Qualit\u00e4tsversprechen<\/a>\n\n<\/div>\n<\/div><\/div>\n\n\n<hr class=\"wp-block-separator has-alpha-channel-opacity\"\/>\n\n\n<div class=\"gb-container gb-container-0eaeeda5\"><div class=\"gb-inside-container\">\n\n<h2 class=\"gb-headline gb-headline-7d2c870f gb-headline-text\">Nehmen Sie Kontakt mit uns auf, um \u00fcber unsere Produkte oder den verf\u00fcgbaren Bestand zu sprechen!<\/h2>\n\n\n\n<p>Wir beantworten Ihnen gerne alle Fragen zu unseren Produkten. Weitere Informationen finden Sie in unseren FAQ oder kontaktieren Sie uns direkt.<\/p>\n\n\n\n<p><strong>An welchen Produkten sind Sie interessiert?<\/strong><\/p>\n\n\n\n<div class=\"wp-block-contact-form-7-contact-form-selector\">\n<div class=\"wpcf7 no-js\" id=\"wpcf7-f1903-o1\" lang=\"de-DE\" dir=\"ltr\" data-wpcf7-id=\"1903\">\n<div class=\"screen-reader-response\"><p role=\"status\" aria-live=\"polite\" aria-atomic=\"true\"><\/p> <ul><\/ul><\/div>\n<form action=\"\/de\/wp-json\/wp\/v2\/pages\/1827#wpcf7-f1903-o1\" method=\"post\" class=\"wpcf7-form init\" aria-label=\"Kontaktformular\" novalidate=\"novalidate\" data-status=\"init\">\n<fieldset class=\"hidden-fields-container\"><input type=\"hidden\" name=\"_wpcf7\" value=\"1903\" \/><input type=\"hidden\" name=\"_wpcf7_version\" value=\"6.1.5\" \/><input type=\"hidden\" name=\"_wpcf7_locale\" value=\"de_DE\" \/><input type=\"hidden\" name=\"_wpcf7_unit_tag\" value=\"wpcf7-f1903-o1\" \/><input type=\"hidden\" name=\"_wpcf7_container_post\" value=\"0\" \/><input type=\"hidden\" name=\"_wpcf7_posted_data_hash\" value=\"\" \/><input type=\"hidden\" name=\"_wpcf7_recaptcha_response\" value=\"\" \/>\n<\/fieldset>\n<div class=\"flex-container checkboxes\">\n\t<div class=\"flex-item\">\n\t\t<p><span class=\"wpcf7-form-control-wrap\" data-name=\"checkbox-oil\"><span class=\"wpcf7-form-control wpcf7-checkbox\"><span class=\"wpcf7-list-item first last\"><label><input type=\"checkbox\" name=\"checkbox-oil[]\" value=\"Jojobaoil Gold\" \/><span class=\"wpcf7-list-item-label\">Jojobaoil Gold<\/span><\/label><\/span><\/span><\/span>\n\t\t<\/p>\n\t<\/div>\n\t<div class=\"flex-item\">\n\t\t<p><span class=\"wpcf7-form-control-wrap\" data-name=\"checkbox-oil-light\"><span class=\"wpcf7-form-control wpcf7-checkbox\"><span class=\"wpcf7-list-item first last\"><label><input type=\"checkbox\" name=\"checkbox-oil-light[]\" value=\"Jojobaoil Lite\" \/><span class=\"wpcf7-list-item-label\">Jojobaoil Lite<\/span><\/label><\/span><\/span><\/span>\n\t\t<\/p>\n\t<\/div>\n\t<div class=\"flex-item \">\n\t\t<p><span class=\"wpcf7-form-control-wrap\" data-name=\"checkbox-oil-organic\"><span class=\"wpcf7-form-control wpcf7-checkbox\"><span class=\"wpcf7-list-item first last\"><label><input type=\"checkbox\" name=\"checkbox-oil-organic[]\" value=\"Jojobaoil Organic\" \/><span class=\"wpcf7-list-item-label\">Jojobaoil Organic<\/span><\/label><\/span><\/span><\/span>\n\t\t<\/p>\n\t<\/div>\n\t<div class=\"flex-item\">\n\t\t<p><span class=\"wpcf7-form-control-wrap\" data-name=\"checkbox-flakes-beads\"><span class=\"wpcf7-form-control wpcf7-checkbox\"><span class=\"wpcf7-list-item first last\"><label><input type=\"checkbox\" name=\"checkbox-flakes-beads[]\" value=\"INCA GUM\" \/><span class=\"wpcf7-list-item-label\">INCA GUM<\/span><\/label><\/span><\/span><\/span>\n\t\t<\/p>\n\t<\/div>\n<\/div>\n<div class=\"flex-container inputs\">\n\t<div class=\"flex-item fields-left\">\n\t\t<div class=\"flex-left\">\n\t\t\t<p><span class=\"wpcf7-form-control-wrap\" data-name=\"text-474\"><input size=\"40\" maxlength=\"400\" class=\"wpcf7-form-control wpcf7-text\" aria-invalid=\"false\" placeholder=\"Unternehmen\" value=\"\" type=\"text\" name=\"text-474\" \/><\/span>\n\t\t\t<\/p>\n\t\t<\/div>\n\t\t<div class=\"flex-left\">\n\t\t\t<p><span class=\"wpcf7-form-control-wrap\" data-name=\"text-475\"><input size=\"40\" maxlength=\"400\" class=\"wpcf7-form-control wpcf7-text\" aria-invalid=\"false\" placeholder=\"Ihr Name\" value=\"\" type=\"text\" name=\"text-475\" \/><\/span>\n\t\t\t<\/p>\n\t\t<\/div>\n\t\t<div class=\"flex-left\">\n\t\t\t<p><span class=\"wpcf7-form-control-wrap\" data-name=\"text-477\"><input size=\"40\" maxlength=\"400\" class=\"wpcf7-form-control wpcf7-text\" aria-invalid=\"false\" placeholder=\"Telefon\" value=\"\" type=\"text\" name=\"text-477\" \/><\/span>\n\t\t\t<\/p>\n\t\t<\/div>\n\t\t<div class=\"flex-left\">\n\t\t\t<p><span class=\"wpcf7-form-control-wrap\" data-name=\"text-478\"><input size=\"40\" maxlength=\"400\" class=\"wpcf7-form-control wpcf7-email wpcf7-validates-as-required wpcf7-text wpcf7-validates-as-email\" aria-required=\"true\" aria-invalid=\"false\" placeholder=\"Ihre E-Mailadresse\" value=\"\" type=\"email\" name=\"text-478\" \/><\/span><br \/>\n<span id=\"wpcf7-69d25bf4c94a1-wrapper\" class=\"wpcf7-form-control-wrap yourUrl-wrap\" ><label for=\"wpcf7-69d25bf4c94a1-field\" class=\"hp-message\">Bitte lasse dieses Feld leer.<\/label><input id=\"wpcf7-69d25bf4c94a1-field\"  class=\"wpcf7-form-control wpcf7-text\" type=\"text\" name=\"yourUrl\" value=\"\" size=\"40\" tabindex=\"-1\" autocomplete=\"new-password\" \/><\/span>\n\t\t\t<\/p>\n\t\t<\/div>\n\t<\/div>\n\t<div class=\"flex-item fields-right\">\n\t\t<p><span class=\"wpcf7-form-control-wrap\" data-name=\"textarea-86\"><textarea cols=\"40\" rows=\"10\" maxlength=\"2000\" class=\"wpcf7-form-control wpcf7-textarea\" aria-invalid=\"false\" placeholder=\"Ihre Nachricht\" name=\"textarea-86\"><\/textarea><\/span>\n\t\t<\/p>\n\t<\/div>\n<\/div>\n<div class=\"flex-container formlastrow\">\n\t<div class=\"flex-item agbs\">\n\t\t<p><span class=\"wpcf7-form-control-wrap\" data-name=\"checkbox-114\"><span class=\"wpcf7-form-control wpcf7-checkbox wpcf7-validates-as-required\"><span class=\"wpcf7-list-item first last\"><label><input type=\"checkbox\" name=\"checkbox-114[]\" value=\"Ich stimme den Datenschutzbestimmungen zu\" \/><span class=\"wpcf7-list-item-label\">Ich stimme den Datenschutzbestimmungen zu<\/span><\/label><\/span><\/span><\/span><br \/>\n<span class=\"wpcf7-form-control-wrap\" data-name=\"checkbox-214\"><span class=\"wpcf7-form-control wpcf7-checkbox wpcf7-validates-as-required\"><span class=\"wpcf7-list-item first last\"><label><input type=\"checkbox\" name=\"checkbox-214[]\" value=\"Ich stimme den T&amp;Cs zu\" \/><span class=\"wpcf7-list-item-label\">Ich stimme den T&amp;Cs zu<\/span><\/label><\/span><\/span><\/span><br \/>\n\t\t<span class=\"wpcf7-form-control-wrap recaptcha\" data-name=\"recaptcha\"><span data-sitekey=\"6LdBiVciAAAAAHcbr5oy5x1hRxBXeijKECQJVNlM\" class=\"wpcf7-form-control wpcf7-recaptcha g-recaptcha\"><\/span>\r\n<noscript>\r\n\t<div class=\"grecaptcha-noscript\">\r\n\t\t<iframe loading=\"lazy\" src=\"https:\/\/www.google.com\/recaptcha\/api\/fallback?k=6LdBiVciAAAAAHcbr5oy5x1hRxBXeijKECQJVNlM\" frameborder=\"0\" scrolling=\"no\" width=\"310\" height=\"430\">\r\n\t\t<\/iframe>\r\n\t\t<textarea name=\"g-recaptcha-response\" rows=\"3\" cols=\"40\" placeholder=\"reCaptcha Response Here\">\r\n\t\t<\/textarea>\r\n\t<\/div>\r\n<\/noscript>\r\n<\/span>\n\t\t<\/p>\n\t<\/div>\n\t<div class=\"flex-item submitbuttons\">\n\t\t<div class=\"flex-container form-buttons\">\n\t\t\t<div class=\"flex-item\">\n\t\t\t\t<p><input class=\"wpcf7-form-control wpcf7-submit has-spinner\" type=\"submit\" value=\"Senden\" \/>\n\t\t\t\t<\/p>\n\t\t\t<\/div>\n\t\t\t<div class=\"flex-item\">\n\t\t\t<\/div>\n\t\t<\/div>\n\t<\/div>\n<\/div><div class=\"wpcf7-response-output\" aria-hidden=\"true\"><\/div>\n<\/form>\n<\/div>\n<\/div>\n\n<\/div><\/div>","protected":false},"excerpt":{"rendered":"<p>Unser Familienbetrieb Wir sind leidenschaftliche Jojoba-Farmer mit mehr als 40 Jahren Erfahrung im Anbau und der Verarbeitung dieser besonderen Pflanze. Nachhaltige Landwirtschaft stand von Anfang an in unserem zentralen Fokus: Heute ist INCA OIL der gr\u00f6\u00dfte Bio-Jojoba-Produzent der Welt. Unser Unternehmen beliefert den Gro\u00dfhandel direkt von der Plantage. Unsere Entwicklung: Meilensteine Nachhaltige Landwirtschaft Aus \u00fcber &#8230; <a title=\"\u00dcber INCA OIL\" class=\"read-more\" href=\"https:\/\/incaoil.org\/de\/ueber-inca-oil\/\" aria-label=\"Mehr Informationen \u00fcber \u00dcber INCA OIL\">Weiterlesen &#8230;<\/a><\/p>\n","protected":false},"author":1,"featured_media":0,"parent":0,"menu_order":0,"comment_status":"closed","ping_status":"closed","template":"","meta":{"footnotes":""},"class_list":["post-1827","page","type-page","status-publish"],"featured_image_src":null,"yoast_head":"<!-- This site is optimized with the Yoast SEO plugin v27.3 - https:\/\/yoast.com\/product\/yoast-seo-wordpress\/ -->\n<title>\u00dcber INCA OIL - IncaOil<\/title>\n<meta name=\"description\" content=\"Erfahren Sie alles \u00fcber die Vorteile und Verwendungsm\u00f6glichkeiten von reinem Jojoba\u00f6l, zum Beispiel in Hautpflege- und Haarprodukten.\" \/>\n<meta name=\"robots\" content=\"index, follow, max-snippet:-1, max-image-preview:large, max-video-preview:-1\" \/>\n<link rel=\"canonical\" href=\"https:\/\/incaoil.org\/de\/ueber-inca-oil\/\" \/>\n<meta property=\"og:locale\" content=\"de_DE\" \/>\n<meta property=\"og:type\" content=\"article\" \/>\n<meta property=\"og:title\" content=\"\u00dcber INCA OIL - IncaOil\" \/>\n<meta property=\"og:description\" content=\"Erfahren Sie alles \u00fcber die Vorteile und Verwendungsm\u00f6glichkeiten von reinem Jojoba\u00f6l, zum Beispiel in Hautpflege- und Haarprodukten.\" \/>\n<meta property=\"og:url\" content=\"https:\/\/incaoil.org\/de\/ueber-inca-oil\/\" \/>\n<meta property=\"og:site_name\" content=\"IncaOil\" \/>\n<meta property=\"article:modified_time\" content=\"2024-11-19T13:24:36+00:00\" \/>\n<meta property=\"og:image\" content=\"https:\/\/incaoil.org\/wp-content\/uploads\/2021\/09\/woman-sorts-little-plants.png\" \/>\n\t<meta property=\"og:image:width\" content=\"1\" \/>\n\t<meta property=\"og:image:height\" content=\"1\" \/>\n\t<meta property=\"og:image:type\" content=\"image\/png\" \/>\n<meta name=\"twitter:card\" content=\"summary_large_image\" \/>\n<meta name=\"twitter:label1\" content=\"Gesch\u00e4tzte Lesezeit\" \/>\n\t<meta name=\"twitter:data1\" content=\"3\u00a0Minuten\" \/>\n<script type=\"application\/ld+json\" class=\"yoast-schema-graph\">{\"@context\":\"https:\\\/\\\/schema.org\",\"@graph\":[{\"@type\":\"WebPage\",\"@id\":\"https:\\\/\\\/incaoil.org\\\/de\\\/ueber-inca-oil\\\/\",\"url\":\"https:\\\/\\\/incaoil.org\\\/de\\\/ueber-inca-oil\\\/\",\"name\":\"\u00dcber INCA OIL - IncaOil\",\"isPartOf\":{\"@id\":\"https:\\\/\\\/incaoil.org\\\/de\\\/#website\"},\"primaryImageOfPage\":{\"@id\":\"https:\\\/\\\/incaoil.org\\\/de\\\/ueber-inca-oil\\\/#primaryimage\"},\"image\":{\"@id\":\"https:\\\/\\\/incaoil.org\\\/de\\\/ueber-inca-oil\\\/#primaryimage\"},\"thumbnailUrl\":\"https:\\\/\\\/incaoil.org\\\/wp-content\\\/uploads\\\/2021\\\/09\\\/woman-sorts-little-plants.png\",\"datePublished\":\"2021-08-28T12:29:00+00:00\",\"dateModified\":\"2024-11-19T13:24:36+00:00\",\"description\":\"Erfahren Sie alles \u00fcber die Vorteile und Verwendungsm\u00f6glichkeiten von reinem Jojoba\u00f6l, zum Beispiel in Hautpflege- und Haarprodukten.\",\"breadcrumb\":{\"@id\":\"https:\\\/\\\/incaoil.org\\\/de\\\/ueber-inca-oil\\\/#breadcrumb\"},\"inLanguage\":\"de\",\"potentialAction\":[{\"@type\":\"ReadAction\",\"target\":[\"https:\\\/\\\/incaoil.org\\\/de\\\/ueber-inca-oil\\\/\"]}]},{\"@type\":\"ImageObject\",\"inLanguage\":\"de\",\"@id\":\"https:\\\/\\\/incaoil.org\\\/de\\\/ueber-inca-oil\\\/#primaryimage\",\"url\":\"https:\\\/\\\/incaoil.org\\\/wp-content\\\/uploads\\\/2021\\\/09\\\/woman-sorts-little-plants.png\",\"contentUrl\":\"https:\\\/\\\/incaoil.org\\\/wp-content\\\/uploads\\\/2021\\\/09\\\/woman-sorts-little-plants.png\"},{\"@type\":\"BreadcrumbList\",\"@id\":\"https:\\\/\\\/incaoil.org\\\/de\\\/ueber-inca-oil\\\/#breadcrumb\",\"itemListElement\":[{\"@type\":\"ListItem\",\"position\":1,\"name\":\"Startseite\",\"item\":\"https:\\\/\\\/incaoil.org\\\/de\\\/\"},{\"@type\":\"ListItem\",\"position\":2,\"name\":\"\u00dcber INCA OIL\"}]},{\"@type\":\"WebSite\",\"@id\":\"https:\\\/\\\/incaoil.org\\\/de\\\/#website\",\"url\":\"https:\\\/\\\/incaoil.org\\\/de\\\/\",\"name\":\"IncaOil.org\",\"description\":\"The real Jojoba\",\"publisher\":{\"@id\":\"https:\\\/\\\/incaoil.org\\\/de\\\/#organization\"},\"potentialAction\":[{\"@type\":\"SearchAction\",\"target\":{\"@type\":\"EntryPoint\",\"urlTemplate\":\"https:\\\/\\\/incaoil.org\\\/de\\\/?s={search_term_string}\"},\"query-input\":{\"@type\":\"PropertyValueSpecification\",\"valueRequired\":true,\"valueName\":\"search_term_string\"}}],\"inLanguage\":\"de\"},{\"@type\":\"Organization\",\"@id\":\"https:\\\/\\\/incaoil.org\\\/de\\\/#organization\",\"name\":\"IncaOil\",\"url\":\"https:\\\/\\\/incaoil.org\\\/de\\\/\",\"logo\":{\"@type\":\"ImageObject\",\"inLanguage\":\"de\",\"@id\":\"https:\\\/\\\/incaoil.org\\\/de\\\/#\\\/schema\\\/logo\\\/image\\\/\",\"url\":\"https:\\\/\\\/incaoil.org\\\/wp-content\\\/uploads\\\/2021\\\/08\\\/incaoil-logo.svg\",\"contentUrl\":\"https:\\\/\\\/incaoil.org\\\/wp-content\\\/uploads\\\/2021\\\/08\\\/incaoil-logo.svg\",\"caption\":\"IncaOil\"},\"image\":{\"@id\":\"https:\\\/\\\/incaoil.org\\\/de\\\/#\\\/schema\\\/logo\\\/image\\\/\"}}]}<\/script>\n<!-- \/ Yoast SEO plugin. -->","yoast_head_json":{"title":"\u00dcber INCA OIL - IncaOil","description":"Erfahren Sie alles \u00fcber die Vorteile und Verwendungsm\u00f6glichkeiten von reinem Jojoba\u00f6l, zum Beispiel in Hautpflege- und Haarprodukten.","robots":{"index":"index","follow":"follow","max-snippet":"max-snippet:-1","max-image-preview":"max-image-preview:large","max-video-preview":"max-video-preview:-1"},"canonical":"https:\/\/incaoil.org\/de\/ueber-inca-oil\/","og_locale":"de_DE","og_type":"article","og_title":"\u00dcber INCA OIL - IncaOil","og_description":"Erfahren Sie alles \u00fcber die Vorteile und Verwendungsm\u00f6glichkeiten von reinem Jojoba\u00f6l, zum Beispiel in Hautpflege- und Haarprodukten.","og_url":"https:\/\/incaoil.org\/de\/ueber-inca-oil\/","og_site_name":"IncaOil","article_modified_time":"2024-11-19T13:24:36+00:00","og_image":[{"width":1,"height":1,"url":"https:\/\/incaoil.org\/wp-content\/uploads\/2021\/09\/woman-sorts-little-plants.png","type":"image\/png"}],"twitter_card":"summary_large_image","twitter_misc":{"Gesch\u00e4tzte Lesezeit":"3\u00a0Minuten"},"schema":{"@context":"https:\/\/schema.org","@graph":[{"@type":"WebPage","@id":"https:\/\/incaoil.org\/de\/ueber-inca-oil\/","url":"https:\/\/incaoil.org\/de\/ueber-inca-oil\/","name":"\u00dcber INCA OIL - IncaOil","isPartOf":{"@id":"https:\/\/incaoil.org\/de\/#website"},"primaryImageOfPage":{"@id":"https:\/\/incaoil.org\/de\/ueber-inca-oil\/#primaryimage"},"image":{"@id":"https:\/\/incaoil.org\/de\/ueber-inca-oil\/#primaryimage"},"thumbnailUrl":"https:\/\/incaoil.org\/wp-content\/uploads\/2021\/09\/woman-sorts-little-plants.png","datePublished":"2021-08-28T12:29:00+00:00","dateModified":"2024-11-19T13:24:36+00:00","description":"Erfahren Sie alles \u00fcber die Vorteile und Verwendungsm\u00f6glichkeiten von reinem Jojoba\u00f6l, zum Beispiel in Hautpflege- und Haarprodukten.","breadcrumb":{"@id":"https:\/\/incaoil.org\/de\/ueber-inca-oil\/#breadcrumb"},"inLanguage":"de","potentialAction":[{"@type":"ReadAction","target":["https:\/\/incaoil.org\/de\/ueber-inca-oil\/"]}]},{"@type":"ImageObject","inLanguage":"de","@id":"https:\/\/incaoil.org\/de\/ueber-inca-oil\/#primaryimage","url":"https:\/\/incaoil.org\/wp-content\/uploads\/2021\/09\/woman-sorts-little-plants.png","contentUrl":"https:\/\/incaoil.org\/wp-content\/uploads\/2021\/09\/woman-sorts-little-plants.png"},{"@type":"BreadcrumbList","@id":"https:\/\/incaoil.org\/de\/ueber-inca-oil\/#breadcrumb","itemListElement":[{"@type":"ListItem","position":1,"name":"Startseite","item":"https:\/\/incaoil.org\/de\/"},{"@type":"ListItem","position":2,"name":"\u00dcber INCA OIL"}]},{"@type":"WebSite","@id":"https:\/\/incaoil.org\/de\/#website","url":"https:\/\/incaoil.org\/de\/","name":"IncaOil.org","description":"The real Jojoba","publisher":{"@id":"https:\/\/incaoil.org\/de\/#organization"},"potentialAction":[{"@type":"SearchAction","target":{"@type":"EntryPoint","urlTemplate":"https:\/\/incaoil.org\/de\/?s={search_term_string}"},"query-input":{"@type":"PropertyValueSpecification","valueRequired":true,"valueName":"search_term_string"}}],"inLanguage":"de"},{"@type":"Organization","@id":"https:\/\/incaoil.org\/de\/#organization","name":"IncaOil","url":"https:\/\/incaoil.org\/de\/","logo":{"@type":"ImageObject","inLanguage":"de","@id":"https:\/\/incaoil.org\/de\/#\/schema\/logo\/image\/","url":"https:\/\/incaoil.org\/wp-content\/uploads\/2021\/08\/incaoil-logo.svg","contentUrl":"https:\/\/incaoil.org\/wp-content\/uploads\/2021\/08\/incaoil-logo.svg","caption":"IncaOil"},"image":{"@id":"https:\/\/incaoil.org\/de\/#\/schema\/logo\/image\/"}}]}},"_links":{"self":[{"href":"https:\/\/incaoil.org\/de\/wp-json\/wp\/v2\/pages\/1827","targetHints":{"allow":["GET"]}}],"collection":[{"href":"https:\/\/incaoil.org\/de\/wp-json\/wp\/v2\/pages"}],"about":[{"href":"https:\/\/incaoil.org\/de\/wp-json\/wp\/v2\/types\/page"}],"author":[{"embeddable":true,"href":"https:\/\/incaoil.org\/de\/wp-json\/wp\/v2\/users\/1"}],"replies":[{"embeddable":true,"href":"https:\/\/incaoil.org\/de\/wp-json\/wp\/v2\/comments?post=1827"}],"version-history":[{"count":6,"href":"https:\/\/incaoil.org\/de\/wp-json\/wp\/v2\/pages\/1827\/revisions"}],"predecessor-version":[{"id":2463,"href":"https:\/\/incaoil.org\/de\/wp-json\/wp\/v2\/pages\/1827\/revisions\/2463"}],"wp:attachment":[{"href":"https:\/\/incaoil.org\/de\/wp-json\/wp\/v2\/media?parent=1827"}],"curies":[{"name":"wp","href":"https:\/\/api.w.org\/{rel}","templated":true}]}}